{"id":20535,"date":"2024-10-01T10:44:10","date_gmt":"2024-10-01T10:44:10","guid":{"rendered":"https:\/\/www.italdibipack.com\/?page_id=20535"},"modified":"2024-10-01T10:44:11","modified_gmt":"2024-10-01T10:44:11","slug":"verwaltung-der-cookie-einstellungen","status":"publish","type":"page","link":"https:\/\/www.italdibipack.com\/de\/verwaltung-der-cookie-einstellungen\/","title":{"rendered":"Verwaltung der Cookie-Einstellungen"},"content":{"rendered":"<style>.kb-row-layout-id20535_aa2f96-6f > .kt-row-column-wrap{align-content:start;}:where(.kb-row-layout-id20535_aa2f96-6f > .kt-row-column-wrap) > .wp-block-kadence-column{justify-content:start;}.kb-row-layout-id20535_aa2f96-6f > .kt-row-column-wrap{column-gap:var(--global-kb-gap-lg, 4rem);row-gap:var(--global-kb-gap-md, 2rem);max-width:var( --global-content-width, 1400px );padding-left:var(--global-content-edge-padding);padding-right:var(--global-content-edge-padding);padding-top:var(--global-kb-spacing-xl, 4rem);padding-bottom:var(--global-kb-spacing-3xl, 6.5rem);grid-template-columns:minmax(0, 1fr);}.kb-row-layout-id20535_aa2f96-6f > .kt-row-layout-overlay{opacity:0.30;}@media all and (max-width: 1024px){.kb-row-layout-id20535_aa2f96-6f > .kt-row-column-wrap{padding-top:var(--global-kb-spacing-xxl, 5rem);padding-bottom:var(--global-kb-spacing-xxl, 5rem);grid-template-columns:minmax(0, 1fr);}}@media all and (max-width: 1024px){.kb-row-layout-id20535_aa2f96-6f > .kt-row-layout-overlay{opacity:0.20;}}@media all and (max-width: 767px){.kb-row-layout-id20535_aa2f96-6f > .kt-row-column-wrap{grid-template-columns:minmax(0, 1fr);}}<\/style><div class=\"kb-row-layout-wrap kb-row-layout-id20535_aa2f96-6f alignfull wp-block-kadence-rowlayout\"><div class=\"kt-row-column-wrap kt-has-1-columns kt-row-layout-equal kt-tab-layout-row kt-mobile-layout-row kt-row-valign-top kb-theme-content-width\">\n<style>.kadence-column20535_9228fc-b9 > .kt-inside-inner-col,.kadence-column20535_9228fc-b9 > .kt-inside-inner-col:before{border-top-left-radius:0px;border-top-right-radius:0px;border-bottom-right-radius:0px;border-bottom-left-radius:0px;}.kadence-column20535_9228fc-b9 > .kt-inside-inner-col{column-gap:var(--global-kb-gap-sm, 1rem);}.kadence-column20535_9228fc-b9 > .kt-inside-inner-col{flex-direction:column;}.kadence-column20535_9228fc-b9 > .kt-inside-inner-col > .aligncenter{width:100%;}.kadence-column20535_9228fc-b9 > .kt-inside-inner-col:before{opacity:0.3;}.kadence-column20535_9228fc-b9{position:relative;}@media all and (max-width: 1024px){.kadence-column20535_9228fc-b9 > .kt-inside-inner-col{flex-direction:column;justify-content:center;}}@media all and (max-width: 767px){.kadence-column20535_9228fc-b9 > .kt-inside-inner-col{flex-direction:column;justify-content:center;}}<\/style>\n<div class=\"wp-block-kadence-column kadence-column20535_9228fc-b9\"><div class=\"kt-inside-inner-col\">\n<p>Auf unserer Website verwenden wir Cookies, um Inhalte und Anzeigen zu personalisieren, Social-Media-Funktionen bereitzustellen und unseren Datenverkehr zu analysieren. Bei Ihrem ersten Besuch hatten Sie die M\u00f6glichkeit, die Verwendung von Cookies \u00fcber das Informationsbanner zu akzeptieren oder abzulehnen. Sie k\u00f6nnen jedoch jederzeit Ihre Einstellungen \u00e4ndern, indem Sie auf den untenstehenden Button klicken:<\/p>\n\n\n<style>.wp-block-kadence-advancedbtn.kt-btns20535_c7afdb-c0, .site .entry-content .wp-block-kadence-advancedbtn.kt-btns20535_c7afdb-c0, .wp-block-kadence-advancedbtn.kb-btns20535_c7afdb-c0, .site .entry-content .wp-block-kadence-advancedbtn.kb-btns20535_c7afdb-c0{margin-top:var(--global-kb-spacing-md, 2rem);margin-bottom:var(--global-kb-spacing-md, 2rem);}.wp-block-kadence-advancedbtn.kb-btns20535_c7afdb-c0{gap:var(--global-kb-gap-xs, 0.5rem );justify-content:flex-start;align-items:center;}.kt-btns20535_c7afdb-c0 .kt-button{font-weight:normal;font-style:normal;}.kt-btns20535_c7afdb-c0 .kt-btn-wrap-0{margin-right:5px;}.wp-block-kadence-advancedbtn.kt-btns20535_c7afdb-c0 .kt-btn-wrap-0 .kt-button{color:#555555;border-color:#555555;}.wp-block-kadence-advancedbtn.kt-btns20535_c7afdb-c0 .kt-btn-wrap-0 .kt-button:hover, .wp-block-kadence-advancedbtn.kt-btns20535_c7afdb-c0 .kt-btn-wrap-0 .kt-button:focus{color:#ffffff;border-color:#444444;}.wp-block-kadence-advancedbtn.kt-btns20535_c7afdb-c0 .kt-btn-wrap-0 .kt-button::before{display:none;}.wp-block-kadence-advancedbtn.kt-btns20535_c7afdb-c0 .kt-btn-wrap-0 .kt-button:hover, .wp-block-kadence-advancedbtn.kt-btns20535_c7afdb-c0 .kt-btn-wrap-0 .kt-button:focus{background:#444444;}<\/style>\n<div class=\"wp-block-kadence-advancedbtn kb-buttons-wrap kb-btns20535_c7afdb-c0 iubenda-cs-preferences-link\"><style>ul.menu .wp-block-kadence-advancedbtn .kb-btn20535_e83743-93.kb-button{width:initial;}<\/style><span class=\"kb-button kt-button button kb-btn20535_e83743-93 kt-btn-size-standard kt-btn-width-type-auto kb-btn-global-fill  kt-btn-has-text-true kt-btn-has-svg-false  cmplz-show-banner wp-block-kadence-singlebtn\"><span class=\"kt-btn-inner-text\"><strong><strong>Cookie-Einstellungen \u00e4ndern<\/strong><\/strong><\/span><\/span><\/div>\n\n\n\n<p>Durch Klicken auf diesen Button k\u00f6nnen Sie das Cookie-Banner erneut anzeigen und Ihre Entscheidungen bez\u00fcglich der verschiedenen Kategorien von Cookies, die wir verwenden, aktualisieren<\/p>\n\n\n\n<p>Sie k\u00f6nnen jeder Kategorie zustimmen oder sie ablehnen, mit Ausnahme der essenziellen technischen Cookies, und Ihre Wahl wird bei Ihren zuk\u00fcnftigen Besuchen gespeichert und respektiert.<\/p>\n\n\n\n<p>F\u00fcr weitere Details dar\u00fcber, wie wir Cookies verwenden und wie wir Ihre pers\u00f6nlichen Daten verarbeiten, konsultieren Sie bitte unsere <a href=\"https:\/\/www.italdibipack.com\/de\/datenschutzerklarung\/\" data-type=\"page\" data-id=\"20422\">Datenschutzrichtlinie<\/a> und <a href=\"https:\/\/www.italdibipack.com\/de\/cookie-policy\/\" data-type=\"page\" data-id=\"20523\">Cookie-Richtlinie<\/a>.<\/p>\n<\/div><\/div>\n\n<\/div><\/div>","protected":false},"excerpt":{"rendered":"<p>Auf unserer Website verwenden wir Cookies, um Inhalte und Anzeigen zu personalisieren, Social-Media-Funktionen bereitzustellen und unseren Datenverkehr zu analysieren. Bei Ihrem ersten Besuch hatten Sie die M\u00f6glichkeit, die Verwendung von Cookies \u00fcber das Informationsbanner zu akzeptieren oder abzulehnen. Sie k\u00f6nnen jedoch jederzeit Ihre Einstellungen \u00e4ndern, indem Sie auf den untenstehenden Button klicken: Durch Klicken auf&#8230;<\/p>\n","protected":false},"author":1,"featured_media":0,"parent":0,"menu_order":29,"comment_status":"closed","ping_status":"closed","template":"","meta":{"_acf_changed":false,"_seopress_robots_primary_cat":"","_seopress_titles_title":"Verwaltung der Cookie-Einstellungen | ITALDIBIPACK","_seopress_titles_desc":"Verwalten Sie Ihre Cookie-Pr\u00e4ferenzen und Datenschutzeinstellungen auf unserer Website.","_seopress_robots_index":"","_eb_attr":"","_gspb_post_css":"","_kad_blocks_custom_css":"","_kad_blocks_head_custom_js":"","_kad_blocks_body_custom_js":"","_kad_blocks_footer_custom_js":"","_eb_data_table":"","_kad_post_transparent":"","_kad_post_title":"","_kad_post_layout":"","_kad_post_sidebar_id":"","_kad_post_content_style":"","_kad_post_vertical_padding":"","_kad_post_feature":"","_kad_post_feature_position":"","_kad_post_header":false,"_kad_post_footer":false,"_kad_post_classname":"","footnotes":""},"class_list":["post-20535","page","type-page","status-publish","hentry"],"acf":[],"taxonomy_info":[],"featured_image_src_large":false,"author_info":{"display_name":"adminer","author_link":"https:\/\/www.italdibipack.com\/de\/author\/adminer\/"},"comment_info":0,"_links":{"self":[{"href":"https:\/\/www.italdibipack.com\/de\/wp-json\/wp\/v2\/pages\/20535","targetHints":{"allow":["GET"]}}],"collection":[{"href":"https:\/\/www.italdibipack.com\/de\/wp-json\/wp\/v2\/pages"}],"about":[{"href":"https:\/\/www.italdibipack.com\/de\/wp-json\/wp\/v2\/types\/page"}],"author":[{"embeddable":true,"href":"https:\/\/www.italdibipack.com\/de\/wp-json\/wp\/v2\/users\/1"}],"replies":[{"embeddable":true,"href":"https:\/\/www.italdibipack.com\/de\/wp-json\/wp\/v2\/comments?post=20535"}],"version-history":[{"count":1,"href":"https:\/\/www.italdibipack.com\/de\/wp-json\/wp\/v2\/pages\/20535\/revisions"}],"predecessor-version":[{"id":20573,"href":"https:\/\/www.italdibipack.com\/de\/wp-json\/wp\/v2\/pages\/20535\/revisions\/20573"}],"wp:attachment":[{"href":"https:\/\/www.italdibipack.com\/de\/wp-json\/wp\/v2\/media?parent=20535"}],"curies":[{"name":"wp","href":"https:\/\/api.w.org\/{rel}","templated":true}]}}