{"id":6878,"date":"2022-10-07T16:55:47","date_gmt":"2022-10-07T16:55:47","guid":{"rendered":"https:\/\/italdibipack.esempioweb.it\/wer-wir-sind\/storia\/"},"modified":"2024-12-19T08:41:10","modified_gmt":"2024-12-19T08:41:10","slug":"geschichte","status":"publish","type":"page","link":"https:\/\/www.italdibipack.com\/de\/wer-wir-sind\/geschichte\/","title":{"rendered":"Geschichte"},"content":{"rendered":"<style>.kb-row-layout-id6878_d0ea45-31 > .kt-row-column-wrap{align-content:start;}:where(.kb-row-layout-id6878_d0ea45-31 > .kt-row-column-wrap) > .wp-block-kadence-column{justify-content:start;}.kb-row-layout-id6878_d0ea45-31 > .kt-row-column-wrap{column-gap:var(--global-kb-gap-md, 2rem);row-gap:var(--global-kb-gap-md, 2rem);max-width:var( --global-content-width, 1400px );padding-left:var(--global-content-edge-padding);padding-right:var(--global-content-edge-padding);padding-top:var(--global-kb-spacing-xl, 4rem);padding-bottom:var(--global-kb-spacing-4xl, 8rem);grid-template-columns:minmax(0, 1fr);}.kb-row-layout-id6878_d0ea45-31 > .kt-row-layout-overlay{opacity:0.30;}@media all and (max-width: 1024px){.kb-row-layout-id6878_d0ea45-31 > .kt-row-column-wrap{grid-template-columns:minmax(0, 1fr);}}@media all and (max-width: 767px){.kb-row-layout-id6878_d0ea45-31 > .kt-row-column-wrap{grid-template-columns:minmax(0, 1fr);}}<\/style><div class=\"kb-row-layout-wrap kb-row-layout-id6878_d0ea45-31 alignfull giustificato wp-block-kadence-rowlayout\"><div class=\"kt-row-column-wrap kt-has-1-columns kt-row-layout-equal kt-tab-layout-inherit kt-mobile-layout-row kt-row-valign-top kb-theme-content-width\">\n<style>.kadence-column6878_db6998-2e > .kt-inside-inner-col,.kadence-column6878_db6998-2e > .kt-inside-inner-col:before{border-top-left-radius:0px;border-top-right-radius:0px;border-bottom-right-radius:0px;border-bottom-left-radius:0px;}.kadence-column6878_db6998-2e > .kt-inside-inner-col{column-gap:var(--global-kb-gap-sm, 1rem);}.kadence-column6878_db6998-2e > .kt-inside-inner-col{flex-direction:column;}.kadence-column6878_db6998-2e > .kt-inside-inner-col > .aligncenter{width:100%;}.kadence-column6878_db6998-2e > .kt-inside-inner-col:before{opacity:0.3;}.kadence-column6878_db6998-2e{position:relative;}@media all and (max-width: 1024px){.kadence-column6878_db6998-2e > .kt-inside-inner-col{flex-direction:column;justify-content:center;}}@media all and (max-width: 767px){.kadence-column6878_db6998-2e > .kt-inside-inner-col{flex-direction:column;justify-content:center;}}<\/style>\n<div class=\"wp-block-kadence-column kadence-column6878_db6998-2e inner-column-1\"><div class=\"kt-inside-inner-col\"><style>.wp-block-kadence-advancedheading.kt-adv-heading6878_4a1fd1-2c, .wp-block-kadence-advancedheading.kt-adv-heading6878_4a1fd1-2c[data-kb-block=\"kb-adv-heading6878_4a1fd1-2c\"]{font-style:normal;}.wp-block-kadence-advancedheading.kt-adv-heading6878_4a1fd1-2c mark.kt-highlight, .wp-block-kadence-advancedheading.kt-adv-heading6878_4a1fd1-2c[data-kb-block=\"kb-adv-heading6878_4a1fd1-2c\"] mark.kt-highlight{font-style:normal;color:#f76a0c;-webkit-box-decoration-break:clone;box-decoration-break:clone;padding-top:0px;padding-right:0px;padding-bottom:0px;padding-left:0px;}.wp-block-kadence-advancedheading.kt-adv-heading6878_4a1fd1-2c img.kb-inline-image, .wp-block-kadence-advancedheading.kt-adv-heading6878_4a1fd1-2c[data-kb-block=\"kb-adv-heading6878_4a1fd1-2c\"] img.kb-inline-image{width:150px;vertical-align:baseline;}<\/style>\n<h2 class=\"kt-adv-heading6878_4a1fd1-2c wp-block-kadence-advancedheading\" data-kb-block=\"kb-adv-heading6878_4a1fd1-2c\">1975 WURDE DIE ITALDIBIPACK-GRUPPE GEBOREN.&nbsp;ES IST DIE GEBURT EINES STERNES.<\/h2>\n\n\n\n<p>Sein Licht ist auch heutennoch die Hauptreferenz f\u00fcr Tausende von Unternehmen in Italien und im Ausland.<\/p>\n\n\n\n<p><strong>ITALDIBIPACK<\/strong> Group, geboren aus der&nbsp;Vision&nbsp;von Herrn<strong>&nbsp;Luciano Butturini<\/strong>&nbsp;, dem Gr\u00fcnder, der in der Lage war, die M\u00f6glichkeiten einer sich entwickelnden historischen Periode zu interpretieren und sich innerhalb weniger Jahre mit&nbsp;&nbsp;&nbsp;innovativen und innovativen L\u00f6sungen durchzusetzen, die seinem wachsenden Kundenkreis vorbehalten sind. Immer \u201ead hoc\u201c und mit dem klaren Willen, auf komplexe Fragen mit einfachen Antworten zu antworten.<\/p>\n\n\n\n<p>Die Verpackung wird vereinfacht.&nbsp;Eine echte Verpackungsdemokratie, in der jede Realit\u00e4t niemals zu klein ist, um von der Notwendigkeit befreit zu werden, die anderen zu bitten, ihre internen Bed\u00fcrfnisse zu l\u00f6sen.<\/p>\n\n\n\n<p>Dies sind die Jahre, in denen die sehr bekannten DIBIPACK-, ESPERT- und MECPACK-Linien entwickelt wurden:&nbsp;<strong>DIBIPACK<\/strong>\u2013&nbsp;Linien, unvergessliche und unverzichtbare Modelle f\u00fcr alle Unternehmen, die differenzierteste Verpackungen ben\u00f6tigen;&nbsp;<strong>ESPERT<\/strong>\u2013&nbsp;Linie f\u00fcr alle Unternehmen, die eine mittelgro\u00dfe Produktion mit dem besten Preis-Leistungs-Verh\u00e4ltnis erzielen&nbsp;m\u00f6chten.&nbsp;Last but not least das erfolgreichste Projekt der&nbsp;<strong>R &amp; D ITALDIBIPACK<\/strong>&nbsp;, die&nbsp;<strong>MECPACK<\/strong>\u2013&nbsp;Linie: die vollautomatische L-Versiegelung in Kombination mit dem Schrumpftunnel f\u00fcr alle Unternehmen, die eine Hochgeschwindigkeitsleistung ben\u00f6tigen, sich ihres Potenzials bewusst sind und keine Angst haben zu behaupten ihren Platz und brauchen daher fortgeschrittenere und technologisch fortgeschrittene Entscheidungen.<\/p>\n\n\n\n<p>Die ITALDIBIPACK-Gruppe n\u00e4herte sich dem Aufschwung der 80er Jahre und nutzte die Produktivit\u00e4ts- und Entwicklungsanstrengungen der vergangenen Jahre, wobei sie ihre Berufung nicht verga\u00df, zu staunen und ihre F\u00e4higkeit, die Herausforderung der Verbesserung zu gewinnen, nicht zu verschwenden.<\/p>\n\n\n\n<p>Die 90er Jahre waren daher die logische Folge der Geschichte der vergangenen Jahre.<\/p>\n\n\n\n<p>Europa sieht seine ideologischen und politischen Barrieren fallen und l\u00e4dt alle ein, in einer Welt, in der die M\u00f6glichkeit einer Erneuerung der einzig m\u00f6gliche Ansatz ist, um mit einer sicheren Vergangenheit in Verbindung zu bleiben, an sich selbst zu denken.<\/p>\n\n\n\n<p>Ende des Jahrzehnts erweitert die ITALDIBIPACK-Gruppe ihr Sortiment um den Gesch\u00e4ftsbereich \u201eEnd of Line\u201c.<\/p>\n\n\n\n<p>Hier werden die besten Palettenwickell\u00f6sungen entworfen und entwickelt:&nbsp;&nbsp;&nbsp;zuerst Drehmaschinen und vollst\u00e4ndige Palettenwickellinien und dann&nbsp;&nbsp;&nbsp;die genialste Roboterfamilie der Welt: <strong>LEONARDO<\/strong>.<\/p>\n\n\n\n<p>Es ist offiziell, das Unternehmen, das das Schrumpfen der W\u00e4rme in die Welt der Verpackung gebracht hat, das Ziel, global zu werden und&nbsp;&nbsp;&nbsp;sich der realen Logistikwelt zu \u00f6ffnen. Nicht nur bei den Wickelpalettensystemen, sondern auch bei allen Kleb- und Umreifungsvorg\u00e4ngen, die dem letzten Vorgang vor dem Versand vorausgehe.<\/p>\n\n\n<style>.wp-block-kadence-spacer.kt-block-spacer-6878_ea6790-bc .kt-block-spacer{height:120px;}.wp-block-kadence-spacer.kt-block-spacer-6878_ea6790-bc .kt-divider-stripe{height:1px;width:600px;}<\/style>\n<div class=\"wp-block-kadence-spacer aligncenter kt-block-spacer-6878_ea6790-bc\"><div class=\"kt-block-spacer kt-block-spacer-halign-left\"><span class=\"kt-divider-stripe\"><svg xmlns=\"http:\/\/www.w3.org\/2000\/svg\" width=\"100%\" height=\"100%\" class=\"kb-pattern-svg-divider kb-stripes-svg\"><defs><pattern id=\"pat6878_ea6790-bc\" width=\"7\" height=\"7\" patternTransform=\"rotate(40)\" patternUnits=\"userSpaceOnUse\"><line x1=\"0\" y=\"0\" x2=\"0\" y2=\"7\" stroke=\"#eee\" stroke-width=\"4\"><\/line><\/pattern><\/defs><rect width=\"100%\" height=\"100%\" fill=\"url(#pat6878_ea6790-bc)\" opacity=\"1\"><\/rect><\/svg><\/span><\/div><\/div>\n\n\n<style>.wp-block-kadence-advancedgallery.kb-gallery-wrap-id-6878_845a40-8c{margin-top:0px;margin-right:0px;margin-bottom:80px;margin-left:0px;}.wp-block-kadence-advancedgallery .kb-gallery-type-grid.kb-gallery-id-6878_845a40-8c{margin:-5px;}.kb-gallery-type-grid.kb-gallery-id-6878_845a40-8c .kadence-blocks-gallery-item{padding:5px;}.kb-gallery-id-6878_845a40-8c .kadence-blocks-gallery-item .kb-gal-image-radius, .kb-gallery-id-6878_845a40-8c .kb-slide-item .kb-gal-image-radius img{border-radius:0px 0px 0px 0px;;}.kb-gallery-id-6878_845a40-8c .kadence-blocks-gallery-item .kadence-blocks-gallery-item-inner .kadence-blocks-gallery-item__caption{color:var(--global-palette6, #718096);}.kb-gallery-caption-style-cover-hover.kb-gallery-id-6878_845a40-8c .kadence-blocks-gallery-item .kadence-blocks-gallery-item-inner .kadence-blocks-gallery-item__caption, .kb-gallery-caption-style-below.kb-gallery-id-6878_845a40-8c .kadence-blocks-gallery-item .kadence-blocks-gallery-item-inner .kadence-blocks-gallery-item__caption{background:rgba(255, 255, 255, 0);}<\/style><div class=\"kb-gallery-wrap-id-6878_845a40-8c alignnone wp-block-kadence-advancedgallery\"><ul class=\"kb-gallery-ul kb-gallery-non-static kb-gallery-type-grid kb-gallery-id-6878_845a40-8c kb-gallery-caption-style-below kb-gallery-filter-none kb-gallery-magnific-init\" data-image-filter=\"none\" data-item-selector=\".kadence-blocks-gallery-item\" data-lightbox-caption=\"true\" data-columns-xxl=\"4\" data-columns-xl=\"4\" data-columns-md=\"4\" data-columns-sm=\"2\" data-columns-xs=\"2\" data-columns-ss=\"1\"><li class=\"kadence-blocks-gallery-item\"><div class=\"kadence-blocks-gallery-item-inner\"><figure class=\"kb-gallery-figure kb-gallery-item-has-link kadence-blocks-gallery-item-has-caption\"><a href=\"https:\/\/www.italdibipack.com\/wp-content\/uploads\/2022\/10\/ITALDIBIPACK-storia-Ipack-ima-1980.jpg\" data-description=\"IPACKIMA 1982\" class=\"kb-gallery-item-link\"   role=\"button\" aria-haspopup=\"dialog\"><div class=\"kb-gal-image-radius\"><div class=\"kb-gallery-image-contain kadence-blocks-gallery-intrinsic kb-gallery-image-ratio-land32 kb-has-image-ratio-land32\" ><img loading=\"lazy\" decoding=\"async\" src=\"https:\/\/www.italdibipack.com\/wp-content\/uploads\/2022\/10\/ITALDIBIPACK-storia-Ipack-ima-1980.jpg\" width=\"1200\" height=\"961\" alt=\"\" data-full-image=\"https:\/\/www.italdibipack.com\/wp-content\/uploads\/2022\/10\/ITALDIBIPACK-storia-Ipack-ima-1980.jpg\" data-light-image=\"https:\/\/www.italdibipack.com\/wp-content\/uploads\/2022\/10\/ITALDIBIPACK-storia-Ipack-ima-1980.jpg\" data-id=\"5959\" class=\"wp-image-5959\" srcset=\"https:\/\/www.italdibipack.com\/wp-content\/uploads\/2022\/10\/ITALDIBIPACK-storia-Ipack-ima-1980.jpg 1200w, https:\/\/www.italdibipack.com\/wp-content\/uploads\/2022\/10\/ITALDIBIPACK-storia-Ipack-ima-1980-300x240.jpg 300w, https:\/\/www.italdibipack.com\/wp-content\/uploads\/2022\/10\/ITALDIBIPACK-storia-Ipack-ima-1980-768x615.jpg 768w, https:\/\/www.italdibipack.com\/wp-content\/uploads\/2022\/10\/ITALDIBIPACK-storia-Ipack-ima-1980-1024x820.jpg 1024w, https:\/\/www.italdibipack.com\/wp-content\/uploads\/2022\/10\/ITALDIBIPACK-storia-Ipack-ima-1980-600x481.jpg 600w\" sizes=\"auto, (max-width: 1200px) 100vw, 1200px\" \/><\/div><\/div><div class=\"kadence-blocks-gallery-item__caption\">IPACKIMA 1982<\/div><\/a><\/figure><\/div><\/li><li class=\"kadence-blocks-gallery-item\"><div class=\"kadence-blocks-gallery-item-inner\"><figure class=\"kb-gallery-figure kb-gallery-item-has-link kadence-blocks-gallery-item-has-caption\"><a href=\"https:\/\/www.italdibipack.com\/wp-content\/uploads\/2022\/10\/ITALDIBIPACK-storia-Tokyopack-1994.jpg\" data-description=\"PLAST 85\" class=\"kb-gallery-item-link\"   role=\"button\" aria-haspopup=\"dialog\"><div class=\"kb-gal-image-radius\"><div class=\"kb-gallery-image-contain kadence-blocks-gallery-intrinsic kb-gallery-image-ratio-land32 kb-has-image-ratio-land32\" ><img loading=\"lazy\" decoding=\"async\" src=\"https:\/\/www.italdibipack.com\/wp-content\/uploads\/2022\/10\/ITALDIBIPACK-storia-Tokyopack-1994.jpg\" width=\"971\" height=\"726\" alt=\"\" data-full-image=\"https:\/\/www.italdibipack.com\/wp-content\/uploads\/2022\/10\/ITALDIBIPACK-storia-Tokyopack-1994.jpg\" data-light-image=\"https:\/\/www.italdibipack.com\/wp-content\/uploads\/2022\/10\/ITALDIBIPACK-storia-Tokyopack-1994.jpg\" data-id=\"5969\" class=\"wp-image-5969\" srcset=\"https:\/\/www.italdibipack.com\/wp-content\/uploads\/2022\/10\/ITALDIBIPACK-storia-Tokyopack-1994.jpg 971w, https:\/\/www.italdibipack.com\/wp-content\/uploads\/2022\/10\/ITALDIBIPACK-storia-Tokyopack-1994-300x224.jpg 300w, https:\/\/www.italdibipack.com\/wp-content\/uploads\/2022\/10\/ITALDIBIPACK-storia-Tokyopack-1994-768x574.jpg 768w, https:\/\/www.italdibipack.com\/wp-content\/uploads\/2022\/10\/ITALDIBIPACK-storia-Tokyopack-1994-600x449.jpg 600w\" sizes=\"auto, (max-width: 971px) 100vw, 971px\" \/><\/div><\/div><div class=\"kadence-blocks-gallery-item__caption\">PLAST 85<\/div><\/a><\/figure><\/div><\/li><li class=\"kadence-blocks-gallery-item\"><div class=\"kadence-blocks-gallery-item-inner\"><figure class=\"kb-gallery-figure kb-gallery-item-has-link kadence-blocks-gallery-item-has-caption\"><a href=\"https:\/\/www.italdibipack.com\/wp-content\/uploads\/2022\/10\/ITALDIBIPACK-storia-Smau-1993.jpg\" data-description=\"SMAU 1993\" class=\"kb-gallery-item-link\"   role=\"button\" aria-haspopup=\"dialog\"><div class=\"kb-gal-image-radius\"><div class=\"kb-gallery-image-contain kadence-blocks-gallery-intrinsic kb-gallery-image-ratio-land32 kb-has-image-ratio-land32\" ><img loading=\"lazy\" decoding=\"async\" src=\"https:\/\/www.italdibipack.com\/wp-content\/uploads\/2022\/10\/ITALDIBIPACK-storia-Smau-1993.jpg\" width=\"1200\" height=\"954\" alt=\"\" data-full-image=\"https:\/\/www.italdibipack.com\/wp-content\/uploads\/2022\/10\/ITALDIBIPACK-storia-Smau-1993.jpg\" data-light-image=\"https:\/\/www.italdibipack.com\/wp-content\/uploads\/2022\/10\/ITALDIBIPACK-storia-Smau-1993.jpg\" data-id=\"5964\" class=\"wp-image-5964\" srcset=\"https:\/\/www.italdibipack.com\/wp-content\/uploads\/2022\/10\/ITALDIBIPACK-storia-Smau-1993.jpg 1200w, https:\/\/www.italdibipack.com\/wp-content\/uploads\/2022\/10\/ITALDIBIPACK-storia-Smau-1993-300x239.jpg 300w, https:\/\/www.italdibipack.com\/wp-content\/uploads\/2022\/10\/ITALDIBIPACK-storia-Smau-1993-1024x814.jpg 1024w, https:\/\/www.italdibipack.com\/wp-content\/uploads\/2022\/10\/ITALDIBIPACK-storia-Smau-1993-768x611.jpg 768w, https:\/\/www.italdibipack.com\/wp-content\/uploads\/2022\/10\/ITALDIBIPACK-storia-Smau-1993-600x477.jpg 600w\" sizes=\"auto, (max-width: 1200px) 100vw, 1200px\" \/><\/div><\/div><div class=\"kadence-blocks-gallery-item__caption\">SMAU 1993<\/div><\/a><\/figure><\/div><\/li><li class=\"kadence-blocks-gallery-item\"><div class=\"kadence-blocks-gallery-item-inner\"><figure class=\"kb-gallery-figure kb-gallery-item-has-link kadence-blocks-gallery-item-has-caption\"><a href=\"https:\/\/www.italdibipack.com\/wp-content\/uploads\/2022\/10\/ITALDIBIPACK-storia-Grafitalia-1996.jpg\" data-description=\"GRAFITALIA 1996\" class=\"kb-gallery-item-link\"   role=\"button\" aria-haspopup=\"dialog\"><div class=\"kb-gal-image-radius\"><div class=\"kb-gallery-image-contain kadence-blocks-gallery-intrinsic kb-gallery-image-ratio-land32 kb-has-image-ratio-land32\" ><img loading=\"lazy\" decoding=\"async\" src=\"https:\/\/www.italdibipack.com\/wp-content\/uploads\/2022\/10\/ITALDIBIPACK-storia-Grafitalia-1996.jpg\" width=\"1200\" height=\"896\" alt=\"\" data-full-image=\"https:\/\/www.italdibipack.com\/wp-content\/uploads\/2022\/10\/ITALDIBIPACK-storia-Grafitalia-1996.jpg\" data-light-image=\"https:\/\/www.italdibipack.com\/wp-content\/uploads\/2022\/10\/ITALDIBIPACK-storia-Grafitalia-1996.jpg\" data-id=\"5974\" class=\"wp-image-5974\" srcset=\"https:\/\/www.italdibipack.com\/wp-content\/uploads\/2022\/10\/ITALDIBIPACK-storia-Grafitalia-1996.jpg 1200w, https:\/\/www.italdibipack.com\/wp-content\/uploads\/2022\/10\/ITALDIBIPACK-storia-Grafitalia-1996-300x224.jpg 300w, https:\/\/www.italdibipack.com\/wp-content\/uploads\/2022\/10\/ITALDIBIPACK-storia-Grafitalia-1996-768x573.jpg 768w, https:\/\/www.italdibipack.com\/wp-content\/uploads\/2022\/10\/ITALDIBIPACK-storia-Grafitalia-1996-1024x765.jpg 1024w, https:\/\/www.italdibipack.com\/wp-content\/uploads\/2022\/10\/ITALDIBIPACK-storia-Grafitalia-1996-600x448.jpg 600w\" sizes=\"auto, (max-width: 1200px) 100vw, 1200px\" \/><\/div><\/div><div class=\"kadence-blocks-gallery-item__caption\">GRAFITALIA 1996<\/div><\/a><\/figure><\/div><\/li><\/ul><\/div><\/div><\/div>\n\n<\/div><\/div>","protected":false},"excerpt":{"rendered":"<p>1975 WURDE DIE ITALDIBIPACK-GRUPPE GEBOREN.&nbsp;ES IST DIE GEBURT EINES STERNES. Sein Licht ist auch heutennoch die Hauptreferenz f\u00fcr Tausende von Unternehmen in Italien und im Ausland. ITALDIBIPACK Group, geboren aus der&nbsp;Vision&nbsp;von Herrn&nbsp;Luciano Butturini&nbsp;, dem Gr\u00fcnder, der in der Lage war, die M\u00f6glichkeiten einer sich entwickelnden historischen Periode zu interpretieren und sich innerhalb weniger Jahre mit&nbsp;&nbsp;&nbsp;innovativen&#8230;<\/p>\n","protected":false},"author":1,"featured_media":0,"parent":6823,"menu_order":69,"comment_status":"closed","ping_status":"closed","template":"","meta":{"_acf_changed":false,"_seopress_robots_primary_cat":"","_seopress_titles_title":"ITALDIBIPACK Geschichte: Innovatoren seit 1975","_seopress_titles_desc":"Entdecken Sie die Meilensteine der ITALDIBIPACK-Gruppe. Von Luciano Butturini bis zum Weltmarktf\u00fchrer f\u00fcr Verpackung.","_seopress_robots_index":"","_eb_attr":"","_gspb_post_css":"","_kad_blocks_custom_css":"","_kad_blocks_head_custom_js":"","_kad_blocks_body_custom_js":"","_kad_blocks_footer_custom_js":"","_eb_data_table":"","_kad_post_transparent":"","_kad_post_title":"","_kad_post_layout":"","_kad_post_sidebar_id":"","_kad_post_content_style":"","_kad_post_vertical_padding":"","_kad_post_feature":"","_kad_post_feature_position":"","_kad_post_header":false,"_kad_post_footer":false,"_kad_post_classname":"","footnotes":""},"class_list":["post-6878","page","type-page","status-publish","hentry"],"acf":[],"taxonomy_info":[],"featured_image_src_large":false,"author_info":{"display_name":"adminer","author_link":"https:\/\/www.italdibipack.com\/de\/author\/adminer\/"},"comment_info":0,"_links":{"self":[{"href":"https:\/\/www.italdibipack.com\/de\/wp-json\/wp\/v2\/pages\/6878","targetHints":{"allow":["GET"]}}],"collection":[{"href":"https:\/\/www.italdibipack.com\/de\/wp-json\/wp\/v2\/pages"}],"about":[{"href":"https:\/\/www.italdibipack.com\/de\/wp-json\/wp\/v2\/types\/page"}],"author":[{"embeddable":true,"href":"https:\/\/www.italdibipack.com\/de\/wp-json\/wp\/v2\/users\/1"}],"replies":[{"embeddable":true,"href":"https:\/\/www.italdibipack.com\/de\/wp-json\/wp\/v2\/comments?post=6878"}],"version-history":[{"count":5,"href":"https:\/\/www.italdibipack.com\/de\/wp-json\/wp\/v2\/pages\/6878\/revisions"}],"predecessor-version":[{"id":21167,"href":"https:\/\/www.italdibipack.com\/de\/wp-json\/wp\/v2\/pages\/6878\/revisions\/21167"}],"up":[{"embeddable":true,"href":"https:\/\/www.italdibipack.com\/de\/wp-json\/wp\/v2\/pages\/6823"}],"wp:attachment":[{"href":"https:\/\/www.italdibipack.com\/de\/wp-json\/wp\/v2\/media?parent=6878"}],"curies":[{"name":"wp","href":"https:\/\/api.w.org\/{rel}","templated":true}]}}