{"id":1326,"date":"2022-06-15T15:13:37","date_gmt":"2022-07-04T16:03:47","guid":{"rendered":"https:\/\/italdibipack.bozzaonline.it\/prodotto\/swing\/"},"modified":"2024-10-07T07:26:14","modified_gmt":"2024-10-07T07:26:14","slug":"swing","status":"publish","type":"product","link":"https:\/\/www.italdibipack.com\/de\/produkt\/swing\/","title":{"rendered":"SWING"},"content":{"rendered":"<h3>DAS ERSTE EIN-SCHRITT-SYSTEM AUS TECHNOPOLYMER<\/h3>\n<p>SwingPAT ist ein neues Konzept von \u201eone-step\u00ae\u201c, einer neuen Art der Interpretation einer Schrumpffolie, bei der die \u00c4sthetik und die Struktur der Maschine auff\u00e4llig ver\u00e4ndert werden, wodurch der Maschine ein einzigartiges Aussehen verliehen wird. Aber auch die qualitativen und technischen Aspekte der Maschine werden umgesetzt und der gesamte Produktionsprozess wird optimiert.<\/p>\n<p><strong>MEHR INFORMATIONEN<\/strong><\/p>\n<p>SwingPAT ist die erste Verpackungsmaschine der Welt mit einem modularen Rahmen aus Technopolymer in Baydur\u00ae, einem Hightech-Kunststoff der Firma Bayer AG, welcher hinsichtlich der thermischen und mechanischen Eigenschaften Blech entspricht, aber in der Lage ist der Maschine eine Reihe von technologischen \u201ePluspunkten\u201c zu bieten. Allen voran die extrem hohe elektrische Isolation, die H\u00e4rte der Oberfl\u00e4che, die chemische Tr\u00e4gheit, die perfekte Lackierbarkeit, die einfache Entsorgung und vieles mehr. Es steht also au\u00dfer Frage, dass Swing auf dem Salon de l&#8217;Emballage in Paris 2006 als innovativste Maschine in Bezug auf Technologie und Arbeitssicherheit ausgezeichnet wurde.<\/p>\n<p>Die Entscheidung f\u00fcr diese High-Tech-Kunststoffe basierte nicht nur auf technisch-konstruktiven-funktionalen Faktoren, sondern auch auf der Erweiterung des Anwendungsbereichs von \u201eone-step\u201c -Maschinen. Ein Blick, oder eine Ber\u00fchrung reichen aus, um zu erkennen, dass sich die Swing-Maschinen ideal f\u00fcr die Lebensmittel-, S\u00fc\u00dfwaren-, Pharma- und Grafikindustrie, sowie f\u00fcr die gro\u00dfe Welt des Handels und Vertriebs eignen. Dies sind alles Bereiche, in denen Swing ein gro\u00dfer Erfolg war, auch dank seiner f\u00fcr Verpackungsmaschinen ungew\u00f6hnlichen \u00c4sthetik<\/p>\n<ul>\n<li>Arbeitszyklus von einem Mikroprozessor elektronisch gesteuert<\/li>\n<li>Verstecktes digitales Bedienfeld auf der Haubenseite<\/li>\n<li>Es k\u00f6nnen 8 verschiedene Arbeitsprogramme gespeichert werden<\/li>\n<li>M\u00f6glichkeit zum Schrumpfen, wenn die Versiegelung abgeschlossen ist<\/li>\n<li>Automatische Einstellung der Siegelzeit: Die Maschine stellt die Siegelzeit automatisch entsprechend der Verpackungsgeschwindigkeit ein.<\/li>\n<li>Festhaltemagnet inklusive und einstellbar: Die Haube bleibt bis zum Schrumpfende geschlossen.<\/li>\n<li>Die Haube kann sich nach dem Stoppen des L\u00fcfters l\u00f6sen, um zu verhindern, dass am Ende des Zyklus hei\u00dfe Luft austritt<\/li>\n<li>K\u00fchlsystem zur Thermostatisierung der Dichtungsteile inklusive<\/li>\n<li>Energiesparfunktion: Das Ger\u00e4t wechselt in den Standby-Modus, wenn es f\u00fcr einen bestimmten Zeitraum nicht funktioniert<\/li>\n<li>St\u00fcckz\u00e4hler enthalten<\/li>\n<li>Konkave Form der Frontstruktur der Maschine, um dem Bediener die besten und am besten handhabbaren Arbeitsbedingungen zu bieten<\/li>\n<li>Stand und Scrap-R\u00fccklauf auf Anfrage<\/li>\n<li>Die Maschine arbeitet mit PVC (BLAUFOLIE), Polyolefin-Hei\u00dfsiegelfolie und auch Schrumpffolie (GR\u00dcNFOLIE &#8211; GOLDFOLIE)<\/li>\n<\/ul>\n<p>Maschine hergestellt nach CE-Richtlinien.<\/p>\n","protected":false},"excerpt":{"rendered":"<h3>DAS ERSTE EIN-SCHRITT-SYSTEM AUS TECHNOPOLYMER<\/h3>\n<p>SwingPAT ist ein neues Konzept von \u201eone-step\u00ae\u201c, einer neuen Art der Interpretation einer Schrumpffolie, bei der die \u00c4sthetik und die Struktur der Maschine auff\u00e4llig ver\u00e4ndert werden, wodurch der Maschine ein einzigartiges Aussehen verliehen wird. Aber auch die qualitativen und technischen Aspekte der Maschine werden umgesetzt und der gesamte Produktionsprozess wird optimiert.<\/p>\n","protected":false},"featured_media":16463,"template":"","meta":{"_acf_changed":false,"_seopress_robots_primary_cat":"","_seopress_titles_title":"SWING: Technopolymer-Schrumpfmaschine | ITALDIBIPACK","_seopress_titles_desc":"Die erste komplett aus Technopolymer gefertigte Schrumpfverpackungsmaschine. Einzigartig in der elektrischen Isolierung.","_seopress_robots_index":"","_eb_attr":"","_gspb_post_css":"","_kad_blocks_custom_css":"","_kad_blocks_head_custom_js":"","_kad_blocks_body_custom_js":"","_kad_blocks_footer_custom_js":"","_eb_data_table":"","_kad_post_transparent":"default","_kad_post_title":"","_kad_post_layout":"default","_kad_post_sidebar_id":"","_kad_post_content_style":"default","_kad_post_vertical_padding":"default","_kad_post_feature":"","_kad_post_feature_position":"","_kad_post_header":false,"_kad_post_footer":false,"_kad_post_classname":""},"product_brand":[],"product_cat":[158,159],"product_tag":[],"settore_applicazione":[],"campo_applicativo":[],"class_list":{"0":"post-1326","1":"product","2":"type-product","3":"status-publish","4":"has-post-thumbnail","6":"product_cat-schrumpfmaschinen","7":"product_cat-vereinfachte-systemen","9":"first","10":"instock","11":"taxable","12":"shipping-taxable","13":"product-type-simple","14":"entry","15":"content-bg","16":"loop-entry"},"acf":[],"taxonomy_info":{"product_cat":[{"value":158,"label":"Schrumpfmaschinen"},{"value":159,"label":"Vereinfachte systemen"}]},"featured_image_src_large":["https:\/\/www.italdibipack.com\/wp-content\/uploads\/2024\/02\/SWING-macchine-confezionatrici-confezionatrici-manuali-termoretraibili-ITALDIBIPACK-griglia-1024x1024.jpg",1024,1024,true],"author_info":[],"comment_info":"","_links":{"self":[{"href":"https:\/\/www.italdibipack.com\/de\/wp-json\/wp\/v2\/product\/1326","targetHints":{"allow":["GET"]}}],"collection":[{"href":"https:\/\/www.italdibipack.com\/de\/wp-json\/wp\/v2\/product"}],"about":[{"href":"https:\/\/www.italdibipack.com\/de\/wp-json\/wp\/v2\/types\/product"}],"wp:featuredmedia":[{"embeddable":true,"href":"https:\/\/www.italdibipack.com\/de\/wp-json\/wp\/v2\/media\/16463"}],"wp:attachment":[{"href":"https:\/\/www.italdibipack.com\/de\/wp-json\/wp\/v2\/media?parent=1326"}],"wp:term":[{"taxonomy":"product_brand","embeddable":true,"href":"https:\/\/www.italdibipack.com\/de\/wp-json\/wp\/v2\/product_brand?post=1326"},{"taxonomy":"product_cat","embeddable":true,"href":"https:\/\/www.italdibipack.com\/de\/wp-json\/wp\/v2\/product_cat?post=1326"},{"taxonomy":"product_tag","embeddable":true,"href":"https:\/\/www.italdibipack.com\/de\/wp-json\/wp\/v2\/product_tag?post=1326"},{"taxonomy":"settore_applicazione","embeddable":true,"href":"https:\/\/www.italdibipack.com\/de\/wp-json\/wp\/v2\/settore_applicazione?post=1326"},{"taxonomy":"campo_applicativo","embeddable":true,"href":"https:\/\/www.italdibipack.com\/de\/wp-json\/wp\/v2\/campo_applicativo?post=1326"}],"curies":[{"name":"wp","href":"https:\/\/api.w.org\/{rel}","templated":true}]}}