{"id":1327,"date":"2022-06-15T15:13:37","date_gmt":"2022-07-04T16:03:47","guid":{"rendered":"https:\/\/italdibipack.bozzaonline.it\/prodotto\/dibipack-3246-evx\/"},"modified":"2024-09-23T17:24:11","modified_gmt":"2024-09-23T17:24:11","slug":"dibipack-3246-evx","status":"publish","type":"product","link":"https:\/\/www.italdibipack.com\/de\/produkt\/dibipack-3246-evx\/","title":{"rendered":"DIBIPACK 3246 EVX \u2013 4255 EVX"},"content":{"rendered":"<h3>DIE ENTWICKLUNG VON EIN-SCHRITT-SYSTEMEN<\/h3>\n<p>Die Schrumpfverpackungsmaschinen Dibipack 3246 EV und 4255 EV er\u00f6ffnen die Produktpalette der Dibipack Evolution \u201eone-step\u00ae\u201c -Systeme, die so einfach zu bedienen sind wie die Standardmodelle von Dibipack. Aber dank der Vollelektronik wird eine gro\u00dfe Flexibilit\u00e4t in der Anwendung und eine\u00a0 hohe Leistung in Steuerungen und einigen innovative patentierten Ger\u00e4ten geboten. Eine Ideale L\u00f6sung f\u00fcr kleine und mittlere Produktionsmengen, da wettbewerbsf\u00e4hig und kosteng\u00fcnstig.<\/p>\n<p><strong>MEHR INFORMATIONEN<\/strong><\/p>\n<ul>\n<li>Arbeitszyklus elektronisch gesteuert durch einen Mikroprozessor. Es ist m\u00f6glich, 8 verschiedene Arbeitsprogramme zu speichern<\/li>\n<li>Automatische Einstellung der Siegelzeit: Die Maschine stellt die Siegelzeit automatisch, entsprechend der Verpackungsgeschwindigkeit ein.<\/li>\n<li>M\u00f6glichkeit zum Schrumpfen, wenn die Versiegelung abgeschlossen ist<\/li>\n<li>Festhaltemagnet inklusive und einstellbar: Die Haube bleibt bis zum Schrumpfende geschlossen.<\/li>\n<li>Die Haube kann nach dem Stoppen des L\u00fcfters ge\u00f6ffnet werden, um zu verhindern, dass am Ende des Zyklus hei\u00dfe Luft austritt<\/li>\n<li>Wiederer\u00f6ffnung durch Gasdruckfeder<\/li>\n<li>Kontrolle mit N\u00e4he beginnen<\/li>\n<li>Energiesparfunktion: Das Ger\u00e4t wechselt in den Standby-Modus, wenn es f\u00fcr einen bestimmten Zeitraum nicht arbeitet<\/li>\n<li>St\u00fcckz\u00e4hler enthalten<\/li>\n<li>Stand und Scrap-R\u00fccklauf auf Anfrage<\/li>\n<li>Die Maschine arbeitet mit Hei\u00dfsiegel- und Schrumpffolien wie PVC (BLAUFOLIE) oder Polyolefinfolien (GR\u00dcNFOLIE &#8211; GOLDFOLIE)<\/li>\n<\/ul>\n<p>Maschine hergestellt nach CE-Richtlinien.<\/p>\n","protected":false},"excerpt":{"rendered":"<h3>DIE ENTWICKLUNG VON EIN-SCHRITT-SYSTEMEN<\/h3>\n<p>Die Schrumpfverpackungsmaschinen Dibipack 3246 EV und 4255 EV er\u00f6ffnen die Produktpalette der Dibipack Evolution \u201eone-step\u00ae\u201c -Systeme, die so einfach zu bedienen sind wie die Standardmodelle von Dibipack. Aber dank der Vollelektronik wird eine gro\u00dfe Flexibilit\u00e4t in der Anwendung und eine\u00a0 hohe Leistung in Steuerungen und einigen innovative patentierten Ger\u00e4ten geboten. Eine Ideale L\u00f6sung f\u00fcr kleine und mittlere Produktionsmengen, da wettbewerbsf\u00e4hig und kosteng\u00fcnstig.<\/p>\n","protected":false},"featured_media":15348,"template":"","meta":{"_acf_changed":false,"_seopress_robots_primary_cat":"","_seopress_titles_title":"DIBIPACK EVX: Haubenverpackungsmaschinen | ITALDIBIPACK","_seopress_titles_desc":"Professionelle Haubenmaschinen mit digitaler elektronischer Steuerung. Zuverl\u00e4ssige L\u00f6sungen f\u00fcr Schrumpfverpackungen.","_seopress_robots_index":"","_eb_attr":"","_gspb_post_css":"","_kad_blocks_custom_css":"","_kad_blocks_head_custom_js":"","_kad_blocks_body_custom_js":"","_kad_blocks_footer_custom_js":"","_eb_data_table":"","_kad_post_transparent":"default","_kad_post_title":"","_kad_post_layout":"default","_kad_post_sidebar_id":"","_kad_post_content_style":"default","_kad_post_vertical_padding":"default","_kad_post_feature":"","_kad_post_feature_position":"","_kad_post_header":false,"_kad_post_footer":false,"_kad_post_classname":""},"product_brand":[],"product_cat":[158,15,159],"product_tag":[],"settore_applicazione":[],"campo_applicativo":[],"class_list":{"0":"post-1327","1":"product","2":"type-product","3":"status-publish","4":"has-post-thumbnail","6":"product_cat-schrumpfmaschinen","7":"product_cat-senza-categoria","8":"product_cat-vereinfachte-systemen","10":"first","11":"instock","12":"taxable","13":"shipping-taxable","14":"purchasable","15":"product-type-simple","16":"entry","17":"content-bg","18":"loop-entry"},"acf":[],"taxonomy_info":{"product_cat":[{"value":158,"label":"Schrumpfmaschinen"},{"value":15,"label":"Senza categoria"},{"value":159,"label":"Vereinfachte systemen"}]},"featured_image_src_large":["https:\/\/www.italdibipack.com\/wp-content\/uploads\/2024\/02\/DIBIPACK-4255-EVX-macchine-confezionatrici-confezionatrici-manuali-termoretraibili-ITALDIBIPACK-griglia-1024x1024.jpg",1024,1024,true],"author_info":[],"comment_info":"","_links":{"self":[{"href":"https:\/\/www.italdibipack.com\/de\/wp-json\/wp\/v2\/product\/1327","targetHints":{"allow":["GET"]}}],"collection":[{"href":"https:\/\/www.italdibipack.com\/de\/wp-json\/wp\/v2\/product"}],"about":[{"href":"https:\/\/www.italdibipack.com\/de\/wp-json\/wp\/v2\/types\/product"}],"wp:featuredmedia":[{"embeddable":true,"href":"https:\/\/www.italdibipack.com\/de\/wp-json\/wp\/v2\/media\/15348"}],"wp:attachment":[{"href":"https:\/\/www.italdibipack.com\/de\/wp-json\/wp\/v2\/media?parent=1327"}],"wp:term":[{"taxonomy":"product_brand","embeddable":true,"href":"https:\/\/www.italdibipack.com\/de\/wp-json\/wp\/v2\/product_brand?post=1327"},{"taxonomy":"product_cat","embeddable":true,"href":"https:\/\/www.italdibipack.com\/de\/wp-json\/wp\/v2\/product_cat?post=1327"},{"taxonomy":"product_tag","embeddable":true,"href":"https:\/\/www.italdibipack.com\/de\/wp-json\/wp\/v2\/product_tag?post=1327"},{"taxonomy":"settore_applicazione","embeddable":true,"href":"https:\/\/www.italdibipack.com\/de\/wp-json\/wp\/v2\/settore_applicazione?post=1327"},{"taxonomy":"campo_applicativo","embeddable":true,"href":"https:\/\/www.italdibipack.com\/de\/wp-json\/wp\/v2\/campo_applicativo?post=1327"}],"curies":[{"name":"wp","href":"https:\/\/api.w.org\/{rel}","templated":true}]}}