{"id":1328,"date":"2022-06-15T15:13:37","date_gmt":"2022-07-04T16:03:47","guid":{"rendered":"https:\/\/italdibipack.bozzaonline.it\/prodotto\/dibipack-6084-evx\/"},"modified":"2025-02-27T14:19:37","modified_gmt":"2025-02-27T14:19:37","slug":"dibipack-6084-evx","status":"publish","type":"product","link":"https:\/\/www.italdibipack.com\/de\/produkt\/dibipack-6084-evx\/","title":{"rendered":"DIBIPACK 6084 EVX"},"content":{"rendered":"<h3>DER EXTRA GROSSE SCHRUMPFWICKLER<\/h3>\n<p>Neben kleinen Verpackungsmaschinen zum Verpacken kleiner und mittlerer Produkte bietet Italdibipack mit dem Dibipack BIG, einem der gr\u00f6\u00dften Modellen der Dibipack Evolution-Linie, auch EXTRA-LARGE \u201eOne-Step\u00ae\u201c -Systeme an, die so konzipiert und konstruiert sind, dass sie die Anforderungen erf\u00fcllen. Sie ist eine \u00fcberzeugende Antwort auf die steigende Nachfrage nach einer Gro\u00dfmaschine mit gro\u00dfer Kapazit\u00e4t und hoher Leistung. Ideal, um Produkte mit gro\u00dfen Abmessungen und gro\u00dfer Oberfl\u00e4che wie Rahmen, Bilder und Paneele zu verpacken.<\/p>\n<p><strong>MEHR INFORMATIONEN<\/strong><\/p>\n<p>Diese \u201eGiganten\u201c haben die gleichen Spezifikationen, wie die Schrumpffolienverpackungsmaschinen der Dibipack Evolution-Linie, jedoch einige Besonderheiten: Zum Beispiel zwei Festhaltemagnete, die die Haube w\u00e4hrend des Arbeitszyklus geschlossen halten und zwei L\u00fcfter, die eine bessere W\u00e4rmezirkulation gew\u00e4hrleisten Luft beim Schrumpfen.<\/p>\n<p>Die Maschine arbeitet mit Hei\u00dfsiegel- und Schrumpffolien wie PVC (BLUE FILM) oder Polyolefinfolien (GREEN FILM &#8211; GOLDEN FILM).<\/p>\n<p>Maschine hergestellt nach CE-Richtlinien.<\/p>\n","protected":false},"excerpt":{"rendered":"<h3>DER EXTRA GROSSE SCHRUMPFWICKLER<\/h3>\n<p>Neben kleinen Verpackungsmaschinen zum Verpacken kleiner und mittlerer Produkte bietet Italdibipack mit dem Dibipack BIG, einem der gr\u00f6\u00dften Modellen der Dibipack Evolution-Linie, auch EXTRA-LARGE \u201eOne-Step\u00ae\u201c -Systeme an, die so konzipiert und konstruiert sind, dass sie die Anforderungen erf\u00fcllen. Sie ist eine \u00fcberzeugende Antwort auf die steigende Nachfrage nach einer Gro\u00dfmaschine mit gro\u00dfer Kapazit\u00e4t und hoher Leistung. Ideal, um Produkte mit gro\u00dfen Abmessungen und gro\u00dfer Oberfl\u00e4che wie Rahmen, Bilder und Paneele zu verpacken.<\/p>\n","protected":false},"featured_media":15378,"template":"","meta":{"_acf_changed":false,"_seopress_robots_primary_cat":"none","_seopress_titles_title":"DIBIPACK 6084 EVX: Gro\u00dfe Formate | ITALDIBIPACK","_seopress_titles_desc":"Gro\u00dfe Haubenverpackungsmaschine f\u00fcr sperrige Produkte. Einfache Bedienung und professionelle Leistung.","_seopress_robots_index":"","_eb_attr":"","_gspb_post_css":"","_kad_blocks_custom_css":"","_kad_blocks_head_custom_js":"","_kad_blocks_body_custom_js":"","_kad_blocks_footer_custom_js":"","_eb_data_table":"","_kad_post_transparent":"default","_kad_post_title":"","_kad_post_layout":"default","_kad_post_sidebar_id":"","_kad_post_content_style":"default","_kad_post_vertical_padding":"default","_kad_post_feature":"","_kad_post_feature_position":"","_kad_post_header":false,"_kad_post_footer":false,"_kad_post_classname":""},"product_brand":[],"product_cat":[158,159],"product_tag":[],"settore_applicazione":[],"campo_applicativo":[],"class_list":{"0":"post-1328","1":"product","2":"type-product","3":"status-publish","4":"has-post-thumbnail","6":"product_cat-schrumpfmaschinen","7":"product_cat-vereinfachte-systemen","9":"first","10":"instock","11":"taxable","12":"shipping-taxable","13":"product-type-simple","14":"entry","15":"content-bg","16":"loop-entry"},"acf":[],"taxonomy_info":{"product_cat":[{"value":158,"label":"Schrumpfmaschinen"},{"value":159,"label":"Vereinfachte systemen"}]},"featured_image_src_large":["https:\/\/www.italdibipack.com\/wp-content\/uploads\/2024\/02\/DIBIPACK-6084-EVX-macchine-confezionatrici-confezionatrici-manuali-termoretraibili-ITALDIBIPACK-griglia-1024x1024.jpg",1024,1024,true],"author_info":[],"comment_info":"","_links":{"self":[{"href":"https:\/\/www.italdibipack.com\/de\/wp-json\/wp\/v2\/product\/1328","targetHints":{"allow":["GET"]}}],"collection":[{"href":"https:\/\/www.italdibipack.com\/de\/wp-json\/wp\/v2\/product"}],"about":[{"href":"https:\/\/www.italdibipack.com\/de\/wp-json\/wp\/v2\/types\/product"}],"wp:featuredmedia":[{"embeddable":true,"href":"https:\/\/www.italdibipack.com\/de\/wp-json\/wp\/v2\/media\/15378"}],"wp:attachment":[{"href":"https:\/\/www.italdibipack.com\/de\/wp-json\/wp\/v2\/media?parent=1328"}],"wp:term":[{"taxonomy":"product_brand","embeddable":true,"href":"https:\/\/www.italdibipack.com\/de\/wp-json\/wp\/v2\/product_brand?post=1328"},{"taxonomy":"product_cat","embeddable":true,"href":"https:\/\/www.italdibipack.com\/de\/wp-json\/wp\/v2\/product_cat?post=1328"},{"taxonomy":"product_tag","embeddable":true,"href":"https:\/\/www.italdibipack.com\/de\/wp-json\/wp\/v2\/product_tag?post=1328"},{"taxonomy":"settore_applicazione","embeddable":true,"href":"https:\/\/www.italdibipack.com\/de\/wp-json\/wp\/v2\/settore_applicazione?post=1328"},{"taxonomy":"campo_applicativo","embeddable":true,"href":"https:\/\/www.italdibipack.com\/de\/wp-json\/wp\/v2\/campo_applicativo?post=1328"}],"curies":[{"name":"wp","href":"https:\/\/api.w.org\/{rel}","templated":true}]}}