{"id":1329,"date":"2022-06-15T15:13:37","date_gmt":"2022-07-04T16:03:47","guid":{"rendered":"https:\/\/italdibipack.bozzaonline.it\/prodotto\/dibipack-85130\/"},"modified":"2024-10-07T07:33:50","modified_gmt":"2024-10-07T07:33:50","slug":"dibipack-85130","status":"publish","type":"product","link":"https:\/\/www.italdibipack.com\/de\/produkt\/dibipack-85130\/","title":{"rendered":"DIBIPACK 85130"},"content":{"rendered":"<h3>DER &#8222;RIESE&#8220; DER SCHRUMPFPACKUNGEN<\/h3>\n<p>Hier ist das Modell Dibipack 85130, ein Neuzugang in der Italdibipack-Reihe von EXTRA-LARGE \u201eOne-step\u00ae\u201c -Systemen, theDibipack BIG, die gr\u00f6\u00dften Modelle der Dibipack-Reihe, die konzipiert und entworfen wurden, um die beste Antwort auf die zunehmende Nachfrage zu sein, nach einer Gro\u00dfmaschine mit gro\u00dfer Kapazit\u00e4t und hoher Leistung. Ideal, um Produkte mit gro\u00dfen Abmessungen und gro\u00dfer Oberfl\u00e4che wie Rahmen, Bilder und Paneele zu verpacken<\/p>\n<p><strong>MEHR INFORMATIONEN<\/strong><\/p>\n<p>Ein hervorragendes Ergebnis, das vom Italdibipack-Forschungs- und Entwicklungsteam erzielt wurde, das alle Marktanforderungen gesammelt und in eine erfolgreiche L\u00f6sung umgewandelt hat. Mit diesem neuen \u201eRiesen\u201c werden die Modelle Dibipack 75125 und Dibipack 85150 dank der neuen Abmessungen der Siegelstangen \u201eausgemustert\u201c (850 x 1300 mm), die einen gr\u00f6\u00dferen Abmessungsbereich des Produkts aufnehmen k\u00f6nnen.<\/p>\n<p>Dieses neue Modell hat die gleichen Spezifikationen wie die Schrumpfverpackungsmaschinen der Dibipack-Linie, jedoch einige Besonderheiten: Zum Beispiel zwei Festhaltemagnete, die die Haube w\u00e4hrend des Arbeitszyklus geschlossen halten und\u00a0 zwei L\u00fcfter, die eine bessere W\u00e4rmezirkulation gew\u00e4hrleisten.<\/p>\n<p>Die Maschine arbeitet mit Hei\u00dfsiegel- und Schrumpffolien wie PVC (BLAUFOLIE) oder Polyolefinfolien (GR\u00dcNFOLIE &#8211; GOLDFOLIE).<\/p>\n<p>Die Maschine wird gem\u00e4\u00df den CE-Vorschriften hergestellt.<\/p>\n","protected":false},"excerpt":{"rendered":"<h3>DER &#8222;RIESE&#8220; DER SCHRUMPFPACKUNGEN<\/h3>\n<p>Hier ist das Modell Dibipack 85130, ein Neuzugang in der Italdibipack-Reihe von EXTRA-LARGE \u201eOne-step\u00ae\u201c -Systemen, theDibipack BIG, die gr\u00f6\u00dften Modelle der Dibipack-Reihe, die konzipiert und entworfen wurden, um die beste Antwort auf die zunehmende Nachfrage zu sein, nach einer Gro\u00dfmaschine mit gro\u00dfer Kapazit\u00e4t und hoher Leistung. Ideal, um Produkte mit gro\u00dfen Abmessungen und gro\u00dfer Oberfl\u00e4che wie Rahmen, Bilder und Paneele zu verpacken<\/p>\n","protected":false},"featured_media":15393,"template":"","meta":{"_acf_changed":false,"_seopress_robots_primary_cat":"","_seopress_titles_title":"DIBIPACK 85130: Extra Gro\u00dfe Verpackung | ITALDIBIPACK","_seopress_titles_desc":"Die extragro\u00dfe Version der Dibipack-Reihe f\u00fcr die Verpackung gro\u00dfer Industrieprodukte. Hohe Zuverl\u00e4ssigkeit.","_seopress_robots_index":"","_eb_attr":"","_gspb_post_css":"","_kad_blocks_custom_css":"","_kad_blocks_head_custom_js":"","_kad_blocks_body_custom_js":"","_kad_blocks_footer_custom_js":"","_eb_data_table":"","_kad_post_transparent":"default","_kad_post_title":"","_kad_post_layout":"default","_kad_post_sidebar_id":"","_kad_post_content_style":"default","_kad_post_vertical_padding":"default","_kad_post_feature":"","_kad_post_feature_position":"","_kad_post_header":false,"_kad_post_footer":false,"_kad_post_classname":""},"product_brand":[],"product_cat":[158,159],"product_tag":[],"settore_applicazione":[],"campo_applicativo":[],"class_list":{"0":"post-1329","1":"product","2":"type-product","3":"status-publish","4":"has-post-thumbnail","6":"product_cat-schrumpfmaschinen","7":"product_cat-vereinfachte-systemen","9":"first","10":"instock","11":"taxable","12":"shipping-taxable","13":"product-type-simple","14":"entry","15":"content-bg","16":"loop-entry"},"acf":[],"taxonomy_info":{"product_cat":[{"value":158,"label":"Schrumpfmaschinen"},{"value":159,"label":"Vereinfachte systemen"}]},"featured_image_src_large":["https:\/\/www.italdibipack.com\/wp-content\/uploads\/2024\/02\/DIBIPACK-85130-macchine-confezionatrici-confezionatrici-manuali-termoretraibili-ITALDIBIPACK-griglia-1024x1024.jpg",1024,1024,true],"author_info":[],"comment_info":"","_links":{"self":[{"href":"https:\/\/www.italdibipack.com\/de\/wp-json\/wp\/v2\/product\/1329","targetHints":{"allow":["GET"]}}],"collection":[{"href":"https:\/\/www.italdibipack.com\/de\/wp-json\/wp\/v2\/product"}],"about":[{"href":"https:\/\/www.italdibipack.com\/de\/wp-json\/wp\/v2\/types\/product"}],"wp:featuredmedia":[{"embeddable":true,"href":"https:\/\/www.italdibipack.com\/de\/wp-json\/wp\/v2\/media\/15393"}],"wp:attachment":[{"href":"https:\/\/www.italdibipack.com\/de\/wp-json\/wp\/v2\/media?parent=1329"}],"wp:term":[{"taxonomy":"product_brand","embeddable":true,"href":"https:\/\/www.italdibipack.com\/de\/wp-json\/wp\/v2\/product_brand?post=1329"},{"taxonomy":"product_cat","embeddable":true,"href":"https:\/\/www.italdibipack.com\/de\/wp-json\/wp\/v2\/product_cat?post=1329"},{"taxonomy":"product_tag","embeddable":true,"href":"https:\/\/www.italdibipack.com\/de\/wp-json\/wp\/v2\/product_tag?post=1329"},{"taxonomy":"settore_applicazione","embeddable":true,"href":"https:\/\/www.italdibipack.com\/de\/wp-json\/wp\/v2\/settore_applicazione?post=1329"},{"taxonomy":"campo_applicativo","embeddable":true,"href":"https:\/\/www.italdibipack.com\/de\/wp-json\/wp\/v2\/campo_applicativo?post=1329"}],"curies":[{"name":"wp","href":"https:\/\/api.w.org\/{rel}","templated":true}]}}