{"id":1331,"date":"2022-06-15T15:13:37","date_gmt":"2022-07-04T16:03:47","guid":{"rendered":"https:\/\/italdibipack.bozzaonline.it\/prodotto\/espert-7555-ev\/"},"modified":"2024-09-23T17:24:12","modified_gmt":"2024-09-23T17:24:12","slug":"espert-7555-ev","status":"publish","type":"product","link":"https:\/\/www.italdibipack.com\/de\/produkt\/espert-7555-ev\/","title":{"rendered":"ESPERT 7555 EV"},"content":{"rendered":"<h3>SEMIAUTOMATISCHER SCHRUMPFPACKER: PERFEKT F\u00dcR GROSSPRODUKTE<\/h3>\n<p>Diese Modelle wurden f\u00fcr den Einsatz in F\u00e4llen konzipiert, in denen mehr Automatisierung erforderlich ist. Der Bediener muss lediglich das Produkt in die Folie einlegen und es f\u00fcr den Rest des Arbeitszyklus auf den Siegelbereich bewegen. Die Versiegelung, Produktentnahme und \u00dcbergabe im Schrumpftunnel erfolgt automatisch. Ideal f\u00fcr Produktionen mit mittlerer bis hoher Leistung, bei denen einzelne und mehrere Produkte verpackt werden m\u00fcssen. Einfache \u00c4nderung der Gr\u00f6\u00dfe je nach Produktabmessungen und -form.<\/p>\n<p><strong>MEHR INFORMATIONEN<\/strong><\/p>\n<ul>\n<li>Eine Alternative zu \u201eone-step\u00ae\u201c -Systemen, um die Produktion zu steigern, obwohl sie sehr einfach zu bedienen ist.<\/li>\n<li>Innovatives Design<\/li>\n<li>Hohe Qualit\u00e4tsstandards<\/li>\n<li>Hohe Produktionsleistungen<\/li>\n<li>Vollautomatischer Arbeitszyklus<\/li>\n<li>Pneumatisches Arbeiten: Ein Pneumatikzylinder verschlie\u00dft die Siegelbalken, so l\u00e4uft das F\u00f6rderband an und bef\u00f6rdert das Produkt zum Schrumpfen in den Schrumpftunnel.<\/li>\n<li>\u00d6ffnen und Schlie\u00dfen der Siegelstangen (mit Pedal oder automatisch), Siegelzeit und F\u00f6rderbandlaufzeit werden von einer Zeitschaltuhr gesteuert<\/li>\n<li>Zwei unabh\u00e4ngige Transportb\u00e4nder im Siegelbereich und im Schrumpfbereich<\/li>\n<li>Die H\u00f6he des Siegelbereichs ist je nach Produktgr\u00f6\u00dfe einstellbar<\/li>\n<li>Ein effizientes Sicherheitssystem garantiert dem Bediener die Sicherheit der H\u00e4nde gem\u00e4\u00df den CE-Bestimmungen<\/li>\n<li>Der in die Maschinenstruktur integrierte Schrumpftunnel ist mit einem Rollstabf\u00f6rderband ausgestattet, dessen Geschwindigkeit \u00fcber einen Gleichstromregler am Bedienfeld eingestellt werden kann. Der Tunnel selbst verf\u00fcgt \u00fcber Luftregulierungsklappen, um auch unter schwierigen Bedingungen eine optimale Schrumpfung zu erzielen.<\/li>\n<li>Verf\u00fcgbare Optionen: Boomerang-Rollenbahn, Schrottaufwickler<\/li>\n<li>Die Maschine arbeitet mit PVC (BLAUFOLIE), Polyolefin-Hei\u00dfsiegelfolie und auch Schrumpffolie (GR\u00dcNFOLIE &#8211; GOLDFOLIE)<\/li>\n<\/ul>\n<p>Maschine hergestellt nach CE-Richtlinien.<\/p>\n","protected":false},"excerpt":{"rendered":"<h3>SEMIAUTOMATISCHER SCHRUMPFPACKER: PERFEKT F\u00dcR GROSSPRODUKTE<\/h3>\n<p>Diese Modelle wurden f\u00fcr den Einsatz in F\u00e4llen konzipiert, in denen mehr Automatisierung erforderlich ist. Der Bediener muss lediglich das Produkt in die Folie einlegen und es f\u00fcr den Rest des Arbeitszyklus auf den Siegelbereich bewegen. Die Versiegelung, Produktentnahme und \u00dcbergabe im Schrumpftunnel erfolgt automatisch. Ideal f\u00fcr Produktionen mit mittlerer bis hoher Leistung, bei denen einzelne und mehrere Produkte verpackt werden m\u00fcssen. Einfache \u00c4nderung der Gr\u00f6\u00dfe je nach Produktabmessungen und -form.<\/p>\n","protected":false},"featured_media":15583,"template":"","meta":{"_acf_changed":false,"_seopress_robots_primary_cat":"","_seopress_titles_title":"ESPERT 7555 EV: Profi-Winkelschwei\u00dfmaschine | ITALDIBIPACK","_seopress_titles_desc":"Espert 7555 EV ist die ideale Winkelschwei\u00dfmaschine f\u00fcr hohe Anforderungen an Schnelligkeit und Pr\u00e4zision.","_seopress_robots_index":"","_eb_attr":"","_gspb_post_css":"","_kad_blocks_custom_css":"","_kad_blocks_head_custom_js":"","_kad_blocks_body_custom_js":"","_kad_blocks_footer_custom_js":"","_eb_data_table":"","_kad_post_transparent":"default","_kad_post_title":"","_kad_post_layout":"default","_kad_post_sidebar_id":"","_kad_post_content_style":"default","_kad_post_vertical_padding":"default","_kad_post_feature":"","_kad_post_feature_position":"","_kad_post_header":false,"_kad_post_footer":false,"_kad_post_classname":""},"product_brand":[],"product_cat":[160,158,15],"product_tag":[],"settore_applicazione":[],"campo_applicativo":[],"class_list":{"0":"post-1331","1":"product","2":"type-product","3":"status-publish","4":"has-post-thumbnail","6":"product_cat-halbautomatische-und-semi-automatische-tunnel-maschinen","7":"product_cat-schrumpfmaschinen","8":"product_cat-senza-categoria","10":"first","11":"instock","12":"taxable","13":"shipping-taxable","14":"product-type-simple","15":"entry","16":"content-bg","17":"loop-entry"},"acf":[],"taxonomy_info":{"product_cat":[{"value":160,"label":"Halbautomatische und semi-automatische tunnel-maschinen"},{"value":158,"label":"Schrumpfmaschinen"},{"value":15,"label":"Senza categoria"}]},"featured_image_src_large":["https:\/\/www.italdibipack.com\/wp-content\/uploads\/2024\/02\/ESPERT-7555-macchine-confezionatrici-confezionatrici-con-tunnel-di-retrazione-semi-automatiche-ITALDIBIPACK-griglia-1024x1024.jpg",1024,1024,true],"author_info":[],"comment_info":"","_links":{"self":[{"href":"https:\/\/www.italdibipack.com\/de\/wp-json\/wp\/v2\/product\/1331","targetHints":{"allow":["GET"]}}],"collection":[{"href":"https:\/\/www.italdibipack.com\/de\/wp-json\/wp\/v2\/product"}],"about":[{"href":"https:\/\/www.italdibipack.com\/de\/wp-json\/wp\/v2\/types\/product"}],"wp:featuredmedia":[{"embeddable":true,"href":"https:\/\/www.italdibipack.com\/de\/wp-json\/wp\/v2\/media\/15583"}],"wp:attachment":[{"href":"https:\/\/www.italdibipack.com\/de\/wp-json\/wp\/v2\/media?parent=1331"}],"wp:term":[{"taxonomy":"product_brand","embeddable":true,"href":"https:\/\/www.italdibipack.com\/de\/wp-json\/wp\/v2\/product_brand?post=1331"},{"taxonomy":"product_cat","embeddable":true,"href":"https:\/\/www.italdibipack.com\/de\/wp-json\/wp\/v2\/product_cat?post=1331"},{"taxonomy":"product_tag","embeddable":true,"href":"https:\/\/www.italdibipack.com\/de\/wp-json\/wp\/v2\/product_tag?post=1331"},{"taxonomy":"settore_applicazione","embeddable":true,"href":"https:\/\/www.italdibipack.com\/de\/wp-json\/wp\/v2\/settore_applicazione?post=1331"},{"taxonomy":"campo_applicativo","embeddable":true,"href":"https:\/\/www.italdibipack.com\/de\/wp-json\/wp\/v2\/campo_applicativo?post=1331"}],"curies":[{"name":"wp","href":"https:\/\/api.w.org\/{rel}","templated":true}]}}