{"id":1333,"date":"2022-06-15T15:13:37","date_gmt":"2022-07-04T16:03:47","guid":{"rendered":"https:\/\/italdibipack.bozzaonline.it\/prodotto\/mecpack-five-star\/"},"modified":"2025-10-24T08:11:19","modified_gmt":"2025-10-24T08:11:19","slug":"mecpack-five-star","status":"publish","type":"product","link":"https:\/\/www.italdibipack.com\/de\/produkt\/mecpack-five-star\/","title":{"rendered":"MECPACK FIVE STARS LINE"},"content":{"rendered":"<h3>AUTOMATISCHE L-SEALER-LINIE: SEHR HOHER TECHNOLOGIE-STAND<\/h3>\n<p>Die neue MECPACK FIVE STARS TOUCH ist das Ergebnis von \u00fcber 50 Jahren Erfahrung in der Herstellung und Anwendung von automatischen L-Versiegelungen der Italdibipack-Gruppe.<\/p>\n<p>Das Design ist einfach, aber modern, durch innovative Technologie, mit Liebe zum Detail gestaltet, \u00e4u\u00dferst benutzerfreundlich und \u00e4u\u00dferst funktional. Mec Pack Five Stars ist in Kombination mit dem Schrumpftunnel 5525 EV, der mit St\u00e4ben aus Spezialfasern hergestellt wird, eine automatische Verpackungslinie, die kompakt und effizient ist.\u00a0 es besteht die M\u00f6glichkeit von Verbindungsmodulen zur Online-Unterst\u00fctzung und zur industriellen Produktionsmanagementsteuerung 4.0.<\/p>\n<p><strong>MEHR INFORMATIONEN<\/strong><\/p>\n<p>MECPACK F\u00dcNF STERNE STD<\/p>\n<ul>\n<li>Bedienoberfl\u00e4che zum Einstellen und Steuern aller Maschinenfunktionen auf die beste und einfachste Weise (von R &amp; D Italdibipack konzipiert).<\/li>\n<li>M\u00f6glichkeit, mehrere Arbeitszyklen mit personalisierten Parametern zu speichern.<\/li>\n<li>Hei\u00dfsiegelstangen (quer und l\u00e4ngs) werden von zwei unabh\u00e4ngigen, elektronischen Thermoreglern gesteuert.<\/li>\n<li>Arbeitszyklen und Parametereinstellungen werden vom Mikroprozessor gesteuert.<\/li>\n<li>Teflonbeschichtete Siegelklinge.<\/li>\n<li>Automatische Packsackl\u00e4nge bestimmt durch ein waagerechtes oder vertikales Photoauge abh\u00e4ngig von der Produktform.<\/li>\n<li>Multi-Pack-Funktion (Packen von mehreren Einheiten in einer Reihe).<\/li>\n<li>Zuf\u00fchrband mit kontinuierlicher oder synchronisierter Bewegung mit der Siegelschiene.<\/li>\n<li>Z\u00e4hler<\/li>\n<li>Mittelsiegelfunktion zum Sparen der Folienbreite.<\/li>\n<li>Motorisierter Filmabwickler.<\/li>\n<li>Mikrofilmbildung w\u00e4hrend des Filmabwickelns.<\/li>\n<li>Motorisierter Schrottaufwickler<\/li>\n<li>Erh\u00e4ltlich in der BIG-Version f\u00fcr diejenigen, die gro\u00dfe Produkte verpacken m\u00fcssen.<\/li>\n<\/ul>\n<p>&nbsp;<\/p>\n<p>MECPACK F\u00dcNF STERNE TOUCH<\/p>\n<ul>\n<li>Elektronische Steuerungsmaschine basierend auf einer Mitsubishi 32 Bit SPS<\/li>\n<li>Hochgeschwindigkeits-Daten\u00fcbertragungssoftware (neueste Generation von Mitsubishi), die eine absolute Pr\u00e4zision der eingestellten Arbeitsparameter (Kopf \/ Schwanz \/ Schwei\u00dfzeiten \/ Geschwindigkeit) erm\u00f6glicht<\/li>\n<li>Steuerung des R\u00fcckzugsofens in all seinen Arbeitsparametern direkt von der Anzeige des Schwei\u00dfger\u00e4ts einschlie\u00dflich automatischer K\u00fchlung beim Abschalten<\/li>\n<li>Drehzahlregelung und Steuerung der Beschleunigung und Verz\u00f6gerung von Umrichtermotoren direkt vom Display aus<\/li>\n<li>Die Teppicharbeitsgeschwindigkeit wurde auf maximal 30 m erh\u00f6ht<\/li>\n<li>Das Temperaturregelungssystem des Schwei\u00df- und R\u00fcckzugsofens von der EIN \/ AUS-Methode zur PID-Methode erh\u00f6ht daher die Pr\u00e4zision und die Einhaltung der eingestellten Temperaturen<\/li>\n<li>Anzeige der Steuerung des Produktfortschritts, des Schwei\u00dfens, des Filmziehens und der Produktevakuierung im manuellen Modus<\/li>\n<li>Auf dem Display lesbare Alarm- und St\u00f6rungsdiagnose sowie Sicherheitsma\u00dfnahmen (\u00fcber 40 verschiedene Bedienelemente)<\/li>\n<li>M\u00f6glichkeit zur Kontrolle der Anzahl der produzierten Teile in Abnahme mit Visualisierung sowohl der Teil- als auch der Gesamtproduktion<\/li>\n<li>\u00dcber 100 Programme, die mit allen zugeh\u00f6rigen Arbeitsparametern gespeichert werden k\u00f6nnen<\/li>\n<li>Steuerung des Kunststoffgewindeendes (Filmede auf Rolle) ein\/aus<\/li>\n<li>Schrottbruchkontrolle ein\/aus<\/li>\n<li>Kontrolle zum Sammeln von \u00dcberlaufabf\u00e4llen<\/li>\n<li>M\u00f6glichkeit der Synchronisation mit externem Ladeband<\/li>\n<li>M\u00f6glichkeit der kontinuierlichen Belastung; Die Ladematte stoppt beim Schwei\u00dfen nicht<\/li>\n<li>M\u00f6glichkeit der kontinuierlichen Entladung; Der Ausgangsriemen stoppt beim Schwei\u00dfen nicht<\/li>\n<li>M\u00f6glichkeit, eine Mehrfachpackung durchzuf\u00fchren, dh die eingehenden Produkte vor dem Verschlie\u00dfen des Beutels zu z\u00e4hlen<\/li>\n<li>M\u00f6glichkeit, die Ausf\u00fchrung des Schwei\u00dfens auszuschlie\u00dfen, um den kontinuierlichen Durchgang der Produkte zu erm\u00f6glichen<\/li>\n<li>M\u00f6glichkeit, einen zeitgesteuerten Umschlag zu erstellen, dh anstatt das Ablesen der Produktl\u00e4nge der Fotozelle zu \u00fcberlassen, \u00fcberpr\u00fcfen Sie dies, indem Sie eine Zeit ab dem Eintreffen des Produkts angeben (n\u00fctzlich beispielsweise bei seltsam geformten Produkten, die von den Fotozellen nicht vollst\u00e4ndig gelesen werden k\u00f6nnen).<\/li>\n<\/ul>\n<p id=\"tw-target-text\" class=\"tw-data-text tw-text-large tw-ta\" dir=\"ltr\" data-placeholder=\"Traduzione\"><span lang=\"de\">Maschinen nach CE-Norm<\/span><\/p>\n","protected":false},"excerpt":{"rendered":"<h3>AUTOMATISCHE L-SEALER-LINIE: SEHR HOHER TECHNOLOGIE-STAND<\/h3>\n<p>Die neue MECPACK FIVE STARS TOUCH ist das Ergebnis von \u00fcber 50 Jahren Erfahrung in der Herstellung und Anwendung von automatischen L-Versiegelungen der Italdibipack-Gruppe.<\/p>\n<p>Das Design ist einfach, aber modern, durch innovative Technologie, mit Liebe zum Detail gestaltet, \u00e4u\u00dferst benutzerfreundlich und \u00e4u\u00dferst funktional. Mec Pack Five Stars ist in Kombination mit dem Schrumpftunnel 5525 EV, der mit St\u00e4ben aus Spezialfasern hergestellt wird, eine automatische Verpackungslinie, die kompakt und effizient ist.\u00a0 es besteht die M\u00f6glichkeit von Verbindungsmodulen zur Online-Unterst\u00fctzung und zur industriellen Produktionsmanagementsteuerung 4.0.<\/p>\n","protected":false},"featured_media":16293,"template":"","meta":{"_acf_changed":false,"_seopress_robots_primary_cat":"none","_seopress_titles_title":"MECPACK FIVE STARS: Automatik-Linie | ITALDIBIPACK","_seopress_titles_desc":"Vollautomatische Winkelschwei\u00dfmaschine f\u00fcr maximale Produktionsleistung. Zuverl\u00e4ssigkeit und Innovation.","_seopress_robots_index":"","_eb_attr":"","_gspb_post_css":"","_kad_blocks_custom_css":"","_kad_blocks_head_custom_js":"","_kad_blocks_body_custom_js":"","_kad_blocks_footer_custom_js":"","_eb_data_table":"","_kad_post_transparent":"default","_kad_post_title":"","_kad_post_layout":"default","_kad_post_sidebar_id":"","_kad_post_content_style":"default","_kad_post_vertical_padding":"default","_kad_post_feature":"","_kad_post_feature_position":"","_kad_post_header":false,"_kad_post_footer":false,"_kad_post_classname":""},"product_brand":[],"product_cat":[161,158],"product_tag":[],"settore_applicazione":[],"campo_applicativo":[],"class_list":{"0":"post-1333","1":"product","2":"type-product","3":"status-publish","4":"has-post-thumbnail","6":"product_cat-halbautomatische-und-automatische-tunnel-maschinen","7":"product_cat-schrumpfmaschinen","9":"first","10":"instock","11":"taxable","12":"shipping-taxable","13":"product-type-simple","14":"entry","15":"content-bg","16":"loop-entry"},"acf":[],"taxonomy_info":{"product_cat":[{"value":161,"label":"Halbautomatische und automatische tunnel-maschinen"},{"value":158,"label":"Schrumpfmaschinen"}]},"featured_image_src_large":["https:\/\/www.italdibipack.com\/wp-content\/uploads\/2024\/02\/MECPACK-FIVE-STARS-TOUCH-macchine-confezionatrici-confezionatrici-angolari-a-L-ITALDIBIPACK-griglia-1024x1024.jpg",1024,1024,true],"author_info":[],"comment_info":"","_links":{"self":[{"href":"https:\/\/www.italdibipack.com\/de\/wp-json\/wp\/v2\/product\/1333","targetHints":{"allow":["GET"]}}],"collection":[{"href":"https:\/\/www.italdibipack.com\/de\/wp-json\/wp\/v2\/product"}],"about":[{"href":"https:\/\/www.italdibipack.com\/de\/wp-json\/wp\/v2\/types\/product"}],"wp:featuredmedia":[{"embeddable":true,"href":"https:\/\/www.italdibipack.com\/de\/wp-json\/wp\/v2\/media\/16293"}],"wp:attachment":[{"href":"https:\/\/www.italdibipack.com\/de\/wp-json\/wp\/v2\/media?parent=1333"}],"wp:term":[{"taxonomy":"product_brand","embeddable":true,"href":"https:\/\/www.italdibipack.com\/de\/wp-json\/wp\/v2\/product_brand?post=1333"},{"taxonomy":"product_cat","embeddable":true,"href":"https:\/\/www.italdibipack.com\/de\/wp-json\/wp\/v2\/product_cat?post=1333"},{"taxonomy":"product_tag","embeddable":true,"href":"https:\/\/www.italdibipack.com\/de\/wp-json\/wp\/v2\/product_tag?post=1333"},{"taxonomy":"settore_applicazione","embeddable":true,"href":"https:\/\/www.italdibipack.com\/de\/wp-json\/wp\/v2\/settore_applicazione?post=1333"},{"taxonomy":"campo_applicativo","embeddable":true,"href":"https:\/\/www.italdibipack.com\/de\/wp-json\/wp\/v2\/campo_applicativo?post=1333"}],"curies":[{"name":"wp","href":"https:\/\/api.w.org\/{rel}","templated":true}]}}