{"id":1335,"date":"2022-06-15T15:13:37","date_gmt":"2022-07-04T16:03:47","guid":{"rendered":"https:\/\/italdibipack.bozzaonline.it\/prodotto\/mecpack-stx\/"},"modified":"2024-09-23T17:24:12","modified_gmt":"2024-09-23T17:24:12","slug":"mecpack-stx","status":"publish","type":"product","link":"https:\/\/www.italdibipack.com\/de\/produkt\/mecpack-stx\/","title":{"rendered":"MECPACK STX"},"content":{"rendered":"<h3>AUTOMATISCHE SCHRUMPFWICKELMASCHINE MIT HOHEN QUALITATIVEN UND ARBEITSNORMEN<\/h3>\n<p>Hochwertige vollautomatische Standard-L-Siegelmaschinen f\u00fcr hohe Leistungen in allen Anwendungsbereichen und mit allen Produktabmessungen. Ideal f\u00fcr hohe Leistungsanforderungen.<\/p>\n<p>Sie arbeiten vollautomatisch: Der Bediener muss nur die Produkte auf den Zufuhrf\u00f6rderer legen, da ein System von Photoaugen den gesamten Verpackungsprozess selbst steuert. Der Wechsel der Produktgr\u00f6\u00dfe ist sehr einfach.<\/p>\n<p><strong>MEHR INFORMATIONEN<\/strong><\/p>\n<ul>\n<li>Versiegelung zeitgesteuert.<\/li>\n<li>Separate elektronische Steuerung f\u00fcr Schwei\u00dftemperatur und Schwei\u00dfbalken<\/li>\n<li>Die Produktl\u00e4nge wird durch Photozellen mit horizontaler und vertikaler Ablesung erfasst<\/li>\n<li>Angetriebenes Ein- \/ Auslaufband<\/li>\n<li>Angetriebenes Zur\u00fcckspulen von Schrott<\/li>\n<li>Filmziehen durch angetriebene Ketten<\/li>\n<li>F\u00f6rderb\u00e4nder \u201ekissing\u201c, um Produkte mit kleinen Abmessungen zu verpacken<\/li>\n<li>Rollstangentunnel auf Anfrage<\/li>\n<li>Rollen<\/li>\n<li>Hei\u00dfsiegel- und Schrumpffolien aus mittig gefaltetem Polyolefin ( GREEN FILM &#8211;\u00a0 GOLDEN FILM )<\/li>\n<\/ul>\n<p>Maschine hergestellt nach CE-Richtlinien<\/p>\n","protected":false},"excerpt":{"rendered":"<h3>AUTOMATISCHE SCHRUMPFWICKELMASCHINE MIT HOHEN QUALITATIVEN UND ARBEITSNORMEN<\/h3>\n<p>Hochwertige vollautomatische Standard-L-Siegelmaschinen f\u00fcr hohe Leistungen in allen Anwendungsbereichen und mit allen Produktabmessungen. Ideal f\u00fcr hohe Leistungsanforderungen.<\/p>\n<p>Sie arbeiten vollautomatisch: Der Bediener muss nur die Produkte auf den Zufuhrf\u00f6rderer legen, da ein System von Photoaugen den gesamten Verpackungsprozess selbst steuert. Der Wechsel der Produktgr\u00f6\u00dfe ist sehr einfach.<\/p>\n","protected":false},"featured_media":16318,"template":"","meta":{"_acf_changed":false,"_seopress_robots_primary_cat":"","_seopress_titles_title":"MECPACK STX: Hochgeschwindigkeits-Schwei\u00dfer | ITALDIBIPACK","_seopress_titles_desc":"Fortschrittliches Automatiksystem f\u00fcr kontinuierliche Schrumpfverpackung. Ideal f\u00fcr intensive Linien.","_seopress_robots_index":"","_eb_attr":"","_gspb_post_css":"","_kad_blocks_custom_css":"","_kad_blocks_head_custom_js":"","_kad_blocks_body_custom_js":"","_kad_blocks_footer_custom_js":"","_eb_data_table":"","_kad_post_transparent":"default","_kad_post_title":"","_kad_post_layout":"default","_kad_post_sidebar_id":"","_kad_post_content_style":"default","_kad_post_vertical_padding":"default","_kad_post_feature":"","_kad_post_feature_position":"","_kad_post_header":false,"_kad_post_footer":false,"_kad_post_classname":""},"product_brand":[],"product_cat":[161,158,15],"product_tag":[],"settore_applicazione":[],"campo_applicativo":[],"class_list":{"0":"post-1335","1":"product","2":"type-product","3":"status-publish","4":"has-post-thumbnail","6":"product_cat-halbautomatische-und-automatische-tunnel-maschinen","7":"product_cat-schrumpfmaschinen","8":"product_cat-senza-categoria","10":"first","11":"instock","12":"taxable","13":"shipping-taxable","14":"product-type-simple","15":"entry","16":"content-bg","17":"loop-entry"},"acf":[],"taxonomy_info":{"product_cat":[{"value":161,"label":"Halbautomatische und automatische tunnel-maschinen"},{"value":158,"label":"Schrumpfmaschinen"},{"value":15,"label":"Senza categoria"}]},"featured_image_src_large":["https:\/\/www.italdibipack.com\/wp-content\/uploads\/2024\/02\/MECPACK-STX-macchine-confezionatrici-confezionatrici-angolari-a-L-ITALDIBIPACK-griglia-1024x1024.jpg",1024,1024,true],"author_info":[],"comment_info":"","_links":{"self":[{"href":"https:\/\/www.italdibipack.com\/de\/wp-json\/wp\/v2\/product\/1335","targetHints":{"allow":["GET"]}}],"collection":[{"href":"https:\/\/www.italdibipack.com\/de\/wp-json\/wp\/v2\/product"}],"about":[{"href":"https:\/\/www.italdibipack.com\/de\/wp-json\/wp\/v2\/types\/product"}],"wp:featuredmedia":[{"embeddable":true,"href":"https:\/\/www.italdibipack.com\/de\/wp-json\/wp\/v2\/media\/16318"}],"wp:attachment":[{"href":"https:\/\/www.italdibipack.com\/de\/wp-json\/wp\/v2\/media?parent=1335"}],"wp:term":[{"taxonomy":"product_brand","embeddable":true,"href":"https:\/\/www.italdibipack.com\/de\/wp-json\/wp\/v2\/product_brand?post=1335"},{"taxonomy":"product_cat","embeddable":true,"href":"https:\/\/www.italdibipack.com\/de\/wp-json\/wp\/v2\/product_cat?post=1335"},{"taxonomy":"product_tag","embeddable":true,"href":"https:\/\/www.italdibipack.com\/de\/wp-json\/wp\/v2\/product_tag?post=1335"},{"taxonomy":"settore_applicazione","embeddable":true,"href":"https:\/\/www.italdibipack.com\/de\/wp-json\/wp\/v2\/settore_applicazione?post=1335"},{"taxonomy":"campo_applicativo","embeddable":true,"href":"https:\/\/www.italdibipack.com\/de\/wp-json\/wp\/v2\/campo_applicativo?post=1335"}],"curies":[{"name":"wp","href":"https:\/\/api.w.org\/{rel}","templated":true}]}}