{"id":1336,"date":"2022-06-15T15:13:37","date_gmt":"2022-07-04T16:03:47","guid":{"rendered":"https:\/\/italdibipack.bozzaonline.it\/prodotto\/unique\/"},"modified":"2024-10-24T14:47:24","modified_gmt":"2024-10-24T14:47:24","slug":"confezionatrici-unique","status":"publish","type":"product","link":"https:\/\/www.italdibipack.com\/de\/produkt\/confezionatrici-unique\/","title":{"rendered":"UNIQUE BF EV"},"content":{"rendered":"<h3>DIE VIELSEITIGSTE UND INTELLIGENTESTE VERPACKUNGSMASCHINE DER WELT<\/h3>\n<p>UNIQUE ist eine gro\u00dfartige Erfindung, eine atypische Schlauchbeutelmaschine mit hohen M\u00f6glichkeiten, bei der das Konformer, die Antriebsrollen, die Siegelrollen und das Crimp- und Siegelsystem eine einzige rotierende Gruppe bilden, mit der die Maschine verwendet und Produkte geladen werden k\u00f6nnen Verschiedene horizontale, diagonale oder sogar vertikale Positionen bieten eine unendliche Bandbreite an Einsatzm\u00f6glichkeiten und Anwendungen. Die exklusiven Eigenschaften machen Unique ideal f\u00fcr eine endlose Anzahl von Anwendungen f\u00fcr die Verpackung von Lebensmitteln, insbesondere: Backwaren &#8211; Brot &#8211; S\u00fc\u00dfwaren &#8211; Teigwaren &#8211; Pizza &#8211; Focaccia &#8211; Tiefk\u00fchlkost &#8211; Gem\u00fcse und Obst aller Art, Gefl\u00fcgel, Salami, wei\u00dfes Fleisch, K\u00e4se\u2026 einzeln oder mehrfach verpackt, mit oder ohne Tablett, Technische Artikel, Hobbyartikel, Wohnaccessoires, Haushalte\u2026 UNIQUE ist wahrscheinlich die einzige und einzige L\u00f6sung, um Produkte mit einem gro\u00dfen L\u00e4ngenunterschied (Profile und Segmente aus Holz, Metall, Kunststoff, elektrischen Leitungen, Rohren, Spulen\u2026) ohne Kabel zu verpacken die Maschine neu zu parametrieren oder neu einzustellen.<\/p>\n<p>UNIQUE ist ein vollst\u00e4ndig mit dem Bediener synchronisiertes System. Das Laden des Produkts aktiviert automatisch das Abwickeln des Films und das Vorw\u00e4rtsbewegen und Einsacken des Films. Es ist nicht der Bediener, der der Maschine nachl\u00e4uft, sondern die Maschine, die sich an den Bediener anpasst.<\/p>\n<p>UNIQUE kann in Zuf\u00fchr- und Beschickungssysteme integriert werden, z. B. in motorisierte F\u00f6rderb\u00e4nder oder einfache Schwerkraftgleitplatten, die speziell auf der Grundlage der zu verpackenden Produkte hergestellt werden, um Leistung und Funktionalit\u00e4t umzusetzen. UNIQUE verwandelt sich daher in eine echte automatische Produktionseinheit. Sie kann auch zum Verpacken der mehreren Teile verwendet werden, und in diesem Fall wird der Arbeitsvorgang jedes Mal vom Bediener aktiviert.<\/p>\n<p>UNIQUE verf\u00fcgt \u00fcber ein SPS-Betriebssystem mit einer von R &amp; D ITALDIBIPACK entwickelten Software der neuesten Generation mit einem \u201eTouchscreen\u201c -Bedienfeld, mit dem die verschiedenen Arbeitsparameter wie die Geschwindigkeit, die Schwei\u00dftemperaturen, die Druckgeschwindigkeit und die Druckgeschwindigkeit am einfachsten und schnellsten eingestellt werden k\u00f6nnen L\u00e4nge der Taschen und so weiter.<\/p>\n<p>TECHNISCHE EIGENSCHAFTEN<\/p>\n<ul>\n<li>Doppelradpaar (Folienantrieb und L\u00e4ngssiegelung)<\/li>\n<li>Querversiegelung durch Crimp- und Siegelbacken mit vertikalem Verschluss<\/li>\n<li>Einstellbarer Konformer zur Erleichterung und Beschleunigung von Format\u00e4nderungen<\/li>\n<li>Vorschubgeschwindigkeit (entspricht der Verpackungsgeschwindigkeit) \u00fcber die SPS einstellbar<\/li>\n<li>Die Temperatur der Crimp- und Siegelbacken und der Siegelwalzen wird von der SPS elektronisch gesteuert<\/li>\n<\/ul>\n<p>&nbsp;<\/p>\n<p>&nbsp;<\/p>\n<p>OPTIONAL:<\/p>\n<ul>\n<li>Kreuzlesefotoauge zur automatischen Erkennung der Produktl\u00e4nge<\/li>\n<li>Foto-Auge f\u00fcr Filme mit einem registrierten Druck<\/li>\n<li>Spezielle Querbacken \u201eCrimp and Seal\u201c f\u00fcr die Funktion \u201eEURO-Slot\u201c<\/li>\n<li>D\u00fcse f\u00fcr die Gas- \/ Alkoholinjektion<\/li>\n<\/ul>\n<p>Weitere Optionen auf Anfrage, um den unterschiedlichsten Verpackungsbed\u00fcrfnissen und -w\u00fcnschen gerecht zu werden<\/p>\n","protected":false},"excerpt":{"rendered":"<h3>DIE VIELSEITIGSTE UND INTELLIGENTESTE VERPACKUNGSMASCHINE DER WELT<\/h3>\n<p>UNIQUE ist eine gro\u00dfartige Erfindung, eine atypische Schlauchbeutelmaschine mit hohen M\u00f6glichkeiten, bei der das Konformer, die Antriebsrollen, die Siegelrollen und das Crimp- und Siegelsystem eine einzige rotierende Gruppe bilden, mit der die Maschine verwendet und Produkte geladen werden k\u00f6nnen Verschiedene horizontale, diagonale oder sogar vertikale Positionen bieten eine unendliche Bandbreite an Einsatzm\u00f6glichkeiten und Anwendungen. Die exklusiven Eigenschaften machen Unique ideal f\u00fcr eine endlose Anzahl von Anwendungen f\u00fcr die Verpackung von Lebensmitteln, insbesondere: Backwaren &#8211; Brot &#8211; S\u00fc\u00dfwaren &#8211; Teigwaren &#8211; Pizza &#8211; Focaccia &#8211; Tiefk\u00fchlkost &#8211; Gem\u00fcse und Obst aller Art, Gefl\u00fcgel, Salami, wei\u00dfes Fleisch, K\u00e4se\u2026 einzeln oder mehrfach verpackt, mit oder ohne Tablett, Technische Artikel, Hobbyartikel, Wohnaccessoires, Haushalte\u2026 UNIQUE ist wahrscheinlich die einzige und einzige L\u00f6sung, um Produkte mit einem gro\u00dfen L\u00e4ngenunterschied (Profile und Segmente aus Holz, Metall, Kunststoff, elektrischen Leitungen, Rohren, Spulen\u2026) ohne Kabel zu verpacken die Maschine neu zu parametrieren oder neu einzustellen.<\/p>\n<p>UNIQUE ist ein vollst\u00e4ndig mit dem Bediener synchronisiertes System. Das Laden des Produkts aktiviert automatisch das Abwickeln des Films und das Vorw\u00e4rtsbewegen und Einsacken des Films. Es ist nicht der Bediener, der der Maschine nachl\u00e4uft, sondern die Maschine, die sich an den Bediener anpasst.<\/p>\n<p>UNIQUE kann in Zuf\u00fchr- und Beschickungssysteme integriert werden, z. B. in motorisierte F\u00f6rderb\u00e4nder oder einfache Schwerkraftgleitplatten, die speziell auf der Grundlage der zu verpackenden Produkte hergestellt werden, um Leistung und Funktionalit\u00e4t umzusetzen. UNIQUE verwandelt sich daher in eine echte automatische Produktionseinheit. Sie kann auch zum Verpacken der mehreren Teile verwendet werden, und in diesem Fall wird der Arbeitsvorgang jedes Mal vom Bediener aktiviert.<\/p>\n<p>UNIQUE verf\u00fcgt \u00fcber ein SPS-Betriebssystem mit einer von R &amp; D ITALDIBIPACK entwickelten Software der neuesten Generation mit einem \u201eTouchscreen\u201c -Bedienfeld, mit dem die verschiedenen Arbeitsparameter wie die Geschwindigkeit, die Schwei\u00dftemperaturen, die Druckgeschwindigkeit und die Druckgeschwindigkeit am einfachsten und schnellsten eingestellt werden k\u00f6nnen L\u00e4nge der Taschen und so weiter.<\/p>\n","protected":false},"featured_media":16493,"template":"","meta":{"_acf_changed":false,"_seopress_robots_primary_cat":"","_seopress_titles_title":"UNIQUE BF EV: Flowpack-Maschine | ITALDIBIPACK","_seopress_titles_desc":"Unique ist die revolution\u00e4re Flowpack-Maschine f\u00fcr Vielseitigkeit. Kontinuierlich anpassbar an Produkte.","_seopress_robots_index":"","_eb_attr":"","_gspb_post_css":"","_kad_blocks_custom_css":"","_kad_blocks_head_custom_js":"","_kad_blocks_body_custom_js":"","_kad_blocks_footer_custom_js":"","_eb_data_table":"","_kad_post_transparent":"default","_kad_post_title":"","_kad_post_layout":"default","_kad_post_sidebar_id":"","_kad_post_content_style":"default","_kad_post_vertical_padding":"default","_kad_post_feature":"","_kad_post_feature_position":"","_kad_post_header":false,"_kad_post_footer":false,"_kad_post_classname":""},"product_brand":[],"product_cat":[475,163],"product_tag":[],"settore_applicazione":[],"campo_applicativo":[],"class_list":{"0":"post-1336","1":"product","2":"type-product","3":"status-publish","4":"has-post-thumbnail","6":"product_cat-flowpack-de","7":"product_cat-schlauchbeutelmaschinen","9":"first","10":"instock","11":"taxable","12":"shipping-taxable","13":"product-type-simple","14":"entry","15":"content-bg","16":"loop-entry"},"acf":[],"taxonomy_info":{"product_cat":[{"value":475,"label":"Flowpack"},{"value":163,"label":"Schlauchbeutelmaschinen"}]},"featured_image_src_large":["https:\/\/www.italdibipack.com\/wp-content\/uploads\/2024\/02\/UNIQUE-BF-EV-confezionatrici-flowpack-ITALDIBIPACK-griglia-1024x1024.jpg",1024,1024,true],"author_info":[],"comment_info":"","_links":{"self":[{"href":"https:\/\/www.italdibipack.com\/de\/wp-json\/wp\/v2\/product\/1336","targetHints":{"allow":["GET"]}}],"collection":[{"href":"https:\/\/www.italdibipack.com\/de\/wp-json\/wp\/v2\/product"}],"about":[{"href":"https:\/\/www.italdibipack.com\/de\/wp-json\/wp\/v2\/types\/product"}],"wp:featuredmedia":[{"embeddable":true,"href":"https:\/\/www.italdibipack.com\/de\/wp-json\/wp\/v2\/media\/16493"}],"wp:attachment":[{"href":"https:\/\/www.italdibipack.com\/de\/wp-json\/wp\/v2\/media?parent=1336"}],"wp:term":[{"taxonomy":"product_brand","embeddable":true,"href":"https:\/\/www.italdibipack.com\/de\/wp-json\/wp\/v2\/product_brand?post=1336"},{"taxonomy":"product_cat","embeddable":true,"href":"https:\/\/www.italdibipack.com\/de\/wp-json\/wp\/v2\/product_cat?post=1336"},{"taxonomy":"product_tag","embeddable":true,"href":"https:\/\/www.italdibipack.com\/de\/wp-json\/wp\/v2\/product_tag?post=1336"},{"taxonomy":"settore_applicazione","embeddable":true,"href":"https:\/\/www.italdibipack.com\/de\/wp-json\/wp\/v2\/settore_applicazione?post=1336"},{"taxonomy":"campo_applicativo","embeddable":true,"href":"https:\/\/www.italdibipack.com\/de\/wp-json\/wp\/v2\/campo_applicativo?post=1336"}],"curies":[{"name":"wp","href":"https:\/\/api.w.org\/{rel}","templated":true}]}}