{"id":1340,"date":"2022-06-15T15:13:37","date_gmt":"2022-07-04T16:03:47","guid":{"rendered":"https:\/\/italdibipack.bozzaonline.it\/prodotto\/speed-bag-h\/"},"modified":"2024-09-23T17:24:13","modified_gmt":"2024-09-23T17:24:13","slug":"speed-bag-h","status":"publish","type":"product","link":"https:\/\/www.italdibipack.com\/de\/produkt\/speed-bag-h\/","title":{"rendered":"SPEED BAG H"},"content":{"rendered":"<h3>SCHNELLES UND KOSTENLOSES HORIZONTALES VERPACKEN<\/h3>\n<p>Ideal zum Einwickeln und Versenden von Zeitungen und Zeitschriften, Katalogen und Gro\u00dfhandelsver\u00f6ffentlichungen sowie von kommerziellen Drucksachen im A4-Format in Einzelverpackung. Halbautomatisch, einfach zu bedienen: Der Bediener muss lediglich die Produkte horizontal auf das Zuf\u00fchrband zuf\u00fchren, das sie zum Siegelbereich transportiert. Hier \u201e klemmt\u201c ein spezielles Ger\u00e4t\u00a0 Produkt und Folie zusammen und schiebt sie durch Siegel- und Schneidvorg\u00e4nge. Durch die in der Breite einstellbaren Faltbleche wird eine Tasche um das Produkt geformt. Der Beutel wird dann versiegelt und entsprechend der Produktl\u00e4nge geschnitten.<\/p>\n<ul>\n<li>Horizontale Zuf\u00fchrung<\/li>\n<li>Automatischer Zyklus durch PCB gesteuert<\/li>\n<li>Display mit ber\u00fchrungsempfindlichen Bedienelementen<\/li>\n<li>Unabh\u00e4ngige Siegelstangen; Versiegelungszeit und Temperatur werden von der Leiterplatte gesteuert<\/li>\n<li>Pneumatische Bewegung, Luftkompressor innen<\/li>\n<li>Motorisiertes Filmabwickeln<\/li>\n<li>Automatischer Produktauswurf<\/li>\n<li>Synchronschleppmotor-Einlaufband auf Anfrage<\/li>\n<li>Die Maschine arbeitet mit transparentem oder bedrucktem LLDPE\u00a0 (St\u00e4rke 15 \u00f7 40)<\/li>\n<\/ul>\n<p>Maschine hergestellt nach CE-Richtlinien.<\/p>\n","protected":false},"excerpt":{"rendered":"<h3>SCHNELLES UND KOSTENLOSES HORIZONTALES VERPACKEN<\/h3>\n<p>Ideal zum Einwickeln und Versenden von Zeitungen und Zeitschriften, Katalogen und Gro\u00dfhandelsver\u00f6ffentlichungen sowie von kommerziellen Drucksachen im A4-Format in Einzelverpackung. Halbautomatisch, einfach zu bedienen: Der Bediener muss lediglich die Produkte horizontal auf das Zuf\u00fchrband zuf\u00fchren, das sie zum Siegelbereich transportiert. Hier \u201e klemmt\u201c ein spezielles Ger\u00e4t\u00a0 Produkt und Folie zusammen und schiebt sie durch Siegel- und Schneidvorg\u00e4nge. Durch die in der Breite einstellbaren Faltbleche wird eine Tasche um das Produkt geformt. Der Beutel wird dann versiegelt und entsprechend der Produktl\u00e4nge geschnitten.<\/p>\n","protected":false},"featured_media":16579,"template":"","meta":{"_acf_changed":false,"_seopress_robots_primary_cat":"","_seopress_titles_title":"SPEED BAG H: Horizontalt\u00fcten-Maschine | ITALDIBIPACK","_seopress_titles_desc":"Horizontale Version der Speed Bag-Serie f\u00fcr schnelles Eint\u00fcten. Vielseitigkeit und Schnelligkeit.","_seopress_robots_index":"","_eb_attr":"","_gspb_post_css":"","_kad_blocks_custom_css":"","_kad_blocks_head_custom_js":"","_kad_blocks_body_custom_js":"","_kad_blocks_footer_custom_js":"","_eb_data_table":"","_kad_post_transparent":"","_kad_post_title":"","_kad_post_layout":"","_kad_post_sidebar_id":"","_kad_post_content_style":"","_kad_post_vertical_padding":"","_kad_post_feature":"","_kad_post_feature_position":"","_kad_post_header":false,"_kad_post_footer":false,"_kad_post_classname":""},"product_brand":[],"product_cat":[15,367],"product_tag":[],"settore_applicazione":[],"campo_applicativo":[],"class_list":{"0":"post-1340","1":"product","2":"type-product","3":"status-publish","4":"has-post-thumbnail","6":"product_cat-senza-categoria","7":"product_cat-unkategorisiert","9":"first","10":"instock","11":"taxable","12":"shipping-taxable","13":"product-type-simple","14":"entry","15":"content-bg","16":"loop-entry"},"acf":[],"taxonomy_info":{"product_cat":[{"value":15,"label":"Senza categoria"},{"value":367,"label":"Unkategorisiert"}]},"featured_image_src_large":["https:\/\/www.italdibipack.com\/wp-content\/uploads\/2022\/06\/SPEED-BAG-H-sistemi-di-imbustamento-ITALDIBIPACK-griglia-1024x1024.jpg",1024,1024,true],"author_info":[],"comment_info":"","_links":{"self":[{"href":"https:\/\/www.italdibipack.com\/de\/wp-json\/wp\/v2\/product\/1340","targetHints":{"allow":["GET"]}}],"collection":[{"href":"https:\/\/www.italdibipack.com\/de\/wp-json\/wp\/v2\/product"}],"about":[{"href":"https:\/\/www.italdibipack.com\/de\/wp-json\/wp\/v2\/types\/product"}],"wp:featuredmedia":[{"embeddable":true,"href":"https:\/\/www.italdibipack.com\/de\/wp-json\/wp\/v2\/media\/16579"}],"wp:attachment":[{"href":"https:\/\/www.italdibipack.com\/de\/wp-json\/wp\/v2\/media?parent=1340"}],"wp:term":[{"taxonomy":"product_brand","embeddable":true,"href":"https:\/\/www.italdibipack.com\/de\/wp-json\/wp\/v2\/product_brand?post=1340"},{"taxonomy":"product_cat","embeddable":true,"href":"https:\/\/www.italdibipack.com\/de\/wp-json\/wp\/v2\/product_cat?post=1340"},{"taxonomy":"product_tag","embeddable":true,"href":"https:\/\/www.italdibipack.com\/de\/wp-json\/wp\/v2\/product_tag?post=1340"},{"taxonomy":"settore_applicazione","embeddable":true,"href":"https:\/\/www.italdibipack.com\/de\/wp-json\/wp\/v2\/settore_applicazione?post=1340"},{"taxonomy":"campo_applicativo","embeddable":true,"href":"https:\/\/www.italdibipack.com\/de\/wp-json\/wp\/v2\/campo_applicativo?post=1340"}],"curies":[{"name":"wp","href":"https:\/\/api.w.org\/{rel}","templated":true}]}}