{"id":1341,"date":"2022-06-15T15:13:37","date_gmt":"2022-07-04T16:03:47","guid":{"rendered":"https:\/\/italdibipack.bozzaonline.it\/prodotto\/speed-bag-hs\/"},"modified":"2024-09-23T17:24:13","modified_gmt":"2024-09-23T17:24:13","slug":"speed-bag-hs","status":"publish","type":"product","link":"https:\/\/www.italdibipack.com\/de\/produkt\/speed-bag-hs\/","title":{"rendered":"SPEED BAG HS"},"content":{"rendered":"<h3>AUTOMATISCHES HORIZONTALES HOCHGESCHWINDIGKEITS-VERPACKUNGSSYSTEM<\/h3>\n<p>Die automatische L\u00f6sung von Italdibipack f\u00fcr Kunden mit bemerkenswerter Leistung: ein absolut aktuelles Abf\u00fcllsystem, das mit innovativen, patentierten Ger\u00e4ten ausgestattet ist, die hohe Geschwindigkeit und hervorragende Leistung gew\u00e4hrleisten und eine gro\u00dfe Flexibilit\u00e4t bei Anwendungen in verschiedenen gewerblichen Bereichen bietet.<\/p>\n<p>Konzipiert und entworfen vom Italdibipack R &amp; D Team, das beste Fertigungsstandards, hochwertige Komponenten und einfache Bedienung garantiert. Ideal zum Einwickeln von Zeitungen und Zeitschriften, Katalogen und Gro\u00dfhandelsver\u00f6ffentlichungen, Handb\u00fcchern und jeglichen kommerziellen Drucksachen, aber auch B\u00fcchern, Karten, CDs, DVDs, VHS usw., dank verschiedener Arten von Zuf\u00fchrungen und Optionen. Die Maschine arbeitet mit transparenten oder gedruckten Materialien LLDPE (Dicke 15 \u00f7 40).<\/p>\n<p>Maschine hergestellt nach CE-Richtlinien.<\/p>\n","protected":false},"excerpt":{"rendered":"<h3>AUTOMATISCHES HORIZONTALES HOCHGESCHWINDIGKEITS-VERPACKUNGSSYSTEM<\/h3>\n<p>Die automatische L\u00f6sung von Italdibipack f\u00fcr Kunden mit bemerkenswerter Leistung: ein absolut aktuelles Abf\u00fcllsystem, das mit innovativen, patentierten Ger\u00e4ten ausgestattet ist, die hohe Geschwindigkeit und hervorragende Leistung gew\u00e4hrleisten und eine gro\u00dfe Flexibilit\u00e4t bei Anwendungen in verschiedenen gewerblichen Bereichen bietet.<\/p>\n","protected":false},"featured_media":16589,"template":"","meta":{"_acf_changed":false,"_seopress_robots_primary_cat":"","_seopress_titles_title":"SPEED BAG HS: Hochgeschwindigkeits-Absacker | ITALDIBIPACK","_seopress_titles_desc":"Hochgeschwindigkeits-Absacksystem zur Produktionsoptimierung am Ende der Verpackungslinie.","_seopress_robots_index":"","_eb_attr":"","_gspb_post_css":"","_kad_blocks_custom_css":"","_kad_blocks_head_custom_js":"","_kad_blocks_body_custom_js":"","_kad_blocks_footer_custom_js":"","_eb_data_table":"","_kad_post_transparent":"","_kad_post_title":"","_kad_post_layout":"","_kad_post_sidebar_id":"","_kad_post_content_style":"","_kad_post_vertical_padding":"","_kad_post_feature":"","_kad_post_feature_position":"","_kad_post_header":false,"_kad_post_footer":false,"_kad_post_classname":""},"product_brand":[],"product_cat":[15,367],"product_tag":[],"settore_applicazione":[],"campo_applicativo":[],"class_list":{"0":"post-1341","1":"product","2":"type-product","3":"status-publish","4":"has-post-thumbnail","6":"product_cat-senza-categoria","7":"product_cat-unkategorisiert","9":"first","10":"instock","11":"taxable","12":"shipping-taxable","13":"product-type-simple","14":"entry","15":"content-bg","16":"loop-entry"},"acf":[],"taxonomy_info":{"product_cat":[{"value":15,"label":"Senza categoria"},{"value":367,"label":"Unkategorisiert"}]},"featured_image_src_large":["https:\/\/www.italdibipack.com\/wp-content\/uploads\/2022\/06\/SPEED-BAG-HS-sistemi-di-imbustamento-ITALDIBIPACK-griglia-1024x1024.jpg",1024,1024,true],"author_info":[],"comment_info":"","_links":{"self":[{"href":"https:\/\/www.italdibipack.com\/de\/wp-json\/wp\/v2\/product\/1341","targetHints":{"allow":["GET"]}}],"collection":[{"href":"https:\/\/www.italdibipack.com\/de\/wp-json\/wp\/v2\/product"}],"about":[{"href":"https:\/\/www.italdibipack.com\/de\/wp-json\/wp\/v2\/types\/product"}],"wp:featuredmedia":[{"embeddable":true,"href":"https:\/\/www.italdibipack.com\/de\/wp-json\/wp\/v2\/media\/16589"}],"wp:attachment":[{"href":"https:\/\/www.italdibipack.com\/de\/wp-json\/wp\/v2\/media?parent=1341"}],"wp:term":[{"taxonomy":"product_brand","embeddable":true,"href":"https:\/\/www.italdibipack.com\/de\/wp-json\/wp\/v2\/product_brand?post=1341"},{"taxonomy":"product_cat","embeddable":true,"href":"https:\/\/www.italdibipack.com\/de\/wp-json\/wp\/v2\/product_cat?post=1341"},{"taxonomy":"product_tag","embeddable":true,"href":"https:\/\/www.italdibipack.com\/de\/wp-json\/wp\/v2\/product_tag?post=1341"},{"taxonomy":"settore_applicazione","embeddable":true,"href":"https:\/\/www.italdibipack.com\/de\/wp-json\/wp\/v2\/settore_applicazione?post=1341"},{"taxonomy":"campo_applicativo","embeddable":true,"href":"https:\/\/www.italdibipack.com\/de\/wp-json\/wp\/v2\/campo_applicativo?post=1341"}],"curies":[{"name":"wp","href":"https:\/\/api.w.org\/{rel}","templated":true}]}}