{"id":1342,"date":"2022-06-15T15:13:37","date_gmt":"2022-07-04T16:03:47","guid":{"rendered":"https:\/\/italdibipack.bozzaonline.it\/prodotto\/skin-5035-ev\/"},"modified":"2024-09-23T17:24:13","modified_gmt":"2024-09-23T17:24:13","slug":"skin-5035-ev","status":"publish","type":"product","link":"https:\/\/www.italdibipack.com\/de\/produkt\/skin-5035-ev\/","title":{"rendered":"SKIN 5035-EV"},"content":{"rendered":"<h3>DER BESTE WEG, UM IHRE PRODUKTE ZU WERBEN<\/h3>\n<p>Hautumh\u00fcllung bedeutet, einen Gegenstand durch eine Kunststofffolie fest mit einem Karton zu verbinden. Diese, die durch eine Strahlungsplatte erw\u00e4rmt und \u201eerweicht\u201c wird, haftet im Vakuumverfahren auf der Pappe und umrei\u00dft die Formen der Objekte perfekt.<\/p>\n<p>Die Magic-skin 5035-H\u00fclle ist ein halbautomatisches System (mit automatischer Rahmenabsenkung + Vakuumverbindung \/ -trennung) und ben\u00f6tigt nur einen Bediener zum Arbeiten.<\/p>\n<ul>\n<li>Einfach und robust<\/li>\n<li>Geringer Wartungsaufwand (periodischer \u00d6lwechsel in der Vakuumpumpe)<\/li>\n<li>Zum Tiefziehen geeignet<\/li>\n<li>Verf\u00fcgbar St\u00e4nder mit R\u00e4dern auf Anfrage<\/li>\n<li>Die Maschine arbeitet mit FORMEN PVC, POLYETHYLEN f\u00fcr HAUT, SURLYN, PAPPE GEEIGNET F\u00dcR VERWENDETEN FILM<\/li>\n<\/ul>\n<p>Maschine hergestellt nach CE-Richtlinien.<\/p>\n","protected":false},"excerpt":{"rendered":"<h3>DER BESTE WEG, UM IHRE PRODUKTE ZU WERBEN<\/h3>\n<p>Hautumh\u00fcllung bedeutet, einen Gegenstand durch eine Kunststofffolie fest mit einem Karton zu verbinden. Diese, die durch eine Strahlungsplatte erw\u00e4rmt und \u201eerweicht\u201c wird, haftet im Vakuumverfahren auf der Pappe und umrei\u00dft die Formen der Objekte perfekt.<\/p>\n","protected":false},"featured_media":16433,"template":"","meta":{"_acf_changed":false,"_seopress_robots_primary_cat":"","_seopress_titles_title":"SKIN 5035-EV: Skin-Maschine | ITALDIBIPACK","_seopress_titles_desc":"Profi-Verpackungsmaschine zur Fixierung von Produkten auf Karton mit Skin-Folie. Schutz und Sichtbarkeit.","_seopress_robots_index":"","_eb_attr":"","_gspb_post_css":"","_kad_blocks_custom_css":"","_kad_blocks_head_custom_js":"","_kad_blocks_body_custom_js":"","_kad_blocks_footer_custom_js":"","_eb_data_table":"","_kad_post_transparent":"default","_kad_post_title":"","_kad_post_layout":"default","_kad_post_sidebar_id":"","_kad_post_content_style":"default","_kad_post_vertical_padding":"default","_kad_post_feature":"","_kad_post_feature_position":"","_kad_post_header":false,"_kad_post_footer":false,"_kad_post_classname":""},"product_brand":[],"product_cat":[15,166],"product_tag":[],"settore_applicazione":[],"campo_applicativo":[],"class_list":{"0":"post-1342","1":"product","2":"type-product","3":"status-publish","4":"has-post-thumbnail","6":"product_cat-senza-categoria","7":"product_cat-skinpack-verpackungmachinen","9":"first","10":"instock","11":"taxable","12":"shipping-taxable","13":"product-type-simple","14":"entry","15":"content-bg","16":"loop-entry"},"acf":[],"taxonomy_info":{"product_cat":[{"value":15,"label":"Senza categoria"},{"value":166,"label":"Skinpack verpackungmachinen"}]},"featured_image_src_large":["https:\/\/www.italdibipack.com\/wp-content\/uploads\/2024\/02\/SKIN-5035-EV-confezionatrici-skinpack-ITALDIBIPACK-griglia-1024x1024.jpg",1024,1024,true],"author_info":[],"comment_info":"","_links":{"self":[{"href":"https:\/\/www.italdibipack.com\/de\/wp-json\/wp\/v2\/product\/1342","targetHints":{"allow":["GET"]}}],"collection":[{"href":"https:\/\/www.italdibipack.com\/de\/wp-json\/wp\/v2\/product"}],"about":[{"href":"https:\/\/www.italdibipack.com\/de\/wp-json\/wp\/v2\/types\/product"}],"wp:featuredmedia":[{"embeddable":true,"href":"https:\/\/www.italdibipack.com\/de\/wp-json\/wp\/v2\/media\/16433"}],"wp:attachment":[{"href":"https:\/\/www.italdibipack.com\/de\/wp-json\/wp\/v2\/media?parent=1342"}],"wp:term":[{"taxonomy":"product_brand","embeddable":true,"href":"https:\/\/www.italdibipack.com\/de\/wp-json\/wp\/v2\/product_brand?post=1342"},{"taxonomy":"product_cat","embeddable":true,"href":"https:\/\/www.italdibipack.com\/de\/wp-json\/wp\/v2\/product_cat?post=1342"},{"taxonomy":"product_tag","embeddable":true,"href":"https:\/\/www.italdibipack.com\/de\/wp-json\/wp\/v2\/product_tag?post=1342"},{"taxonomy":"settore_applicazione","embeddable":true,"href":"https:\/\/www.italdibipack.com\/de\/wp-json\/wp\/v2\/settore_applicazione?post=1342"},{"taxonomy":"campo_applicativo","embeddable":true,"href":"https:\/\/www.italdibipack.com\/de\/wp-json\/wp\/v2\/campo_applicativo?post=1342"}],"curies":[{"name":"wp","href":"https:\/\/api.w.org\/{rel}","templated":true}]}}