{"id":1344,"date":"2022-06-15T15:13:37","date_gmt":"2022-07-04T16:03:47","guid":{"rendered":"https:\/\/italdibipack.bozzaonline.it\/prodotto\/minicut\/"},"modified":"2024-09-23T17:24:14","modified_gmt":"2024-09-23T17:24:14","slug":"minicut","status":"publish","type":"product","link":"https:\/\/www.italdibipack.com\/de\/produkt\/minicut\/","title":{"rendered":"MINICUT"},"content":{"rendered":"<h3>HORIZONTALE WALZENSCHNEIDMASCHINEN ZUM SCHNEIDEN VON HAUTGEPACKTEN PRODUKTEN<\/h3>\n<p>&nbsp;<\/p>\n<p>Wenn mehrere Gegenst\u00e4nde in einem Zyklus eingewickelt werden, sind die Rollenschneidemaschinen MINI und MAXICUT ideal, da sie die einzelnen Gegenst\u00e4nde ohne manuellen Cutter voneinander trennen und Knopfl\u00f6cher angebracht werden k\u00f6nnen.<\/p>\n<p>Maschine hergestellt nach CE-Richtlinien<\/p>\n","protected":false},"excerpt":{"rendered":"<h3>HORIZONTALE WALZENSCHNEIDMASCHINEN ZUM SCHNEIDEN VON HAUTGEPACKTEN PRODUKTEN<\/h3>\n<p>&nbsp;<\/p>\n<p>Wenn mehrere Gegenst\u00e4nde in einem Zyklus eingewickelt werden, sind die Rollenschneidemaschinen MINI und MAXICUT ideal, da sie die einzelnen Gegenst\u00e4nde ohne manuellen Cutter voneinander trennen und Knopfl\u00f6cher angebracht werden k\u00f6nnen.<\/p>\n<p>Maschine hergestellt nach CE-Richtlinien<\/p>\n","protected":false},"featured_media":16333,"template":"","meta":{"_acf_changed":false,"_seopress_robots_primary_cat":"","_seopress_titles_title":"MINICUT: Kompakter Handschneider | ITALDIBIPACK","_seopress_titles_desc":"Professioneller manueller Schneider f\u00fcr Verpackungsmaterialien. Kompakt, robust und pr\u00e4zise im Schnitt.","_seopress_robots_index":"","_eb_attr":"","_gspb_post_css":"","_kad_blocks_custom_css":"","_kad_blocks_head_custom_js":"","_kad_blocks_body_custom_js":"","_kad_blocks_footer_custom_js":"","_eb_data_table":"","_kad_post_transparent":"","_kad_post_title":"","_kad_post_layout":"","_kad_post_sidebar_id":"","_kad_post_content_style":"","_kad_post_vertical_padding":"","_kad_post_feature":"","_kad_post_feature_position":"","_kad_post_header":false,"_kad_post_footer":false,"_kad_post_classname":""},"product_brand":[],"product_cat":[15,166],"product_tag":[],"settore_applicazione":[],"campo_applicativo":[],"class_list":{"0":"post-1344","1":"product","2":"type-product","3":"status-publish","4":"has-post-thumbnail","6":"product_cat-senza-categoria","7":"product_cat-skinpack-verpackungmachinen","9":"first","10":"instock","11":"taxable","12":"shipping-taxable","13":"product-type-simple","14":"entry","15":"content-bg","16":"loop-entry"},"acf":[],"taxonomy_info":{"product_cat":[{"value":15,"label":"Senza categoria"},{"value":166,"label":"Skinpack verpackungmachinen"}]},"featured_image_src_large":["https:\/\/www.italdibipack.com\/wp-content\/uploads\/2024\/02\/MINICUT-confezionatrici-skinpack-ITALDIBIPACK-griglia-1024x1024.jpg",1024,1024,true],"author_info":[],"comment_info":"","_links":{"self":[{"href":"https:\/\/www.italdibipack.com\/de\/wp-json\/wp\/v2\/product\/1344","targetHints":{"allow":["GET"]}}],"collection":[{"href":"https:\/\/www.italdibipack.com\/de\/wp-json\/wp\/v2\/product"}],"about":[{"href":"https:\/\/www.italdibipack.com\/de\/wp-json\/wp\/v2\/types\/product"}],"wp:featuredmedia":[{"embeddable":true,"href":"https:\/\/www.italdibipack.com\/de\/wp-json\/wp\/v2\/media\/16333"}],"wp:attachment":[{"href":"https:\/\/www.italdibipack.com\/de\/wp-json\/wp\/v2\/media?parent=1344"}],"wp:term":[{"taxonomy":"product_brand","embeddable":true,"href":"https:\/\/www.italdibipack.com\/de\/wp-json\/wp\/v2\/product_brand?post=1344"},{"taxonomy":"product_cat","embeddable":true,"href":"https:\/\/www.italdibipack.com\/de\/wp-json\/wp\/v2\/product_cat?post=1344"},{"taxonomy":"product_tag","embeddable":true,"href":"https:\/\/www.italdibipack.com\/de\/wp-json\/wp\/v2\/product_tag?post=1344"},{"taxonomy":"settore_applicazione","embeddable":true,"href":"https:\/\/www.italdibipack.com\/de\/wp-json\/wp\/v2\/settore_applicazione?post=1344"},{"taxonomy":"campo_applicativo","embeddable":true,"href":"https:\/\/www.italdibipack.com\/de\/wp-json\/wp\/v2\/campo_applicativo?post=1344"}],"curies":[{"name":"wp","href":"https:\/\/api.w.org\/{rel}","templated":true}]}}