{"id":1346,"date":"2022-06-15T15:13:57","date_gmt":"2022-07-04T16:04:24","guid":{"rendered":"https:\/\/italdibipack.bozzaonline.it\/prodotto\/robot-leonardo\/"},"modified":"2024-09-23T17:24:15","modified_gmt":"2024-09-23T17:24:15","slug":"robot-leonardo","status":"publish","type":"product","link":"https:\/\/www.italdibipack.com\/de\/produkt\/robot-leonardo\/","title":{"rendered":"ROBOT LEONARDO"},"content":{"rendered":"<h3>DIE GENIALSTEN ROBOTER-PALETTENWICKLER DER WELT<\/h3>\n<p>Leonardo wurde vom Forschungs- und Entwicklungsteam der Italdibipack Group entworfen und ist ein einzigartiger Palettenverpackungsroboter, der dank der innovativen Technologie und Patente, mit denen er hergestellt wurde, die unterschiedlichsten Verpackungsanforderungen mit Stretchfolie palettierter Ladungen erfolgreich l\u00f6sen kann.<br \/>\nDieser selbstfahrende Roboter, der zum Wickeln unterschiedlicher Lasten an verschiedenen Stellen entwickelt wurde, hat sehr kleine Abmessungen und ein sehr geringes Gewicht, das leicht bewegt werden kann (eine Bedienung, die durch das praktische Ruderman\u00f6versystem mit Druckknopfsteuerung noch einfacher wird) und arbeitet in nur 75 cm um die Last, die dank des PAT ELECTRIC STEERING SYSTEM und des ausgekl\u00fcgelten KEYBOARD ROTATION-Systems mit Kontaktrad verpackt werden muss, daher in einem deutlich eingeschr\u00e4nkten und deutlich reduzierten Betriebsbereich im Vergleich zu anderen Palettenwickelrobotern.<\/p>\n<p>Die Maschine ist mit einer PAT TELESCOPIC COLUMN ausgestattet, mit der sie in ausziehbare Paletten mit einer H\u00f6he von bis zu 2350 mm eingewickelt werden kann. Au\u00dferdem ist sie mit einem MOTORIZED PRESTIRO PAT 100% Standard (1 m = 2 m) ausgestattet, der eine hervorragende Qualit\u00e4t der Verpackung und Einsparung von Qualit\u00e4t und Quantit\u00e4t der verwendeten Stretchfolie. Es ist auch m\u00f6glich, die Filmspannung mittels eines Potentiometers in Kombination mit der W\u00e4gezelle weiter einzustellen.<\/p>\n<p>Dieser Roboter wird von BATTERIEN angetrieben, die weder nachgef\u00fcllt noch gewartet werden m\u00fcssen und in jeder Umgebung wiederaufladbar sind, da sich das Batterieladeger\u00e4t an Bord befindet und an eine normale 230 V &#8211; 1 Ph-Steckdose angeschlossen werden kann. Mit einer Ladung k\u00f6nnen bis zu 60 St\u00fcck aufgewickelt werden &#8211; 80 EURO-Paletten mittlerer H\u00f6he; Es ist klar, dass die Anzahl je nach Gr\u00f6\u00dfe der Paletten selbst variiert.<\/p>\n<p>Leonardo: ein gro\u00dfes kleines Genie. KLEIN nach Betriebsfl\u00e4che, Gewicht und Gr\u00f6\u00dfe. GROSS f\u00fcr Verarbeitungsqualit\u00e4t, Funktionalit\u00e4t und Produktionsleistung. UNGLAUBLICH f\u00fcr Qualit\u00e4t \/ Preis-Verh\u00e4ltnis.<\/p>\n<ul>\n<li>STEUERUNG MIT MICROPROCESSOR PAT LOGIC BOARD: 6 verschiedene Arbeitszyklusprogramme, die gespeichert werden k\u00f6nnen<\/li>\n<li>Nur Aufstiegszyklus<\/li>\n<li>Einstellung der Anzahl der Wicklungen an der Basis, oben und in einer vorgegebenen H\u00f6he<\/li>\n<li>Automatische Ablesung der Ladeh\u00f6he mit Fotozelle oder Voreinstellung der Wickelh\u00f6he unabh\u00e4ngig von der Ablesung der Fotozelle<\/li>\n<li>NOT-AUS-Taste<\/li>\n<li>Sicherheitsvorrichtung zum sofortigen Anhalten<\/li>\n<li>Leuchtendes und akustisches Betriebssignal<\/li>\n<li>Der Roboter arbeitet mit bearbeitbarem, dehnbarem PE (Dicke 17 \u00f7 35; Band 520 mm).<\/li>\n<\/ul>\n<p>Maschine nach CE-Norm gebaut<\/p>\n","protected":false},"excerpt":{"rendered":"<h3>DIE GENIALSTEN ROBOTER-PALETTENWICKLER DER WELT<\/h3>\n<p>Leonardo wurde vom Forschungs- und Entwicklungsteam der Italdibipack Group entworfen und ist ein einzigartiger Palettenverpackungsroboter, der dank der innovativen Technologie und Patente, mit denen er hergestellt wurde, die unterschiedlichsten Verpackungsanforderungen mit Stretchfolie palettierter Ladungen erfolgreich l\u00f6sen kann.<br \/>\nDieser selbstfahrende Roboter, der zum Wickeln unterschiedlicher Lasten an verschiedenen Stellen entwickelt wurde, hat sehr kleine Abmessungen und ein sehr geringes Gewicht, das leicht bewegt werden kann (eine Bedienung, die durch das praktische Ruderman\u00f6versystem mit Druckknopfsteuerung noch einfacher wird) und arbeitet in nur 75 cm um die Last, die dank des PAT ELECTRIC STEERING SYSTEM und des ausgekl\u00fcgelten KEYBOARD ROTATION-Systems mit Kontaktrad verpackt werden muss, daher in einem deutlich eingeschr\u00e4nkten und deutlich reduzierten Betriebsbereich im Vergleich zu anderen Palettenwickelrobotern.<\/p>\n","protected":false},"featured_media":15688,"template":"","meta":{"_acf_changed":false,"_seopress_robots_primary_cat":"","_seopress_titles_title":"Robot-Palettenwickler LEONARDO | ITALDIBIPACK","_seopress_titles_desc":"Leonardo ist der selbstfahrende Roboter zum Wickeln von Paletten mit Stretchfolie. Innovativ, kompakt und einfach zu bedienen.","_seopress_robots_index":"","_eb_attr":"","_gspb_post_css":"","_kad_blocks_custom_css":"","_kad_blocks_head_custom_js":"","_kad_blocks_body_custom_js":"","_kad_blocks_footer_custom_js":"","_eb_data_table":"","_kad_post_transparent":"default","_kad_post_title":"","_kad_post_layout":"default","_kad_post_sidebar_id":"","_kad_post_content_style":"default","_kad_post_vertical_padding":"default","_kad_post_feature":"","_kad_post_feature_position":"","_kad_post_header":false,"_kad_post_footer":false,"_kad_post_classname":""},"product_brand":[],"product_cat":[168,15,167],"product_tag":[],"settore_applicazione":[],"campo_applicativo":[],"class_list":{"0":"post-1346","1":"product","2":"type-product","3":"status-publish","4":"has-post-thumbnail","6":"product_cat-roboterwickelsysteme","7":"product_cat-senza-categoria","8":"product_cat-stretchanlagen","10":"first","11":"instock","12":"taxable","13":"shipping-taxable","14":"product-type-simple","15":"entry","16":"content-bg","17":"loop-entry"},"acf":[],"taxonomy_info":{"product_cat":[{"value":168,"label":"Roboterwickelsysteme"},{"value":15,"label":"Senza categoria"},{"value":167,"label":"Stretchanlagen"}]},"featured_image_src_large":["https:\/\/www.italdibipack.com\/wp-content\/uploads\/2024\/02\/LEONARDO-avvolgitori-avvolgitori-robotizzati-ITALDIBIPACK-griglia-1024x1024.jpg",1024,1024,true],"author_info":[],"comment_info":"","_links":{"self":[{"href":"https:\/\/www.italdibipack.com\/de\/wp-json\/wp\/v2\/product\/1346","targetHints":{"allow":["GET"]}}],"collection":[{"href":"https:\/\/www.italdibipack.com\/de\/wp-json\/wp\/v2\/product"}],"about":[{"href":"https:\/\/www.italdibipack.com\/de\/wp-json\/wp\/v2\/types\/product"}],"wp:featuredmedia":[{"embeddable":true,"href":"https:\/\/www.italdibipack.com\/de\/wp-json\/wp\/v2\/media\/15688"}],"wp:attachment":[{"href":"https:\/\/www.italdibipack.com\/de\/wp-json\/wp\/v2\/media?parent=1346"}],"wp:term":[{"taxonomy":"product_brand","embeddable":true,"href":"https:\/\/www.italdibipack.com\/de\/wp-json\/wp\/v2\/product_brand?post=1346"},{"taxonomy":"product_cat","embeddable":true,"href":"https:\/\/www.italdibipack.com\/de\/wp-json\/wp\/v2\/product_cat?post=1346"},{"taxonomy":"product_tag","embeddable":true,"href":"https:\/\/www.italdibipack.com\/de\/wp-json\/wp\/v2\/product_tag?post=1346"},{"taxonomy":"settore_applicazione","embeddable":true,"href":"https:\/\/www.italdibipack.com\/de\/wp-json\/wp\/v2\/settore_applicazione?post=1346"},{"taxonomy":"campo_applicativo","embeddable":true,"href":"https:\/\/www.italdibipack.com\/de\/wp-json\/wp\/v2\/campo_applicativo?post=1346"}],"curies":[{"name":"wp","href":"https:\/\/api.w.org\/{rel}","templated":true}]}}