{"id":1347,"date":"2022-06-15T15:13:57","date_gmt":"2022-07-04T16:04:24","guid":{"rendered":"https:\/\/italdibipack.bozzaonline.it\/prodotto\/robot-leo\/"},"modified":"2024-09-23T17:24:15","modified_gmt":"2024-09-23T17:24:15","slug":"robot-leo","status":"publish","type":"product","link":"https:\/\/www.italdibipack.com\/de\/produkt\/robot-leo\/","title":{"rendered":"ROBOT LEO"},"content":{"rendered":"<h3>DER KOMPAKTESTE UND GENIALSTE ROBOTER-PALETTENPACKER DER WELT<\/h3>\n<p>Wenn es der Roboter ist, der zur Last geht! Leo Roboter ist der beste Roboter endlich angekommen &#8230;<\/p>\n<h4>KLEINER f\u00fcr<\/h4>\n<ul>\n<li>eingeschr\u00e4nkter Arbeitsbereich<\/li>\n<li>kompakte Abmessungen und reduziertes Gewicht<\/li>\n<li>wartungsfrei<\/li>\n<\/ul>\n<h4>GR\u00d6SSER f\u00fcr<\/h4>\n<ul>\n<li>hohe Qualit\u00e4tsstandards<\/li>\n<li>hohe Funktionalit\u00e4t<\/li>\n<li>hohe Leistungen<\/li>\n<\/ul>\n<p><strong>HAUPTMERKMALE<\/strong><\/p>\n<ul>\n<li>ELECTRIC MANEUVERING SYSTEM PAT &#8211; reduziert den Arbeitsbereich im Vergleich zu den meisten Robotern noch weiter<\/li>\n<li>FESTMAST &#8211; maximale Palettenwickelh\u00f6he: 2000 mm<\/li>\n<li>MICROPROCESSOR LOGIC BOARD PAT &#8211; 6 verschiedene vorprogrammierbare gespeicherte Einstellungen<\/li>\n<li>MECHANISCHE BREMSE<\/li>\n<li>WARTUNGSFREIE UND VERSIEGELTE BATTERIEN &#8211; keine Bef\u00fcllung &#8211; werden \u00fcber das standardm\u00e4\u00dfige 240-Volt-Netzteil geladen<\/li>\n<li>EINFACHER VERSAND &#8211; keine zu montierenden Teile, sofort einsatzbereit<\/li>\n<\/ul>\n<p>Maschine produziert nach CE-Richtlinien.<\/p>\n<p>&nbsp;<\/p>\n","protected":false},"excerpt":{"rendered":"<h3>DER KOMPAKTESTE UND GENIALSTE ROBOTER-PALETTENPACKER DER WELT<\/h3>\n<p>Wenn es der Roboter ist, der zur Last geht! Leo Roboter ist der beste Roboter endlich angekommen &#8230;<\/p>\n<h4>KLEINER f\u00fcr<\/h4>\n<ul>\n<li>eingeschr\u00e4nkter Arbeitsbereich<\/li>\n<li>kompakte Abmessungen und reduziertes Gewicht<\/li>\n<li>wartungsfrei<\/li>\n<\/ul>\n<h4>GR\u00d6SSER f\u00fcr<\/h4>\n<ul>\n<li>hohe Qualit\u00e4tsstandards<\/li>\n<li>hohe Funktionalit\u00e4t<\/li>\n<li>hohe Leistungen<\/li>\n<\/ul>\n","protected":false},"featured_media":15673,"template":"","meta":{"_acf_changed":false,"_seopress_robots_primary_cat":"","_seopress_titles_title":"Robot-Palettenwickler LEO | ITALDIBIPACK","_seopress_titles_desc":"Der Palettenwickelroboter LEO bietet Flexibilit\u00e4t und Komfort beim Verpacken von Lasten jeder Form und Gr\u00f6\u00dfe.","_seopress_robots_index":"","_eb_attr":"","_gspb_post_css":"","_kad_blocks_custom_css":"","_kad_blocks_head_custom_js":"","_kad_blocks_body_custom_js":"","_kad_blocks_footer_custom_js":"","_eb_data_table":"","_kad_post_transparent":"default","_kad_post_title":"","_kad_post_layout":"default","_kad_post_sidebar_id":"","_kad_post_content_style":"default","_kad_post_vertical_padding":"default","_kad_post_feature":"","_kad_post_feature_position":"","_kad_post_header":false,"_kad_post_footer":false,"_kad_post_classname":""},"product_brand":[],"product_cat":[168,15,167],"product_tag":[],"settore_applicazione":[],"campo_applicativo":[],"class_list":{"0":"post-1347","1":"product","2":"type-product","3":"status-publish","4":"has-post-thumbnail","6":"product_cat-roboterwickelsysteme","7":"product_cat-senza-categoria","8":"product_cat-stretchanlagen","10":"first","11":"instock","12":"taxable","13":"shipping-taxable","14":"product-type-simple","15":"entry","16":"content-bg","17":"loop-entry"},"acf":[],"taxonomy_info":{"product_cat":[{"value":168,"label":"Roboterwickelsysteme"},{"value":15,"label":"Senza categoria"},{"value":167,"label":"Stretchanlagen"}]},"featured_image_src_large":["https:\/\/www.italdibipack.com\/wp-content\/uploads\/2024\/02\/LEO-avvolgitori-avvolgitori-robotizzati-ITALDIBIPACK-griglia-1024x1024.jpg",1024,1024,true],"author_info":[],"comment_info":"","_links":{"self":[{"href":"https:\/\/www.italdibipack.com\/de\/wp-json\/wp\/v2\/product\/1347","targetHints":{"allow":["GET"]}}],"collection":[{"href":"https:\/\/www.italdibipack.com\/de\/wp-json\/wp\/v2\/product"}],"about":[{"href":"https:\/\/www.italdibipack.com\/de\/wp-json\/wp\/v2\/types\/product"}],"wp:featuredmedia":[{"embeddable":true,"href":"https:\/\/www.italdibipack.com\/de\/wp-json\/wp\/v2\/media\/15673"}],"wp:attachment":[{"href":"https:\/\/www.italdibipack.com\/de\/wp-json\/wp\/v2\/media?parent=1347"}],"wp:term":[{"taxonomy":"product_brand","embeddable":true,"href":"https:\/\/www.italdibipack.com\/de\/wp-json\/wp\/v2\/product_brand?post=1347"},{"taxonomy":"product_cat","embeddable":true,"href":"https:\/\/www.italdibipack.com\/de\/wp-json\/wp\/v2\/product_cat?post=1347"},{"taxonomy":"product_tag","embeddable":true,"href":"https:\/\/www.italdibipack.com\/de\/wp-json\/wp\/v2\/product_tag?post=1347"},{"taxonomy":"settore_applicazione","embeddable":true,"href":"https:\/\/www.italdibipack.com\/de\/wp-json\/wp\/v2\/settore_applicazione?post=1347"},{"taxonomy":"campo_applicativo","embeddable":true,"href":"https:\/\/www.italdibipack.com\/de\/wp-json\/wp\/v2\/campo_applicativo?post=1347"}],"curies":[{"name":"wp","href":"https:\/\/api.w.org\/{rel}","templated":true}]}}