{"id":1348,"date":"2022-06-15T15:13:57","date_gmt":"2022-07-04T16:04:24","guid":{"rendered":"https:\/\/italdibipack.bozzaonline.it\/prodotto\/leonardo-sp\/"},"modified":"2024-09-23T17:24:15","modified_gmt":"2024-09-23T17:24:15","slug":"leonardo-sp","status":"publish","type":"product","link":"https:\/\/www.italdibipack.com\/de\/produkt\/leonardo-sp\/","title":{"rendered":"LEONARDO SP"},"content":{"rendered":"<h3>DIE GENIALSTE, SCHNELLSTE UND LEICHTESTE ROBOTER-PALETTENWICKELMASCHINE DER WELT<\/h3>\n<p>BETRIEBSBEREICH UND SEHR REDUZIERTE ABMESSUNGEN, UNVERGLEICHLICH IN DER GESCHWINDIGKEIT<\/p>\n<p>Gro\u00dfartig f\u00fcr<\/p>\n<ul>\n<li>Verarbeitungsqualit\u00e4t<\/li>\n<li>Funktionalit\u00e4t<\/li>\n<li>Produktive Leistung<\/li>\n<li>Man\u00f6vrierf\u00e4higkeit<\/li>\n<\/ul>\n<p>HAUPTMERKMALE:<\/p>\n<ul>\n<li>Ein Rad (mit einstellbarer H\u00f6he), das mit einem Federsystem an einem Arm montiert ist, bestimmt die Abmessungen der L\u00e4nge und Breite der Last<\/li>\n<li>Die Wickelh\u00f6he (bis maximal 2200 mm) wird automatisch von der am Rollenhalterwagen montierten Fotozelle bestimmt oder vom Bediener \u00fcber eine im Bedienfeld vorhandene Sonderfunktion vorgegeben<\/li>\n<li>Spannungsregelung des LM durch mechanische Bremse<\/li>\n<li>Bedienfeld mit PAT MICROPROCESSOR LOGIC CARD mit der M\u00f6glichkeit, bis zu 6 verschiedene Arbeitszyklen zu speichern, von denen jeder personalisierte und differenzierte Parameter aufweist (Rotationsgeschwindigkeit; Wagen\u00fcbersetzungsgeschwindigkeit; Wickelzeit an der Basis, am oberen Ende der Ladung und im Teil) zentral; M\u00f6glichkeit, einen Wickelzyklus nur w\u00e4hrend der Hebephase des Wagens vorzusehen)<\/li>\n<li>Wagen mit Halbkettenantrieb<\/li>\n<li>Maschinenbetrieb \u00fcber Gelbatterie, trocken, versiegelt und wartungsfrei<\/li>\n<li>In die Maschine integriertes Ladeger\u00e4t<\/li>\n<li>Versorgungsspannung f\u00fcr Batterieladeger\u00e4t: 240 V, einphasig<\/li>\n<li>Frontsto\u00dfstange mit Sicherheitsvorrichtung zum Anhalten der Maschine bei Kollision mit einem Fremdk\u00f6rper<\/li>\n<li>Akustisch-visuelles Signalger\u00e4t der Maschine in Betrieb<\/li>\n<li>Maximale Wickelh\u00f6he: 2200 mm<\/li>\n<li>Abmessungen der bandierbaren Last: mindestens 700 mm x 700 mm x 500 (H) mm<\/li>\n<li>Bearbeitbare Stretchfolie mit einem maximalen Au\u00dfendurchmesser von 220 mm, einem Band von 500 mm und einer Innenh\u00fclse mit einem Durchmesser von 76 mm<\/li>\n<\/ul>\n","protected":false},"excerpt":{"rendered":"<h3>DIE GENIALSTE, SCHNELLSTE UND LEICHTESTE ROBOTER-PALETTENWICKELMASCHINE DER WELT<\/h3>\n<p>BETRIEBSBEREICH UND SEHR REDUZIERTE ABMESSUNGEN, UNVERGLEICHLICH IN DER GESCHWINDIGKEIT<\/p>\n<p>Gro\u00dfartig f\u00fcr<\/p>\n<ul>\n<li>Verarbeitungsqualit\u00e4t<\/li>\n<li>Funktionalit\u00e4t<\/li>\n<li>Produktive Leistung<\/li>\n<li>Man\u00f6vrierf\u00e4higkeit<\/li>\n<\/ul>\n","protected":false},"featured_media":15703,"template":"","meta":{"_acf_changed":false,"_seopress_robots_primary_cat":"","_seopress_titles_title":"Robot-Palettenwickler LEONARDO SP | ITALDIBIPACK","_seopress_titles_desc":"Spezialversion des Leonardo-Roboters f\u00fcr spezifische Anforderungen bei der Palettenwicklung. ITALDIBIPACK-Technologie.","_seopress_robots_index":"","_eb_attr":"","_gspb_post_css":"","_kad_blocks_custom_css":"","_kad_blocks_head_custom_js":"","_kad_blocks_body_custom_js":"","_kad_blocks_footer_custom_js":"","_eb_data_table":"","_kad_post_transparent":"default","_kad_post_title":"","_kad_post_layout":"default","_kad_post_sidebar_id":"","_kad_post_content_style":"default","_kad_post_vertical_padding":"default","_kad_post_feature":"","_kad_post_feature_position":"","_kad_post_header":false,"_kad_post_footer":false,"_kad_post_classname":""},"product_brand":[],"product_cat":[168,15,167],"product_tag":[],"settore_applicazione":[],"campo_applicativo":[],"class_list":{"0":"post-1348","1":"product","2":"type-product","3":"status-publish","4":"has-post-thumbnail","6":"product_cat-roboterwickelsysteme","7":"product_cat-senza-categoria","8":"product_cat-stretchanlagen","10":"first","11":"instock","12":"taxable","13":"shipping-taxable","14":"product-type-simple","15":"entry","16":"content-bg","17":"loop-entry"},"acf":[],"taxonomy_info":{"product_cat":[{"value":168,"label":"Roboterwickelsysteme"},{"value":15,"label":"Senza categoria"},{"value":167,"label":"Stretchanlagen"}]},"featured_image_src_large":["https:\/\/www.italdibipack.com\/wp-content\/uploads\/2024\/02\/LEONARDO-SP-avvolgitori-avvolgitori-robotizzati-ITALDIBIPACK-griglia-1024x1024.jpg",1024,1024,true],"author_info":[],"comment_info":"","_links":{"self":[{"href":"https:\/\/www.italdibipack.com\/de\/wp-json\/wp\/v2\/product\/1348","targetHints":{"allow":["GET"]}}],"collection":[{"href":"https:\/\/www.italdibipack.com\/de\/wp-json\/wp\/v2\/product"}],"about":[{"href":"https:\/\/www.italdibipack.com\/de\/wp-json\/wp\/v2\/types\/product"}],"wp:featuredmedia":[{"embeddable":true,"href":"https:\/\/www.italdibipack.com\/de\/wp-json\/wp\/v2\/media\/15703"}],"wp:attachment":[{"href":"https:\/\/www.italdibipack.com\/de\/wp-json\/wp\/v2\/media?parent=1348"}],"wp:term":[{"taxonomy":"product_brand","embeddable":true,"href":"https:\/\/www.italdibipack.com\/de\/wp-json\/wp\/v2\/product_brand?post=1348"},{"taxonomy":"product_cat","embeddable":true,"href":"https:\/\/www.italdibipack.com\/de\/wp-json\/wp\/v2\/product_cat?post=1348"},{"taxonomy":"product_tag","embeddable":true,"href":"https:\/\/www.italdibipack.com\/de\/wp-json\/wp\/v2\/product_tag?post=1348"},{"taxonomy":"settore_applicazione","embeddable":true,"href":"https:\/\/www.italdibipack.com\/de\/wp-json\/wp\/v2\/settore_applicazione?post=1348"},{"taxonomy":"campo_applicativo","embeddable":true,"href":"https:\/\/www.italdibipack.com\/de\/wp-json\/wp\/v2\/campo_applicativo?post=1348"}],"curies":[{"name":"wp","href":"https:\/\/api.w.org\/{rel}","templated":true}]}}