{"id":1349,"date":"2022-06-15T15:13:57","date_gmt":"2022-07-04T16:04:24","guid":{"rendered":"https:\/\/italdibipack.bozzaonline.it\/prodotto\/robot-cosmo\/"},"modified":"2024-09-23T17:24:15","modified_gmt":"2024-09-23T17:24:15","slug":"robot-cosmo","status":"publish","type":"product","link":"https:\/\/www.italdibipack.com\/de\/produkt\/robot-cosmo\/","title":{"rendered":"ROBOT COSMO"},"content":{"rendered":"<h3>DER PALETTENWICKELROBOT F\u00dcR SIE ZUKUNFT, AUF DEN JEDE PALETTE GEWARTET HAT!<\/h3>\n<p>DER EINZIGE PALETTENWICKEL-ROBOTER DER WELT, DER SICH UM DIE PALETTE DREHT, OHNE SIE ZU BER\u00dcHREN<\/p>\n<p>Dank eines patentierten Lenksystems ist COSMO der einzige Wickelroboter der Welt, der sich ohne direkten Kontakt um die Palette drehen kann. COSMO ist die optimale L\u00f6sung f\u00fcr jede Art von Palette, auch f\u00fcr diejenigen, die am Boden stark unregelm\u00e4\u00dfig sind oder ausgepr\u00e4gte Vorspr\u00fcnge aufweisen (aufgrund des auf die Palette oder die Palette selbst geladenen Produkts) und das Kontaktrad der Palettenwickelroboter blockieren k\u00f6nnen traditionell.<\/p>\n<p><strong>Tolle Leistung:<\/strong><\/p>\n<ul>\n<li>Alta tecnologia combinata a incredibile semplicit\u00e0 d\u2019utilizzo<\/li>\n<li>Possibilit\u00e0 di impostare fino a 6 cicli di lavoro con parametri differenti<\/li>\n<li>Roboter, die mit Batterien betrieben werden, die keine Wartung erfordern, nicht nachgef\u00fcllt werden m\u00fcssen und \u00fcberall wiederaufladbar sind, ohne dass ein Bereich f\u00fcr diesen Zweck reserviert werden muss<\/li>\n<li>Modernes und exklusives Design<\/li>\n<li>Feste S\u00e4ule f\u00fcr Paletten bis zu einer maximalen H\u00f6he von 2000 mm<\/li>\n<li>Filmspannungseinstellung mit mechanischer Bremse<\/li>\n<li>\u00dcbertragung des Rollenhalterwagens per Kette<\/li>\n<li>Die Maschine arbeitet mit Standard-Filmrollen (Dicke 19-40, Breite 500 mm)<\/li>\n<li>Schnelle und einfache Einstellung des optischen Sensors zur Bestimmung des h\u00f6chsten Wicklungspunkts<\/li>\n<li>Einfache F\u00fchrung dank des patentierten Bedienfelds: Tasten zum Vorw\u00e4rts- \/ R\u00fcckw\u00e4rts- und Rechts- \/ Linksdrehen sowie \u00fcber die Bedienelemente ist es m\u00f6glich, die Filmrolle nach oben \/ unten zu bewegen<\/li>\n<li>Akustisches Signal zu Beginn der Arbeitszyklen<\/li>\n<\/ul>\n","protected":false},"excerpt":{"rendered":"<h3>DER PALETTENWICKELROBOT F\u00dcR SIE ZUKUNFT, AUF DEN JEDE PALETTE GEWARTET HAT!<\/h3>\n<p>DER EINZIGE PALETTENWICKEL-ROBOTER DER WELT, DER SICH UM DIE PALETTE DREHT, OHNE SIE ZU BER\u00dcHREN<\/p>\n<p>Dank eines patentierten Lenksystems ist COSMO der einzige Wickelroboter der Welt, der sich ohne direkten Kontakt um die Palette drehen kann. COSMO ist die optimale L\u00f6sung f\u00fcr jede Art von Palette, auch f\u00fcr diejenigen, die am Boden stark unregelm\u00e4\u00dfig sind oder ausgepr\u00e4gte Vorspr\u00fcnge aufweisen (aufgrund des auf die Palette oder die Palette selbst geladenen Produkts) und das Kontaktrad der Palettenwickelroboter blockieren k\u00f6nnen traditionell.<\/p>\n","protected":false},"featured_media":15228,"template":"","meta":{"_acf_changed":false,"_seopress_robots_primary_cat":"","_seopress_titles_title":"Robot-Palettenwickler COSMO | ITALDIBIPACK","_seopress_titles_desc":"Der selbstfahrende Palettenwickelroboter COSMO sorgt f\u00fcr Stabilit\u00e4t und Schutz Ihrer palettierten Lasten.","_seopress_robots_index":"","_eb_attr":"","_gspb_post_css":"","_kad_blocks_custom_css":"","_kad_blocks_head_custom_js":"","_kad_blocks_body_custom_js":"","_kad_blocks_footer_custom_js":"","_eb_data_table":"","_kad_post_transparent":"default","_kad_post_title":"","_kad_post_layout":"default","_kad_post_sidebar_id":"","_kad_post_content_style":"default","_kad_post_vertical_padding":"default","_kad_post_feature":"","_kad_post_feature_position":"","_kad_post_header":false,"_kad_post_footer":false,"_kad_post_classname":""},"product_brand":[],"product_cat":[168,15,167],"product_tag":[],"settore_applicazione":[],"campo_applicativo":[],"class_list":{"0":"post-1349","1":"product","2":"type-product","3":"status-publish","4":"has-post-thumbnail","6":"product_cat-roboterwickelsysteme","7":"product_cat-senza-categoria","8":"product_cat-stretchanlagen","10":"first","11":"instock","12":"taxable","13":"shipping-taxable","14":"product-type-simple","15":"entry","16":"content-bg","17":"loop-entry"},"acf":[],"taxonomy_info":{"product_cat":[{"value":168,"label":"Roboterwickelsysteme"},{"value":15,"label":"Senza categoria"},{"value":167,"label":"Stretchanlagen"}]},"featured_image_src_large":["https:\/\/www.italdibipack.com\/wp-content\/uploads\/2024\/02\/COSMO-avvolgitori-avvolgitori-robotizzati-ITALDIBIPACK-griglia-1024x1024.jpg",1024,1024,true],"author_info":[],"comment_info":"","_links":{"self":[{"href":"https:\/\/www.italdibipack.com\/de\/wp-json\/wp\/v2\/product\/1349","targetHints":{"allow":["GET"]}}],"collection":[{"href":"https:\/\/www.italdibipack.com\/de\/wp-json\/wp\/v2\/product"}],"about":[{"href":"https:\/\/www.italdibipack.com\/de\/wp-json\/wp\/v2\/types\/product"}],"wp:featuredmedia":[{"embeddable":true,"href":"https:\/\/www.italdibipack.com\/de\/wp-json\/wp\/v2\/media\/15228"}],"wp:attachment":[{"href":"https:\/\/www.italdibipack.com\/de\/wp-json\/wp\/v2\/media?parent=1349"}],"wp:term":[{"taxonomy":"product_brand","embeddable":true,"href":"https:\/\/www.italdibipack.com\/de\/wp-json\/wp\/v2\/product_brand?post=1349"},{"taxonomy":"product_cat","embeddable":true,"href":"https:\/\/www.italdibipack.com\/de\/wp-json\/wp\/v2\/product_cat?post=1349"},{"taxonomy":"product_tag","embeddable":true,"href":"https:\/\/www.italdibipack.com\/de\/wp-json\/wp\/v2\/product_tag?post=1349"},{"taxonomy":"settore_applicazione","embeddable":true,"href":"https:\/\/www.italdibipack.com\/de\/wp-json\/wp\/v2\/settore_applicazione?post=1349"},{"taxonomy":"campo_applicativo","embeddable":true,"href":"https:\/\/www.italdibipack.com\/de\/wp-json\/wp\/v2\/campo_applicativo?post=1349"}],"curies":[{"name":"wp","href":"https:\/\/api.w.org\/{rel}","templated":true}]}}