{"id":1350,"date":"2022-06-15T15:13:57","date_gmt":"2022-07-04T16:04:24","guid":{"rendered":"https:\/\/italdibipack.bozzaonline.it\/prodotto\/ecospir-ts-ev\/"},"modified":"2025-03-12T09:32:33","modified_gmt":"2025-03-12T09:32:33","slug":"ecospir-ts-ev","status":"publish","type":"product","link":"https:\/\/www.italdibipack.com\/de\/produkt\/ecospir-ts-ev\/","title":{"rendered":"ECOSPIR TS EV"},"content":{"rendered":"<h3>PALETTENWICKLER MIT OFFENEM DREHTISCH: DAS BELADEN DER PALETTE IST GANZ EINFACH!<\/h3>\n<p>Die Ecospir-Linie bietet auch eine Palettenumh\u00fcllung mit offenem Drehtisch, um das Beladen mit manuellen oder elektrischen Hebern zu erm\u00f6glichen, sodass weder Boden\u00e4nderungen noch eine Rampe erforderlich sind.<\/p>\n<ul>\n<li>Hauptsteuerbox mit \u201eTouchscreen\u201c -Bedienfeld mit sehr einfacher, intuitiver und intuitiver Bedienung (Abbildungen \/ Piktogramme) zum schnellen Einstellen und Regeln der verschiedenen Parameter<\/li>\n<li>Voreinstellung von 8 verschiedenen Arbeitszyklen, von denen jeder alle vom Bediener angepassten Parameter enth\u00e4lt<\/li>\n<li>Maschinensteuerung \u00fcber eine kompakte SPS<\/li>\n<li>M\u00f6glichkeit, einen automatischen oder manuell gesteuerten Arbeitsablauf zu w\u00e4hlen<\/li>\n<li>M\u00f6glichkeit zum Einstellen einer Anzahl von Wickelzyklen in einer kontinuierlichen Abfolge<\/li>\n<li>M\u00f6glichkeit zur Auswahl zwischen 3 verschiedenen Wickelarten: Standard mit Kreuzwickel (w\u00e4hrend des Auf- und Abstiegs des Folienwagens); Einwegverpackung (nur w\u00e4hrend des Aufstiegs des Folienwagens); Standard-Kreuzverpackung mit Folienwagenanschlag oben auf der Ladung, um das manuelle Anbringen einer oberen Abdeckung zu erm\u00f6glichen (der Neustart des Folienwagens wird vom Bediener durch Dr\u00fccken der entsprechenden Taste auf der Steuerbox aktiviert)<\/li>\n<li>Keller mit hinterer Veranlagung zum Heben und Bewegen mit einem Gabelstapler<\/li>\n<li>Separate Einstellung f\u00fcr die untere und obere Verst\u00e4rkungsh\u00fclle<\/li>\n<li>Scharnierm\u00f6glichkeit (S\u00e4ule \/ Keller) zur einfachen und schnellen Montage des Ger\u00e4tes<\/li>\n<li>Filmwagenantriebsmotor im Mast integriert (S\u00e4ule)<\/li>\n<li>Filmwagen\u00fcbertragung durch Kette<\/li>\n<li>Regulierung der Filmtransportgeschwindigkeit \u00fcber Inverter und mit getrennten Parametern f\u00fcr Auf- und Abstieg<\/li>\n<li>Sicherheitssystem an der Unterseite des Filmwagens, um bei Hindernissen den Abstieg zu stoppen<\/li>\n<li>Automatische Erkennung der Wickelh\u00f6he durch Lichtschranke<\/li>\n<li>Plattenspieler Motor mit einem Carter gesch\u00fctzt<\/li>\n<li>Drehzahlregelung des Drehtellers \u00fcber Inverter geregelt, Sanftanlauf und progressive Ankunft in der gleichen Startposition<\/li>\n<li>Sicherheitssystem mit Fotozelle, das an der offenen Seite des Drehtellers angebracht ist, um die Drehung bei Vorhandensein eines Gabelstaplers eines anderen Hindernisses zu stoppen<\/li>\n<li>Drehtellerdrehung mit R\u00e4dern mit Hartgummibeschichtung, die mit einem Kettengetriebe angetrieben werden<\/li>\n<\/ul>\n<p>Maschine hergestellt nach CE-Richtlinien.<\/p>\n<p><strong>ZUBEH\u00d6R UND OPTIONEN AUF ANFRAGE\u00a0\u00a0\u00a0\u00a0\u00a0\u00a0\u00a0\u00a0\u00a0\u00a0\u00a0\u00a0\u00a0\u00a0\u00a0\u00a0\u00a0\u00a0\u00a0\u00a0\u00a0\u00a0\u00a0\u00a0\u00a0\u00a0\u00a0\u00a0\u00a0\u00a0\u00a0\u00a0\u00a0\u00a0\u00a0\u00a0\u00a0\u00a0\u00a0\u00a0\u00a0\u00a0\u00a0\u00a0\u00a0\u00a0\u00a0\u00a0\u00a0\u00a0\u00a0\u00a0\u00a0\u00a0\u00a0\u00a0\u00a0 <\/strong><\/p>\n<ul>\n<li>Fotozelle f\u00fcr Lasten mit dunkler oder reflektierender Farbe oder unter anderen besonderen Bedingungen<\/li>\n<li>Folienschlitten mit einer 200% -igen Kraftvorstreckung (1 mt = 3 mt) mit einfacher und sicherer Beladung der Folie, mit direkter \u00dcbertragung \u00fcber Zahnr\u00e4der und separater Regulierung der Folienspannung \u00fcber das Bedienfeld<\/li>\n<li>Verl\u00e4ngerter Mast f\u00fcr eine Wickelh\u00f6he von 2700<\/li>\n<li>Ladekapazit\u00e4t auf 1500 kg erh\u00f6ht<\/li>\n<\/ul>\n","protected":false},"excerpt":{"rendered":"<h3>PALETTENWICKLER MIT OFFENEM DREHTISCH: DAS BELADEN DER PALETTE IST GANZ EINFACH!<\/h3>\n<p>Die Ecospir-Linie bietet auch eine Palettenumh\u00fcllung mit offenem Drehtisch, um das Beladen mit manuellen oder elektrischen Hebern zu erm\u00f6glichen, sodass weder Boden\u00e4nderungen noch eine Rampe erforderlich sind.<\/p>\n","protected":false},"featured_media":15553,"template":"","meta":{"_acf_changed":false,"_seopress_robots_primary_cat":"none","_seopress_titles_title":"ECOSPIR TS EV: Drehteller-Palettenwickler | ITALDIBIPACK","_seopress_titles_desc":"ECOSPIR TS EV Drehteller-Palettenwickelmaschine. Effizienz und Robustheit f\u00fcr die Stabilisierung Ihrer Paletten.","_seopress_robots_index":"","_eb_attr":"","_gspb_post_css":"","_kad_blocks_custom_css":"","_kad_blocks_head_custom_js":"","_kad_blocks_body_custom_js":"","_kad_blocks_footer_custom_js":"","_eb_data_table":"","_kad_post_transparent":"default","_kad_post_title":"","_kad_post_layout":"default","_kad_post_sidebar_id":"","_kad_post_content_style":"default","_kad_post_vertical_padding":"default","_kad_post_feature":"","_kad_post_feature_position":"","_kad_post_header":false,"_kad_post_footer":false,"_kad_post_classname":""},"product_brand":[],"product_cat":[169,167],"product_tag":[],"settore_applicazione":[],"campo_applicativo":[],"class_list":{"0":"post-1350","1":"product","2":"type-product","3":"status-publish","4":"has-post-thumbnail","6":"product_cat-stretch-wickler-mit-drehtller","7":"product_cat-stretchanlagen","9":"first","10":"instock","11":"taxable","12":"shipping-taxable","13":"product-type-simple","14":"entry","15":"content-bg","16":"loop-entry"},"acf":[],"taxonomy_info":{"product_cat":[{"value":169,"label":"Stretch-wickler mit drehtller"},{"value":167,"label":"Stretchanlagen"}]},"featured_image_src_large":["https:\/\/www.italdibipack.com\/wp-content\/uploads\/2024\/02\/ECOSPIR-TS-EV-avvolgitori-avvolgitori-a-tavola-rotante-ITALDIBIPACK-griglia-1024x1024.jpg",1024,1024,true],"author_info":[],"comment_info":"","_links":{"self":[{"href":"https:\/\/www.italdibipack.com\/de\/wp-json\/wp\/v2\/product\/1350","targetHints":{"allow":["GET"]}}],"collection":[{"href":"https:\/\/www.italdibipack.com\/de\/wp-json\/wp\/v2\/product"}],"about":[{"href":"https:\/\/www.italdibipack.com\/de\/wp-json\/wp\/v2\/types\/product"}],"wp:featuredmedia":[{"embeddable":true,"href":"https:\/\/www.italdibipack.com\/de\/wp-json\/wp\/v2\/media\/15553"}],"wp:attachment":[{"href":"https:\/\/www.italdibipack.com\/de\/wp-json\/wp\/v2\/media?parent=1350"}],"wp:term":[{"taxonomy":"product_brand","embeddable":true,"href":"https:\/\/www.italdibipack.com\/de\/wp-json\/wp\/v2\/product_brand?post=1350"},{"taxonomy":"product_cat","embeddable":true,"href":"https:\/\/www.italdibipack.com\/de\/wp-json\/wp\/v2\/product_cat?post=1350"},{"taxonomy":"product_tag","embeddable":true,"href":"https:\/\/www.italdibipack.com\/de\/wp-json\/wp\/v2\/product_tag?post=1350"},{"taxonomy":"settore_applicazione","embeddable":true,"href":"https:\/\/www.italdibipack.com\/de\/wp-json\/wp\/v2\/settore_applicazione?post=1350"},{"taxonomy":"campo_applicativo","embeddable":true,"href":"https:\/\/www.italdibipack.com\/de\/wp-json\/wp\/v2\/campo_applicativo?post=1350"}],"curies":[{"name":"wp","href":"https:\/\/api.w.org\/{rel}","templated":true}]}}