{"id":1354,"date":"2022-06-15T15:13:57","date_gmt":"2022-07-04T16:04:24","guid":{"rendered":"https:\/\/italdibipack.bozzaonline.it\/prodotto\/ecospir-matic\/"},"modified":"2024-09-23T17:24:16","modified_gmt":"2024-09-23T17:24:16","slug":"ecospir-matic","status":"publish","type":"product","link":"https:\/\/www.italdibipack.com\/de\/produkt\/ecospir-matic\/","title":{"rendered":"ECOSPIR MATIC"},"content":{"rendered":"<h3>SCHWERLAST-DREHMASCHINE MIT AUTOMATISCHEM STRETCH-WICKELZYKLUS<\/h3>\n<p>Um die Palette der Palettenwickelsysteme weiter zu erweitern, hat die Italdibipack Group eine NEUE Palettenwickelmaschine eingef\u00fchrt, die elektrisch funktioniert (Druckluft ist nicht erforderlich) und mit einer exklusiven Schneid- und Klemmvorrichtung PAT ausgestattet ist, sodass der Stretchwickelzyklus vollst\u00e4ndig ist automatisch.<\/p>\n<p>Der Verpackungszyklus beginnt und endet oben auf der Palette. Dieser einzigartig andere Ansatz zum Anbringen und Schneiden der Stretchfolie bietet die folgenden\u00a0 Vorteile :<\/p>\n<ul>\n<li>W\u00e4hlbare Top-Banding-F\u00e4higkeit<\/li>\n<li>Stabilisiert die Ladung fr\u00fch im Wickelzyklus<\/li>\n<li>Platziert den Endfilmschwanz oben auf der Ladung und nicht unten<\/li>\n<li>Eliminiert die Notwendigkeit einer Filmklemmen-Stromquelle am Plattenteller (daher weniger Wartung; kein Bedarf an Druckluft mit Anschl\u00fcssen oder lauten Kompressoren)<\/li>\n<li>Einfacheres, schnelleres und sichereres Positionieren der Ladung auf dem Drehteller (keine Klemme oder andere Systeme, die besch\u00e4digt werden k\u00f6nnen). HAUPTMERKMALE:<\/li>\n<li>Von einer SPS gesteuerte Arbeitsfunktionen und Operationen mit Touchscreen-Bedienerschnittstelle<\/li>\n<li>Power Off \/ On &#8211; Reset-Schalter und Betriebsanzeige<\/li>\n<li>Einzelne Taste Auto Wrap Zyklus Start \/ Pause<\/li>\n<li>Maschinenzustandsanzeige (Lauf; L\u00f6schen oder Fehler)<\/li>\n<li>Auswahl zwischen drei (3) verschiedenen Verpackungsarten: automatische \/ halbautomatische \/ obere Banderolierung<\/li>\n<li>Photoauge zur automatischen Ladeh\u00f6henerkennung<\/li>\n<li>Getrennte Einstellung der oberen und unteren Wicklung von 1 bis 12 Umdrehungen;<\/li>\n<li>Variable Drehzahlregelung des Plattentellers (einstellbar von 3 bis 15 U \/ min) mit sanfter Startbeschleunigung und Endverz\u00f6gerung mit positiver Stoppausrichtung<\/li>\n<li>Filmspannungskontrolle<\/li>\n<li>Filmbruch \/ Filmausfallerkennung mit automatischem Maschinenreset<\/li>\n<li>Separate Regler zum Anheben und Absenken des Filmwagens<\/li>\n<li>Tasten zum Absenken \/ Anheben des Filmwagens<\/li>\n<li>Filmschlitten mit einem Motor mit einstellbarer Geschwindigkeit und Antrieb durch einen Riemen \/ eine Riemenscheibe mit Absturzsicherung.<\/li>\n<li>Vorstreckbarer Folienschlitten (maximale Folienbreite 500 mm) mit 200% Fixierverh\u00e4ltnis (1 mt = 3 mt), angetrieben von einem Motor mit variabler Geschwindigkeit und vollelektronischer dynamischer T\u00e4nzereckenkompensation<\/li>\n<li>Absperrvorrichtung f\u00fcr Hindernisse bei der Wagenabfahrt f\u00fcr zus\u00e4tzliche Sicherheit<\/li>\n<li>Seitlich montierter Folienwagen f\u00fcr Bedienerkomfort und Sicherheit<\/li>\n<li>Drehteller in Vierkantrahmen eingelegt und von einem 36-Rollen-Lagersystem getragen (Direktkettenantrieb, mit Kettenspanner)<\/li>\n<li>Taste zur manuellen Steuerung der Drehrichtung des Drehtellers<\/li>\n<li>Vorgabe zum Anheben der Maschine (mit einem Gabelstapler) von vorne und von hinten (L\u00f6cher im Kellerrahmen)<\/li>\n<li>Hochleistungsrahmen mit Strukturstahlkonstruktion und elektrostatischer Pulverbeschichtung<\/li>\n<li>Notaus-Knopf<\/li>\n<\/ul>\n<p>Maschine hergestellt nach CE-Richtlinien.<\/p>\n","protected":false},"excerpt":{"rendered":"<h3>SCHWERLAST-DREHMASCHINE MIT AUTOMATISCHEM STRETCH-WICKELZYKLUS<\/h3>\n<p>Um die Palette der Palettenwickelsysteme weiter zu erweitern, hat die Italdibipack Group eine NEUE Palettenwickelmaschine eingef\u00fchrt, die elektrisch funktioniert (Druckluft ist nicht erforderlich) und mit einer exklusiven Schneid- und Klemmvorrichtung PAT ausgestattet ist, sodass der Stretchwickelzyklus vollst\u00e4ndig ist automatisch.<\/p>\n","protected":false},"featured_media":15538,"template":"","meta":{"_acf_changed":false,"_seopress_robots_primary_cat":"","_seopress_titles_title":"ECOSPIR MATIC: Automatischer Palettenwickler | ITALDIBIPACK","_seopress_titles_desc":"Vollautomatischer Palettenwickler zur Effizienzmaximierung am Ende der Linie. ITALDIBIPACK-Technologie.","_seopress_robots_index":"","_eb_attr":"","_gspb_post_css":"","_kad_blocks_custom_css":"","_kad_blocks_head_custom_js":"","_kad_blocks_body_custom_js":"","_kad_blocks_footer_custom_js":"","_eb_data_table":"","_kad_post_transparent":"default","_kad_post_title":"","_kad_post_layout":"default","_kad_post_sidebar_id":"","_kad_post_content_style":"default","_kad_post_vertical_padding":"default","_kad_post_feature":"","_kad_post_feature_position":"","_kad_post_header":false,"_kad_post_footer":false,"_kad_post_classname":""},"product_brand":[],"product_cat":[15,169,167],"product_tag":[],"settore_applicazione":[],"campo_applicativo":[],"class_list":{"0":"post-1354","1":"product","2":"type-product","3":"status-publish","4":"has-post-thumbnail","6":"product_cat-senza-categoria","7":"product_cat-stretch-wickler-mit-drehtller","8":"product_cat-stretchanlagen","10":"first","11":"instock","12":"taxable","13":"shipping-taxable","14":"product-type-simple","15":"entry","16":"content-bg","17":"loop-entry"},"acf":[],"taxonomy_info":{"product_cat":[{"value":15,"label":"Senza categoria"},{"value":169,"label":"Stretch-wickler mit drehtller"},{"value":167,"label":"Stretchanlagen"}]},"featured_image_src_large":["https:\/\/www.italdibipack.com\/wp-content\/uploads\/2024\/02\/ECOSPIR-MATIC-avvolgitori-avvolgitori-a-tavola-rotante-ITALDIBIPACK-griglia-1024x1024.jpg",1024,1024,true],"author_info":[],"comment_info":"","_links":{"self":[{"href":"https:\/\/www.italdibipack.com\/de\/wp-json\/wp\/v2\/product\/1354","targetHints":{"allow":["GET"]}}],"collection":[{"href":"https:\/\/www.italdibipack.com\/de\/wp-json\/wp\/v2\/product"}],"about":[{"href":"https:\/\/www.italdibipack.com\/de\/wp-json\/wp\/v2\/types\/product"}],"wp:featuredmedia":[{"embeddable":true,"href":"https:\/\/www.italdibipack.com\/de\/wp-json\/wp\/v2\/media\/15538"}],"wp:attachment":[{"href":"https:\/\/www.italdibipack.com\/de\/wp-json\/wp\/v2\/media?parent=1354"}],"wp:term":[{"taxonomy":"product_brand","embeddable":true,"href":"https:\/\/www.italdibipack.com\/de\/wp-json\/wp\/v2\/product_brand?post=1354"},{"taxonomy":"product_cat","embeddable":true,"href":"https:\/\/www.italdibipack.com\/de\/wp-json\/wp\/v2\/product_cat?post=1354"},{"taxonomy":"product_tag","embeddable":true,"href":"https:\/\/www.italdibipack.com\/de\/wp-json\/wp\/v2\/product_tag?post=1354"},{"taxonomy":"settore_applicazione","embeddable":true,"href":"https:\/\/www.italdibipack.com\/de\/wp-json\/wp\/v2\/settore_applicazione?post=1354"},{"taxonomy":"campo_applicativo","embeddable":true,"href":"https:\/\/www.italdibipack.com\/de\/wp-json\/wp\/v2\/campo_applicativo?post=1354"}],"curies":[{"name":"wp","href":"https:\/\/api.w.org\/{rel}","templated":true}]}}