{"id":1355,"date":"2022-06-15T15:13:57","date_gmt":"2022-07-04T16:04:24","guid":{"rendered":"https:\/\/italdibipack.bozzaonline.it\/prodotto\/ecospir-line\/"},"modified":"2024-09-23T17:24:16","modified_gmt":"2024-09-23T17:24:16","slug":"ecospir-line","status":"publish","type":"product","link":"https:\/\/www.italdibipack.com\/de\/produkt\/ecospir-line\/","title":{"rendered":"ECOSPIR LINE"},"content":{"rendered":"<h3>VOLLAUTOMATISCHE PALETTENWICKELANLAGEN<\/h3>\n<p>Gro\u00dfe Auswahl an vollautomatischen Palettenwicklungslinien, vom einfachsten (Zufuhrf\u00f6rderer &#8211; Palettenwickler &#8211; Abfuhrf\u00f6rderer) bis zu den vollst\u00e4ndigsten und am besten ausgestatteten, sowohl standardisiert als auch kundenspezifisch.<\/p>\n<p>Maschinen hergestellt nach CE-Richtlinien<\/p>\n<p><strong>LAYOUT EINER STANDARDISIERTEN PALETTENWICKELANLAGE<\/strong><\/p>\n<p><strong>TECHNISCHE MERKMALE EINER STANDARDISIERTEN PALETTENWICKELANLAGE<\/strong><\/p>\n<ul>\n<li>Stromversorgung 220\/380 V &#8211; 3 Ph + N<\/li>\n<li>Maximale Palettenabmessungen 800 \u00d7 1200 mm \/ 1000 \u00d7 1200 mm<\/li>\n<li>Maximale Palettenh\u00f6he 1800 mm<\/li>\n<li>Maximales Palettengewicht 1200 kg<\/li>\n<li>Motorisierte Kettenf\u00f6rdergeschwindigkeit 10 m \/ min.<\/li>\n<li>Motorisierte Rollenbahngeschwindigkeit 10 m \/ min.<\/li>\n<li>Leistung 20\/50 Paletten \/ Stunde<\/li>\n<\/ul>\n","protected":false},"excerpt":{"rendered":"<h3>VOLLAUTOMATISCHE PALETTENWICKELANLAGEN<\/h3>\n<p>Gro\u00dfe Auswahl an vollautomatischen Palettenwicklungslinien, vom einfachsten (Zufuhrf\u00f6rderer &#8211; Palettenwickler &#8211; Abfuhrf\u00f6rderer) bis zu den vollst\u00e4ndigsten und am besten ausgestatteten, sowohl standardisiert als auch kundenspezifisch.<\/p>\n<p>Maschinen hergestellt nach CE-Richtlinien<\/p>\n","protected":false},"featured_media":16535,"template":"","meta":{"_acf_changed":false,"_seopress_robots_primary_cat":"","_seopress_titles_title":"ECOSPIR-Linie: Palettenwickell\u00f6sungen | ITALDIBIPACK","_seopress_titles_desc":"Komplettes Sortiment an Palettenwicklern der ECOSPIR-Serie. L\u00f6sungen f\u00fcr jeden Bedarf an Ladungssicherung.","_seopress_robots_index":"","_eb_attr":"","_gspb_post_css":"","_kad_blocks_custom_css":"","_kad_blocks_head_custom_js":"","_kad_blocks_body_custom_js":"","_kad_blocks_footer_custom_js":"","_eb_data_table":"","_kad_post_transparent":"default","_kad_post_title":"","_kad_post_layout":"default","_kad_post_sidebar_id":"","_kad_post_content_style":"default","_kad_post_vertical_padding":"default","_kad_post_feature":"","_kad_post_feature_position":"","_kad_post_header":false,"_kad_post_footer":false,"_kad_post_classname":""},"product_brand":[],"product_cat":[15,169,167],"product_tag":[],"settore_applicazione":[],"campo_applicativo":[],"class_list":{"0":"post-1355","1":"product","2":"type-product","3":"status-publish","4":"has-post-thumbnail","6":"product_cat-senza-categoria","7":"product_cat-stretch-wickler-mit-drehtller","8":"product_cat-stretchanlagen","10":"first","11":"instock","12":"taxable","13":"shipping-taxable","14":"product-type-simple","15":"entry","16":"content-bg","17":"loop-entry"},"acf":[],"taxonomy_info":{"product_cat":[{"value":15,"label":"Senza categoria"},{"value":169,"label":"Stretch-wickler mit drehtller"},{"value":167,"label":"Stretchanlagen"}]},"featured_image_src_large":["https:\/\/www.italdibipack.com\/wp-content\/uploads\/2022\/06\/ECOSPIR-LINE-avvolgitori-avvolgitori-a-tavola-rotante-ITALDIBIPACK-griglia-1024x1024.jpg",1024,1024,true],"author_info":[],"comment_info":"","_links":{"self":[{"href":"https:\/\/www.italdibipack.com\/de\/wp-json\/wp\/v2\/product\/1355","targetHints":{"allow":["GET"]}}],"collection":[{"href":"https:\/\/www.italdibipack.com\/de\/wp-json\/wp\/v2\/product"}],"about":[{"href":"https:\/\/www.italdibipack.com\/de\/wp-json\/wp\/v2\/types\/product"}],"wp:featuredmedia":[{"embeddable":true,"href":"https:\/\/www.italdibipack.com\/de\/wp-json\/wp\/v2\/media\/16535"}],"wp:attachment":[{"href":"https:\/\/www.italdibipack.com\/de\/wp-json\/wp\/v2\/media?parent=1355"}],"wp:term":[{"taxonomy":"product_brand","embeddable":true,"href":"https:\/\/www.italdibipack.com\/de\/wp-json\/wp\/v2\/product_brand?post=1355"},{"taxonomy":"product_cat","embeddable":true,"href":"https:\/\/www.italdibipack.com\/de\/wp-json\/wp\/v2\/product_cat?post=1355"},{"taxonomy":"product_tag","embeddable":true,"href":"https:\/\/www.italdibipack.com\/de\/wp-json\/wp\/v2\/product_tag?post=1355"},{"taxonomy":"settore_applicazione","embeddable":true,"href":"https:\/\/www.italdibipack.com\/de\/wp-json\/wp\/v2\/settore_applicazione?post=1355"},{"taxonomy":"campo_applicativo","embeddable":true,"href":"https:\/\/www.italdibipack.com\/de\/wp-json\/wp\/v2\/campo_applicativo?post=1355"}],"curies":[{"name":"wp","href":"https:\/\/api.w.org\/{rel}","templated":true}]}}