{"id":1356,"date":"2022-06-15T15:13:57","date_gmt":"2022-07-04T16:04:24","guid":{"rendered":"https:\/\/italdibipack.bozzaonline.it\/prodotto\/nastropack-tb-ev\/"},"modified":"2024-09-23T17:24:16","modified_gmt":"2024-09-23T17:24:16","slug":"nastropack-tb-ev","status":"publish","type":"product","link":"https:\/\/www.italdibipack.com\/de\/produkt\/nastropack-tb-ev\/","title":{"rendered":"NASTROPACK NP 01 TB EV"},"content":{"rendered":"<h3>DIE PROFESSIONELLE BANDDICHTUNG: KOFFERBANDMASCHINE MIT ANTRIEB VON OBEN UND UNTEN<\/h3>\n<p>NASTROPACK NP 01 TB EV Die beste L\u00f6sung, um die instabilsten Kartons zu verschlie\u00dfen.<\/p>\n<p><strong>TECHNISCHE DATEN &#8211; NASTROPACK NP 01 TB EV<br \/>\n<\/strong><\/p>\n<ul>\n<li>Aussehen: lebendigere Farbe, modern, frisch\u2026 und noch verbesserte Maschinenstruktur in einigen kleinen Teilen<\/li>\n<li>Standardm\u00e4\u00dfig am Maschinenrahmen angebrachte Millimeter-Skala zur einfachen und schnellen Anpassung der oberen Baugruppe an die H\u00f6he des zu verklebenden Kartons<\/li>\n<li>Maximale Breite der Kartons: 620 mm<\/li>\n<li>Maximale H\u00f6he der Kartons: 550 mm<\/li>\n<li>Mindestbreite der Kartons: 150 mm<\/li>\n<li>Mindesth\u00f6he der Kartons: 120 mm<\/li>\n<li>Blaue Farbe (Hauptstruktur der Maschine) und gelbe Farbe (bewegliche Teile)<\/li>\n<\/ul>\n<p>&nbsp;<\/p>\n","protected":false},"excerpt":{"rendered":"<h3>DIE PROFESSIONELLE BANDDICHTUNG: KOFFERBANDMASCHINE MIT ANTRIEB VON OBEN UND UNTEN<\/h3>\n<p>NASTROPACK NP 01 TB EV Die beste L\u00f6sung, um die instabilsten Kartons zu verschlie\u00dfen.<\/p>\n","protected":false},"featured_media":16378,"template":"","meta":{"_acf_changed":false,"_seopress_robots_primary_cat":"","_seopress_titles_title":"NASTROPACK NP 01 TB EV: Kartonverschlie\u00dfer | ITALDIBIPACK","_seopress_titles_desc":"Halbautomatischer Kartonverschlie\u00dfer mit Ober- und Unterantrieb. Ideal f\u00fcr instabile oder schwere Kartons.","_seopress_robots_index":"","_eb_attr":"","_gspb_post_css":"","_kad_blocks_custom_css":"","_kad_blocks_head_custom_js":"","_kad_blocks_body_custom_js":"","_kad_blocks_footer_custom_js":"","_eb_data_table":"","_kad_post_transparent":"default","_kad_post_title":"","_kad_post_layout":"default","_kad_post_sidebar_id":"","_kad_post_content_style":"default","_kad_post_vertical_padding":"default","_kad_post_feature":"","_kad_post_feature_position":"","_kad_post_header":false,"_kad_post_footer":false,"_kad_post_classname":""},"product_brand":[],"product_cat":[171,15],"product_tag":[],"settore_applicazione":[],"campo_applicativo":[],"class_list":{"0":"post-1356","1":"product","2":"type-product","3":"status-publish","4":"has-post-thumbnail","6":"product_cat-klebebandmaschinen","7":"product_cat-senza-categoria","9":"first","10":"instock","11":"taxable","12":"shipping-taxable","13":"product-type-simple","14":"entry","15":"content-bg","16":"loop-entry"},"acf":[],"taxonomy_info":{"product_cat":[{"value":171,"label":"Klebebandmaschinen"},{"value":15,"label":"Senza categoria"}]},"featured_image_src_large":["https:\/\/www.italdibipack.com\/wp-content\/uploads\/2024\/02\/NASTROPACK-NP-01-TB-EV-nastratrici-ITALDIBIPACK-griglia-1024x1024.jpg",1024,1024,true],"author_info":[],"comment_info":"","_links":{"self":[{"href":"https:\/\/www.italdibipack.com\/de\/wp-json\/wp\/v2\/product\/1356","targetHints":{"allow":["GET"]}}],"collection":[{"href":"https:\/\/www.italdibipack.com\/de\/wp-json\/wp\/v2\/product"}],"about":[{"href":"https:\/\/www.italdibipack.com\/de\/wp-json\/wp\/v2\/types\/product"}],"wp:featuredmedia":[{"embeddable":true,"href":"https:\/\/www.italdibipack.com\/de\/wp-json\/wp\/v2\/media\/16378"}],"wp:attachment":[{"href":"https:\/\/www.italdibipack.com\/de\/wp-json\/wp\/v2\/media?parent=1356"}],"wp:term":[{"taxonomy":"product_brand","embeddable":true,"href":"https:\/\/www.italdibipack.com\/de\/wp-json\/wp\/v2\/product_brand?post=1356"},{"taxonomy":"product_cat","embeddable":true,"href":"https:\/\/www.italdibipack.com\/de\/wp-json\/wp\/v2\/product_cat?post=1356"},{"taxonomy":"product_tag","embeddable":true,"href":"https:\/\/www.italdibipack.com\/de\/wp-json\/wp\/v2\/product_tag?post=1356"},{"taxonomy":"settore_applicazione","embeddable":true,"href":"https:\/\/www.italdibipack.com\/de\/wp-json\/wp\/v2\/settore_applicazione?post=1356"},{"taxonomy":"campo_applicativo","embeddable":true,"href":"https:\/\/www.italdibipack.com\/de\/wp-json\/wp\/v2\/campo_applicativo?post=1356"}],"curies":[{"name":"wp","href":"https:\/\/api.w.org\/{rel}","templated":true}]}}