{"id":1359,"date":"2022-06-15T15:13:57","date_gmt":"2022-07-04T16:04:24","guid":{"rendered":"https:\/\/italdibipack.bozzaonline.it\/prodotto\/nastropack-np-01-lc-ev\/"},"modified":"2024-11-22T15:48:01","modified_gmt":"2024-11-22T15:48:01","slug":"nastropack-np-01-lc-ev","status":"publish","type":"product","link":"https:\/\/www.italdibipack.com\/de\/produkt\/nastropack-np-01-lc-ev\/","title":{"rendered":"NASTROPACK NP 01 LC EV"},"content":{"rendered":"<h3>DAS PROFESSIONELLE TAPE-SEALING: TAPE-SEALERS F\u00dcR KARTONS IN STANDARDGR\u00d6SSE<\/h3>\n<p>NASTROPACK NP 01 LC EV ist eine automatische Siegelmaschine f\u00fcr Kartonschachteln in Standardgr\u00f6\u00dfe (Einheiten mit fester H\u00f6he und Breite). Zwei schnelle und einfache manuelle Handradeinstellungen erm\u00f6glichen die Einstellung der Maschine auf die gew\u00fcnschte Kastengr\u00f6\u00dfe. Die obere und die untere Klappe werden gleichzeitig versiegelt (der Karton muss in die Maschine eingef\u00fchrt werden, wobei die oberen Klappen bereits geschlossen sind). Ideale L\u00f6sung f\u00fcr Kartonagen mit einer maximalen Breite und H\u00f6he von 48 cm. Die Maschine arbeitet mit PP-Klebeb\u00e4ndern mit einer Breite von bis zu 60 mm und einem Kerndurchmesser von 75 mm. Maschine hergestellt nach CE-Richtlinien.<\/p>\n","protected":false},"excerpt":{"rendered":"<h3>DAS PROFESSIONELLE TAPE-SEALING: TAPE-SEALERS F\u00dcR KARTONS IN STANDARDGR\u00d6SSE<\/h3>\n<p>NASTROPACK NP 01 LC EV ist eine automatische Siegelmaschine f\u00fcr Kartonschachteln in Standardgr\u00f6\u00dfe (Einheiten mit fester H\u00f6he und Breite). Zwei schnelle und einfache manuelle Handradeinstellungen erm\u00f6glichen die Einstellung der Maschine auf die gew\u00fcnschte Kastengr\u00f6\u00dfe. Die obere und die untere Klappe werden gleichzeitig versiegelt (der Karton muss in die Maschine eingef\u00fchrt werden, wobei die oberen Klappen bereits geschlossen sind). Ideale L\u00f6sung f\u00fcr Kartonagen mit einer maximalen Breite und H\u00f6he von 48 cm. Die Maschine arbeitet mit PP-Klebeb\u00e4ndern mit einer Breite von bis zu 60 mm und einem Kerndurchmesser von 75 mm. Maschine hergestellt nach CE-Richtlinien.<\/p>\n","protected":false},"featured_media":16363,"template":"","meta":{"_acf_changed":false,"_seopress_robots_primary_cat":"none","_seopress_titles_title":"NASTROPACK NP 01 LC EV: Kartonverschlie\u00dfer | ITALDIBIPACK","_seopress_titles_desc":"Halbautomatischer Kartonverschlie\u00dfer zum Verschlie\u00dfen von Kartons. Einfache und schnelle manuelle Einstellung.","_seopress_robots_index":"","_eb_attr":"","_gspb_post_css":"","_kad_blocks_custom_css":"","_kad_blocks_head_custom_js":"","_kad_blocks_body_custom_js":"","_kad_blocks_footer_custom_js":"","_eb_data_table":"","_kad_post_transparent":"default","_kad_post_title":"","_kad_post_layout":"default","_kad_post_sidebar_id":"","_kad_post_content_style":"default","_kad_post_vertical_padding":"default","_kad_post_feature":"","_kad_post_feature_position":"","_kad_post_header":false,"_kad_post_footer":false,"_kad_post_classname":""},"product_brand":[],"product_cat":[171],"product_tag":[],"settore_applicazione":[],"campo_applicativo":[],"class_list":{"0":"post-1359","1":"product","2":"type-product","3":"status-publish","4":"has-post-thumbnail","6":"product_cat-klebebandmaschinen","8":"first","9":"instock","10":"taxable","11":"shipping-taxable","12":"purchasable","13":"product-type-simple","14":"entry","15":"content-bg","16":"loop-entry"},"acf":[],"taxonomy_info":{"product_cat":[{"value":171,"label":"Klebebandmaschinen"}]},"featured_image_src_large":["https:\/\/www.italdibipack.com\/wp-content\/uploads\/2024\/02\/NASTROPACK-NP-01-LC-EV-nastratrici-ITALDIBIPACK-griglia-1024x1024.jpg",1024,1024,true],"author_info":[],"comment_info":"","_links":{"self":[{"href":"https:\/\/www.italdibipack.com\/de\/wp-json\/wp\/v2\/product\/1359","targetHints":{"allow":["GET"]}}],"collection":[{"href":"https:\/\/www.italdibipack.com\/de\/wp-json\/wp\/v2\/product"}],"about":[{"href":"https:\/\/www.italdibipack.com\/de\/wp-json\/wp\/v2\/types\/product"}],"wp:featuredmedia":[{"embeddable":true,"href":"https:\/\/www.italdibipack.com\/de\/wp-json\/wp\/v2\/media\/16363"}],"wp:attachment":[{"href":"https:\/\/www.italdibipack.com\/de\/wp-json\/wp\/v2\/media?parent=1359"}],"wp:term":[{"taxonomy":"product_brand","embeddable":true,"href":"https:\/\/www.italdibipack.com\/de\/wp-json\/wp\/v2\/product_brand?post=1359"},{"taxonomy":"product_cat","embeddable":true,"href":"https:\/\/www.italdibipack.com\/de\/wp-json\/wp\/v2\/product_cat?post=1359"},{"taxonomy":"product_tag","embeddable":true,"href":"https:\/\/www.italdibipack.com\/de\/wp-json\/wp\/v2\/product_tag?post=1359"},{"taxonomy":"settore_applicazione","embeddable":true,"href":"https:\/\/www.italdibipack.com\/de\/wp-json\/wp\/v2\/settore_applicazione?post=1359"},{"taxonomy":"campo_applicativo","embeddable":true,"href":"https:\/\/www.italdibipack.com\/de\/wp-json\/wp\/v2\/campo_applicativo?post=1359"}],"curies":[{"name":"wp","href":"https:\/\/api.w.org\/{rel}","templated":true}]}}