{"id":1361,"date":"2022-06-15T15:13:57","date_gmt":"2022-07-04T16:04:24","guid":{"rendered":"https:\/\/italdibipack.bozzaonline.it\/prodotto\/deltareg-aa200\/"},"modified":"2024-09-23T17:24:17","modified_gmt":"2024-09-23T17:24:17","slug":"deltareg-aa200","status":"publish","type":"product","link":"https:\/\/www.italdibipack.com\/de\/produkt\/deltareg-aa200\/","title":{"rendered":"DELTAREG AA200"},"content":{"rendered":"<h3><strong>AUTOMATISCHES UMREIFEN<\/strong><\/h3>\n<p>Automatische Umreifungsmaschine mit Stahl-Umlenkrollen-Arbeitsplatte, um das Produkt leicht gleiten zu lassen. Die automatische Umreifung erfolgt \u00fcber ein Pedal, einen Knopf oder eine Kugel auf der Arbeitsplatte.<\/p>\n<ul>\n<li>Stahl-Standardbogen 850 x 600 mm auf Anfrage kundenspezifisch<\/li>\n<li>Elektronische Steuerkarte<\/li>\n<li>Reset-Taste enthalten<\/li>\n<li>24V Schaltschrank<\/li>\n<li>Bedienfeld auf der Bedienerseite<\/li>\n<li>Sofortige Versiegelung durch einen erw\u00e4rmten Draht<\/li>\n<li>N \u00b0 3 abschaltbare Motoren<\/li>\n<li>Externe Einstellung der Riemenspannung<\/li>\n<li>Maschinen sind auf R\u00e4dern, sodass sie schnell von einer Aufgabe zur n\u00e4chsten bewegt werden k\u00f6nnen<\/li>\n<li>Optionen auf Anfrage: Doppelpedal, Doppelpressvorrichtung f\u00fcr spezielle Anwendungen, 380 V &#8211; 3 Ph Spannung<\/li>\n<li>Die Maschine arbeitet mit PPL- und PET-Band oder Metallband.<\/li>\n<\/ul>\n<p>Maschine hergestellt nach CE-Richtlinien.<\/p>\n","protected":false},"excerpt":{"rendered":"<h3><strong>AUTOMATISCHES UMREIFEN<\/strong><\/h3>\n<p>Automatische Umreifungsmaschine mit Stahl-Umlenkrollen-Arbeitsplatte, um das Produkt leicht gleiten zu lassen. Die automatische Umreifung erfolgt \u00fcber ein Pedal, einen Knopf oder eine Kugel auf der Arbeitsplatte.<\/p>\n","protected":false},"featured_media":15258,"template":"","meta":{"_acf_changed":false,"_seopress_robots_primary_cat":"","_seopress_titles_title":"DELTAREG AA200: Flowpack-Wickler | ITALDIBIPACK","_seopress_titles_desc":"Entdecken Sie die Leistung der DELTAREG AA200 Flowpack-Maschine. Vielseitig und zuverl\u00e4ssig f\u00fcr jedes Produkt.","_seopress_robots_index":"","_eb_attr":"","_gspb_post_css":"","_kad_blocks_custom_css":"","_kad_blocks_head_custom_js":"","_kad_blocks_body_custom_js":"","_kad_blocks_footer_custom_js":"","_eb_data_table":"","_kad_post_transparent":"default","_kad_post_title":"","_kad_post_layout":"default","_kad_post_sidebar_id":"","_kad_post_content_style":"default","_kad_post_vertical_padding":"default","_kad_post_feature":"","_kad_post_feature_position":"","_kad_post_header":false,"_kad_post_footer":false,"_kad_post_classname":""},"product_brand":[],"product_cat":[15,172],"product_tag":[],"settore_applicazione":[],"campo_applicativo":[],"class_list":{"0":"post-1361","1":"product","2":"type-product","3":"status-publish","4":"has-post-thumbnail","6":"product_cat-senza-categoria","7":"product_cat-umreifungsmachinen","9":"first","10":"instock","11":"taxable","12":"shipping-taxable","13":"product-type-simple","14":"entry","15":"content-bg","16":"loop-entry"},"acf":[],"taxonomy_info":{"product_cat":[{"value":15,"label":"Senza categoria"},{"value":172,"label":"Umreifungsmachinen"}]},"featured_image_src_large":["https:\/\/www.italdibipack.com\/wp-content\/uploads\/2024\/02\/DELTAREG-AA200-reggiatrici-ITALDIBIPACK-griglia-1024x1024.jpg",1024,1024,true],"author_info":[],"comment_info":"","_links":{"self":[{"href":"https:\/\/www.italdibipack.com\/de\/wp-json\/wp\/v2\/product\/1361","targetHints":{"allow":["GET"]}}],"collection":[{"href":"https:\/\/www.italdibipack.com\/de\/wp-json\/wp\/v2\/product"}],"about":[{"href":"https:\/\/www.italdibipack.com\/de\/wp-json\/wp\/v2\/types\/product"}],"wp:featuredmedia":[{"embeddable":true,"href":"https:\/\/www.italdibipack.com\/de\/wp-json\/wp\/v2\/media\/15258"}],"wp:attachment":[{"href":"https:\/\/www.italdibipack.com\/de\/wp-json\/wp\/v2\/media?parent=1361"}],"wp:term":[{"taxonomy":"product_brand","embeddable":true,"href":"https:\/\/www.italdibipack.com\/de\/wp-json\/wp\/v2\/product_brand?post=1361"},{"taxonomy":"product_cat","embeddable":true,"href":"https:\/\/www.italdibipack.com\/de\/wp-json\/wp\/v2\/product_cat?post=1361"},{"taxonomy":"product_tag","embeddable":true,"href":"https:\/\/www.italdibipack.com\/de\/wp-json\/wp\/v2\/product_tag?post=1361"},{"taxonomy":"settore_applicazione","embeddable":true,"href":"https:\/\/www.italdibipack.com\/de\/wp-json\/wp\/v2\/settore_applicazione?post=1361"},{"taxonomy":"campo_applicativo","embeddable":true,"href":"https:\/\/www.italdibipack.com\/de\/wp-json\/wp\/v2\/campo_applicativo?post=1361"}],"curies":[{"name":"wp","href":"https:\/\/api.w.org\/{rel}","templated":true}]}}