{"id":1362,"date":"2022-06-15T15:13:57","date_gmt":"2022-07-04T16:04:24","guid":{"rendered":"https:\/\/italdibipack.bozzaonline.it\/prodotto\/deltareg-aa202x\/"},"modified":"2024-09-23T17:24:17","modified_gmt":"2024-09-23T17:24:17","slug":"deltareg-aa202x","status":"publish","type":"product","link":"https:\/\/www.italdibipack.com\/de\/produkt\/deltareg-aa202x\/","title":{"rendered":"DELTAREG AA202X"},"content":{"rendered":"<h3><strong>DIE PRAKTISCHSTE UND G\u00dcNSTIGSTE UMREIFMASCHINE AUF DEM MARKT<\/strong><\/h3>\n<p>Halbautomatische Standard-Umreifungsmaschine: einfach, robust, wartungsarm, mit offenem oder geschlossenem Rahmen erh\u00e4ltlich.<\/p>\n<ul>\n<li>Elektronische Steuerkarte<\/li>\n<li>Reset-Taste enthalten<\/li>\n<li>24V Schaltschrank<\/li>\n<li>Sofortige Versiegelung durch einen erw\u00e4rmten Draht<\/li>\n<li>Motor abstellen<\/li>\n<li>Externe Einstellung der Riemenspannung<\/li>\n<li>Arbeitsplatte h\u00f6henverstellbar (740 \u00f7 895) &#8211; auf Anfrage<\/li>\n<li>Maschinen sind auf R\u00e4dern, sodass sie \u00fcberall schnell bewegt werden k\u00f6nnen<\/li>\n<\/ul>\n<p>Die Maschine arbeitet mit\u00a0\u00a0<strong>PPL und PET oder Metallband<\/strong>\u00a0.<\/p>\n","protected":false},"excerpt":{"rendered":"<h3><strong>DIE PRAKTISCHSTE UND G\u00dcNSTIGSTE UMREIFMASCHINE AUF DEM MARKT<\/strong><\/h3>\n<p>Halbautomatische Standard-Umreifungsmaschine: einfach, robust, wartungsarm, mit offenem oder geschlossenem Rahmen erh\u00e4ltlich.<\/p>\n","protected":false},"featured_media":15273,"template":"","meta":{"_acf_changed":false,"_seopress_robots_primary_cat":"","_seopress_titles_title":"DELTAREG AA202X: Flowpack-Verpackung | ITALDIBIPACK","_seopress_titles_desc":"Elektronische horizontale Flowpack-Maschine f\u00fcr flexible Verpackungen. Pr\u00e4zision und Schnelligkeit.","_seopress_robots_index":"","_eb_attr":"","_gspb_post_css":"","_kad_blocks_custom_css":"","_kad_blocks_head_custom_js":"","_kad_blocks_body_custom_js":"","_kad_blocks_footer_custom_js":"","_eb_data_table":"","_kad_post_transparent":"default","_kad_post_title":"","_kad_post_layout":"default","_kad_post_sidebar_id":"","_kad_post_content_style":"default","_kad_post_vertical_padding":"default","_kad_post_feature":"","_kad_post_feature_position":"","_kad_post_header":false,"_kad_post_footer":false,"_kad_post_classname":""},"product_brand":[],"product_cat":[15,172],"product_tag":[],"settore_applicazione":[],"campo_applicativo":[],"class_list":{"0":"post-1362","1":"product","2":"type-product","3":"status-publish","4":"has-post-thumbnail","6":"product_cat-senza-categoria","7":"product_cat-umreifungsmachinen","9":"first","10":"instock","11":"taxable","12":"shipping-taxable","13":"product-type-simple","14":"entry","15":"content-bg","16":"loop-entry"},"acf":[],"taxonomy_info":{"product_cat":[{"value":15,"label":"Senza categoria"},{"value":172,"label":"Umreifungsmachinen"}]},"featured_image_src_large":["https:\/\/www.italdibipack.com\/wp-content\/uploads\/2024\/02\/DELTAREG-AA202X-reggiatrici-ITALDIBIPACK-griglia-1024x1024.jpg",1024,1024,true],"author_info":[],"comment_info":"","_links":{"self":[{"href":"https:\/\/www.italdibipack.com\/de\/wp-json\/wp\/v2\/product\/1362","targetHints":{"allow":["GET"]}}],"collection":[{"href":"https:\/\/www.italdibipack.com\/de\/wp-json\/wp\/v2\/product"}],"about":[{"href":"https:\/\/www.italdibipack.com\/de\/wp-json\/wp\/v2\/types\/product"}],"wp:featuredmedia":[{"embeddable":true,"href":"https:\/\/www.italdibipack.com\/de\/wp-json\/wp\/v2\/media\/15273"}],"wp:attachment":[{"href":"https:\/\/www.italdibipack.com\/de\/wp-json\/wp\/v2\/media?parent=1362"}],"wp:term":[{"taxonomy":"product_brand","embeddable":true,"href":"https:\/\/www.italdibipack.com\/de\/wp-json\/wp\/v2\/product_brand?post=1362"},{"taxonomy":"product_cat","embeddable":true,"href":"https:\/\/www.italdibipack.com\/de\/wp-json\/wp\/v2\/product_cat?post=1362"},{"taxonomy":"product_tag","embeddable":true,"href":"https:\/\/www.italdibipack.com\/de\/wp-json\/wp\/v2\/product_tag?post=1362"},{"taxonomy":"settore_applicazione","embeddable":true,"href":"https:\/\/www.italdibipack.com\/de\/wp-json\/wp\/v2\/settore_applicazione?post=1362"},{"taxonomy":"campo_applicativo","embeddable":true,"href":"https:\/\/www.italdibipack.com\/de\/wp-json\/wp\/v2\/campo_applicativo?post=1362"}],"curies":[{"name":"wp","href":"https:\/\/api.w.org\/{rel}","templated":true}]}}