{"id":1363,"date":"2022-06-15T15:14:18","date_gmt":"2022-07-04T16:04:24","guid":{"rendered":"https:\/\/italdibipack.bozzaonline.it\/prodotto\/linea-ecopac\/"},"modified":"2024-09-23T17:24:17","modified_gmt":"2024-09-23T17:24:17","slug":"linea-ecopac","status":"publish","type":"product","link":"https:\/\/www.italdibipack.com\/de\/produkt\/linea-ecopac\/","title":{"rendered":"ECOPAC LINE"},"content":{"rendered":"<h3>W\u00c4RMESCHRUMPFENDE SCHLAUCHWICKELSYSTEME<\/h3>\n<p>Eine kompakte, robuste und praktische Produktreihe von manuellen B\u00fcndelungsmaschinen in verschiedenen Gr\u00f6\u00dfen, mit denen eine Vielzahl von Produkten (Flaschen, Gl\u00e4ser, Dosen, Kolben, Kisten und vieles mehr) einfach und wirtschaftlich geb\u00fcndelt werden kann. Die ideale L\u00f6sung zum Verschlie\u00dfen von Kartons, zum Herstellen von Einzelst\u00fccken durch Integration und \/ oder Ersetzen der Verwendung von Wellpappe am Ende der Linie, mit gro\u00dfem Vorteil in Bezug auf die Verwaltung, das Erscheinungsbild und die Kosten. Die ECOPAC-Linie pr\u00e4sentiert die Modelle 500 und 650.<\/p>\n<h3>HAUPTMERKMALE ALLER MODELLE DER ECOPAC-LINIE<\/h3>\n<ul>\n<li>Elektronische Temperaturregelung. Die Erw\u00e4rmung der Luft im Tunnel erfolgt durch gerippte und gepanzerte elektrische Widerst\u00e4nde.<\/li>\n<li>Die Luftzirkulation im Tunnel wird erzwungen und in einem geschlossenen Kreislauf mit der M\u00f6glichkeit, die Str\u00f6mung durch verstellbare Schotte einzustellen, um bessere Ergebnisse beim Einfahren zu erzielen.<\/li>\n<li>F\u00f6rderband im verzinkten Stahlmaschentunnel.<\/li>\n<li>Die Folie wird mit einem impulserhitzten Draht geschnitten, der mit einem Hebel bet\u00e4tigt wird.<\/li>\n<li>Der Wechsel des Produktformats ist sehr einfach und schnell durchzuf\u00fchren.<\/li>\n<li>Die Maschine arbeitet mit flachem Polyethylen.<\/li>\n<\/ul>\n<p>Maschine hergestellt nach CE-Richtlinien<\/p>\n","protected":false},"excerpt":{"rendered":"<h3>W\u00c4RMESCHRUMPFENDE SCHLAUCHWICKELSYSTEME<\/h3>\n<p>Eine kompakte, robuste und praktische Produktreihe von manuellen B\u00fcndelungsmaschinen in verschiedenen Gr\u00f6\u00dfen, mit denen eine Vielzahl von Produkten (Flaschen, Gl\u00e4ser, Dosen, Kolben, Kisten und vieles mehr) einfach und wirtschaftlich geb\u00fcndelt werden kann. Die ideale L\u00f6sung zum Verschlie\u00dfen von Kartons, zum Herstellen von Einzelst\u00fccken durch Integration und \/ oder Ersetzen der Verwendung von Wellpappe am Ende der Linie, mit gro\u00dfem Vorteil in Bezug auf die Verwaltung, das Erscheinungsbild und die Kosten. Die ECOPAC-Linie pr\u00e4sentiert die Modelle 500 und 650.<\/p>\n","protected":false},"featured_media":15463,"template":"","meta":{"_acf_changed":false,"_seopress_robots_primary_cat":"","_seopress_titles_title":"ECOPAC-Linie: Palettenwickler | ITALDIBIPACK","_seopress_titles_desc":"Finden Sie die besten L\u00f6sungen f\u00fcr die Palettenwicklung mit der ECOPAC-Serie. Zuverl\u00e4ssige Drehtellermaschinen f\u00fcr eine sichere Ladungsstabilisierung.","_seopress_robots_index":"","_eb_attr":"","_gspb_post_css":"","_kad_blocks_custom_css":"","_kad_blocks_head_custom_js":"","_kad_blocks_body_custom_js":"","_kad_blocks_footer_custom_js":"","_eb_data_table":"","_kad_post_transparent":"default","_kad_post_title":"","_kad_post_layout":"default","_kad_post_sidebar_id":"","_kad_post_content_style":"default","_kad_post_vertical_padding":"default","_kad_post_feature":"","_kad_post_feature_position":"","_kad_post_header":false,"_kad_post_footer":false,"_kad_post_classname":""},"product_brand":[],"product_cat":[15,174],"product_tag":[],"settore_applicazione":[],"campo_applicativo":[],"class_list":{"0":"post-1363","1":"product","2":"type-product","3":"status-publish","4":"has-post-thumbnail","6":"product_cat-senza-categoria","7":"product_cat-vertikale-und-horizontale-verpakungsmachinen","9":"first","10":"instock","11":"taxable","12":"shipping-taxable","13":"product-type-simple","14":"entry","15":"content-bg","16":"loop-entry"},"acf":[],"taxonomy_info":{"product_cat":[{"value":15,"label":"Senza categoria"},{"value":174,"label":"Vertikale und horizontale verpakungsmachinen"}]},"featured_image_src_large":["https:\/\/www.italdibipack.com\/wp-content\/uploads\/2024\/02\/ECOPAC-650-EV-macchine-confezionatrici-confezionatrici-per-fardelli-ITALDIBIPACK-griglia-1024x1024.jpg",1024,1024,true],"author_info":[],"comment_info":"","_links":{"self":[{"href":"https:\/\/www.italdibipack.com\/de\/wp-json\/wp\/v2\/product\/1363","targetHints":{"allow":["GET"]}}],"collection":[{"href":"https:\/\/www.italdibipack.com\/de\/wp-json\/wp\/v2\/product"}],"about":[{"href":"https:\/\/www.italdibipack.com\/de\/wp-json\/wp\/v2\/types\/product"}],"wp:featuredmedia":[{"embeddable":true,"href":"https:\/\/www.italdibipack.com\/de\/wp-json\/wp\/v2\/media\/15463"}],"wp:attachment":[{"href":"https:\/\/www.italdibipack.com\/de\/wp-json\/wp\/v2\/media?parent=1363"}],"wp:term":[{"taxonomy":"product_brand","embeddable":true,"href":"https:\/\/www.italdibipack.com\/de\/wp-json\/wp\/v2\/product_brand?post=1363"},{"taxonomy":"product_cat","embeddable":true,"href":"https:\/\/www.italdibipack.com\/de\/wp-json\/wp\/v2\/product_cat?post=1363"},{"taxonomy":"product_tag","embeddable":true,"href":"https:\/\/www.italdibipack.com\/de\/wp-json\/wp\/v2\/product_tag?post=1363"},{"taxonomy":"settore_applicazione","embeddable":true,"href":"https:\/\/www.italdibipack.com\/de\/wp-json\/wp\/v2\/settore_applicazione?post=1363"},{"taxonomy":"campo_applicativo","embeddable":true,"href":"https:\/\/www.italdibipack.com\/de\/wp-json\/wp\/v2\/campo_applicativo?post=1363"}],"curies":[{"name":"wp","href":"https:\/\/api.w.org\/{rel}","templated":true}]}}