{"id":1364,"date":"2022-06-15T15:14:18","date_gmt":"2022-07-04T16:04:24","guid":{"rendered":"https:\/\/italdibipack.bozzaonline.it\/prodotto\/linea-ecofard\/"},"modified":"2025-03-20T10:34:57","modified_gmt":"2025-03-20T10:34:57","slug":"linea-ecofard","status":"publish","type":"product","link":"https:\/\/www.italdibipack.com\/de\/produkt\/linea-ecofard\/","title":{"rendered":"ECOFARD LINE"},"content":{"rendered":"<h3>H\u00dcLLENWICKELSYSTEM MIT HOHER QUALIT\u00c4T UND ZUVERL\u00c4SSIGKEIT<\/h3>\n<p>Die vielseitigste und praktischste Verpackungslinie mit halbautomatischer und automatischer Zuf\u00fchrung, um verschiedene Produkte (Flaschen, Vasen, Gl\u00e4ser, T\u00f6pfe, Dosen, Phiolen usw.) in verschiedenen Gr\u00f6\u00dfen zu verpacken und Schachteln zu sch\u00fctzen, die die Verwendung von Karton integrieren oder ersetzen Boxen am Ende der Linie mit gro\u00dfen Managementvorteilen. Die Maschine arbeitet auf sehr einfache Art und Weise: Die geladenen Produkte werden durch einen Dr\u00fccker (bei SA-Modellen) oder durch ein motorisiertes F\u00f6rderband f\u00fcr eine automatische Zuf\u00fchrung (bei AA-Modellen) vorw\u00e4rtsbewegt. Dann schneidet und versiegelt ein Quersiegel (der eine pneumatische Bewegung ausf\u00fchrt und die Temperatur elektronisch reguliert) die Folie, bevor er in den Schrumpftunnel eintritt. Die ECOFARD-Linie besteht aus vier Modellen in den Gr\u00f6\u00dfen ECOFARD 500, 700, 900, 1250. ECOFARD 700, 900, 1250 sind in zwei verschiedenen Ausf\u00fchrungen erh\u00e4ltlich: Compact (MB), bei dem der Tunnel mit dem Dichtungsbereich verbunden ist, und Sealer-Plus-Tunnel (BB), bei dem der Dichtungsbereich vom Tunnel unabh\u00e4ngig ist. Ideal f\u00fcr mittlere bis hohe Leistung.<\/p>\n<p><strong>HAUPTMERKMALE ALLER MODELLE DER ECOFARD-LINIE<\/strong><\/p>\n<ul>\n<li>Siegelzeit elektronisch einstellbar<\/li>\n<li>Bei MB-Modellen (Monoblock) ist die Bewegung des Tunnel-F\u00f6rderbands mit der Siegelschiene synchronisiert, um auch instabile Produkte ohne Tabletts problemlos anzutreiben<\/li>\n<li>Bei BB-Modellen (Biblock) bleiben die Produkte im Siegelbereich, bis sich das n\u00e4chste B\u00fcndel vorw\u00e4rts bewegt und auf das F\u00f6rderband des Tunnels schiebt, der sich in kontinuierlicher Bewegung befindet<\/li>\n<li>K\u00fchlgebl\u00e4se am Tunnelausgang (Option bei ECOFARD 500 SA)<\/li>\n<li>Tunnel Stahl verzinktes Maschengurtf\u00f6rderer<\/li>\n<li>Luftheizung durch Lamellenwiderst\u00e4nde, die von einem elektronischen Temperaturregler gesteuert werden<\/li>\n<li>Geschlossene und erzwungene Luftzirkulation mit Luftstrom, der durch Klappen einstellbar ist, um die beste Schrumpfung zu erzielen<\/li>\n<li>Innentunnelteile aus verzinktem Stahl<\/li>\n<li>Externe Pulverlackierung<\/li>\n<li>Motorisierter Bodenfolienabroller (optional f\u00fcr ECOFARD 500\/700\/900)<\/li>\n<\/ul>\n<p>&nbsp;<\/p>\n<p><strong>Wahlweise:<\/strong><\/p>\n<ul>\n<li>Vertikale Rollen zum Verdichten des Folien\u00fcberschusses am Tunnelausgang<\/li>\n<li>Nachsiegelstab-Oberklemme zum Blockieren instabiler Produkte<\/li>\n<li>Frequenzumrichter f\u00fcr Tunnelbandf\u00f6rderer<\/li>\n<li>Tunnelgurtf\u00f6rderer 800 mm l\u00e4nger zum Verpacken von Flaschen ohne Kartonschale<\/li>\n<li>Die Maschine arbeitet mit LLDPE ( Monofolding \/ Flat Film)<\/li>\n<\/ul>\n<p>Maschine hergestellt nach CE-Richtlinien<\/p>\n","protected":false},"excerpt":{"rendered":"<h3>H\u00dcLLENWICKELSYSTEM MIT HOHER QUALIT\u00c4T UND ZUVERL\u00c4SSIGKEIT<\/h3>\n<p>Die vielseitigste und praktischste Verpackungslinie mit halbautomatischer und automatischer Zuf\u00fchrung, um verschiedene Produkte (Flaschen, Vasen, Gl\u00e4ser, T\u00f6pfe, Dosen, Phiolen usw.) in verschiedenen Gr\u00f6\u00dfen zu verpacken und Schachteln zu sch\u00fctzen, die die Verwendung von Karton integrieren oder ersetzen Boxen am Ende der Linie mit gro\u00dfen Managementvorteilen. Die Maschine arbeitet auf sehr einfache Art und Weise: Die geladenen Produkte werden durch einen Dr\u00fccker (bei SA-Modellen) oder durch ein motorisiertes F\u00f6rderband f\u00fcr eine automatische Zuf\u00fchrung (bei AA-Modellen) vorw\u00e4rtsbewegt. Dann schneidet und versiegelt ein Quersiegel (der eine pneumatische Bewegung ausf\u00fchrt und die Temperatur elektronisch reguliert) die Folie, bevor er in den Schrumpftunnel eintritt. Die ECOFARD-Linie besteht aus vier Modellen in den Gr\u00f6\u00dfen ECOFARD 500, 700, 900, 1250. ECOFARD 700, 900, 1250 sind in zwei verschiedenen Ausf\u00fchrungen erh\u00e4ltlich: Compact (MB), bei dem der Tunnel mit dem Dichtungsbereich verbunden ist, und Sealer-Plus-Tunnel (BB), bei dem der Dichtungsbereich vom Tunnel unabh\u00e4ngig ist. Ideal f\u00fcr mittlere bis hohe Leistung.<\/p>\n","protected":false},"featured_media":15423,"template":"","meta":{"_acf_changed":false,"_seopress_robots_primary_cat":"none","_seopress_titles_title":"ECOFARD-Linie: Schrumpfverpackungsmaschinen | ITALDIBIPACK","_seopress_titles_desc":"Halbautomatische Schrumpfverpacker der ECOFARD-Serie. Robust, kosteng\u00fcnstig und ideal zum B\u00fcndeln verschiedener Produkte.","_seopress_robots_index":"","_eb_attr":"","_gspb_post_css":"","_kad_blocks_custom_css":"","_kad_blocks_head_custom_js":"","_kad_blocks_body_custom_js":"","_kad_blocks_footer_custom_js":"","_eb_data_table":"","_kad_post_transparent":"default","_kad_post_title":"","_kad_post_layout":"default","_kad_post_sidebar_id":"","_kad_post_content_style":"default","_kad_post_vertical_padding":"default","_kad_post_feature":"","_kad_post_feature_position":"","_kad_post_header":false,"_kad_post_footer":false,"_kad_post_classname":""},"product_brand":[],"product_cat":[174],"product_tag":[],"settore_applicazione":[],"campo_applicativo":[],"class_list":{"0":"post-1364","1":"product","2":"type-product","3":"status-publish","4":"has-post-thumbnail","6":"product_cat-vertikale-und-horizontale-verpakungsmachinen","8":"first","9":"instock","10":"taxable","11":"shipping-taxable","12":"product-type-simple","13":"entry","14":"content-bg","15":"loop-entry"},"acf":[],"taxonomy_info":{"product_cat":[{"value":174,"label":"Vertikale und horizontale verpakungsmachinen"}]},"featured_image_src_large":["https:\/\/www.italdibipack.com\/wp-content\/uploads\/2024\/02\/ECOFARD-500-SA-MB-macchine-confezionatrici-confezionatrici-per-fardelli-ITALDIBIPACK-griglia-1024x1024.jpg",1024,1024,true],"author_info":[],"comment_info":"","_links":{"self":[{"href":"https:\/\/www.italdibipack.com\/de\/wp-json\/wp\/v2\/product\/1364","targetHints":{"allow":["GET"]}}],"collection":[{"href":"https:\/\/www.italdibipack.com\/de\/wp-json\/wp\/v2\/product"}],"about":[{"href":"https:\/\/www.italdibipack.com\/de\/wp-json\/wp\/v2\/types\/product"}],"wp:featuredmedia":[{"embeddable":true,"href":"https:\/\/www.italdibipack.com\/de\/wp-json\/wp\/v2\/media\/15423"}],"wp:attachment":[{"href":"https:\/\/www.italdibipack.com\/de\/wp-json\/wp\/v2\/media?parent=1364"}],"wp:term":[{"taxonomy":"product_brand","embeddable":true,"href":"https:\/\/www.italdibipack.com\/de\/wp-json\/wp\/v2\/product_brand?post=1364"},{"taxonomy":"product_cat","embeddable":true,"href":"https:\/\/www.italdibipack.com\/de\/wp-json\/wp\/v2\/product_cat?post=1364"},{"taxonomy":"product_tag","embeddable":true,"href":"https:\/\/www.italdibipack.com\/de\/wp-json\/wp\/v2\/product_tag?post=1364"},{"taxonomy":"settore_applicazione","embeddable":true,"href":"https:\/\/www.italdibipack.com\/de\/wp-json\/wp\/v2\/settore_applicazione?post=1364"},{"taxonomy":"campo_applicativo","embeddable":true,"href":"https:\/\/www.italdibipack.com\/de\/wp-json\/wp\/v2\/campo_applicativo?post=1364"}],"curies":[{"name":"wp","href":"https:\/\/api.w.org\/{rel}","templated":true}]}}