{"id":1365,"date":"2022-06-15T15:14:18","date_gmt":"2022-07-04T16:04:24","guid":{"rendered":"https:\/\/italdibipack.bozzaonline.it\/prodotto\/linea-ecofard-aol\/"},"modified":"2024-09-23T17:24:18","modified_gmt":"2024-09-23T17:24:18","slug":"linea-ecofard-aol","status":"publish","type":"product","link":"https:\/\/www.italdibipack.com\/de\/produkt\/linea-ecofard-aol\/","title":{"rendered":"ECOFARD AOL LINE"},"content":{"rendered":"<h3>AUTOMATISCHES H\u00dcLLENVERPACKEN MIT SEITLICHER ZUF\u00dcHRUNG<\/h3>\n<p>Vollautomatische Folienverpackung mit seitlicher Zuf\u00fchrung f\u00fcr \u201eMehrfachverpackung\u201c (mehrere Produkte auf mehreren Linien zusammengepackt) ohne Bediener.<\/p>\n<p>Praktische Hochgeschwindigkeits-Verpackungsmaschine, mit der eine breite Palette von Produkten (Flaschen, Vasen, Gl\u00e4ser, T\u00f6pfe, Dosen, Phiolen, Etuis und vieles mehr) verpackt werden kann (Line mit gro\u00dfen Managementvorteilen).<\/p>\n<p><strong>Die Maschine ist kompakt und besteht aus einer Versiegelung und einem Tunnel.<\/strong><\/p>\n<p>Sie funktioniert ganz einfach: Ein motorisierter Zuf\u00fchrbandf\u00f6rderer, der sich 90 \u00b0 von der Siegelschiene entfernt befindet, treibt die Produkte vom Ladebereich zum Siegelbereich. Dann schneidet und versiegelt eine Quersiegelstange (die eine pneumatische Bewegung und Temperatur hat und elektronisch gesteuert wird) die Folie. Zu diesem Zeitpunkt tritt das eingewickelte Produkt zum Schrumpfen in den Tunnel ein.<\/p>\n<p>Die verf\u00fcgbaren Modelle sind 500, 700, 900 und 1250.<\/p>\n<p><strong>Ideal f\u00fcr hohe Leistungen.<\/strong><\/p>\n<p><strong>MEHR INFORMATIONEN<\/strong><\/p>\n<ul>\n<li>LATERAL automatische F\u00fctterung mit Antriebssystem<\/li>\n<li>Pneumatischer Dr\u00fccker zum automatischen Zuf\u00fchren von Mehrfachpackungen in den Siegelbereich<\/li>\n<li>Siegelzeit elektronisch einstellbar<\/li>\n<li>Siegelbalken mit zwei Siegelmessern und einem teflonbeschichteten Schneidmesser, gesteuert durch elektronischen Thermoregler; pneumatische Bewegung<\/li>\n<li>Bei Vorhandensein eines Hindernisses Sicherheitsarretierung der Siegelklingen<\/li>\n<li>Produkt erkannt durch ein System von Photoaugen<\/li>\n<li>Das eingewickelte Produkt bleibt auf einer Platte hinter dem Siegelbereich, bis es vom auslaufenden eingewickelten Produkt auf das st\u00e4ndig laufende Tunnelband geschoben wird<\/li>\n<li>Schutz von beweglichen Teilen mit Aluminium-, Polycarbonat- und \/ oder Lochblechplatten<\/li>\n<li>Inline-Zuf\u00fchrbandf\u00f6rderer mit fester Geschwindigkeit<\/li>\n<li>Tunnel Stahl verzinktes Maschengurtf\u00f6rderer<\/li>\n<li>Tunnelluftheizung durch Lamellenwiderst\u00e4nde, die von einem elektronischen Thermoregler gesteuert werden<\/li>\n<li>Geschlossene und erzwungene Luftzirkulation mit Luftstrom, der durch Klappen einstellbar ist, um die beste Schrumpfung zu erzielen<\/li>\n<li>L\u00fcfter am Tunnelausgang inklusive<\/li>\n<li>Innentunnelteile aus verzinktem Stahl<\/li>\n<li>Externe Pulverlackierung<\/li>\n<li>Doppelrollensystem mit motorischer Ober- und Unterfolienabwicklung<\/li>\n<\/ul>\n<p>&nbsp;<\/p>\n<p><strong>OPTIONALS<\/strong><\/p>\n<ul>\n<li>Kundenspezifischer Zuf\u00fchrbandf\u00f6rderer<\/li>\n<li>Vertikale Rollen zum Verdichten des Folien\u00fcberschusses am Tunnelausgang<\/li>\n<li>Kundenspezifische Tunnel- und Siegelstangenh\u00f6he<\/li>\n<li>Nachsiegelstab-Oberklemme zum Blockieren instabiler Produkte<\/li>\n<li>Frequenzumrichter f\u00fcr Tunnelbandf\u00f6rderer<\/li>\n<li>Wechselrichter zum Einstellen der Regelgeschwindigkeit am Tunnel und \/ oder Siegelband<\/li>\n<li>Leerlaufrollenbahn entladen<\/li>\n<li>Erweiterter Tunnelteppich am Ausgang f\u00fcr eine bessere K\u00fchlung der Folie<\/li>\n<\/ul>\n<p>Die Maschine arbeitet mit einfach gewickeltem (flachem) LLDPE<\/p>\n<p>Maschine hergestellt nach CE-Richtlinien.<\/p>\n<p>&nbsp;<\/p>\n","protected":false},"excerpt":{"rendered":"<h3>AUTOMATISCHES H\u00dcLLENVERPACKEN MIT SEITLICHER ZUF\u00dcHRUNG<\/h3>\n<p>Vollautomatische Folienverpackung mit seitlicher Zuf\u00fchrung f\u00fcr \u201eMehrfachverpackung\u201c (mehrere Produkte auf mehreren Linien zusammengepackt) ohne Bediener.<\/p>\n<p>Praktische Hochgeschwindigkeits-Verpackungsmaschine, mit der eine breite Palette von Produkten (Flaschen, Vasen, Gl\u00e4ser, T\u00f6pfe, Dosen, Phiolen, Etuis und vieles mehr) verpackt werden kann (Line mit gro\u00dfen Managementvorteilen).<\/p>\n<p><strong>Die Maschine ist kompakt und besteht aus einer Versiegelung und einem Tunnel.<\/strong><\/p>\n<p>Sie funktioniert ganz einfach: Ein motorisierter Zuf\u00fchrbandf\u00f6rderer, der sich 90 \u00b0 von der Siegelschiene entfernt befindet, treibt die Produkte vom Ladebereich zum Siegelbereich. Dann schneidet und versiegelt eine Quersiegelstange (die eine pneumatische Bewegung und Temperatur hat und elektronisch gesteuert wird) die Folie. Zu diesem Zeitpunkt tritt das eingewickelte Produkt zum Schrumpfen in den Tunnel ein.<\/p>\n<p>Die verf\u00fcgbaren Modelle sind 500, 700, 900 und 1250.<\/p>\n<p><strong>Ideal f\u00fcr hohe Leistungen.<\/strong><\/p>\n","protected":false},"featured_media":15438,"template":"","meta":{"_acf_changed":false,"_seopress_robots_primary_cat":"","_seopress_titles_title":"ECOFARD AOL: Automatische Schrumpfverpacker | ITALDIBIPACK","_seopress_titles_desc":"Automatische In-Line-Schrumpfverpackungsmaschinen der Serie ECOFARD AOL. Hochleistungsl\u00f6sungen f\u00fcr gro\u00dfe Volumina.","_seopress_robots_index":"","_eb_attr":"","_gspb_post_css":"","_kad_blocks_custom_css":"","_kad_blocks_head_custom_js":"","_kad_blocks_body_custom_js":"","_kad_blocks_footer_custom_js":"","_eb_data_table":"","_kad_post_transparent":"default","_kad_post_title":"","_kad_post_layout":"default","_kad_post_sidebar_id":"","_kad_post_content_style":"default","_kad_post_vertical_padding":"default","_kad_post_feature":"","_kad_post_feature_position":"","_kad_post_header":false,"_kad_post_footer":false,"_kad_post_classname":""},"product_brand":[],"product_cat":[15,174],"product_tag":[],"settore_applicazione":[],"campo_applicativo":[],"class_list":{"0":"post-1365","1":"product","2":"type-product","3":"status-publish","4":"has-post-thumbnail","6":"product_cat-senza-categoria","7":"product_cat-vertikale-und-horizontale-verpakungsmachinen","9":"first","10":"instock","11":"taxable","12":"shipping-taxable","13":"product-type-simple","14":"entry","15":"content-bg","16":"loop-entry"},"acf":[],"taxonomy_info":{"product_cat":[{"value":15,"label":"Senza categoria"},{"value":174,"label":"Vertikale und horizontale verpakungsmachinen"}]},"featured_image_src_large":["https:\/\/www.italdibipack.com\/wp-content\/uploads\/2024\/02\/ECOFARD-700-AOL-macchine-confezionatrici-confezionatrici-per-fardelli-ITALDIBIPACK-griglia-1024x1024.jpg",1024,1024,true],"author_info":[],"comment_info":"","_links":{"self":[{"href":"https:\/\/www.italdibipack.com\/de\/wp-json\/wp\/v2\/product\/1365","targetHints":{"allow":["GET"]}}],"collection":[{"href":"https:\/\/www.italdibipack.com\/de\/wp-json\/wp\/v2\/product"}],"about":[{"href":"https:\/\/www.italdibipack.com\/de\/wp-json\/wp\/v2\/types\/product"}],"wp:featuredmedia":[{"embeddable":true,"href":"https:\/\/www.italdibipack.com\/de\/wp-json\/wp\/v2\/media\/15438"}],"wp:attachment":[{"href":"https:\/\/www.italdibipack.com\/de\/wp-json\/wp\/v2\/media?parent=1365"}],"wp:term":[{"taxonomy":"product_brand","embeddable":true,"href":"https:\/\/www.italdibipack.com\/de\/wp-json\/wp\/v2\/product_brand?post=1365"},{"taxonomy":"product_cat","embeddable":true,"href":"https:\/\/www.italdibipack.com\/de\/wp-json\/wp\/v2\/product_cat?post=1365"},{"taxonomy":"product_tag","embeddable":true,"href":"https:\/\/www.italdibipack.com\/de\/wp-json\/wp\/v2\/product_tag?post=1365"},{"taxonomy":"settore_applicazione","embeddable":true,"href":"https:\/\/www.italdibipack.com\/de\/wp-json\/wp\/v2\/settore_applicazione?post=1365"},{"taxonomy":"campo_applicativo","embeddable":true,"href":"https:\/\/www.italdibipack.com\/de\/wp-json\/wp\/v2\/campo_applicativo?post=1365"}],"curies":[{"name":"wp","href":"https:\/\/api.w.org\/{rel}","templated":true}]}}