{"id":1366,"date":"2022-06-15T15:14:18","date_gmt":"2022-07-04T16:05:14","guid":{"rendered":"https:\/\/italdibipack.bozzaonline.it\/prodotto\/film-speciali\/"},"modified":"2024-09-23T17:24:19","modified_gmt":"2024-09-23T17:24:19","slug":"film-speciali","status":"publish","type":"product","link":"https:\/\/www.italdibipack.com\/de\/produkt\/film-speciali\/","title":{"rendered":"SPEZIELLER FILM"},"content":{"rendered":"<ul>\n<li><strong>W\u00e4rmeschrumpfendes Polyetylen zum Umwickeln der Banderole<\/strong><br \/>\nErh\u00e4ltlich in Rollen von 500 bis 1250 mm Breite.\u00a0Verf\u00fcgbare Dicken von 40 bis 100 Mikron.<\/li>\n<li><strong>W\u00e4rmeschrumpfendes Polyetylen f\u00fcr Schlauchbeutelmaschinen<\/strong><br \/>\nAuf Anfrage in verschiedenen Breiten und St\u00e4rken erh\u00e4ltlich.<\/li>\n<li><strong>Einzeln gefaltetes w\u00e4rmeschrumpfendes Polyetylen f\u00fcr die vollst\u00e4ndige Verschlusssiegelung<\/strong><br \/>\nVerf\u00fcgbare Rollen mit einer Breite von 250 bis 600 mm.\u00a0Verf\u00fcgbare St\u00e4rken 25-60 Mikron.<\/li>\n<li><strong>Einzeln gefaltetes, mikroperforiertes Schrumpfpolyolephin zum vollst\u00e4ndigen Verschlie\u00dfen (speziell f\u00fcr Brot).<\/strong><br \/>\nErh\u00e4ltliche Rollen mit einer Breite von 200 bis 600 mm.\u00a0Verf\u00fcgbare Dicke: 15 Mikron.<\/li>\n<li><strong>Frischhaltefolie f\u00fcr Lebensmittelanwendungen<\/strong><br \/>\nVerf\u00fcgbare Rollen mit einer Breite von 1500 mm.\u00a011 Mikron Dicke.<\/li>\n<li><strong>Bedruckte Schrumpffolien<\/strong><br \/>\nAuf Anfrage werden Polyolefinfolien, sowohl als Einzel- als auch als Einzelfolie, in einer oder mehreren Farben bedruckt.\u00a0Verschiedene St\u00e4rken.<\/li>\n<\/ul>\n","protected":false},"excerpt":{"rendered":"<ul>\n<li><strong>W\u00e4rmeschrumpfendes Polyetylen zum Umwickeln der Banderole<\/strong><br \/>\nErh\u00e4ltlich in Rollen von 500 bis 1250 mm Breite.\u00a0Verf\u00fcgbare Dicken von 40 bis 100 Mikron.<\/li>\n<li><strong>W\u00e4rmeschrumpfendes Polyetylen f\u00fcr Schlauchbeutelmaschinen<\/strong><br \/>\nAuf Anfrage in verschiedenen Breiten und St\u00e4rken erh\u00e4ltlich.<\/li>\n<li><strong>Einzeln gefaltetes w\u00e4rmeschrumpfendes Polyetylen f\u00fcr die vollst\u00e4ndige Verschlusssiegelung<\/strong><br \/>\nVerf\u00fcgbare Rollen mit einer Breite von 250 bis 600 mm.\u00a0Verf\u00fcgbare St\u00e4rken 25-60 Mikron.<\/li>\n<li><strong>Einzeln gefaltetes, mikroperforiertes Schrumpfpolyolephin zum vollst\u00e4ndigen Verschlie\u00dfen (speziell f\u00fcr Brot).<\/strong><br \/>\nErh\u00e4ltliche Rollen mit einer Breite von 200 bis 600 mm.\u00a0Verf\u00fcgbare Dicke: 15 Mikron.<\/li>\n<li><strong>Frischhaltefolie f\u00fcr Lebensmittelanwendungen<\/strong><br \/>\nVerf\u00fcgbare Rollen mit einer Breite von 1500 mm.\u00a011 Mikron Dicke.<\/li>\n<li><strong>Bedruckte Schrumpffolien<\/strong><br \/>\nAuf Anfrage werden Polyolefinfolien, sowohl als Einzel- als auch als Einzelfolie, in einer oder mehreren Farben bedruckt.\u00a0Verschiedene St\u00e4rken.<\/li>\n<\/ul>\n","protected":false},"featured_media":14266,"template":"","meta":{"_acf_changed":false,"_seopress_robots_primary_cat":"","_seopress_titles_title":"Spezielle technische Folien f\u00fcr Verpackungen | ITALDIBIPACK","_seopress_titles_desc":"Eine Auswahl technischer Folien f\u00fcr spezifische Verpackungsanforderungen. Au\u00dfergew\u00f6hnliche Festigkeit und Leistung.","_seopress_robots_index":"","_eb_attr":"","_gspb_post_css":"","_kad_blocks_custom_css":"","_kad_blocks_head_custom_js":"","_kad_blocks_body_custom_js":"","_kad_blocks_footer_custom_js":"","_eb_data_table":"","_kad_post_transparent":"","_kad_post_title":"","_kad_post_layout":"","_kad_post_sidebar_id":"","_kad_post_content_style":"","_kad_post_vertical_padding":"","_kad_post_feature":"","_kad_post_feature_position":"","_kad_post_header":false,"_kad_post_footer":false,"_kad_post_classname":""},"product_brand":[],"product_cat":[175,15,176],"product_tag":[],"settore_applicazione":[],"campo_applicativo":[],"class_list":{"0":"post-1366","1":"product","2":"type-product","3":"status-publish","4":"has-post-thumbnail","6":"product_cat-materialien","7":"product_cat-senza-categoria","8":"product_cat-spezieller-film","10":"first","11":"instock","12":"taxable","13":"shipping-taxable","14":"product-type-simple","15":"entry","16":"content-bg","17":"loop-entry"},"acf":[],"taxonomy_info":{"product_cat":[{"value":175,"label":"Materialien"},{"value":15,"label":"Senza categoria"},{"value":176,"label":"Spezieller Film"}]},"featured_image_src_large":["https:\/\/www.italdibipack.com\/wp-content\/uploads\/2022\/06\/film-speciali-ITALDIBIPACK-1024x1024.png",1024,1024,true],"author_info":[],"comment_info":"","_links":{"self":[{"href":"https:\/\/www.italdibipack.com\/de\/wp-json\/wp\/v2\/product\/1366","targetHints":{"allow":["GET"]}}],"collection":[{"href":"https:\/\/www.italdibipack.com\/de\/wp-json\/wp\/v2\/product"}],"about":[{"href":"https:\/\/www.italdibipack.com\/de\/wp-json\/wp\/v2\/types\/product"}],"wp:featuredmedia":[{"embeddable":true,"href":"https:\/\/www.italdibipack.com\/de\/wp-json\/wp\/v2\/media\/14266"}],"wp:attachment":[{"href":"https:\/\/www.italdibipack.com\/de\/wp-json\/wp\/v2\/media?parent=1366"}],"wp:term":[{"taxonomy":"product_brand","embeddable":true,"href":"https:\/\/www.italdibipack.com\/de\/wp-json\/wp\/v2\/product_brand?post=1366"},{"taxonomy":"product_cat","embeddable":true,"href":"https:\/\/www.italdibipack.com\/de\/wp-json\/wp\/v2\/product_cat?post=1366"},{"taxonomy":"product_tag","embeddable":true,"href":"https:\/\/www.italdibipack.com\/de\/wp-json\/wp\/v2\/product_tag?post=1366"},{"taxonomy":"settore_applicazione","embeddable":true,"href":"https:\/\/www.italdibipack.com\/de\/wp-json\/wp\/v2\/settore_applicazione?post=1366"},{"taxonomy":"campo_applicativo","embeddable":true,"href":"https:\/\/www.italdibipack.com\/de\/wp-json\/wp\/v2\/campo_applicativo?post=1366"}],"curies":[{"name":"wp","href":"https:\/\/api.w.org\/{rel}","templated":true}]}}