{"id":1367,"date":"2022-06-15T15:14:18","date_gmt":"2022-07-04T16:05:14","guid":{"rendered":"https:\/\/italdibipack.bozzaonline.it\/prodotto\/tritacartoni-dibi320\/"},"modified":"2024-09-23T17:24:19","modified_gmt":"2024-09-23T17:24:19","slug":"tritacartoni-dibi320","status":"publish","type":"product","link":"https:\/\/www.italdibipack.com\/de\/produkt\/tritacartoni-dibi320\/","title":{"rendered":"TRITACARTONI DIBI320"},"content":{"rendered":"<p>Umweltfreundlich, platzsparend und kosteng\u00fcnstig;\u00a0Diese Maschine reduziert die Kosten f\u00fcr die Beseitigung von Abf\u00e4llen und Verpackungsmaterialien und nat\u00fcrlich den Platz im Lager f\u00fcr Verpackungsmaterialien.<\/p>\n<p>Papierzerkleinerer sind fortschrittliche L\u00f6sungen, die umst\u00e4ndliche alte Pappen in Kartonmaschen verwandeln, die als Polstermaterial verwendet werden k\u00f6nnen.\u00a0Auf diese Weise ist es m\u00f6glich, die Menge an Polystyrol, Polyurethanschaum usw., die \u00fcberhaupt nicht umweltfreundlich sind, wie Polstermaterial, zu reduzieren.<\/p>\n<p>Karton Schnittbreite 320 mm und Dicke 15 mm.<\/p>\n<p>Maschine hergestellt nach CE-Richtlinien.<\/p>\n","protected":false},"excerpt":{"rendered":"<p>Umweltfreundlich, platzsparend und kosteng\u00fcnstig;\u00a0Diese Maschine reduziert die Kosten f\u00fcr die Beseitigung von Abf\u00e4llen und Verpackungsmaterialien und nat\u00fcrlich den Platz im Lager f\u00fcr Verpackungsmaterialien.<\/p>\n<p>Papierzerkleinerer sind fortschrittliche L\u00f6sungen, die umst\u00e4ndliche alte Pappen in Kartonmaschen verwandeln, die als Polstermaterial verwendet werden k\u00f6nnen.\u00a0Auf diese Weise ist es m\u00f6glich, die Menge an Polystyrol, Polyurethanschaum usw., die \u00fcberhaupt nicht umweltfreundlich sind, wie Polstermaterial, zu reduzieren.<\/p>\n<p>Karton Schnittbreite 320 mm und Dicke 15 mm.<\/p>\n<p>Maschine hergestellt nach CE-Richtlinien.<\/p>\n","protected":false},"featured_media":14354,"template":"","meta":{"_acf_changed":false,"_seopress_robots_primary_cat":"","_seopress_titles_title":"DIBI320 Kartonschredder | ITALDIBIPACK","_seopress_titles_desc":"Verwandeln Sie gebrauchte Kartons mit dem Schredder DIBI320 in umweltfreundliches Verpackungsmaterial. Gr\u00fcner Schutz.","_seopress_robots_index":"","_eb_attr":"","_gspb_post_css":"","_kad_blocks_custom_css":"","_kad_blocks_head_custom_js":"","_kad_blocks_body_custom_js":"","_kad_blocks_footer_custom_js":"","_eb_data_table":"","_kad_post_transparent":"","_kad_post_title":"","_kad_post_layout":"","_kad_post_sidebar_id":"","_kad_post_content_style":"","_kad_post_vertical_padding":"","_kad_post_feature":"","_kad_post_feature_position":"","_kad_post_header":false,"_kad_post_footer":false,"_kad_post_classname":""},"product_brand":[],"product_cat":[178,15,177],"product_tag":[],"settore_applicazione":[],"campo_applicativo":[],"class_list":{"0":"post-1367","1":"product","2":"type-product","3":"status-publish","4":"has-post-thumbnail","6":"product_cat-fuellsysteme","7":"product_cat-senza-categoria","8":"product_cat-zubehoer","10":"first","11":"instock","12":"taxable","13":"shipping-taxable","14":"product-type-simple","15":"entry","16":"content-bg","17":"loop-entry"},"acf":[],"taxonomy_info":{"product_cat":[{"value":178,"label":"F\u00fcllsysteme"},{"value":15,"label":"Senza categoria"},{"value":177,"label":"Zubeh\u00f6r"}]},"featured_image_src_large":["https:\/\/www.italdibipack.com\/wp-content\/uploads\/2022\/06\/tritacartoni-ITALDIBIPACK.png",900,900,false],"author_info":[],"comment_info":"","_links":{"self":[{"href":"https:\/\/www.italdibipack.com\/de\/wp-json\/wp\/v2\/product\/1367","targetHints":{"allow":["GET"]}}],"collection":[{"href":"https:\/\/www.italdibipack.com\/de\/wp-json\/wp\/v2\/product"}],"about":[{"href":"https:\/\/www.italdibipack.com\/de\/wp-json\/wp\/v2\/types\/product"}],"wp:featuredmedia":[{"embeddable":true,"href":"https:\/\/www.italdibipack.com\/de\/wp-json\/wp\/v2\/media\/14354"}],"wp:attachment":[{"href":"https:\/\/www.italdibipack.com\/de\/wp-json\/wp\/v2\/media?parent=1367"}],"wp:term":[{"taxonomy":"product_brand","embeddable":true,"href":"https:\/\/www.italdibipack.com\/de\/wp-json\/wp\/v2\/product_brand?post=1367"},{"taxonomy":"product_cat","embeddable":true,"href":"https:\/\/www.italdibipack.com\/de\/wp-json\/wp\/v2\/product_cat?post=1367"},{"taxonomy":"product_tag","embeddable":true,"href":"https:\/\/www.italdibipack.com\/de\/wp-json\/wp\/v2\/product_tag?post=1367"},{"taxonomy":"settore_applicazione","embeddable":true,"href":"https:\/\/www.italdibipack.com\/de\/wp-json\/wp\/v2\/settore_applicazione?post=1367"},{"taxonomy":"campo_applicativo","embeddable":true,"href":"https:\/\/www.italdibipack.com\/de\/wp-json\/wp\/v2\/campo_applicativo?post=1367"}],"curies":[{"name":"wp","href":"https:\/\/api.w.org\/{rel}","templated":true}]}}