{"id":1368,"date":"2022-06-15T15:14:18","date_gmt":"2022-07-04T16:05:14","guid":{"rendered":"https:\/\/italdibipack.bozzaonline.it\/prodotto\/dibiblow\/"},"modified":"2024-09-23T17:24:19","modified_gmt":"2024-09-23T17:24:19","slug":"dibiblow","status":"publish","type":"product","link":"https:\/\/www.italdibipack.com\/de\/produkt\/dibiblow\/","title":{"rendered":"DIBIBLOW"},"content":{"rendered":"<p>Das kleine und praktische Modell DIBIBLOW ist das neue System zur Herstellung von Luftkissen<\/p>\n<p>das braucht keine Druckluft.<\/p>\n<p>Sie produziert Luftkissen aus PE-HD in drei verschiedenen Formaten mit einer einstellbaren Geschwindigkeit von 20 Metern pro Minute.<\/p>\n<p><strong><u>Eigenschaften<\/u><\/strong><\/p>\n<ul>\n<li>Kissen 200 \u00d7 100 mm &#8211; 200 \u00d7 140 mm &#8211; 200 \u00d7 200 mm<\/li>\n<li>Einstellung der zu produzierenden Z\u00e4hler mit automatischem Stopp<\/li>\n<li>Energieverbrauch 660 W<\/li>\n<li>4 min Polsterproduktion auf 1 m\u00a0<sup>3<\/sup><\/li>\n<\/ul>\n","protected":false},"excerpt":{"rendered":"<p>Das kleine und praktische Modell DIBIBLOW ist das neue System zur Herstellung von Luftkissen<\/p>\n<p>das braucht keine Druckluft.<\/p>\n<p>Sie produziert Luftkissen aus PE-HD in drei verschiedenen Formaten mit einer einstellbaren Geschwindigkeit von 20 Metern pro Minute.<\/p>\n","protected":false},"featured_media":14374,"template":"","meta":{"_acf_changed":false,"_seopress_robots_primary_cat":"","_seopress_titles_title":"DIBIBLOW: Luftpolstermaschine | ITALDIBIPACK","_seopress_titles_desc":"On-Demand-Produktion von Luftpolstern zum Produktschutz. Leicht, schnell und kosteneffizient.","_seopress_robots_index":"","_eb_attr":"","_gspb_post_css":"","_kad_blocks_custom_css":"","_kad_blocks_head_custom_js":"","_kad_blocks_body_custom_js":"","_kad_blocks_footer_custom_js":"","_eb_data_table":"","_kad_post_transparent":"","_kad_post_title":"","_kad_post_layout":"","_kad_post_sidebar_id":"","_kad_post_content_style":"","_kad_post_vertical_padding":"","_kad_post_feature":"","_kad_post_feature_position":"","_kad_post_header":false,"_kad_post_footer":false,"_kad_post_classname":""},"product_brand":[],"product_cat":[178,15,177],"product_tag":[],"settore_applicazione":[],"campo_applicativo":[],"class_list":{"0":"post-1368","1":"product","2":"type-product","3":"status-publish","4":"has-post-thumbnail","6":"product_cat-fuellsysteme","7":"product_cat-senza-categoria","8":"product_cat-zubehoer","10":"first","11":"instock","12":"taxable","13":"shipping-taxable","14":"product-type-simple","15":"entry","16":"content-bg","17":"loop-entry"},"acf":[],"taxonomy_info":{"product_cat":[{"value":178,"label":"F\u00fcllsysteme"},{"value":15,"label":"Senza categoria"},{"value":177,"label":"Zubeh\u00f6r"}]},"featured_image_src_large":["https:\/\/www.italdibipack.com\/wp-content\/uploads\/2022\/06\/dibiblow-ITALDIBIPACK-1-1024x1024.png",1024,1024,true],"author_info":[],"comment_info":"","_links":{"self":[{"href":"https:\/\/www.italdibipack.com\/de\/wp-json\/wp\/v2\/product\/1368","targetHints":{"allow":["GET"]}}],"collection":[{"href":"https:\/\/www.italdibipack.com\/de\/wp-json\/wp\/v2\/product"}],"about":[{"href":"https:\/\/www.italdibipack.com\/de\/wp-json\/wp\/v2\/types\/product"}],"wp:featuredmedia":[{"embeddable":true,"href":"https:\/\/www.italdibipack.com\/de\/wp-json\/wp\/v2\/media\/14374"}],"wp:attachment":[{"href":"https:\/\/www.italdibipack.com\/de\/wp-json\/wp\/v2\/media?parent=1368"}],"wp:term":[{"taxonomy":"product_brand","embeddable":true,"href":"https:\/\/www.italdibipack.com\/de\/wp-json\/wp\/v2\/product_brand?post=1368"},{"taxonomy":"product_cat","embeddable":true,"href":"https:\/\/www.italdibipack.com\/de\/wp-json\/wp\/v2\/product_cat?post=1368"},{"taxonomy":"product_tag","embeddable":true,"href":"https:\/\/www.italdibipack.com\/de\/wp-json\/wp\/v2\/product_tag?post=1368"},{"taxonomy":"settore_applicazione","embeddable":true,"href":"https:\/\/www.italdibipack.com\/de\/wp-json\/wp\/v2\/settore_applicazione?post=1368"},{"taxonomy":"campo_applicativo","embeddable":true,"href":"https:\/\/www.italdibipack.com\/de\/wp-json\/wp\/v2\/campo_applicativo?post=1368"}],"curies":[{"name":"wp","href":"https:\/\/api.w.org\/{rel}","templated":true}]}}