{"id":1373,"date":"2022-06-15T15:14:18","date_gmt":"2022-07-04T16:05:14","guid":{"rendered":"https:\/\/italdibipack.bozzaonline.it\/prodotto\/saldatrici-tis\/"},"modified":"2024-09-23T17:24:20","modified_gmt":"2024-09-23T17:24:20","slug":"saldatrici-tis","status":"publish","type":"product","link":"https:\/\/www.italdibipack.com\/de\/produkt\/saldatrici-tis\/","title":{"rendered":"MANUELLE VERSIEGELUNGEN"},"content":{"rendered":"<p>IDEALE \u00a0zum Verschlie\u00dfen von Plastikt\u00fcten.<\/p>\n<p><strong>DIESE REICHWEITE<\/strong><\/p>\n<p>Von 200 bis 600 mm mit und ohne Beutelschnitt.<\/p>\n","protected":false},"excerpt":{"rendered":"<p>IDEALE \u00a0zum Verschlie\u00dfen von Plastikt\u00fcten.<\/p>\n<p><strong>DIESE REICHWEITE<\/strong><\/p>\n<p>Von 200 bis 600 mm mit und ohne Beutelschnitt.<\/p>\n","protected":false},"featured_media":14343,"template":"","meta":{"_acf_changed":false,"_seopress_robots_primary_cat":"","_seopress_titles_title":"Manuelle TIS Impulsschwei\u00dfger\u00e4te | ITALDIBIPACK","_seopress_titles_desc":"Impulsschwei\u00dfger\u00e4te der Serie TIS zum Verschlie\u00dfen von Kunststoffbeuteln. Einfach, zuverl\u00e4ssig und einsatzbereit.","_seopress_robots_index":"","_eb_attr":"","_gspb_post_css":"","_kad_blocks_custom_css":"","_kad_blocks_head_custom_js":"","_kad_blocks_body_custom_js":"","_kad_blocks_footer_custom_js":"","_eb_data_table":"","_kad_post_transparent":"","_kad_post_title":"","_kad_post_layout":"","_kad_post_sidebar_id":"","_kad_post_content_style":"","_kad_post_vertical_padding":"","_kad_post_feature":"","_kad_post_feature_position":"","_kad_post_header":false,"_kad_post_footer":false,"_kad_post_classname":""},"product_brand":[],"product_cat":[180,15,177],"product_tag":[],"settore_applicazione":[],"campo_applicativo":[],"class_list":{"0":"post-1373","1":"product","2":"type-product","3":"status-publish","4":"has-post-thumbnail","6":"product_cat-manuelle-versiegelungen","7":"product_cat-senza-categoria","8":"product_cat-zubehoer","10":"first","11":"instock","12":"taxable","13":"shipping-taxable","14":"product-type-simple","15":"entry","16":"content-bg","17":"loop-entry"},"acf":[],"taxonomy_info":{"product_cat":[{"value":180,"label":"Manuelle Versiegelungen"},{"value":15,"label":"Senza categoria"},{"value":177,"label":"Zubeh\u00f6r"}]},"featured_image_src_large":["https:\/\/www.italdibipack.com\/wp-content\/uploads\/2022\/06\/saldatrice-tis-ITALDIBIPACK-1024x1024.png",1024,1024,true],"author_info":[],"comment_info":"","_links":{"self":[{"href":"https:\/\/www.italdibipack.com\/de\/wp-json\/wp\/v2\/product\/1373","targetHints":{"allow":["GET"]}}],"collection":[{"href":"https:\/\/www.italdibipack.com\/de\/wp-json\/wp\/v2\/product"}],"about":[{"href":"https:\/\/www.italdibipack.com\/de\/wp-json\/wp\/v2\/types\/product"}],"wp:featuredmedia":[{"embeddable":true,"href":"https:\/\/www.italdibipack.com\/de\/wp-json\/wp\/v2\/media\/14343"}],"wp:attachment":[{"href":"https:\/\/www.italdibipack.com\/de\/wp-json\/wp\/v2\/media?parent=1373"}],"wp:term":[{"taxonomy":"product_brand","embeddable":true,"href":"https:\/\/www.italdibipack.com\/de\/wp-json\/wp\/v2\/product_brand?post=1373"},{"taxonomy":"product_cat","embeddable":true,"href":"https:\/\/www.italdibipack.com\/de\/wp-json\/wp\/v2\/product_cat?post=1373"},{"taxonomy":"product_tag","embeddable":true,"href":"https:\/\/www.italdibipack.com\/de\/wp-json\/wp\/v2\/product_tag?post=1373"},{"taxonomy":"settore_applicazione","embeddable":true,"href":"https:\/\/www.italdibipack.com\/de\/wp-json\/wp\/v2\/settore_applicazione?post=1373"},{"taxonomy":"campo_applicativo","embeddable":true,"href":"https:\/\/www.italdibipack.com\/de\/wp-json\/wp\/v2\/campo_applicativo?post=1373"}],"curies":[{"name":"wp","href":"https:\/\/api.w.org\/{rel}","templated":true}]}}