{"id":1374,"date":"2022-06-15T15:14:18","date_gmt":"2022-07-04T16:05:14","guid":{"rendered":"https:\/\/italdibipack.bozzaonline.it\/prodotto\/regge\/"},"modified":"2026-01-29T08:29:25","modified_gmt":"2026-01-29T08:29:25","slug":"regge","status":"publish","type":"product","link":"https:\/\/www.italdibipack.com\/de\/produkt\/regge\/","title":{"rendered":"GURT"},"content":{"rendered":"<p><strong>REGGIA IN PPL E POLIESTERE<\/strong><\/p>\n<p>Disponibile in diversi spessori e diametri. Nera, colorata e personalizzata a richiesta.<\/p>\n<p>&nbsp;<\/p>\n<p>Larghezza: 12-15 mm<\/p>\n","protected":false},"excerpt":{"rendered":"<p><strong>REGGIA IN PPL E POLIESTERE<\/strong><\/p>\n<p>Disponibile in diversi spessori e diametri. Nera, colorata e personalizzata a richiesta.<\/p>\n<p>&nbsp;<\/p>\n<p>Larghezza: 12-15 mm<\/p>\n","protected":false},"featured_media":14296,"template":"","meta":{"_acf_changed":false,"_seopress_robots_primary_cat":"none","_seopress_titles_title":"PP & PET Umreifungsband f\u00fcr sicheren Halt | ITALDIBIPACK","_seopress_titles_desc":"Hochleistungsl\u00f6sungen f\u00fcr die Umreifung zur Sicherung palettierter Lasten. Hochwertige B\u00e4nder.","_seopress_robots_index":"","_eb_attr":"","_gspb_post_css":"","_kad_blocks_custom_css":"","_kad_blocks_head_custom_js":"","_kad_blocks_body_custom_js":"","_kad_blocks_footer_custom_js":"","_eb_data_table":"","_kad_post_transparent":"default","_kad_post_title":"","_kad_post_layout":"default","_kad_post_sidebar_id":"","_kad_post_content_style":"default","_kad_post_vertical_padding":"default","_kad_post_feature":"","_kad_post_feature_position":"","_kad_post_header":false,"_kad_post_footer":false,"_kad_post_classname":""},"product_brand":[],"product_cat":[177,181],"product_tag":[],"settore_applicazione":[],"campo_applicativo":[],"class_list":{"0":"post-1374","1":"product","2":"type-product","3":"status-publish","4":"has-post-thumbnail","6":"product_cat-zubehoer","7":"product_cat-gurt","9":"first","10":"instock","11":"taxable","12":"shipping-taxable","13":"product-type-simple","14":"entry","15":"content-bg","16":"loop-entry"},"acf":[],"taxonomy_info":{"product_cat":[{"value":177,"label":"Zubeh\u00f6r"},{"value":181,"label":"Gurt"}]},"featured_image_src_large":["https:\/\/www.italdibipack.com\/wp-content\/uploads\/2022\/06\/reggia-ITALDIBIPACK.png",840,840,false],"author_info":[],"comment_info":"","_links":{"self":[{"href":"https:\/\/www.italdibipack.com\/de\/wp-json\/wp\/v2\/product\/1374","targetHints":{"allow":["GET"]}}],"collection":[{"href":"https:\/\/www.italdibipack.com\/de\/wp-json\/wp\/v2\/product"}],"about":[{"href":"https:\/\/www.italdibipack.com\/de\/wp-json\/wp\/v2\/types\/product"}],"wp:featuredmedia":[{"embeddable":true,"href":"https:\/\/www.italdibipack.com\/de\/wp-json\/wp\/v2\/media\/14296"}],"wp:attachment":[{"href":"https:\/\/www.italdibipack.com\/de\/wp-json\/wp\/v2\/media?parent=1374"}],"wp:term":[{"taxonomy":"product_brand","embeddable":true,"href":"https:\/\/www.italdibipack.com\/de\/wp-json\/wp\/v2\/product_brand?post=1374"},{"taxonomy":"product_cat","embeddable":true,"href":"https:\/\/www.italdibipack.com\/de\/wp-json\/wp\/v2\/product_cat?post=1374"},{"taxonomy":"product_tag","embeddable":true,"href":"https:\/\/www.italdibipack.com\/de\/wp-json\/wp\/v2\/product_tag?post=1374"},{"taxonomy":"settore_applicazione","embeddable":true,"href":"https:\/\/www.italdibipack.com\/de\/wp-json\/wp\/v2\/settore_applicazione?post=1374"},{"taxonomy":"campo_applicativo","embeddable":true,"href":"https:\/\/www.italdibipack.com\/de\/wp-json\/wp\/v2\/campo_applicativo?post=1374"}],"curies":[{"name":"wp","href":"https:\/\/api.w.org\/{rel}","templated":true}]}}