{"id":1375,"date":"2022-06-15T15:14:18","date_gmt":"2022-07-04T16:05:14","guid":{"rendered":"https:\/\/italdibipack.bozzaonline.it\/prodotto\/nastri-adesivi\/"},"modified":"2024-09-23T17:24:21","modified_gmt":"2024-09-23T17:24:21","slug":"nastri-adesivi","status":"publish","type":"product","link":"https:\/\/www.italdibipack.com\/de\/produkt\/nastri-adesivi\/","title":{"rendered":"KLEBEB\u00c4NDER"},"content":{"rendered":"<p>Hochwertige und leistungsstarke Klebeb\u00e4nder auch unter extremen klimatischen Bedingungen.\u00a0Ideal zum Verschlie\u00dfen von Waren, die in Lagern aufbewahrt oder in Containern versandt werden, und zum Schutz vor Diebstahl und illegalem \u00d6ffnen.\u00a0Erh\u00e4ltlich neutral und personalisiert mit bis zu sechs Farben Logos und Skripten in verschiedenen Gr\u00f6\u00dfen.<\/p>\n<p>&nbsp;<\/p>\n<p><strong>MANUELLE VERWENDUNG<\/strong><\/p>\n<ul>\n<li>H\u00f6he: 38\/50\/75 mm<\/li>\n<li>L\u00e4nge: 66\/132 m<\/li>\n<li>Farben: wei\u00df, gelbbraun, transparent<\/li>\n<\/ul>\n<p>&nbsp;<\/p>\n<p><strong>AUTOMATISCHE NUTZUNG<\/strong><\/p>\n<ul>\n<li>H\u00f6he: 38\/50\/75 mm<\/li>\n<li>L\u00e4nge: 330\/660\/990 m<\/li>\n<li>Farben: wei\u00df, gelbbraun, transparent<\/li>\n<\/ul>\n<p>&nbsp;<\/p>\n<p><strong>HOHE PRODUKTION<\/strong><\/p>\n<p>F\u00fcr automatische Folienschwei\u00dfger\u00e4te:<\/p>\n<ul>\n<li>H\u00f6he: 50 mm<\/li>\n<li>L\u00e4nge: 1500\/2000 m<\/li>\n<li>Farben: wei\u00df, gelbbraun, transparent<\/li>\n<\/ul>\n","protected":false},"excerpt":{"rendered":"<p>Hochwertige und leistungsstarke Klebeb\u00e4nder auch unter extremen klimatischen Bedingungen.\u00a0Ideal zum Verschlie\u00dfen von Waren, die in Lagern aufbewahrt oder in Containern versandt werden, und zum Schutz vor Diebstahl und illegalem \u00d6ffnen.\u00a0Erh\u00e4ltlich neutral und personalisiert mit bis zu sechs Farben Logos und Skripten in verschiedenen Gr\u00f6\u00dfen.<\/p>\n<p>&nbsp;<\/p>\n<p><strong>MANUELLE VERWENDUNG<\/strong><\/p>\n<ul>\n<li>H\u00f6he: 38\/50\/75 mm<\/li>\n<li>L\u00e4nge: 66\/132 m<\/li>\n<li>Farben: wei\u00df, gelbbraun, transparent<\/li>\n<\/ul>\n<p>&nbsp;<\/p>\n<p><strong>AUTOMATISCHE NUTZUNG<\/strong><\/p>\n<ul>\n<li>H\u00f6he: 38\/50\/75 mm<\/li>\n<li>L\u00e4nge: 330\/660\/990 m<\/li>\n<li>Farben: wei\u00df, gelbbraun, transparent<\/li>\n<\/ul>\n<p>&nbsp;<\/p>\n<p><strong>HOHE PRODUKTION<\/strong><\/p>\n<p>F\u00fcr automatische Folienschwei\u00dfger\u00e4te:<\/p>\n<ul>\n<li>H\u00f6he: 50 mm<\/li>\n<li>L\u00e4nge: 1500\/2000 m<\/li>\n<li>Farben: wei\u00df, gelbbraun, transparent<\/li>\n<\/ul>\n","protected":false},"featured_media":14276,"template":"","meta":{"_acf_changed":false,"_seopress_robots_primary_cat":"","_seopress_titles_title":"Industrielle Klebeb\u00e4nder zum Verschlie\u00dfen | ITALDIBIPACK","_seopress_titles_desc":"Breites Sortiment an Klebeb\u00e4ndern f\u00fcr den Kartonverschluss. Hohe Klebkraft und Langlebigkeit.","_seopress_robots_index":"","_eb_attr":"","_gspb_post_css":"","_kad_blocks_custom_css":"","_kad_blocks_head_custom_js":"","_kad_blocks_body_custom_js":"","_kad_blocks_footer_custom_js":"","_eb_data_table":"","_kad_post_transparent":"","_kad_post_title":"","_kad_post_layout":"","_kad_post_sidebar_id":"","_kad_post_content_style":"","_kad_post_vertical_padding":"","_kad_post_feature":"","_kad_post_feature_position":"","_kad_post_header":false,"_kad_post_footer":false,"_kad_post_classname":""},"product_brand":[],"product_cat":[182,175,15],"product_tag":[],"settore_applicazione":[],"campo_applicativo":[],"class_list":{"0":"post-1375","1":"product","2":"type-product","3":"status-publish","4":"has-post-thumbnail","6":"product_cat-klebebaender","7":"product_cat-materialien","8":"product_cat-senza-categoria","10":"first","11":"instock","12":"taxable","13":"shipping-taxable","14":"product-type-simple","15":"entry","16":"content-bg","17":"loop-entry"},"acf":[],"taxonomy_info":{"product_cat":[{"value":182,"label":"Klebeb\u00e4nder"},{"value":175,"label":"Materialien"},{"value":15,"label":"Senza categoria"}]},"featured_image_src_large":["https:\/\/www.italdibipack.com\/wp-content\/uploads\/2022\/06\/nastri-adesivi-ITALDIBIPACK.png",600,600,false],"author_info":[],"comment_info":"","_links":{"self":[{"href":"https:\/\/www.italdibipack.com\/de\/wp-json\/wp\/v2\/product\/1375","targetHints":{"allow":["GET"]}}],"collection":[{"href":"https:\/\/www.italdibipack.com\/de\/wp-json\/wp\/v2\/product"}],"about":[{"href":"https:\/\/www.italdibipack.com\/de\/wp-json\/wp\/v2\/types\/product"}],"wp:featuredmedia":[{"embeddable":true,"href":"https:\/\/www.italdibipack.com\/de\/wp-json\/wp\/v2\/media\/14276"}],"wp:attachment":[{"href":"https:\/\/www.italdibipack.com\/de\/wp-json\/wp\/v2\/media?parent=1375"}],"wp:term":[{"taxonomy":"product_brand","embeddable":true,"href":"https:\/\/www.italdibipack.com\/de\/wp-json\/wp\/v2\/product_brand?post=1375"},{"taxonomy":"product_cat","embeddable":true,"href":"https:\/\/www.italdibipack.com\/de\/wp-json\/wp\/v2\/product_cat?post=1375"},{"taxonomy":"product_tag","embeddable":true,"href":"https:\/\/www.italdibipack.com\/de\/wp-json\/wp\/v2\/product_tag?post=1375"},{"taxonomy":"settore_applicazione","embeddable":true,"href":"https:\/\/www.italdibipack.com\/de\/wp-json\/wp\/v2\/settore_applicazione?post=1375"},{"taxonomy":"campo_applicativo","embeddable":true,"href":"https:\/\/www.italdibipack.com\/de\/wp-json\/wp\/v2\/campo_applicativo?post=1375"}],"curies":[{"name":"wp","href":"https:\/\/api.w.org\/{rel}","templated":true}]}}