{"id":1376,"date":"2022-06-15T15:14:18","date_gmt":"2022-07-04T16:05:14","guid":{"rendered":"https:\/\/italdibipack.bozzaonline.it\/prodotto\/nastri-personalizzati\/"},"modified":"2024-09-23T17:24:21","modified_gmt":"2024-09-23T17:24:21","slug":"nastri-personalizzati","status":"publish","type":"product","link":"https:\/\/www.italdibipack.com\/de\/produkt\/nastri-personalizzati\/","title":{"rendered":"PERSONALISIERTE KLEBEB\u00c4NDER"},"content":{"rendered":"<p>Das mit Ihrem Logo personalisierte Klebeband ist nicht nur Ihr Bild auf der ganzen Welt.\u00a0Es ist vor allem die erste Abschreckung gegen ein m\u00f6gliches eindringen oder manipulieren.\u00a0Aus diesen Gr\u00fcnden schlagen wir personalisierte Klebeb\u00e4nder mit sehr modernen Systemen vor, die Ihre Marken aufwerten und ein Qualit\u00e4tsniveau erreichen, das hinsichtlich der Definition von Details, der Farbbrillanz und der visuellen Wirkung eindeutig \u00fcberlegen ist.<\/p>\n<p>Ein unverzichtbares Mittel f\u00fcr alle, die das Unternehmensimage kosteng\u00fcnstig und effektiv f\u00f6rdern m\u00f6chten.<\/p>\n<p>Erh\u00e4ltlich in einer Vielzahl von Gr\u00f6\u00dfen.\u00a0M\u00f6glichkeit der Anpassung von bis zu sechs Farben.<\/p>\n","protected":false},"excerpt":{"rendered":"<p>Das mit Ihrem Logo personalisierte Klebeband ist nicht nur Ihr Bild auf der ganzen Welt.\u00a0Es ist vor allem die erste Abschreckung gegen ein m\u00f6gliches eindringen oder manipulieren.\u00a0Aus diesen Gr\u00fcnden schlagen wir personalisierte Klebeb\u00e4nder mit sehr modernen Systemen vor, die Ihre Marken aufwerten und ein Qualit\u00e4tsniveau erreichen, das hinsichtlich der Definition von Details, der Farbbrillanz und der visuellen Wirkung eindeutig \u00fcberlegen ist.<\/p>\n<p>Ein unverzichtbares Mittel f\u00fcr alle, die das Unternehmensimage kosteng\u00fcnstig und effektiv f\u00f6rdern m\u00f6chten.<\/p>\n<p>Erh\u00e4ltlich in einer Vielzahl von Gr\u00f6\u00dfen.\u00a0M\u00f6glichkeit der Anpassung von bis zu sechs Farben.<\/p>\n","protected":false},"featured_media":14286,"template":"","meta":{"_acf_changed":false,"_seopress_robots_primary_cat":"","_seopress_titles_title":"Personalisierte Klebeb\u00e4nder mit Logo | ITALDIBIPACK","_seopress_titles_desc":"F\u00f6rdern Sie Ihre Marke mit individuell gestalteten Klebeb\u00e4ndern. Hochwertiger Druck f\u00fcr einzigartige Verpackungen.","_seopress_robots_index":"","_eb_attr":"","_gspb_post_css":"","_kad_blocks_custom_css":"","_kad_blocks_head_custom_js":"","_kad_blocks_body_custom_js":"","_kad_blocks_footer_custom_js":"","_eb_data_table":"","_kad_post_transparent":"","_kad_post_title":"","_kad_post_layout":"","_kad_post_sidebar_id":"","_kad_post_content_style":"","_kad_post_vertical_padding":"","_kad_post_feature":"","_kad_post_feature_position":"","_kad_post_header":false,"_kad_post_footer":false,"_kad_post_classname":""},"product_brand":[],"product_cat":[182,175,15],"product_tag":[],"settore_applicazione":[],"campo_applicativo":[],"class_list":{"0":"post-1376","1":"product","2":"type-product","3":"status-publish","4":"has-post-thumbnail","6":"product_cat-klebebaender","7":"product_cat-materialien","8":"product_cat-senza-categoria","10":"first","11":"instock","12":"taxable","13":"shipping-taxable","14":"product-type-simple","15":"entry","16":"content-bg","17":"loop-entry"},"acf":[],"taxonomy_info":{"product_cat":[{"value":182,"label":"Klebeb\u00e4nder"},{"value":175,"label":"Materialien"},{"value":15,"label":"Senza categoria"}]},"featured_image_src_large":["https:\/\/www.italdibipack.com\/wp-content\/uploads\/2022\/06\/nastri-personalizzati-ITALDIBIPACK.png",768,768,false],"author_info":[],"comment_info":"","_links":{"self":[{"href":"https:\/\/www.italdibipack.com\/de\/wp-json\/wp\/v2\/product\/1376","targetHints":{"allow":["GET"]}}],"collection":[{"href":"https:\/\/www.italdibipack.com\/de\/wp-json\/wp\/v2\/product"}],"about":[{"href":"https:\/\/www.italdibipack.com\/de\/wp-json\/wp\/v2\/types\/product"}],"wp:featuredmedia":[{"embeddable":true,"href":"https:\/\/www.italdibipack.com\/de\/wp-json\/wp\/v2\/media\/14286"}],"wp:attachment":[{"href":"https:\/\/www.italdibipack.com\/de\/wp-json\/wp\/v2\/media?parent=1376"}],"wp:term":[{"taxonomy":"product_brand","embeddable":true,"href":"https:\/\/www.italdibipack.com\/de\/wp-json\/wp\/v2\/product_brand?post=1376"},{"taxonomy":"product_cat","embeddable":true,"href":"https:\/\/www.italdibipack.com\/de\/wp-json\/wp\/v2\/product_cat?post=1376"},{"taxonomy":"product_tag","embeddable":true,"href":"https:\/\/www.italdibipack.com\/de\/wp-json\/wp\/v2\/product_tag?post=1376"},{"taxonomy":"settore_applicazione","embeddable":true,"href":"https:\/\/www.italdibipack.com\/de\/wp-json\/wp\/v2\/settore_applicazione?post=1376"},{"taxonomy":"campo_applicativo","embeddable":true,"href":"https:\/\/www.italdibipack.com\/de\/wp-json\/wp\/v2\/campo_applicativo?post=1376"}],"curies":[{"name":"wp","href":"https:\/\/api.w.org\/{rel}","templated":true}]}}