{"id":1377,"date":"2022-06-15T15:14:18","date_gmt":"2022-07-04T16:05:14","guid":{"rendered":"https:\/\/italdibipack.bozzaonline.it\/prodotto\/film-skinpack\/"},"modified":"2024-09-23T17:24:21","modified_gmt":"2024-09-23T17:24:21","slug":"film-skinpack","status":"publish","type":"product","link":"https:\/\/www.italdibipack.com\/de\/produkt\/film-skinpack\/","title":{"rendered":"SKINPACK FILM"},"content":{"rendered":"<p>Materiali da confezionare su cartone trattato (microforato e non) sulla pelle. Disponibile in rotoli: larghezza 390 \u00f7 560 mm e con diversi spessori (100\/150\/200\/250\/300 MICRON).<\/p>\n","protected":false},"excerpt":{"rendered":"<p>Materiali da confezionare su cartone trattato (microforato e non) sulla pelle. Disponibile in rotoli: larghezza 390 \u00f7 560 mm e con diversi spessori (100\/150\/200\/250\/300 MICRON).<\/p>\n","protected":false},"featured_media":745,"template":"","meta":{"_acf_changed":false,"_seopress_robots_primary_cat":"","_seopress_titles_title":"Skinpack-Folie f\u00fcr visuelle Verpackungen | ITALDIBIPACK","_seopress_titles_desc":"Hochwertige Folie f\u00fcr Skinpack-Anwendungen. Perfekte Transparenz und Haftung f\u00fcr eine erstklassige Produktpr\u00e4sentation.","_seopress_robots_index":"","_eb_attr":"","_gspb_post_css":"","_kad_blocks_custom_css":"","_kad_blocks_head_custom_js":"","_kad_blocks_body_custom_js":"","_kad_blocks_footer_custom_js":"","_eb_data_table":"","_kad_post_transparent":"","_kad_post_title":"","_kad_post_layout":"","_kad_post_sidebar_id":"","_kad_post_content_style":"","_kad_post_vertical_padding":"","_kad_post_feature":"","_kad_post_feature_position":"","_kad_post_header":false,"_kad_post_footer":false,"_kad_post_classname":""},"product_brand":[],"product_cat":[175,15,183],"product_tag":[],"settore_applicazione":[],"campo_applicativo":[],"class_list":{"0":"post-1377","1":"product","2":"type-product","3":"status-publish","4":"has-post-thumbnail","6":"product_cat-materialien","7":"product_cat-senza-categoria","8":"product_cat-skinpack-film-materialien","10":"first","11":"instock","12":"taxable","13":"shipping-taxable","14":"product-type-simple","15":"entry","16":"content-bg","17":"loop-entry"},"acf":[],"taxonomy_info":{"product_cat":[{"value":175,"label":"Materialien"},{"value":15,"label":"Senza categoria"},{"value":183,"label":"Skinpack-Film"}]},"featured_image_src_large":["https:\/\/www.italdibipack.com\/wp-content\/uploads\/2022\/06\/skin-4.jpg",400,300,false],"author_info":[],"comment_info":"","_links":{"self":[{"href":"https:\/\/www.italdibipack.com\/de\/wp-json\/wp\/v2\/product\/1377","targetHints":{"allow":["GET"]}}],"collection":[{"href":"https:\/\/www.italdibipack.com\/de\/wp-json\/wp\/v2\/product"}],"about":[{"href":"https:\/\/www.italdibipack.com\/de\/wp-json\/wp\/v2\/types\/product"}],"wp:featuredmedia":[{"embeddable":true,"href":"https:\/\/www.italdibipack.com\/de\/wp-json\/wp\/v2\/media\/745"}],"wp:attachment":[{"href":"https:\/\/www.italdibipack.com\/de\/wp-json\/wp\/v2\/media?parent=1377"}],"wp:term":[{"taxonomy":"product_brand","embeddable":true,"href":"https:\/\/www.italdibipack.com\/de\/wp-json\/wp\/v2\/product_brand?post=1377"},{"taxonomy":"product_cat","embeddable":true,"href":"https:\/\/www.italdibipack.com\/de\/wp-json\/wp\/v2\/product_cat?post=1377"},{"taxonomy":"product_tag","embeddable":true,"href":"https:\/\/www.italdibipack.com\/de\/wp-json\/wp\/v2\/product_tag?post=1377"},{"taxonomy":"settore_applicazione","embeddable":true,"href":"https:\/\/www.italdibipack.com\/de\/wp-json\/wp\/v2\/settore_applicazione?post=1377"},{"taxonomy":"campo_applicativo","embeddable":true,"href":"https:\/\/www.italdibipack.com\/de\/wp-json\/wp\/v2\/campo_applicativo?post=1377"}],"curies":[{"name":"wp","href":"https:\/\/api.w.org\/{rel}","templated":true}]}}