{"id":1378,"date":"2022-06-15T15:14:18","date_gmt":"2022-07-04T16:05:14","guid":{"rendered":"https:\/\/italdibipack.bozzaonline.it\/prodotto\/film-estensibile-per-uso-manuale\/"},"modified":"2024-09-23T17:24:21","modified_gmt":"2024-09-23T17:24:21","slug":"film-estensibile-per-uso-manuale","status":"publish","type":"product","link":"https:\/\/www.italdibipack.com\/de\/produkt\/film-estensibile-per-uso-manuale\/","title":{"rendered":"STRETCHFOLIE F\u00dcR MANUELLEN GEBRAUCH"},"content":{"rendered":"<p>Die manuelle Stretchfolie ist in verschiedenen Gr\u00f6\u00dfen und St\u00e4rken erh\u00e4ltlich, um sich den unterschiedlichen Kundenbed\u00fcrfnissen besser anpassen zu k\u00f6nnen.<\/p>\n<p>MANUAL EXTENSIBLE FILM wird in Rollen mit geringem Gewicht verpackt, da es vom Bediener manuell verwendet wird.\u00a0Es ist ein Basisprodukt mit vielen Anwendungen, das f\u00fcr diejenigen geeignet ist, die wenig verpacken oder Lasten nacharbeiten.<\/p>\n<p>Diese Art von Folie kann f\u00fcr verschiedene Zwecke verwendet werden, um die Palette leichter zu verpacken und zu transportieren, um sie beim Transport zu sch\u00fctzen.<\/p>\n<p>Es wird \u201ekalt\u201c aufgetragen und sorgt dank seines elastischen Ged\u00e4chtnisses und der selbstklebenden Oberfl\u00e4che f\u00fcr eine starke Belastung der Palette.<\/p>\n<p>Im Bereich der manuellen Stretchfolie gibt es auch die MANUAL EXTENSIBLE PRESTIRED aus dem maximalen elastischen Speicher, die es erm\u00f6glicht, die Palette bei reduziertem Folienverbrauch perfekt stabil zu halten.\u00a0Dar\u00fcber hinaus machen die verringerte Dicke und die hohe Elastizit\u00e4t der Folie diese Spulen leicht und einfach zu handhaben.<\/p>\n<p>Auf Anfrage Spender (erh\u00e4ltlich neutral, wei\u00df, schwarz)<\/p>\n<p>Die manuelle Stretchfolie hat folgende Eigenschaften:<\/p>\n<ul>\n<li>Material: stretchDicke: 23 Mikron Standard (auf Anfrage andere Dicken).<\/li>\n<li>Manuell vorgespannte Dicke: 10 Mikron (auf Anfrage andere Dicken).<\/li>\n<li>Gewicht pro Rolle: 2,5 kg<\/li>\n<li>Rool H\u00f6he: 50 cm<\/li>\n<li>Farbe: transparent, wei\u00df, schwarz (andere Farben auf Anfrage)<\/li>\n<\/ul>\n","protected":false},"excerpt":{"rendered":"<p>Die manuelle Stretchfolie ist in verschiedenen Gr\u00f6\u00dfen und St\u00e4rken erh\u00e4ltlich, um sich den unterschiedlichen Kundenbed\u00fcrfnissen besser anpassen zu k\u00f6nnen.<\/p>\n<p>MANUAL EXTENSIBLE FILM wird in Rollen mit geringem Gewicht verpackt, da es vom Bediener manuell verwendet wird.\u00a0Es ist ein Basisprodukt mit vielen Anwendungen, das f\u00fcr diejenigen geeignet ist, die wenig verpacken oder Lasten nacharbeiten.<\/p>\n<p>Diese Art von Folie kann f\u00fcr verschiedene Zwecke verwendet werden, um die Palette leichter zu verpacken und zu transportieren, um sie beim Transport zu sch\u00fctzen.<\/p>\n<p>Es wird \u201ekalt\u201c aufgetragen und sorgt dank seines elastischen Ged\u00e4chtnisses und der selbstklebenden Oberfl\u00e4che f\u00fcr eine starke Belastung der Palette.<\/p>\n<p>Im Bereich der manuellen Stretchfolie gibt es auch die MANUAL EXTENSIBLE PRESTIRED aus dem maximalen elastischen Speicher, die es erm\u00f6glicht, die Palette bei reduziertem Folienverbrauch perfekt stabil zu halten.\u00a0Dar\u00fcber hinaus machen die verringerte Dicke und die hohe Elastizit\u00e4t der Folie diese Spulen leicht und einfach zu handhaben.<\/p>\n<p>Auf Anfrage Spender (erh\u00e4ltlich neutral, wei\u00df, schwarz)<\/p>\n<p>Die manuelle Stretchfolie hat folgende Eigenschaften:<\/p>\n<ul>\n<li>Material: stretchDicke: 23 Mikron Standard (auf Anfrage andere Dicken).<\/li>\n<li>Manuell vorgespannte Dicke: 10 Mikron (auf Anfrage andere Dicken).<\/li>\n<li>Gewicht pro Rolle: 2,5 kg<\/li>\n<li>Rool H\u00f6he: 50 cm<\/li>\n<li>Farbe: transparent, wei\u00df, schwarz (andere Farben auf Anfrage)<\/li>\n<\/ul>\n","protected":false},"featured_media":14245,"template":"","meta":{"_acf_changed":false,"_seopress_robots_primary_cat":"","_seopress_titles_title":"Manuelle Stretchfolie f\u00fcr Handwicklung | ITALDIBIPACK","_seopress_titles_desc":"Premium-Handstretchfolie zur Sicherung von Palettenladungen. Langlebig und einfach in der Anwendung.","_seopress_robots_index":"","_eb_attr":"","_gspb_post_css":"","_kad_blocks_custom_css":"","_kad_blocks_head_custom_js":"","_kad_blocks_body_custom_js":"","_kad_blocks_footer_custom_js":"","_eb_data_table":"","_kad_post_transparent":"","_kad_post_title":"","_kad_post_layout":"","_kad_post_sidebar_id":"","_kad_post_content_style":"","_kad_post_vertical_padding":"","_kad_post_feature":"","_kad_post_feature_position":"","_kad_post_header":false,"_kad_post_footer":false,"_kad_post_classname":""},"product_brand":[],"product_cat":[175,15,184],"product_tag":[],"settore_applicazione":[],"campo_applicativo":[],"class_list":{"0":"post-1378","1":"product","2":"type-product","3":"status-publish","4":"has-post-thumbnail","6":"product_cat-materialien","7":"product_cat-senza-categoria","8":"product_cat-stretchfolie","10":"first","11":"instock","12":"taxable","13":"shipping-taxable","14":"purchasable","15":"product-type-simple","16":"entry","17":"content-bg","18":"loop-entry"},"acf":[],"taxonomy_info":{"product_cat":[{"value":175,"label":"Materialien"},{"value":15,"label":"Senza categoria"},{"value":184,"label":"Stretchfolie"}]},"featured_image_src_large":["https:\/\/www.italdibipack.com\/wp-content\/uploads\/2022\/06\/film-estensibili-manuali-ITALDIBIPACK-1024x1024.png",1024,1024,true],"author_info":[],"comment_info":"","_links":{"self":[{"href":"https:\/\/www.italdibipack.com\/de\/wp-json\/wp\/v2\/product\/1378","targetHints":{"allow":["GET"]}}],"collection":[{"href":"https:\/\/www.italdibipack.com\/de\/wp-json\/wp\/v2\/product"}],"about":[{"href":"https:\/\/www.italdibipack.com\/de\/wp-json\/wp\/v2\/types\/product"}],"wp:featuredmedia":[{"embeddable":true,"href":"https:\/\/www.italdibipack.com\/de\/wp-json\/wp\/v2\/media\/14245"}],"wp:attachment":[{"href":"https:\/\/www.italdibipack.com\/de\/wp-json\/wp\/v2\/media?parent=1378"}],"wp:term":[{"taxonomy":"product_brand","embeddable":true,"href":"https:\/\/www.italdibipack.com\/de\/wp-json\/wp\/v2\/product_brand?post=1378"},{"taxonomy":"product_cat","embeddable":true,"href":"https:\/\/www.italdibipack.com\/de\/wp-json\/wp\/v2\/product_cat?post=1378"},{"taxonomy":"product_tag","embeddable":true,"href":"https:\/\/www.italdibipack.com\/de\/wp-json\/wp\/v2\/product_tag?post=1378"},{"taxonomy":"settore_applicazione","embeddable":true,"href":"https:\/\/www.italdibipack.com\/de\/wp-json\/wp\/v2\/settore_applicazione?post=1378"},{"taxonomy":"campo_applicativo","embeddable":true,"href":"https:\/\/www.italdibipack.com\/de\/wp-json\/wp\/v2\/campo_applicativo?post=1378"}],"curies":[{"name":"wp","href":"https:\/\/api.w.org\/{rel}","templated":true}]}}