{"id":1382,"date":"2022-06-15T15:13:57","date_gmt":"2022-07-04T16:05:14","guid":{"rendered":"https:\/\/italdibipack.bozzaonline.it\/prodotto\/golden-film\/"},"modified":"2024-09-23T17:24:22","modified_gmt":"2024-09-23T17:24:22","slug":"golden-film","status":"publish","type":"product","link":"https:\/\/www.italdibipack.com\/de\/produkt\/golden-film\/","title":{"rendered":"GOLDENER FILM"},"content":{"rendered":"<p>Die Goldene Folie ist eine Hightech-Polyolefin-Schrumpffolie, die sich ideal f\u00fcr automatische L-Sealer mit Schrumpftunnel eignet.<\/p>\n<p>Es ist eine extrem transparente Folie, die sowohl bei niedrigen als auch bei hohen Temperaturen schnell schrumpft und auch bei hohen Geschwindigkeiten eine hervorragende Versiegelung aufweist.<\/p>\n<p>Es \u201efolgt\u201c perfekt der Verpackungsform und ist dank seiner besonderen vernetzten Molek\u00fclstruktur ideal f\u00fcr automatische L-Sealer mit Schrumpftunnel.<\/p>\n<p>Es kann auch f\u00fcr Lebensmittelanwendungen verwendet werden.<\/p>\n<ul>\n<li>Verf\u00fcgbare Breite: von 200 bis 700 mm<\/li>\n<li>Verf\u00fcgbare Dicke: 15, 19 \u00b5m<\/li>\n<\/ul>\n","protected":false},"excerpt":{"rendered":"<p>Die Goldene Folie ist eine Hightech-Polyolefin-Schrumpffolie, die sich ideal f\u00fcr automatische L-Sealer mit Schrumpftunnel eignet.<\/p>\n<p>Es ist eine extrem transparente Folie, die sowohl bei niedrigen als auch bei hohen Temperaturen schnell schrumpft und auch bei hohen Geschwindigkeiten eine hervorragende Versiegelung aufweist.<\/p>\n<p>Es \u201efolgt\u201c perfekt der Verpackungsform und ist dank seiner besonderen vernetzten Molek\u00fclstruktur ideal f\u00fcr automatische L-Sealer mit Schrumpftunnel.<\/p>\n<p>Es kann auch f\u00fcr Lebensmittelanwendungen verwendet werden.<\/p>\n<ul>\n<li>Verf\u00fcgbare Breite: von 200 bis 700 mm<\/li>\n<li>Verf\u00fcgbare Dicke: 15, 19 \u00b5m<\/li>\n<\/ul>\n","protected":false},"featured_media":14235,"template":"","meta":{"_acf_changed":false,"_seopress_robots_primary_cat":"","_seopress_titles_title":"GOLDENER FILM: Premium-Schrumpffolie | ITALDIBIPACK","_seopress_titles_desc":"Hochwertige Schrumpffolie f\u00fcr brillante und sch\u00fctzende Verpackungen. Exzellentes \u00e4sthetisches Ergebnis.","_seopress_robots_index":"","_eb_attr":"","_gspb_post_css":"","_kad_blocks_custom_css":"","_kad_blocks_head_custom_js":"","_kad_blocks_body_custom_js":"","_kad_blocks_footer_custom_js":"","_eb_data_table":"","_kad_post_transparent":"","_kad_post_title":"","_kad_post_layout":"","_kad_post_sidebar_id":"","_kad_post_content_style":"","_kad_post_vertical_padding":"","_kad_post_feature":"","_kad_post_feature_position":"","_kad_post_header":false,"_kad_post_footer":false,"_kad_post_classname":""},"product_brand":[],"product_cat":[175,185,15],"product_tag":[],"settore_applicazione":[],"campo_applicativo":[],"class_list":{"0":"post-1382","1":"product","2":"type-product","3":"status-publish","4":"has-post-thumbnail","6":"product_cat-materialien","7":"product_cat-schrumpffolie","8":"product_cat-senza-categoria","10":"first","11":"instock","12":"taxable","13":"shipping-taxable","14":"product-type-simple","15":"entry","16":"content-bg","17":"loop-entry"},"acf":[],"taxonomy_info":{"product_cat":[{"value":175,"label":"Materialien"},{"value":185,"label":"Schrumpffolie"},{"value":15,"label":"Senza categoria"}]},"featured_image_src_large":["https:\/\/www.italdibipack.com\/wp-content\/uploads\/2022\/06\/GOLDEN-FILM-film-termoretraibili-ITALDIBIPACK-1024x1024.png",1024,1024,true],"author_info":[],"comment_info":"","_links":{"self":[{"href":"https:\/\/www.italdibipack.com\/de\/wp-json\/wp\/v2\/product\/1382","targetHints":{"allow":["GET"]}}],"collection":[{"href":"https:\/\/www.italdibipack.com\/de\/wp-json\/wp\/v2\/product"}],"about":[{"href":"https:\/\/www.italdibipack.com\/de\/wp-json\/wp\/v2\/types\/product"}],"wp:featuredmedia":[{"embeddable":true,"href":"https:\/\/www.italdibipack.com\/de\/wp-json\/wp\/v2\/media\/14235"}],"wp:attachment":[{"href":"https:\/\/www.italdibipack.com\/de\/wp-json\/wp\/v2\/media?parent=1382"}],"wp:term":[{"taxonomy":"product_brand","embeddable":true,"href":"https:\/\/www.italdibipack.com\/de\/wp-json\/wp\/v2\/product_brand?post=1382"},{"taxonomy":"product_cat","embeddable":true,"href":"https:\/\/www.italdibipack.com\/de\/wp-json\/wp\/v2\/product_cat?post=1382"},{"taxonomy":"product_tag","embeddable":true,"href":"https:\/\/www.italdibipack.com\/de\/wp-json\/wp\/v2\/product_tag?post=1382"},{"taxonomy":"settore_applicazione","embeddable":true,"href":"https:\/\/www.italdibipack.com\/de\/wp-json\/wp\/v2\/settore_applicazione?post=1382"},{"taxonomy":"campo_applicativo","embeddable":true,"href":"https:\/\/www.italdibipack.com\/de\/wp-json\/wp\/v2\/campo_applicativo?post=1382"}],"curies":[{"name":"wp","href":"https:\/\/api.w.org\/{rel}","templated":true}]}}