{"id":1383,"date":"2022-06-15T15:14:18","date_gmt":"2022-07-04T16:05:14","guid":{"rendered":"https:\/\/italdibipack.bozzaonline.it\/prodotto\/dibiflow-300\/"},"modified":"2024-10-24T14:47:59","modified_gmt":"2024-10-24T14:47:59","slug":"dibiflow-300","status":"publish","type":"product","link":"https:\/\/www.italdibipack.com\/de\/produkt\/dibiflow-300\/","title":{"rendered":"DIBIFLOW 300"},"content":{"rendered":"<h3>DIE AUTOMATISCHE HORIZONTALE FLOWPACK-MASCHINE IN KLEINER GR\u00d6SSE, ABER SEHR LEISTUNGSF\u00c4HIG<\/h3>\n<p>Dibiflow 300 ist die kleinste horizontale automatische Verpackungsmaschine in Bezug auf Gr\u00f6\u00dfe und Leistung!<\/p>\n<p>Ideal f\u00fcr die Lebensmittelindustrie, S\u00fc\u00dfwaren, Speiseeis, Kosmetik, Pharma &#8230; Aber auch f\u00fcr technische Artikel, Komponenten, Ersatzteile, verschiedene Kits, elektronische Ger\u00e4te und vieles mehr.<\/p>\n<p>Entwickelt f\u00fcr alle Anforderungen in Bezug auf die Verpackung in \u00dcbereinstimmung mit Hygiene- und Lebensmittelstandards. Zur gleichen Zeit, das Image und die Pr\u00e4sentation des Produkts mit dem Vorteil der Vermarktung und neuer Vertriebsprodukte zu verbessern.<\/p>\n<p>Dibiflow 300 ist die horizontale Schlauchbeutelmaschine mit einem vollst\u00e4ndig elektronischen Arbeitssystem. Hohe Qualit\u00e4tsmerkmale und Fertigungsstandards: einfache Bedienung, schneller Produktwechsel, hohe Vielseitigkeit, M\u00f6glichkeit, bis zu 99 verschiedene Arbeitsprogramme mit personalisierten Parametern zu speichern, Bediener-Touchscreen-Panel zur einfachen Bedienung und schnellen Regulierung der verschiedenen Parameter. Umfangreiches Zubeh\u00f6r auf Anfrage.<\/p>\n<p>Die Maschine ist ausgestattet mit:<\/p>\n<p><strong>Einer Driving Group mit 3 unabh\u00e4ngigen b\u00fcrstenlosen Motoren:<\/strong><\/p>\n<ul>\n<li>In-Feed-Kettenf\u00f6rderband<\/li>\n<li>Film R\u00e4der ziehen<\/li>\n<li>Backenrotation<\/li>\n<li>Schwerkraftschiebeeinheit am Ausgang<\/li>\n<li>3-Zoll-Farb-Touchscreen<\/li>\n<li>220V einphasige Spannung 50Hz<\/li>\n<\/ul>\n<p><strong>Eine Produktzuf\u00fchrungsgruppe:<\/strong><\/p>\n<ul>\n<li>Motorisierte Vorschubeinheit mit Stellplatzkette<\/li>\n<li>Teile in Kontakt mit dem Produkt aus Edelstahl<\/li>\n<li>Seitenverstellbare F\u00fchrungen<\/li>\n<li>Einstellbarer Filmkonformer<\/li>\n<\/ul>\n<p><strong>\u00a0<\/strong><\/p>\n<p><strong>OPTIONEN<\/strong><\/p>\n<ul>\n<li>Zufuhrband heraus motorisiert<\/li>\n<li>Drucker \u201eMindesthaltbarkeitsdatum \/ Produktcode\u201c<\/li>\n<li>Fotozelle f\u00fcr den Film mit Einschreiben<\/li>\n<li>Filmkonformer behoben<\/li>\n<li>Zick-Zack-Messer (zum einfachen \u00d6ffnen des Beutels)<\/li>\n<li>Elektronische Schritt- \/ Pitchregelung des Einlaufbandes<\/li>\n<li>Maschine in Vollausf\u00fchrung aus Edelstahl<\/li>\n<li>L\u00e4ngsr\u00e4ndelung<\/li>\n<\/ul>\n","protected":false},"excerpt":{"rendered":"<h3>DIE AUTOMATISCHE HORIZONTALE FLOWPACK-MASCHINE IN KLEINER GR\u00d6SSE, ABER SEHR LEISTUNGSF\u00c4HIG<\/h3>\n<p>Dibiflow 300 ist die kleinste horizontale automatische Verpackungsmaschine in Bezug auf Gr\u00f6\u00dfe und Leistung!<\/p>\n<p>Ideal f\u00fcr die Lebensmittelindustrie, S\u00fc\u00dfwaren, Speiseeis, Kosmetik, Pharma &#8230; Aber auch f\u00fcr technische Artikel, Komponenten, Ersatzteile, verschiedene Kits, elektronische Ger\u00e4te und vieles mehr.<\/p>\n<p>Entwickelt f\u00fcr alle Anforderungen in Bezug auf die Verpackung in \u00dcbereinstimmung mit Hygiene- und Lebensmittelstandards. Zur gleichen Zeit, das Image und die Pr\u00e4sentation des Produkts mit dem Vorteil der Vermarktung und neuer Vertriebsprodukte zu verbessern.<\/p>\n","protected":false},"featured_media":15303,"template":"","meta":{"_acf_changed":false,"_seopress_robots_primary_cat":"","_seopress_titles_title":"DIBIFLOW 300: Flowpack-Maschine | ITALDIBIPACK","_seopress_titles_desc":"Kompakte und vielseitige horizontale Flowpack-Maschine. Ideal f\u00fcr Lebensmittel- und Technikverpackungen.","_seopress_robots_index":"","_eb_attr":"","_gspb_post_css":"","_kad_blocks_custom_css":"","_kad_blocks_head_custom_js":"","_kad_blocks_body_custom_js":"","_kad_blocks_footer_custom_js":"","_eb_data_table":"","_kad_post_transparent":"default","_kad_post_title":"","_kad_post_layout":"default","_kad_post_sidebar_id":"","_kad_post_content_style":"default","_kad_post_vertical_padding":"default","_kad_post_feature":"","_kad_post_feature_position":"","_kad_post_header":false,"_kad_post_footer":false,"_kad_post_classname":""},"product_brand":[],"product_cat":[475,163],"product_tag":[],"settore_applicazione":[],"campo_applicativo":[],"class_list":{"0":"post-1383","1":"product","2":"type-product","3":"status-publish","4":"has-post-thumbnail","6":"product_cat-flowpack-de","7":"product_cat-schlauchbeutelmaschinen","9":"first","10":"instock","11":"taxable","12":"shipping-taxable","13":"product-type-simple","14":"entry","15":"content-bg","16":"loop-entry"},"acf":[],"taxonomy_info":{"product_cat":[{"value":475,"label":"Flowpack"},{"value":163,"label":"Schlauchbeutelmaschinen"}]},"featured_image_src_large":["https:\/\/www.italdibipack.com\/wp-content\/uploads\/2024\/02\/DIBIFLOW-300-confezionatrici-flowpack-ITALDIBIPACK-griglia-1024x1024.jpg",1024,1024,true],"author_info":[],"comment_info":"","_links":{"self":[{"href":"https:\/\/www.italdibipack.com\/de\/wp-json\/wp\/v2\/product\/1383","targetHints":{"allow":["GET"]}}],"collection":[{"href":"https:\/\/www.italdibipack.com\/de\/wp-json\/wp\/v2\/product"}],"about":[{"href":"https:\/\/www.italdibipack.com\/de\/wp-json\/wp\/v2\/types\/product"}],"wp:featuredmedia":[{"embeddable":true,"href":"https:\/\/www.italdibipack.com\/de\/wp-json\/wp\/v2\/media\/15303"}],"wp:attachment":[{"href":"https:\/\/www.italdibipack.com\/de\/wp-json\/wp\/v2\/media?parent=1383"}],"wp:term":[{"taxonomy":"product_brand","embeddable":true,"href":"https:\/\/www.italdibipack.com\/de\/wp-json\/wp\/v2\/product_brand?post=1383"},{"taxonomy":"product_cat","embeddable":true,"href":"https:\/\/www.italdibipack.com\/de\/wp-json\/wp\/v2\/product_cat?post=1383"},{"taxonomy":"product_tag","embeddable":true,"href":"https:\/\/www.italdibipack.com\/de\/wp-json\/wp\/v2\/product_tag?post=1383"},{"taxonomy":"settore_applicazione","embeddable":true,"href":"https:\/\/www.italdibipack.com\/de\/wp-json\/wp\/v2\/settore_applicazione?post=1383"},{"taxonomy":"campo_applicativo","embeddable":true,"href":"https:\/\/www.italdibipack.com\/de\/wp-json\/wp\/v2\/campo_applicativo?post=1383"}],"curies":[{"name":"wp","href":"https:\/\/api.w.org\/{rel}","templated":true}]}}