{"id":1384,"date":"2022-06-15T15:14:18","date_gmt":"2022-07-04T16:05:14","guid":{"rendered":"https:\/\/italdibipack.bozzaonline.it\/prodotto\/dibiflow-500\/"},"modified":"2024-10-24T14:48:12","modified_gmt":"2024-10-24T14:48:12","slug":"dibiflow-500","status":"publish","type":"product","link":"https:\/\/www.italdibipack.com\/de\/produkt\/dibiflow-500\/","title":{"rendered":"DIBIFLOW LINE"},"content":{"rendered":"<div class=\"jhH5U\">\n<div id=\"tw-ob\" class=\"tw-src-ltr\">\n<div class=\"oSioSc\">\n<div id=\"tw-target\">\n<div id=\"kAz1tf\" class=\"g9WsWb\">\n<div id=\"tw-target-text-container\" class=\"tw-ta-container tw-nfl\" tabindex=\"0\">\n<h3 id=\"tw-target-text\" class=\"tw-data-text tw-text-large tw-ta\" dir=\"ltr\" data-placeholder=\"Traduzione\"><span lang=\"de\">DIBIFLOW LINE: HOHE TECHNOLOGIE &#8211; EINFACH ZU BENUTZEN<br \/>\n<\/span><\/h3>\n<p>Die Dibiflow-Linie ist eine Linie horizontaler Verpackungsmaschinen mit hohen Qualit\u00e4tsmerkmalen und Fertigungsstandards. Einfache Bedienung, hohe Vielseitigkeit und schneller Produktionswechsel. Breites Angebot an zus\u00e4tzlichem Zubeh\u00f6r. Die DIBIFLOW-Linie ist je nach Gr\u00f6\u00dfe des zu verpackenden Produkts in verschiedenen Versionen erh\u00e4ltlich.<\/p>\n<\/div>\n<\/div>\n<\/div>\n<\/div>\n<\/div>\n<\/div>\n<p>Dibiflow-linie zeichnet sich durch hohe Qualit\u00e4tsmerkmale und Fertigungsstandards aus: einfache Bedienung, schnelle Produktions\u00e4nderung, hohe Vielseitigkeit, M\u00f6glichkeit, bis zu 99 verschiedene Arbeitsprogramme mit personalisierten Parametern zu speichern, Bediener-Touchscreen-Panel f\u00fcr die einfache Bedienung und schnelle Regulierung der verschiedenen Parameter. Breites Angebot an zus\u00e4tzlichem Zubeh\u00f6r.<\/p>\n<p>Merkmale der Dibiflow-Linie:<\/p>\n<p><strong>Eine Fahrgruppe:<\/strong><\/p>\n<ul>\n<li>Zufuhrf\u00f6rderband (b\u00fcrstenloser 400-W-Motor)<\/li>\n<li>Filmzugr\u00e4der (b\u00fcrstenloser 400-W-Motor)<\/li>\n<li>Backenrotation (b\u00fcrstenloser 400-W-Motor)<\/li>\n<li>Unabh\u00e4ngige Motorisierung des Ausgangsriemens<\/li>\n<\/ul>\n<p>&nbsp;<\/p>\n<p><strong>Eine Produktzuf\u00fchrungsgruppe:<\/strong><\/p>\n<ul>\n<li>Seitenverstellbare F\u00fchrungen<\/li>\n<li>Produktber\u00fchrte Teile aus Edelstahl AISI 304<\/li>\n<li>Stollenladeband, L\u00e4nge 1600 mm (Standard)<\/li>\n<li>Druck\u00f6sen mit schneller Extraktion in Kunststoffmaterial, das f\u00fcr den Kontakt mit Lebensmitteln geeignet ist<\/li>\n<li>Tunnel- \/ Filmkonformer mit festem Typ (einstellbarer Typ auf Anfrage erh\u00e4ltlich)<\/li>\n<\/ul>\n<p><strong>Eine Film Holder Gruppe:<\/strong><\/p>\n<ul>\n<li>Voraussetzung f\u00fcr die Montage der Fotozelle zur Erkennung der Markierung auf bedruckten Folien<\/li>\n<li>Freitragende Struktur aus Aluminium und lackiertem Stahl (RAL 7035 GRAU &#8211; RAL 5002 BLAU) und Edelstahlgeh\u00e4use<\/li>\n<li>Spulenhalter von oben ausdehnen<\/li>\n<\/ul>\n<p>&nbsp;<\/p>\n<p><strong>Fil &#8211; Antriebsr\u00e4der:<\/strong><\/p>\n<ul>\n<li>L\u00e4ngsschwei\u00dfger\u00e4t mit zwei Radpaaren. Rotationskreuzschwei\u00dfger\u00e4t (Dibiflow 500)<\/li>\n<\/ul>\n<p><strong>\u00a0<\/strong><\/p>\n<p><strong><em>\u00a0<\/em>Und eine Kiefergruppe:<\/strong><\/p>\n<ul>\n<li>L\u00e4ngsschwei\u00dfger\u00e4t mit drei Radpaaren. Rotationskreuzschwei\u00dfger\u00e4t (Dibiflow 600 und 700)<\/li>\n<li>Elektronische Sicherheitskupplung an den Querschwei\u00dfern<\/li>\n<\/ul>\n<p>&nbsp;<\/p>\n<p><strong>OPTIONAL<\/strong><\/p>\n<ul>\n<li>Drucker f\u00fcr Verfallsdatum und Chargenproduktion<\/li>\n<li>Film vor Ort Foto-Auge<\/li>\n<li>Einstellbare Konformere<\/li>\n<li>Doppelte Querbacken<\/li>\n<li>Zick-Zack zum einfachen \u00d6ffnen der Tasche<\/li>\n<li>Horizontaler Querschnitt<\/li>\n<li>Automatischer Einzug<\/li>\n<li>Voraussetzung f\u00fcr die Synchronisation eines Druckers mit der Maschine \u00fcber einen Touchscreen<\/li>\n<li>Einlaufband mit verl\u00e4ngerter L\u00e4nge von einem Meter<\/li>\n<li>Filmperforiereinheit zur Reduzierung der Luftmenge in der Verpackung<\/li>\n<li>Ausgangsriemen von ca. 800 mm L\u00e4nge<\/li>\n<li>M\u00f6glichkeit der Maschine mit Rollenhalter in unterer Position zum oberen Schwei\u00dfen<em>\u00a0<\/em><\/li>\n<\/ul>\n","protected":false},"excerpt":{"rendered":"<div class=\"jhH5U\">\n<div id=\"tw-ob\" class=\"tw-src-ltr\">\n<div class=\"oSioSc\">\n<div id=\"tw-target\">\n<div id=\"kAz1tf\" class=\"g9WsWb\">\n<div id=\"tw-target-text-container\" class=\"tw-ta-container tw-nfl\" tabindex=\"0\">\n<h3 id=\"tw-target-text\" class=\"tw-data-text tw-text-large tw-ta\" dir=\"ltr\" data-placeholder=\"Traduzione\"><span lang=\"de\">DIBIFLOW LINE: HOHE TECHNOLOGIE &#8211; EINFACH ZU BENUTZEN<br \/>\n<\/span><\/h3>\n<p>Die Dibiflow-Linie ist eine Linie horizontaler Verpackungsmaschinen mit hohen Qualit\u00e4tsmerkmalen und Fertigungsstandards. Einfache Bedienung, hohe Vielseitigkeit und schneller Produktionswechsel. Breites Angebot an zus\u00e4tzlichem Zubeh\u00f6r. Die DIBIFLOW-Linie ist je nach Gr\u00f6\u00dfe des zu verpackenden Produkts in verschiedenen Versionen erh\u00e4ltlich.<\/p>\n<div class=\"jhH5U\">\n<div id=\"tw-ob\" class=\"tw-src-ltr\">\n<div class=\"oSioSc\">\n<div id=\"tw-target\">\n<div id=\"kAz1tf\" class=\"g9WsWb\">\n<div id=\"tw-target-text-container\" class=\"tw-ta-container tw-nfl\" tabindex=\"0\">\n<pre id=\"tw-target-text\" class=\"tw-data-text tw-text-large tw-ta\" dir=\"ltr\" data-placeholder=\"Traduzione\"><\/pre>\n<\/div>\n<\/div>\n<\/div>\n<\/div>\n<\/div>\n<\/div>\n<\/div>\n<\/div>\n<\/div>\n<\/div>\n<\/div>\n<\/div>\n","protected":false},"featured_media":15318,"template":"","meta":{"_acf_changed":false,"_seopress_robots_primary_cat":"","_seopress_titles_title":"DIBIFLOW Line: Flowpack-Maschinen | ITALDIBIPACK","_seopress_titles_desc":"Entdecken Sie die DIBIFLOW-Serie horizontaler Flowpack-Maschinen. Fortschrittliche Technik f\u00fcr flexibles Verpacken.","_seopress_robots_index":"","_eb_attr":"","_gspb_post_css":"","_kad_blocks_custom_css":"","_kad_blocks_head_custom_js":"","_kad_blocks_body_custom_js":"","_kad_blocks_footer_custom_js":"","_eb_data_table":"","_kad_post_transparent":"default","_kad_post_title":"","_kad_post_layout":"default","_kad_post_sidebar_id":"","_kad_post_content_style":"default","_kad_post_vertical_padding":"default","_kad_post_feature":"","_kad_post_feature_position":"","_kad_post_header":false,"_kad_post_footer":false,"_kad_post_classname":""},"product_brand":[],"product_cat":[475,163],"product_tag":[],"settore_applicazione":[],"campo_applicativo":[],"class_list":{"0":"post-1384","1":"product","2":"type-product","3":"status-publish","4":"has-post-thumbnail","6":"product_cat-flowpack-de","7":"product_cat-schlauchbeutelmaschinen","9":"first","10":"instock","11":"taxable","12":"shipping-taxable","13":"product-type-simple","14":"entry","15":"content-bg","16":"loop-entry"},"acf":[],"taxonomy_info":{"product_cat":[{"value":475,"label":"Flowpack"},{"value":163,"label":"Schlauchbeutelmaschinen"}]},"featured_image_src_large":["https:\/\/www.italdibipack.com\/wp-content\/uploads\/2024\/02\/DIBIFLOW-500-confezionatrici-flowpack-ITALDIBIPACK-griglia-1024x1024.jpg",1024,1024,true],"author_info":[],"comment_info":"","_links":{"self":[{"href":"https:\/\/www.italdibipack.com\/de\/wp-json\/wp\/v2\/product\/1384","targetHints":{"allow":["GET"]}}],"collection":[{"href":"https:\/\/www.italdibipack.com\/de\/wp-json\/wp\/v2\/product"}],"about":[{"href":"https:\/\/www.italdibipack.com\/de\/wp-json\/wp\/v2\/types\/product"}],"wp:featuredmedia":[{"embeddable":true,"href":"https:\/\/www.italdibipack.com\/de\/wp-json\/wp\/v2\/media\/15318"}],"wp:attachment":[{"href":"https:\/\/www.italdibipack.com\/de\/wp-json\/wp\/v2\/media?parent=1384"}],"wp:term":[{"taxonomy":"product_brand","embeddable":true,"href":"https:\/\/www.italdibipack.com\/de\/wp-json\/wp\/v2\/product_brand?post=1384"},{"taxonomy":"product_cat","embeddable":true,"href":"https:\/\/www.italdibipack.com\/de\/wp-json\/wp\/v2\/product_cat?post=1384"},{"taxonomy":"product_tag","embeddable":true,"href":"https:\/\/www.italdibipack.com\/de\/wp-json\/wp\/v2\/product_tag?post=1384"},{"taxonomy":"settore_applicazione","embeddable":true,"href":"https:\/\/www.italdibipack.com\/de\/wp-json\/wp\/v2\/settore_applicazione?post=1384"},{"taxonomy":"campo_applicativo","embeddable":true,"href":"https:\/\/www.italdibipack.com\/de\/wp-json\/wp\/v2\/campo_applicativo?post=1384"}],"curies":[{"name":"wp","href":"https:\/\/api.w.org\/{rel}","templated":true}]}}