{"id":1385,"date":"2022-06-15T15:13:57","date_gmt":"2022-07-04T16:05:14","guid":{"rendered":"https:\/\/italdibipack.bozzaonline.it\/prodotto\/dibiflow-mc\/"},"modified":"2026-01-27T16:57:10","modified_gmt":"2026-01-27T16:57:10","slug":"dibiflow-mc","status":"publish","type":"product","link":"https:\/\/www.italdibipack.com\/de\/produkt\/dibiflow-mc\/","title":{"rendered":"DIBIFLOW MC"},"content":{"rendered":"<h3>DIE KLEINSTE AUTOMATISCHE HORIZONTALE FLOPACK-MASCHINE<\/h3>\n<p>Dibiflow MC ist die automatische horizontale Verpackungsmaschine, die auch komplett in Edelstahl erh\u00e4ltlich ist. Entwickelt f\u00fcr alle Anforderungen in Bezug auf die Verpackung in \u00dcbereinstimmung mit Hygiene- und Lebensmittelstandards. Zur gleichen Zeit, das Image und die Pr\u00e4sentation des Produkts mit dem Vorteil der Vermarktung und neuer Vertriebsprodukte zu verbessern.<\/p>\n<p>Es ist das einzige, das auf die tats\u00e4chlichen Bed\u00fcrfnisse und Erwartungen des Marktes eingeht, z. B. im Lebensmittelbereich, bei Einzeldosis-S\u00fc\u00dfwaren oder als Minikomponenten und technische Artikel.<\/p>\n<p><strong>LADEN VON GRUPPENPRODUKTEN<\/strong><\/p>\n<ul>\n<li>Zuf\u00fchrband mit Dr\u00fcckern<\/li>\n<li>Edelstahl-Zuf\u00fchrband<\/li>\n<li>Einstellbare Seitenf\u00fchrungen<\/li>\n<li>M\u00f6glichkeit, den unteren Carter zur Inspektion und Reinigung zu entfernen<\/li>\n<li>Konformer behoben<\/li>\n<li>Filmhalterwelle mit Zentrierkegeln<\/li>\n<\/ul>\n<p><strong>FILM-DRIVING-R\u00c4DER<\/strong><\/p>\n<ul>\n<li>Thermostatische Hot Pair R\u00e4der<\/li>\n<li>Falten der statischen Klappe<\/li>\n<\/ul>\n<p>&nbsp;<\/p>\n<p><strong>SCHNITTGRUPPEN-TRANSVERSALSCHNEIDEN<\/strong><\/p>\n<ul>\n<li>Querschneiden mit paralleler Schwei\u00dfl\u00e4nge<\/li>\n<li>Gerader Schnitt<\/li>\n<\/ul>\n","protected":false},"excerpt":{"rendered":"<h3>DIE KLEINSTE AUTOMATISCHE HORIZONTALE FLOPACK-MASCHINE<\/h3>\n<p>Dibiflow MC ist die automatische horizontale Verpackungsmaschine, die auch komplett in Edelstahl erh\u00e4ltlich ist. Entwickelt f\u00fcr alle Anforderungen in Bezug auf die Verpackung in \u00dcbereinstimmung mit Hygiene- und Lebensmittelstandards. Zur gleichen Zeit, das Image und die Pr\u00e4sentation des Produkts mit dem Vorteil der Vermarktung und neuer Vertriebsprodukte zu verbessern.<\/p>\n<p>Es ist das einzige, das auf die tats\u00e4chlichen Bed\u00fcrfnisse und Erwartungen des Marktes eingeht, z. B. im Lebensmittelbereich, bei Einzeldosis-S\u00fc\u00dfwaren oder als Minikomponenten und technische Artikel.<\/p>\n","protected":false},"featured_media":23224,"template":"","meta":{"_acf_changed":false,"_seopress_robots_primary_cat":"none","_seopress_titles_title":"DIBIFLOW MC: Flowpack-Wickler | ITALDIBIPACK","_seopress_titles_desc":"Die DIBIFLOW MC-Serie bietet kompakte und einfach zu bedienende Flowpack-L\u00f6sungen. Ideal f\u00fcr kleine Teile.","_seopress_robots_index":"","_eb_attr":"","_gspb_post_css":"","_kad_blocks_custom_css":"","_kad_blocks_head_custom_js":"","_kad_blocks_body_custom_js":"","_kad_blocks_footer_custom_js":"","_eb_data_table":"","_kad_post_transparent":"default","_kad_post_title":"","_kad_post_layout":"default","_kad_post_sidebar_id":"","_kad_post_content_style":"default","_kad_post_vertical_padding":"default","_kad_post_feature":"","_kad_post_feature_position":"","_kad_post_header":false,"_kad_post_footer":false,"_kad_post_classname":""},"product_brand":[],"product_cat":[475,163],"product_tag":[],"settore_applicazione":[],"campo_applicativo":[],"class_list":{"0":"post-1385","1":"product","2":"type-product","3":"status-publish","4":"has-post-thumbnail","6":"product_cat-flowpack-de","7":"product_cat-schlauchbeutelmaschinen","9":"first","10":"instock","11":"taxable","12":"shipping-taxable","13":"product-type-simple","14":"entry","15":"content-bg","16":"loop-entry"},"acf":[],"taxonomy_info":{"product_cat":[{"value":475,"label":"Flowpack"},{"value":163,"label":"Schlauchbeutelmaschinen"}]},"featured_image_src_large":["https:\/\/www.italdibipack.com\/wp-content\/uploads\/2022\/06\/DIBIFLOW-MC-confezionatrici-flowpack-ITALDIBIPACK-griglia-1024x1024.jpg",1024,1024,true],"author_info":[],"comment_info":"","_links":{"self":[{"href":"https:\/\/www.italdibipack.com\/de\/wp-json\/wp\/v2\/product\/1385","targetHints":{"allow":["GET"]}}],"collection":[{"href":"https:\/\/www.italdibipack.com\/de\/wp-json\/wp\/v2\/product"}],"about":[{"href":"https:\/\/www.italdibipack.com\/de\/wp-json\/wp\/v2\/types\/product"}],"wp:featuredmedia":[{"embeddable":true,"href":"https:\/\/www.italdibipack.com\/de\/wp-json\/wp\/v2\/media\/23224"}],"wp:attachment":[{"href":"https:\/\/www.italdibipack.com\/de\/wp-json\/wp\/v2\/media?parent=1385"}],"wp:term":[{"taxonomy":"product_brand","embeddable":true,"href":"https:\/\/www.italdibipack.com\/de\/wp-json\/wp\/v2\/product_brand?post=1385"},{"taxonomy":"product_cat","embeddable":true,"href":"https:\/\/www.italdibipack.com\/de\/wp-json\/wp\/v2\/product_cat?post=1385"},{"taxonomy":"product_tag","embeddable":true,"href":"https:\/\/www.italdibipack.com\/de\/wp-json\/wp\/v2\/product_tag?post=1385"},{"taxonomy":"settore_applicazione","embeddable":true,"href":"https:\/\/www.italdibipack.com\/de\/wp-json\/wp\/v2\/settore_applicazione?post=1385"},{"taxonomy":"campo_applicativo","embeddable":true,"href":"https:\/\/www.italdibipack.com\/de\/wp-json\/wp\/v2\/campo_applicativo?post=1385"}],"curies":[{"name":"wp","href":"https:\/\/api.w.org\/{rel}","templated":true}]}}