{"id":1387,"date":"2022-06-15T15:14:38","date_gmt":"2022-07-04T16:05:45","guid":{"rendered":"https:\/\/italdibipack.bozzaonline.it\/prodotto\/mitika\/"},"modified":"2024-09-23T17:24:24","modified_gmt":"2024-09-23T17:24:24","slug":"mitika","status":"publish","type":"product","link":"https:\/\/www.italdibipack.com\/de\/produkt\/mitika\/","title":{"rendered":"MITIKA"},"content":{"rendered":"<h3>MANUELLES SCHRUMPF-L-SEALER-SYSTEM<\/h3>\n<p>Modernste Technologie beim Schrumpfen dank mehr als 40 Jahren Erfahrung mit direkten Anwendungen.<\/p>\n<p>MITIKA 3246: die neueste Ankunft in der Schrumpfverpackungslinie von ITALDIBIPACK DIBIPACK<\/p>\n<p>Die leichteste und kleinste von R &amp; D Italdibipack entwickelte Schrumpfverpackungsmaschine, um die \u201e\u00dcBER 40 JAHRE\u201c unserer Geschichte zu feiern.<\/p>\n<p>Wie alle DIBIPACK-Standardmodelle einfach zu bedienen, bietet MITIKA eine gro\u00dfe Anwendungsflexibilit\u00e4t und hohe Leistung dank vollelektronischer Steuerungen und einiger innovativer patentierter Ger\u00e4te.<\/p>\n<p>Ideale L\u00f6sung f\u00fcr kleine und mittlere Produktionsmengen, da wettbewerbsf\u00e4hig und kosteng\u00fcnstig.<\/p>\n<p>ARBEITSFUNKTIONEN<\/p>\n<ul>\n<li>Arbeitsfunktionen, die von einer von R &amp; D ITALDIBIPACK realisierten Leiterplatte gesteuert werden<\/li>\n<li>Vollelektronisch gesteuert (zweite Boardgeneration)<\/li>\n<li>Automatische Anpassung der Siegelzeit an die Produktionsgeschwindigkeit<\/li>\n<li>M\u00f6glichkeit, das Schrumpfen erst nach dem Versiegeln zu aktivieren (n\u00fctzlich bei Polyolefin Materialien)<\/li>\n<li>M\u00f6glichkeit, die Hauben-Entriegelung nach dem L\u00fcfter-Stopp vorherzusehen<\/li>\n<li>Automatischer Standby-Modus (Energie-Einsparung)<\/li>\n<li>St\u00fcckz\u00e4hler<\/li>\n<\/ul>\n","protected":false},"excerpt":{"rendered":"<h3>MANUELLES SCHRUMPF-L-SEALER-SYSTEM<\/h3>\n<p>Modernste Technologie beim Schrumpfen dank mehr als 40 Jahren Erfahrung mit direkten Anwendungen.<\/p>\n<p>MITIKA 3246: die neueste Ankunft in der Schrumpfverpackungslinie von ITALDIBIPACK DIBIPACK<\/p>\n<p>Die leichteste und kleinste von R &amp; D Italdibipack entwickelte Schrumpfverpackungsmaschine, um die \u201e\u00dcBER 40 JAHRE\u201c unserer Geschichte zu feiern.<\/p>\n<p>Wie alle DIBIPACK-Standardmodelle einfach zu bedienen, bietet MITIKA eine gro\u00dfe Anwendungsflexibilit\u00e4t und hohe Leistung dank vollelektronischer Steuerungen und einiger innovativer patentierter Ger\u00e4te.<\/p>\n<p>Ideale L\u00f6sung f\u00fcr kleine und mittlere Produktionsmengen, da wettbewerbsf\u00e4hig und kosteng\u00fcnstig.<\/p>\n","protected":false},"featured_media":16348,"template":"","meta":{"_acf_changed":false,"_seopress_robots_primary_cat":"","_seopress_titles_title":"MITIKA: Automatische Winkelschwei\u00dfmaschine | ITALDIBIPACK","_seopress_titles_desc":"MITIKA ist die automatische Hochgeschwindigkeits-Winkelschwei\u00dfmaschine f\u00fcr Schrumpffolie. Ideal f\u00fcr gro\u00dfe Mengen.","_seopress_robots_index":"","_eb_attr":"","_gspb_post_css":"","_kad_blocks_custom_css":"","_kad_blocks_head_custom_js":"","_kad_blocks_body_custom_js":"","_kad_blocks_footer_custom_js":"","_eb_data_table":"","_kad_post_transparent":"default","_kad_post_title":"","_kad_post_layout":"default","_kad_post_sidebar_id":"","_kad_post_content_style":"default","_kad_post_vertical_padding":"default","_kad_post_feature":"","_kad_post_feature_position":"","_kad_post_header":false,"_kad_post_footer":false,"_kad_post_classname":""},"product_brand":[],"product_cat":[158,159],"product_tag":[],"settore_applicazione":[],"campo_applicativo":[352],"class_list":{"0":"post-1387","1":"product","2":"type-product","3":"status-publish","4":"has-post-thumbnail","6":"product_cat-schrumpfmaschinen","7":"product_cat-vereinfachte-systemen","8":"campo_applicativo-alimentare-de","10":"first","11":"instock","12":"taxable","13":"shipping-taxable","14":"product-type-simple","15":"entry","16":"content-bg","17":"loop-entry"},"acf":[],"taxonomy_info":{"product_cat":[{"value":158,"label":"Schrumpfmaschinen"},{"value":159,"label":"Vereinfachte systemen"}],"campo_applicativo":[{"value":352,"label":"alimentare"}]},"featured_image_src_large":["https:\/\/www.italdibipack.com\/wp-content\/uploads\/2024\/02\/MITIKA-macchine-confezionatrici-confezionatrici-manuali-termoretraibili-ITALDIBIPACK-griglia-1024x1024.jpg",1024,1024,true],"author_info":[],"comment_info":"","_links":{"self":[{"href":"https:\/\/www.italdibipack.com\/de\/wp-json\/wp\/v2\/product\/1387","targetHints":{"allow":["GET"]}}],"collection":[{"href":"https:\/\/www.italdibipack.com\/de\/wp-json\/wp\/v2\/product"}],"about":[{"href":"https:\/\/www.italdibipack.com\/de\/wp-json\/wp\/v2\/types\/product"}],"wp:featuredmedia":[{"embeddable":true,"href":"https:\/\/www.italdibipack.com\/de\/wp-json\/wp\/v2\/media\/16348"}],"wp:attachment":[{"href":"https:\/\/www.italdibipack.com\/de\/wp-json\/wp\/v2\/media?parent=1387"}],"wp:term":[{"taxonomy":"product_brand","embeddable":true,"href":"https:\/\/www.italdibipack.com\/de\/wp-json\/wp\/v2\/product_brand?post=1387"},{"taxonomy":"product_cat","embeddable":true,"href":"https:\/\/www.italdibipack.com\/de\/wp-json\/wp\/v2\/product_cat?post=1387"},{"taxonomy":"product_tag","embeddable":true,"href":"https:\/\/www.italdibipack.com\/de\/wp-json\/wp\/v2\/product_tag?post=1387"},{"taxonomy":"settore_applicazione","embeddable":true,"href":"https:\/\/www.italdibipack.com\/de\/wp-json\/wp\/v2\/settore_applicazione?post=1387"},{"taxonomy":"campo_applicativo","embeddable":true,"href":"https:\/\/www.italdibipack.com\/de\/wp-json\/wp\/v2\/campo_applicativo?post=1387"}],"curies":[{"name":"wp","href":"https:\/\/api.w.org\/{rel}","templated":true}]}}