{"id":1388,"date":"2022-06-15T15:14:38","date_gmt":"2022-07-04T16:05:45","guid":{"rendered":"https:\/\/italdibipack.bozzaonline.it\/prodotto\/deltareg-aa-132\/"},"modified":"2024-09-23T17:24:24","modified_gmt":"2024-09-23T17:24:24","slug":"deltareg-aa-132","status":"publish","type":"product","link":"https:\/\/www.italdibipack.com\/de\/produkt\/deltareg-aa-132\/","title":{"rendered":"DELTAREG AA 132"},"content":{"rendered":"<h3><strong>SEMIAUTOMATISCHE UMREIFMASCHINE MIT SEITLICHEM KOPF UND BAYONETT<\/strong><\/h3>\n<p>Die halbautomatischen Umreifungsmaschinen eignen sich besonders zur L\u00f6sung der Probleme beim Verpacken kleiner Paletten.<\/p>\n<p>Ausgestattet mit Bajonett, klappbar und um 90 \u00b0 anhebbar, erm\u00f6glicht es die Optimierung der R\u00e4ume, wenn es nicht verwendet wird, 4 schwenkbare R\u00e4der f\u00fcr eine schnelle Positionierung der Umreifungsmaschine, die den Durchgang des Umreifungsbands durch die zu umreifende Palette erleichtert, und schl\u00e4gt auf andere Seite den Kopf des Riemens.<\/p>\n<p>An dieser Stelle gen\u00fcgt es, diese in die entsprechende \u00d6ffnung einzuf\u00fchren, um den Umreifungszyklus zu aktivieren.\u00a0Das Verschwei\u00dfen des Bandes erfolgt durch Aufschmelzen mit einer hei\u00dfen Klinge, deren einstellbare Temperatur durch einen Temperaturregler konstant gehalten wird.<\/p>\n<p>Elektronisch einstellbares Spannen, Vorstart und Werfen des verstellbaren Riemens per Potentiometer, Taste f\u00fcr weiteren Riemen-Relaunch.<\/p>\n<p><strong>VERSION MIT BATTERIE-STROMVERSORGUNG<\/strong><\/p>\n<ul>\n<li>Halbautomatische Umreifungsmaschine zum Umreifen von PP mit einer Breite von 9 bis 15 mm.<\/li>\n<li>Eingebaute 200 A Batterie, komplett mit Ladeger\u00e4t und Netzteil<\/li>\n<li>Anzeige mit Ladezustandsanzeige<\/li>\n<li>Kapazit\u00e4t bis zu 400\/500 Zyklen mit geladenem Akku<\/li>\n<li>N \u00b0 4 Schwenkr\u00e4der,<\/li>\n<li>Bajonett im Ruhezustand anhebbar<\/li>\n<li>Bajonett mit reduzierter L\u00e4nge f\u00fcr W800-Paletten mit zus\u00e4tzlicher Spitze (Option)<\/li>\n<li>Palettenband mit einer Mindesth\u00f6he von bis zu 380 mm<\/li>\n<li>Kontrolle der Spannkraft elektronisch<\/li>\n<li>Spannung 8 Kg.\u00a0Max.\u00a070 kg.<\/li>\n<li>Programmierbare Schwei\u00dfk\u00fchlzeit<\/li>\n<li>Nutzbare Bandbreite: (9,12,15 mm.)<\/li>\n<li>Haspeldurchmesser 200 oder 280 mm<\/li>\n<li>Stromversorgung 230 V 50 Hz<\/li>\n<li>Nettogewicht 153 kg<\/li>\n<\/ul>\n","protected":false},"excerpt":{"rendered":"<h3><strong>SEMIAUTOMATISCHE UMREIFMASCHINE MIT SEITLICHEM KOPF UND BAYONETT<\/strong><\/h3>\n<p>Die halbautomatischen Umreifungsmaschinen eignen sich besonders zur L\u00f6sung der Probleme beim Verpacken kleiner Paletten.<\/p>\n<p>Ausgestattet mit Bajonett, klappbar und um 90 \u00b0 anhebbar, erm\u00f6glicht es die Optimierung der R\u00e4ume, wenn es nicht verwendet wird, 4 schwenkbare R\u00e4der f\u00fcr eine schnelle Positionierung der Umreifungsmaschine, die den Durchgang des Umreifungsbands durch die zu umreifende Palette erleichtert, und schl\u00e4gt auf andere Seite den Kopf des Riemens.<\/p>\n<p>An dieser Stelle gen\u00fcgt es, diese in die entsprechende \u00d6ffnung einzuf\u00fchren, um den Umreifungszyklus zu aktivieren.\u00a0Das Verschwei\u00dfen des Bandes erfolgt durch Aufschmelzen mit einer hei\u00dfen Klinge, deren einstellbare Temperatur durch einen Temperaturregler konstant gehalten wird.<\/p>\n<p>Elektronisch einstellbares Spannen, Vorstart und Werfen des verstellbaren Riemens per Potentiometer, Taste f\u00fcr weiteren Riemen-Relaunch.<\/p>\n","protected":false},"featured_media":15243,"template":"","meta":{"_acf_changed":false,"_seopress_robots_primary_cat":"","_seopress_titles_title":"DELTAREG AA 132: Flowpack-Verpackungsmaschine | ITALDIBIPACK","_seopress_titles_desc":"Entdecken Sie DELTAREG AA 132, die horizontale elektronische Flowpack-Maschine. Vielseitig und pr\u00e4zise.","_seopress_robots_index":"","_eb_attr":"","_gspb_post_css":"","_kad_blocks_custom_css":"","_kad_blocks_head_custom_js":"","_kad_blocks_body_custom_js":"","_kad_blocks_footer_custom_js":"","_eb_data_table":"","_kad_post_transparent":"","_kad_post_title":"","_kad_post_layout":"","_kad_post_sidebar_id":"","_kad_post_content_style":"","_kad_post_vertical_padding":"","_kad_post_feature":"","_kad_post_feature_position":"","_kad_post_header":false,"_kad_post_footer":false,"_kad_post_classname":""},"product_brand":[],"product_cat":[15,172],"product_tag":[],"settore_applicazione":[],"campo_applicativo":[],"class_list":{"0":"post-1388","1":"product","2":"type-product","3":"status-publish","4":"has-post-thumbnail","6":"product_cat-senza-categoria","7":"product_cat-umreifungsmachinen","9":"first","10":"instock","11":"taxable","12":"shipping-taxable","13":"product-type-simple","14":"entry","15":"content-bg","16":"loop-entry"},"acf":[],"taxonomy_info":{"product_cat":[{"value":15,"label":"Senza categoria"},{"value":172,"label":"Umreifungsmachinen"}]},"featured_image_src_large":["https:\/\/www.italdibipack.com\/wp-content\/uploads\/2024\/02\/DELTAREG-AA-132-reggiatrici-ITALDIBIPACK-griglia-1024x1024.jpg",1024,1024,true],"author_info":[],"comment_info":"","_links":{"self":[{"href":"https:\/\/www.italdibipack.com\/de\/wp-json\/wp\/v2\/product\/1388","targetHints":{"allow":["GET"]}}],"collection":[{"href":"https:\/\/www.italdibipack.com\/de\/wp-json\/wp\/v2\/product"}],"about":[{"href":"https:\/\/www.italdibipack.com\/de\/wp-json\/wp\/v2\/types\/product"}],"wp:featuredmedia":[{"embeddable":true,"href":"https:\/\/www.italdibipack.com\/de\/wp-json\/wp\/v2\/media\/15243"}],"wp:attachment":[{"href":"https:\/\/www.italdibipack.com\/de\/wp-json\/wp\/v2\/media?parent=1388"}],"wp:term":[{"taxonomy":"product_brand","embeddable":true,"href":"https:\/\/www.italdibipack.com\/de\/wp-json\/wp\/v2\/product_brand?post=1388"},{"taxonomy":"product_cat","embeddable":true,"href":"https:\/\/www.italdibipack.com\/de\/wp-json\/wp\/v2\/product_cat?post=1388"},{"taxonomy":"product_tag","embeddable":true,"href":"https:\/\/www.italdibipack.com\/de\/wp-json\/wp\/v2\/product_tag?post=1388"},{"taxonomy":"settore_applicazione","embeddable":true,"href":"https:\/\/www.italdibipack.com\/de\/wp-json\/wp\/v2\/settore_applicazione?post=1388"},{"taxonomy":"campo_applicativo","embeddable":true,"href":"https:\/\/www.italdibipack.com\/de\/wp-json\/wp\/v2\/campo_applicativo?post=1388"}],"curies":[{"name":"wp","href":"https:\/\/api.w.org\/{rel}","templated":true}]}}