{"id":1390,"date":"2022-06-15T15:14:38","date_gmt":"2022-07-04T16:05:45","guid":{"rendered":"https:\/\/italdibipack.bozzaonline.it\/prodotto\/turbopack-5040-7555-ev\/"},"modified":"2024-09-23T17:24:24","modified_gmt":"2024-09-23T17:24:24","slug":"turbopack-5040-7555-ev","status":"publish","type":"product","link":"https:\/\/www.italdibipack.com\/de\/produkt\/turbopack-5040-7555-ev\/","title":{"rendered":"TURBOPACK 5040 &#8211; 7555 EV"},"content":{"rendered":"<h3>HALB-AUTOMATISCHE KOMPAKTE SCHRUMPFVERPACKUNGSMASCHINEN: INNOVATIVES DESIGN, HOHE QUALIT\u00c4TSSTANDARDS, HOHE PRODUKTIONSERGEBNISSE<\/h3>\n<p>Ideal f\u00fcr mittel-grosse Produktionsrealit\u00e4ten, um einzelne sowie mehrere St\u00fccke zu verpacken. Einfach im Formatwechsel. Alternativen zu Haubenmaschinen zur Implementierung der Produktion bei gleicher Benutzerfreundlichkeit. Turbopack-Maschinen arbeiten mit jeder Art von Schrumpf\/Polyolefinfolie (GREEN FILM \u2013 GOLDEN FILM), mit PVC (BLUE FILM) und eventuell Heisssiegelfolie.<\/p>\n<ul>\n<li>Innovatives design<\/li>\n<li>Hohe qualit\u00e4tsstandards<\/li>\n<li>Hohe produktionsergebnisse<\/li>\n<\/ul>\n","protected":false},"excerpt":{"rendered":"<h3>HALB-AUTOMATISCHE KOMPAKTE SCHRUMPFVERPACKUNGSMASCHINEN: INNOVATIVES DESIGN, HOHE QUALIT\u00c4TSSTANDARDS, HOHE PRODUKTIONSERGEBNISSE<\/h3>\n<p>Ideal f\u00fcr mittel-grosse Produktionsrealit\u00e4ten, um einzelne sowie mehrere St\u00fccke zu verpacken. Einfach im Formatwechsel. Alternativen zu Haubenmaschinen zur Implementierung der Produktion bei gleicher Benutzerfreundlichkeit. Turbopack-Maschinen arbeiten mit jeder Art von Schrumpf\/Polyolefinfolie (GREEN FILM \u2013 GOLDEN FILM), mit PVC (BLUE FILM) und eventuell Heisssiegelfolie.<\/p>\n","protected":false},"featured_media":16478,"template":"","meta":{"_acf_changed":false,"_seopress_robots_primary_cat":"","_seopress_titles_title":"TURBOPACK 5040 - 7555 EV: Schrumpftunnel | ITALDIBIPACK","_seopress_titles_desc":"Professionelle TURBOPACK Schrumpftunnel. Hohe Effizienz bei der Verpackung mit Schrumpffolie.","_seopress_robots_index":"","_eb_attr":"","_gspb_post_css":"","_kad_blocks_custom_css":"","_kad_blocks_head_custom_js":"","_kad_blocks_body_custom_js":"","_kad_blocks_footer_custom_js":"","_eb_data_table":"","_kad_post_transparent":"","_kad_post_title":"","_kad_post_layout":"","_kad_post_sidebar_id":"","_kad_post_content_style":"","_kad_post_vertical_padding":"","_kad_post_feature":"","_kad_post_feature_position":"","_kad_post_header":false,"_kad_post_footer":false,"_kad_post_classname":""},"product_brand":[],"product_cat":[160,158,15],"product_tag":[],"settore_applicazione":[],"campo_applicativo":[],"class_list":{"0":"post-1390","1":"product","2":"type-product","3":"status-publish","4":"has-post-thumbnail","6":"product_cat-halbautomatische-und-semi-automatische-tunnel-maschinen","7":"product_cat-schrumpfmaschinen","8":"product_cat-senza-categoria","10":"first","11":"instock","12":"taxable","13":"shipping-taxable","14":"product-type-simple","15":"entry","16":"content-bg","17":"loop-entry"},"acf":[],"taxonomy_info":{"product_cat":[{"value":160,"label":"Halbautomatische und semi-automatische tunnel-maschinen"},{"value":158,"label":"Schrumpfmaschinen"},{"value":15,"label":"Senza categoria"}]},"featured_image_src_large":["https:\/\/www.italdibipack.com\/wp-content\/uploads\/2024\/02\/TURBOPACK-5040-\u2013-7555-EV-macchine-confezionatrici-confezionatrici-con-tunnel-di-retrazione-semi-automatiche-ITALDIBIPACK-griglia-1024x1024.jpg",1024,1024,true],"author_info":[],"comment_info":"","_links":{"self":[{"href":"https:\/\/www.italdibipack.com\/de\/wp-json\/wp\/v2\/product\/1390","targetHints":{"allow":["GET"]}}],"collection":[{"href":"https:\/\/www.italdibipack.com\/de\/wp-json\/wp\/v2\/product"}],"about":[{"href":"https:\/\/www.italdibipack.com\/de\/wp-json\/wp\/v2\/types\/product"}],"wp:featuredmedia":[{"embeddable":true,"href":"https:\/\/www.italdibipack.com\/de\/wp-json\/wp\/v2\/media\/16478"}],"wp:attachment":[{"href":"https:\/\/www.italdibipack.com\/de\/wp-json\/wp\/v2\/media?parent=1390"}],"wp:term":[{"taxonomy":"product_brand","embeddable":true,"href":"https:\/\/www.italdibipack.com\/de\/wp-json\/wp\/v2\/product_brand?post=1390"},{"taxonomy":"product_cat","embeddable":true,"href":"https:\/\/www.italdibipack.com\/de\/wp-json\/wp\/v2\/product_cat?post=1390"},{"taxonomy":"product_tag","embeddable":true,"href":"https:\/\/www.italdibipack.com\/de\/wp-json\/wp\/v2\/product_tag?post=1390"},{"taxonomy":"settore_applicazione","embeddable":true,"href":"https:\/\/www.italdibipack.com\/de\/wp-json\/wp\/v2\/settore_applicazione?post=1390"},{"taxonomy":"campo_applicativo","embeddable":true,"href":"https:\/\/www.italdibipack.com\/de\/wp-json\/wp\/v2\/campo_applicativo?post=1390"}],"curies":[{"name":"wp","href":"https:\/\/api.w.org\/{rel}","templated":true}]}}