{"id":1391,"date":"2022-06-15T15:14:38","date_gmt":"2022-07-04T16:05:45","guid":{"rendered":"https:\/\/italdibipack.bozzaonline.it\/prodotto\/jolly-work\/"},"modified":"2025-06-27T13:50:44","modified_gmt":"2025-06-27T13:50:44","slug":"jolly-work","status":"publish","type":"product","link":"https:\/\/www.italdibipack.com\/de\/produkt\/jolly-work\/","title":{"rendered":"JOLLY WORK"},"content":{"rendered":"<h3>DIE NEUESTE UNGLAUBLICHE INNOVATIVE IDEE VON ITALDIBIPACK ZWEI SYSTEME, ZWEI MASCHINEN ZUM PREIS VON EINEM<\/h3>\n<p>JOLLY WORK LIFTER &amp; STRETCH WRAPPER<\/p>\n<p>Dank des \u201eTRANSFORMER\u201c \u00ae -Ger\u00e4ts k\u00f6nnen der Heber und der Assistent zum Stapeln der Palette, Jolly Work, sofort in eine Stretchfolie umgewandelt werden, ohne dass Teile angebracht oder entfernt werden m\u00fcssen.<\/p>\n<p>JOLLY WORK, UM ZEIT, GELD, LEISTUNGEN UND GESUNDHEIT ZU SPAREN!<\/p>\n<p>Zum Gl\u00fcck ist Herkules angekommen\u2026<\/p>\n<p>In Bezug auf Gesundheit und Sicherheit am Arbeitsplatz sind das manuelle Heben schwerer Gegenst\u00e4nde und das manuelle Einwickeln von Stretchfolien mit ernsthaften Gesundheitsrisiken verbunden.<\/p>\n<p>Jolly Work erh\u00f6ht die Produktivit\u00e4t und die Rentabilit\u00e4t der Arbeit, verbessert das Ergebnis: Es hilft und erm\u00f6glicht das Stretchfolienwickeln von h\u00f6heren Lasten, und in der Hebeversion ist es eine gro\u00dfe Hilfe bei der Vorbereitung der Ladung.<\/p>\n","protected":false},"excerpt":{"rendered":"<h3>DIE NEUESTE UNGLAUBLICHE INNOVATIVE IDEE VON ITALDIBIPACK ZWEI SYSTEME, ZWEI MASCHINEN ZUM PREIS VON EINEM<\/h3>\n<p>JOLLY WORK LIFTER &amp; STRETCH WRAPPER<\/p>\n<p>Dank des \u201eTRANSFORMER\u201c \u00ae -Ger\u00e4ts k\u00f6nnen der Heber und der Assistent zum Stapeln der Palette, Jolly Work, sofort in eine Stretchfolie umgewandelt werden, ohne dass Teile angebracht oder entfernt werden m\u00fcssen.<\/p>\n<p>JOLLY WORK, UM ZEIT, GELD, LEISTUNGEN UND GESUNDHEIT ZU SPAREN!<\/p>\n<p>Zum Gl\u00fcck ist Herkules angekommen\u2026<\/p>\n<p>In Bezug auf Gesundheit und Sicherheit am Arbeitsplatz sind das manuelle Heben schwerer Gegenst\u00e4nde und das manuelle Einwickeln von Stretchfolien mit ernsthaften Gesundheitsrisiken verbunden.<\/p>\n<p>Jolly Work erh\u00f6ht die Produktivit\u00e4t und die Rentabilit\u00e4t der Arbeit, verbessert das Ergebnis: Es hilft und erm\u00f6glicht das Stretchfolienwickeln von h\u00f6heren Lasten, und in der Hebeversion ist es eine gro\u00dfe Hilfe bei der Vorbereitung der Ladung.<\/p>\n","protected":false},"featured_media":16518,"template":"","meta":{"_acf_changed":false,"_seopress_robots_primary_cat":"none","_seopress_titles_title":"JOLLY WORK: Multifunktions-Manuelles System | ITALDIBIPACK","_seopress_titles_desc":"Der Jolly Work manueller Roboter zum Palettenwickeln und Lastheben. Ergonomisch, leicht und vielseitig: drei Systeme in einem.","_seopress_robots_index":"","_eb_attr":"","_gspb_post_css":"","_kad_blocks_custom_css":"","_kad_blocks_head_custom_js":"","_kad_blocks_body_custom_js":"","_kad_blocks_footer_custom_js":"","_eb_data_table":"","_kad_post_transparent":"default","_kad_post_title":"","_kad_post_layout":"default","_kad_post_sidebar_id":"","_kad_post_content_style":"default","_kad_post_vertical_padding":"default","_kad_post_feature":"","_kad_post_feature_position":"","_kad_post_header":false,"_kad_post_footer":false,"_kad_post_classname":""},"product_brand":[],"product_cat":[186,167],"product_tag":[],"settore_applicazione":[],"campo_applicativo":[],"class_list":{"0":"post-1391","1":"product","2":"type-product","3":"status-publish","4":"has-post-thumbnail","6":"product_cat-manuelle-stretchwickler","7":"product_cat-stretchanlagen","9":"first","10":"instock","11":"taxable","12":"shipping-taxable","13":"purchasable","14":"product-type-simple","15":"entry","16":"content-bg","17":"loop-entry"},"acf":[],"taxonomy_info":{"product_cat":[{"value":186,"label":"Manuelle stretchwickler"},{"value":167,"label":"Stretchanlagen"}]},"featured_image_src_large":["https:\/\/www.italdibipack.com\/wp-content\/uploads\/2022\/06\/JOLLY-WORK-avvolgitori-avvolgitori-manuali-ITALDIBIPACK-griglia-1024x1024.jpg",1024,1024,true],"author_info":[],"comment_info":"","_links":{"self":[{"href":"https:\/\/www.italdibipack.com\/de\/wp-json\/wp\/v2\/product\/1391","targetHints":{"allow":["GET"]}}],"collection":[{"href":"https:\/\/www.italdibipack.com\/de\/wp-json\/wp\/v2\/product"}],"about":[{"href":"https:\/\/www.italdibipack.com\/de\/wp-json\/wp\/v2\/types\/product"}],"wp:featuredmedia":[{"embeddable":true,"href":"https:\/\/www.italdibipack.com\/de\/wp-json\/wp\/v2\/media\/16518"}],"wp:attachment":[{"href":"https:\/\/www.italdibipack.com\/de\/wp-json\/wp\/v2\/media?parent=1391"}],"wp:term":[{"taxonomy":"product_brand","embeddable":true,"href":"https:\/\/www.italdibipack.com\/de\/wp-json\/wp\/v2\/product_brand?post=1391"},{"taxonomy":"product_cat","embeddable":true,"href":"https:\/\/www.italdibipack.com\/de\/wp-json\/wp\/v2\/product_cat?post=1391"},{"taxonomy":"product_tag","embeddable":true,"href":"https:\/\/www.italdibipack.com\/de\/wp-json\/wp\/v2\/product_tag?post=1391"},{"taxonomy":"settore_applicazione","embeddable":true,"href":"https:\/\/www.italdibipack.com\/de\/wp-json\/wp\/v2\/settore_applicazione?post=1391"},{"taxonomy":"campo_applicativo","embeddable":true,"href":"https:\/\/www.italdibipack.com\/de\/wp-json\/wp\/v2\/campo_applicativo?post=1391"}],"curies":[{"name":"wp","href":"https:\/\/api.w.org\/{rel}","templated":true}]}}