{"id":21133,"date":"2024-12-18T09:40:52","date_gmt":"2024-12-18T09:40:52","guid":{"rendered":"https:\/\/www.italdibipack.com\/prodotto\/tavolo-di-accumulo\/"},"modified":"2024-12-18T11:46:41","modified_gmt":"2024-12-18T11:46:41","slug":"sammeltisch","status":"publish","type":"product","link":"https:\/\/www.italdibipack.com\/de\/produkt\/sammeltisch\/","title":{"rendered":"SAMMELTISCH"},"content":{"rendered":"<p>Der rotierende Sammeltisch ist eine wesentliche Erg\u00e4nzung f\u00fcr Verpackungslinien, konzipiert f\u00fcr die perfekte Integration mit Flowpack-Verpackungsmaschinen. Dieses Ger\u00e4t optimiert den Produktionsfluss und erm\u00f6glicht eine effiziente Ansammlung und Verteilung verpackter Produkte.<\/p>\n","protected":false},"excerpt":{"rendered":"<p>Der rotierende Sammeltisch ist eine wesentliche Erg\u00e4nzung f\u00fcr Verpackungslinien, konzipiert f\u00fcr die perfekte Integration mit Flowpack-Verpackungsmaschinen. Dieses Ger\u00e4t optimiert den Produktionsfluss und erm\u00f6glicht eine effiziente Ansammlung und Verteilung verpackter Produkte.<\/p>\n","protected":false},"featured_media":21126,"template":"","meta":{"_acf_changed":false,"_seopress_robots_primary_cat":"none","_seopress_titles_title":"Rundtakttisch \/ Sammeltisch | ITALDIBIPACK","_seopress_titles_desc":"ITALDIBIPACK Sammeltisch zur Optimierung der Produktentladungsphase. Effizienz und Schnelligkeit f\u00fcr Ihre Verpackungslinie.","_seopress_robots_index":"","_eb_attr":"","_gspb_post_css":"","_kad_blocks_custom_css":"","_kad_blocks_head_custom_js":"","_kad_blocks_body_custom_js":"","_kad_blocks_footer_custom_js":"","_eb_data_table":"","_kad_post_transparent":"default","_kad_post_title":"","_kad_post_layout":"default","_kad_post_sidebar_id":"","_kad_post_content_style":"default","_kad_post_vertical_padding":"default","_kad_post_feature":"","_kad_post_feature_position":"","_kad_post_header":false,"_kad_post_footer":false,"_kad_post_classname":""},"product_brand":[],"product_cat":[475,163],"product_tag":[],"settore_applicazione":[],"campo_applicativo":[],"class_list":{"0":"post-21133","1":"product","2":"type-product","3":"status-publish","4":"has-post-thumbnail","6":"product_cat-flowpack-de","7":"product_cat-schlauchbeutelmaschinen","9":"first","10":"instock","11":"taxable","12":"shipping-taxable","13":"product-type-simple","14":"entry","15":"content-bg","16":"loop-entry"},"acf":[],"taxonomy_info":{"product_cat":[{"value":475,"label":"Flowpack"},{"value":163,"label":"Schlauchbeutelmaschinen"}]},"featured_image_src_large":["https:\/\/www.italdibipack.com\/wp-content\/uploads\/2024\/12\/TAVOLO-ROTANTE-accessori-flowpack-ITALDIBIPACK-prodotto-griglia-trasparente-1024x1024.png",1024,1024,true],"author_info":[],"comment_info":"","_links":{"self":[{"href":"https:\/\/www.italdibipack.com\/de\/wp-json\/wp\/v2\/product\/21133","targetHints":{"allow":["GET"]}}],"collection":[{"href":"https:\/\/www.italdibipack.com\/de\/wp-json\/wp\/v2\/product"}],"about":[{"href":"https:\/\/www.italdibipack.com\/de\/wp-json\/wp\/v2\/types\/product"}],"wp:featuredmedia":[{"embeddable":true,"href":"https:\/\/www.italdibipack.com\/de\/wp-json\/wp\/v2\/media\/21126"}],"wp:attachment":[{"href":"https:\/\/www.italdibipack.com\/de\/wp-json\/wp\/v2\/media?parent=21133"}],"wp:term":[{"taxonomy":"product_brand","embeddable":true,"href":"https:\/\/www.italdibipack.com\/de\/wp-json\/wp\/v2\/product_brand?post=21133"},{"taxonomy":"product_cat","embeddable":true,"href":"https:\/\/www.italdibipack.com\/de\/wp-json\/wp\/v2\/product_cat?post=21133"},{"taxonomy":"product_tag","embeddable":true,"href":"https:\/\/www.italdibipack.com\/de\/wp-json\/wp\/v2\/product_tag?post=21133"},{"taxonomy":"settore_applicazione","embeddable":true,"href":"https:\/\/www.italdibipack.com\/de\/wp-json\/wp\/v2\/settore_applicazione?post=21133"},{"taxonomy":"campo_applicativo","embeddable":true,"href":"https:\/\/www.italdibipack.com\/de\/wp-json\/wp\/v2\/campo_applicativo?post=21133"}],"curies":[{"name":"wp","href":"https:\/\/api.w.org\/{rel}","templated":true}]}}