{"id":21155,"date":"2024-12-18T14:55:26","date_gmt":"2024-12-18T14:55:26","guid":{"rendered":"https:\/\/www.italdibipack.com\/prodotto\/rulliera-estensibile\/"},"modified":"2024-12-18T15:10:22","modified_gmt":"2024-12-18T15:10:22","slug":"ausziehbare-rollenbahn","status":"publish","type":"product","link":"https:\/\/www.italdibipack.com\/de\/produkt\/ausziehbare-rollenbahn\/","title":{"rendered":"AUSZIEHBARE ROLLENBAHN"},"content":{"rendered":"<p>Die ausziehbare Rollenbahn ist ein vielseitiges und unverzichtbares Zubeh\u00f6r zur Optimierung des Arbeitsflusses in Produktions- und Verpackungslinien. Diese Rollenbahn, die f\u00fcr die Anpassung an jede Maschine konzipiert wurde, bietet Flexibilit\u00e4t und Effizienz beim Transport von Produkten verschiedener Gr\u00f6\u00dfen.<\/p>\n","protected":false},"excerpt":{"rendered":"<p>Die ausziehbare Rollenbahn ist ein vielseitiges und unverzichtbares Zubeh\u00f6r zur Optimierung des Arbeitsflusses in Produktions- und Verpackungslinien. Diese Rollenbahn, die f\u00fcr die Anpassung an jede Maschine konzipiert wurde, bietet Flexibilit\u00e4t und Effizienz beim Transport von Produkten verschiedener Gr\u00f6\u00dfen.<\/p>\n","protected":false},"featured_media":21141,"template":"","meta":{"_acf_changed":false,"_seopress_robots_primary_cat":"none","_seopress_titles_title":"Ausziehbare Rollenbahn: Verpackungszubeh\u00f6r | ITALDIBIPACK","_seopress_titles_desc":"Optimieren Sie Ihren Workflow mit der ausziehbaren Rollenbahn von ITALDIBIPACK. Vielseitig, robust und an jede Maschine anpassbar.","_seopress_robots_index":"","_eb_attr":"","_gspb_post_css":"","_kad_blocks_custom_css":"","_kad_blocks_head_custom_js":"","_kad_blocks_body_custom_js":"","_kad_blocks_footer_custom_js":"","_eb_data_table":"","_kad_post_transparent":"default","_kad_post_title":"","_kad_post_layout":"default","_kad_post_sidebar_id":"","_kad_post_content_style":"default","_kad_post_vertical_padding":"default","_kad_post_feature":"","_kad_post_feature_position":"","_kad_post_header":false,"_kad_post_footer":false,"_kad_post_classname":""},"product_brand":[],"product_cat":[161,160,171,174],"product_tag":[],"settore_applicazione":[],"campo_applicativo":[],"class_list":{"0":"post-21155","1":"product","2":"type-product","3":"status-publish","4":"has-post-thumbnail","6":"product_cat-halbautomatische-und-automatische-tunnel-maschinen","7":"product_cat-halbautomatische-und-semi-automatische-tunnel-maschinen","8":"product_cat-klebebandmaschinen","9":"product_cat-vertikale-und-horizontale-verpakungsmachinen","11":"first","12":"instock","13":"taxable","14":"shipping-taxable","15":"purchasable","16":"product-type-simple","17":"entry","18":"content-bg","19":"loop-entry"},"acf":[],"taxonomy_info":{"product_cat":[{"value":161,"label":"Halbautomatische und automatische tunnel-maschinen"},{"value":160,"label":"Halbautomatische und semi-automatische tunnel-maschinen"},{"value":171,"label":"Klebebandmaschinen"},{"value":174,"label":"Vertikale und horizontale verpakungsmachinen"}]},"featured_image_src_large":["https:\/\/www.italdibipack.com\/wp-content\/uploads\/2024\/12\/RULLIERA-ESTENSIBILE-accessori-ITALDIBIPACK-griglia-trasparente-1024x1024.jpg",1024,1024,true],"author_info":[],"comment_info":"","_links":{"self":[{"href":"https:\/\/www.italdibipack.com\/de\/wp-json\/wp\/v2\/product\/21155","targetHints":{"allow":["GET"]}}],"collection":[{"href":"https:\/\/www.italdibipack.com\/de\/wp-json\/wp\/v2\/product"}],"about":[{"href":"https:\/\/www.italdibipack.com\/de\/wp-json\/wp\/v2\/types\/product"}],"wp:featuredmedia":[{"embeddable":true,"href":"https:\/\/www.italdibipack.com\/de\/wp-json\/wp\/v2\/media\/21141"}],"wp:attachment":[{"href":"https:\/\/www.italdibipack.com\/de\/wp-json\/wp\/v2\/media?parent=21155"}],"wp:term":[{"taxonomy":"product_brand","embeddable":true,"href":"https:\/\/www.italdibipack.com\/de\/wp-json\/wp\/v2\/product_brand?post=21155"},{"taxonomy":"product_cat","embeddable":true,"href":"https:\/\/www.italdibipack.com\/de\/wp-json\/wp\/v2\/product_cat?post=21155"},{"taxonomy":"product_tag","embeddable":true,"href":"https:\/\/www.italdibipack.com\/de\/wp-json\/wp\/v2\/product_tag?post=21155"},{"taxonomy":"settore_applicazione","embeddable":true,"href":"https:\/\/www.italdibipack.com\/de\/wp-json\/wp\/v2\/settore_applicazione?post=21155"},{"taxonomy":"campo_applicativo","embeddable":true,"href":"https:\/\/www.italdibipack.com\/de\/wp-json\/wp\/v2\/campo_applicativo?post=21155"}],"curies":[{"name":"wp","href":"https:\/\/api.w.org\/{rel}","templated":true}]}}