{"id":20537,"date":"2024-10-01T10:45:55","date_gmt":"2024-10-01T10:45:55","guid":{"rendered":"https:\/\/www.italdibipack.com\/?page_id=20537"},"modified":"2024-10-01T10:45:56","modified_gmt":"2024-10-01T10:45:56","slug":"gestion-de-preferencias-de-cookies","status":"publish","type":"page","link":"https:\/\/www.italdibipack.com\/es\/gestion-de-preferencias-de-cookies\/","title":{"rendered":"Gesti\u00f3n de preferencias de cookies"},"content":{"rendered":"<style>.kb-row-layout-id20537_3f2e1f-77 > .kt-row-column-wrap{align-content:start;}:where(.kb-row-layout-id20537_3f2e1f-77 > .kt-row-column-wrap) > .wp-block-kadence-column{justify-content:start;}.kb-row-layout-id20537_3f2e1f-77 > .kt-row-column-wrap{column-gap:var(--global-kb-gap-lg, 4rem);row-gap:var(--global-kb-gap-md, 2rem);max-width:var( --global-content-width, 1400px );padding-left:var(--global-content-edge-padding);padding-right:var(--global-content-edge-padding);padding-top:var(--global-kb-spacing-xl, 4rem);padding-bottom:var(--global-kb-spacing-3xl, 6.5rem);grid-template-columns:minmax(0, 1fr);}.kb-row-layout-id20537_3f2e1f-77 > .kt-row-layout-overlay{opacity:0.30;}@media all and (max-width: 1024px){.kb-row-layout-id20537_3f2e1f-77 > .kt-row-column-wrap{padding-top:var(--global-kb-spacing-xxl, 5rem);padding-bottom:var(--global-kb-spacing-xxl, 5rem);grid-template-columns:minmax(0, 1fr);}}@media all and (max-width: 1024px){.kb-row-layout-id20537_3f2e1f-77 > .kt-row-layout-overlay{opacity:0.20;}}@media all and (max-width: 767px){.kb-row-layout-id20537_3f2e1f-77 > .kt-row-column-wrap{grid-template-columns:minmax(0, 1fr);}}<\/style><div class=\"kb-row-layout-wrap kb-row-layout-id20537_3f2e1f-77 alignfull wp-block-kadence-rowlayout\"><div class=\"kt-row-column-wrap kt-has-1-columns kt-row-layout-equal kt-tab-layout-row kt-mobile-layout-row kt-row-valign-top kb-theme-content-width\">\n<style>.kadence-column20537_53609f-56 > .kt-inside-inner-col,.kadence-column20537_53609f-56 > .kt-inside-inner-col:before{border-top-left-radius:0px;border-top-right-radius:0px;border-bottom-right-radius:0px;border-bottom-left-radius:0px;}.kadence-column20537_53609f-56 > .kt-inside-inner-col{column-gap:var(--global-kb-gap-sm, 1rem);}.kadence-column20537_53609f-56 > .kt-inside-inner-col{flex-direction:column;}.kadence-column20537_53609f-56 > .kt-inside-inner-col > .aligncenter{width:100%;}.kadence-column20537_53609f-56 > .kt-inside-inner-col:before{opacity:0.3;}.kadence-column20537_53609f-56{position:relative;}@media all and (max-width: 1024px){.kadence-column20537_53609f-56 > .kt-inside-inner-col{flex-direction:column;justify-content:center;}}@media all and (max-width: 767px){.kadence-column20537_53609f-56 > .kt-inside-inner-col{flex-direction:column;justify-content:center;}}<\/style>\n<div class=\"wp-block-kadence-column kadence-column20537_53609f-56\"><div class=\"kt-inside-inner-col\">\n<p>En nuestro sitio web, utilizamos cookies para personalizar contenido y anuncios, proporcionar funciones de redes sociales y analizar nuestro tr\u00e1fico. En tu primera visita, tuviste la opci\u00f3n de aceptar o rechazar el uso de cookies a trav\u00e9s del banner informativo. Sin embargo, puedes cambiar tus preferencias en cualquier momento haciendo clic en el bot\u00f3n de abajo:<\/p>\n\n\n<style>.wp-block-kadence-advancedbtn.kt-btns20537_448122-8e, .site .entry-content .wp-block-kadence-advancedbtn.kt-btns20537_448122-8e, .wp-block-kadence-advancedbtn.kb-btns20537_448122-8e, .site .entry-content .wp-block-kadence-advancedbtn.kb-btns20537_448122-8e{margin-top:var(--global-kb-spacing-md, 2rem);margin-bottom:var(--global-kb-spacing-md, 2rem);}.wp-block-kadence-advancedbtn.kb-btns20537_448122-8e{gap:var(--global-kb-gap-xs, 0.5rem );justify-content:flex-start;align-items:center;}.kt-btns20537_448122-8e .kt-button{font-weight:normal;font-style:normal;}.kt-btns20537_448122-8e .kt-btn-wrap-0{margin-right:5px;}.wp-block-kadence-advancedbtn.kt-btns20537_448122-8e .kt-btn-wrap-0 .kt-button{color:#555555;border-color:#555555;}.wp-block-kadence-advancedbtn.kt-btns20537_448122-8e .kt-btn-wrap-0 .kt-button:hover, .wp-block-kadence-advancedbtn.kt-btns20537_448122-8e .kt-btn-wrap-0 .kt-button:focus{color:#ffffff;border-color:#444444;}.wp-block-kadence-advancedbtn.kt-btns20537_448122-8e .kt-btn-wrap-0 .kt-button::before{display:none;}.wp-block-kadence-advancedbtn.kt-btns20537_448122-8e .kt-btn-wrap-0 .kt-button:hover, .wp-block-kadence-advancedbtn.kt-btns20537_448122-8e .kt-btn-wrap-0 .kt-button:focus{background:#444444;}<\/style>\n<div class=\"wp-block-kadence-advancedbtn kb-buttons-wrap kb-btns20537_448122-8e iubenda-cs-preferences-link\"><style>ul.menu .wp-block-kadence-advancedbtn .kb-btn20537_fb1c89-7f.kb-button{width:initial;}<\/style><span class=\"kb-button kt-button button kb-btn20537_fb1c89-7f kt-btn-size-standard kt-btn-width-type-auto kb-btn-global-fill  kt-btn-has-text-true kt-btn-has-svg-false  cmplz-show-banner wp-block-kadence-singlebtn\"><span class=\"kt-btn-inner-text\"><strong><strong>Modificar preferencias de cookies<\/strong><\/strong><\/span><\/span><\/div>\n\n\n\n<p>Al hacer clic en este bot\u00f3n, podr\u00e1s ver nuevamente el banner de cookies y actualizar tus elecciones respecto a las diferentes categor\u00edas de cookies que utilizamos.<\/p>\n\n\n\n<p>Puedes consentir o rechazar cada categor\u00eda, excepto las cookies t\u00e9cnicas esenciales, y tu elecci\u00f3n ser\u00e1 registrada y respetada en tus futuras visitas.<\/p>\n\n\n\n<p>Para m\u00e1s detalles sobre c\u00f3mo utilizamos las cookies y c\u00f3mo tratamos tus datos personales, consulta nuestra <a href=\"https:\/\/www.italdibipack.com\/es\/politica-de-privacidad\/\" data-type=\"page\" data-id=\"20423\">Pol\u00edtica de Privacidad<\/a> y <a href=\"https:\/\/www.italdibipack.com\/es\/cookie-policy\/\" data-type=\"page\" data-id=\"20525\">Pol\u00edtica de Cookies<\/a>.<\/p>\n<\/div><\/div>\n\n<\/div><\/div>","protected":false},"excerpt":{"rendered":"<p>En nuestro sitio web, utilizamos cookies para personalizar contenido y anuncios, proporcionar funciones de redes sociales y analizar nuestro tr\u00e1fico. En tu primera visita, tuviste la opci\u00f3n de aceptar o rechazar el uso de cookies a trav\u00e9s del banner informativo. Sin embargo, puedes cambiar tus preferencias en cualquier momento haciendo clic en el bot\u00f3n de&#8230;<\/p>\n","protected":false},"author":1,"featured_media":0,"parent":0,"menu_order":30,"comment_status":"closed","ping_status":"closed","template":"","meta":{"_acf_changed":false,"_seopress_robots_primary_cat":"","_seopress_titles_title":"Gesti\u00f3n de Preferencias de Cookies | ITALDIBIPACK","_seopress_titles_desc":"Administre sus preferencias de cookies y la configuraci\u00f3n de privacidad en nuestro sitio web.","_seopress_robots_index":"","_eb_attr":"","_gspb_post_css":"","_kad_blocks_custom_css":"","_kad_blocks_head_custom_js":"","_kad_blocks_body_custom_js":"","_kad_blocks_footer_custom_js":"","_eb_data_table":"","_kad_post_transparent":"","_kad_post_title":"","_kad_post_layout":"","_kad_post_sidebar_id":"","_kad_post_content_style":"","_kad_post_vertical_padding":"","_kad_post_feature":"","_kad_post_feature_position":"","_kad_post_header":false,"_kad_post_footer":false,"_kad_post_classname":"","footnotes":""},"class_list":["post-20537","page","type-page","status-publish","hentry"],"acf":[],"taxonomy_info":[],"featured_image_src_large":false,"author_info":{"display_name":"adminer","author_link":"https:\/\/www.italdibipack.com\/es\/author\/adminer\/"},"comment_info":0,"_links":{"self":[{"href":"https:\/\/www.italdibipack.com\/es\/wp-json\/wp\/v2\/pages\/20537","targetHints":{"allow":["GET"]}}],"collection":[{"href":"https:\/\/www.italdibipack.com\/es\/wp-json\/wp\/v2\/pages"}],"about":[{"href":"https:\/\/www.italdibipack.com\/es\/wp-json\/wp\/v2\/types\/page"}],"author":[{"embeddable":true,"href":"https:\/\/www.italdibipack.com\/es\/wp-json\/wp\/v2\/users\/1"}],"replies":[{"embeddable":true,"href":"https:\/\/www.italdibipack.com\/es\/wp-json\/wp\/v2\/comments?post=20537"}],"version-history":[{"count":1,"href":"https:\/\/www.italdibipack.com\/es\/wp-json\/wp\/v2\/pages\/20537\/revisions"}],"predecessor-version":[{"id":20574,"href":"https:\/\/www.italdibipack.com\/es\/wp-json\/wp\/v2\/pages\/20537\/revisions\/20574"}],"wp:attachment":[{"href":"https:\/\/www.italdibipack.com\/es\/wp-json\/wp\/v2\/media?parent=20537"}],"curies":[{"name":"wp","href":"https:\/\/api.w.org\/{rel}","templated":true}]}}