{"id":6879,"date":"2022-10-07T16:55:47","date_gmt":"2022-10-07T16:55:47","guid":{"rendered":"https:\/\/italdibipack.esempioweb.it\/quienes-somos\/storia\/"},"modified":"2024-12-19T08:37:55","modified_gmt":"2024-12-19T08:37:55","slug":"historia","status":"publish","type":"page","link":"https:\/\/www.italdibipack.com\/es\/quienes-somos\/historia\/","title":{"rendered":"Historia"},"content":{"rendered":"<style>.kb-row-layout-id6879_bd4762-ac > .kt-row-column-wrap{align-content:start;}:where(.kb-row-layout-id6879_bd4762-ac > .kt-row-column-wrap) > .wp-block-kadence-column{justify-content:start;}.kb-row-layout-id6879_bd4762-ac > .kt-row-column-wrap{column-gap:var(--global-kb-gap-md, 2rem);row-gap:var(--global-kb-gap-md, 2rem);max-width:var( --global-content-width, 1400px );padding-left:var(--global-content-edge-padding);padding-right:var(--global-content-edge-padding);padding-top:var(--global-kb-spacing-xl, 4rem);padding-bottom:var(--global-kb-spacing-4xl, 8rem);grid-template-columns:minmax(0, 1fr);}.kb-row-layout-id6879_bd4762-ac > .kt-row-layout-overlay{opacity:0.30;}@media all and (max-width: 1024px){.kb-row-layout-id6879_bd4762-ac > .kt-row-column-wrap{grid-template-columns:minmax(0, 1fr);}}@media all and (max-width: 767px){.kb-row-layout-id6879_bd4762-ac > .kt-row-column-wrap{grid-template-columns:minmax(0, 1fr);}}<\/style><div class=\"kb-row-layout-wrap kb-row-layout-id6879_bd4762-ac alignfull giustificato wp-block-kadence-rowlayout\"><div class=\"kt-row-column-wrap kt-has-1-columns kt-row-layout-equal kt-tab-layout-inherit kt-mobile-layout-row kt-row-valign-top kb-theme-content-width\">\n<style>.kadence-column6879_3f4edc-9d > .kt-inside-inner-col,.kadence-column6879_3f4edc-9d > .kt-inside-inner-col:before{border-top-left-radius:0px;border-top-right-radius:0px;border-bottom-right-radius:0px;border-bottom-left-radius:0px;}.kadence-column6879_3f4edc-9d > .kt-inside-inner-col{column-gap:var(--global-kb-gap-sm, 1rem);}.kadence-column6879_3f4edc-9d > .kt-inside-inner-col{flex-direction:column;}.kadence-column6879_3f4edc-9d > .kt-inside-inner-col > .aligncenter{width:100%;}.kadence-column6879_3f4edc-9d > .kt-inside-inner-col:before{opacity:0.3;}.kadence-column6879_3f4edc-9d{position:relative;}@media all and (max-width: 1024px){.kadence-column6879_3f4edc-9d > .kt-inside-inner-col{flex-direction:column;justify-content:center;}}@media all and (max-width: 767px){.kadence-column6879_3f4edc-9d > .kt-inside-inner-col{flex-direction:column;justify-content:center;}}<\/style>\n<div class=\"wp-block-kadence-column kadence-column6879_3f4edc-9d inner-column-1\"><div class=\"kt-inside-inner-col\"><style>.wp-block-kadence-advancedheading.kt-adv-heading6879_c44176-5d, .wp-block-kadence-advancedheading.kt-adv-heading6879_c44176-5d[data-kb-block=\"kb-adv-heading6879_c44176-5d\"]{font-style:normal;}.wp-block-kadence-advancedheading.kt-adv-heading6879_c44176-5d mark.kt-highlight, .wp-block-kadence-advancedheading.kt-adv-heading6879_c44176-5d[data-kb-block=\"kb-adv-heading6879_c44176-5d\"] mark.kt-highlight{font-style:normal;color:#f76a0c;-webkit-box-decoration-break:clone;box-decoration-break:clone;padding-top:0px;padding-right:0px;padding-bottom:0px;padding-left:0px;}.wp-block-kadence-advancedheading.kt-adv-heading6879_c44176-5d img.kb-inline-image, .wp-block-kadence-advancedheading.kt-adv-heading6879_c44176-5d[data-kb-block=\"kb-adv-heading6879_c44176-5d\"] img.kb-inline-image{width:150px;vertical-align:baseline;}<\/style>\n<h2 class=\"kt-adv-heading6879_c44176-5d wp-block-kadence-advancedheading\" data-kb-block=\"kb-adv-heading6879_c44176-5d\">EL 1976 NACI\u00d3 UNA ESTRELLA EN EL MUNDO DEL EMBALAJE, ITALDIBIPACK GROUP.<\/h2>\n\n\n\n<p>Su luz sigue siendo hoy un punto de referencia para mil y mil de empresas en Italia y en el esterior.<\/p>\n\n\n\n<p>El grupo naci\u00f3 de la visi\u00f3n de su fundador, don <strong>Luciano Butturini<\/strong>, que supo interpretar las posibilidades de una \u00e9poca hist\u00f3rica en evoluci\u00f3n, a partir de una experiencia desarrollada gracias al contacto cotidiano con clientes siempre m\u00e1s exigentes: ITALDIBIPACK se afirm\u00f3 en pocos a\u00f1os gracias a sus soluciones siempre \u201cfuera de lo com\u00fan\u201d, innovadoras y a la vanguardia, con la precisa voluntad de contestar con simplicidad a los problemas complejos.<\/p>\n\n\n\n<p>Son aquellos los a\u00f1os en los cuales el confeccionamiento se va simplificando. Una verdadera democracia del embalaje, donde cada empresa puede emanciparse de la dependencia de los otros para solucionar sus problemas internos.<\/p>\n\n\n\n<p>Nacieron entonces las primeras versiones de <strong>DIBIPACK<\/strong>, inolvidables e indispensables para todas esas empresas que necesitan confeccionar en manual, <strong>ESPERT<\/strong>, para aquellas que tienen una producci\u00f3n medio-grande, hasta llegar a la m\u00e1s cumplida de las realizaciones del <strong>R&amp;D ITALDIBIPACK<\/strong>: la l\u00ednea <strong>MECPACK<\/strong>, m\u00e1quinas autom\u00e1ticas adaptas para el mundo industrial avanzado y consciente de sus propias potencialidades, que no tiene miedo a reclamar su papel y que por lo tanto es capaz de elecciones m\u00e1s audaces y tecnol\u00f3gicamente avanzadas.<\/p>\n\n\n\n<p>Interesante y seductora, la empresa ITALDIBIPACK empieza as\u00ed los a\u00f1os \u201980, capitalizando los esfuerzos productivos y de investigaci\u00f3n de los a\u00f1os anteriores, sin olvidarse de su vocaci\u00f3n a sorprender y su deseo de mejorar.<\/p>\n\n\n\n<p>Adem\u00e1s, la ca\u00edda en Europa de sus barreras pol\u00edticas e ideol\u00f3gicas, invita todos a pensar nuevamente un mundo donde la posibilidad de renovarse constantemente aparece la \u00fanica manera de no quedarse paralizados en un pasado est\u00e9ril.<\/p>\n\n\n\n<p>As\u00ed naci\u00f3, al acabarse de la d\u00e9cada, el sector del final de l\u00ednea, una vera estructura dentro de la estructura, donde se conciben y desarrollan las mejores soluciones para el embalaje:<strong> ECOSPIR<\/strong>, caracterizado por una \u201cplataforma a rotaci\u00f3n\u201d de pallets, y <strong>LEONARDO<\/strong>, la l\u00ednea de robot m\u00e1s genial del mundo.<\/p>\n\n\n\n<p>\u00a1Claro! La empresa que trajo el termoretraible en el mundo del embalaje quiere abrirse ahora a el de la log\u00edstica tambi\u00e9n, convirti\u00e9ndose as\u00ed en una compa\u00f1\u00eda \u201cglobal\u201d, sin limitarse al solo enfardo de pallets, si no dedic\u00e1ndose a todos esos trabajos que, hechos por m\u00e1quinas flejadoras y precintadoras, dejan el producto listo para la expedici\u00f3n.<\/p>\n\n\n<style>.wp-block-kadence-spacer.kt-block-spacer-6879_b03b3b-66 .kt-block-spacer{height:120px;}.wp-block-kadence-spacer.kt-block-spacer-6879_b03b3b-66 .kt-divider-stripe{height:1px;width:600px;}<\/style>\n<div class=\"wp-block-kadence-spacer aligncenter kt-block-spacer-6879_b03b3b-66\"><div class=\"kt-block-spacer kt-block-spacer-halign-left\"><span class=\"kt-divider-stripe\"><svg xmlns=\"http:\/\/www.w3.org\/2000\/svg\" width=\"100%\" height=\"100%\" class=\"kb-pattern-svg-divider kb-stripes-svg\"><defs><pattern id=\"pat6879_b03b3b-66\" width=\"7\" height=\"7\" patternTransform=\"rotate(40)\" patternUnits=\"userSpaceOnUse\"><line x1=\"0\" y=\"0\" x2=\"0\" y2=\"7\" stroke=\"#eee\" stroke-width=\"4\"><\/line><\/pattern><\/defs><rect width=\"100%\" height=\"100%\" fill=\"url(#pat6879_b03b3b-66)\" opacity=\"1\"><\/rect><\/svg><\/span><\/div><\/div>\n\n\n<style>.wp-block-kadence-advancedgallery.kb-gallery-wrap-id-6879_23c29e-52{margin-top:0px;margin-right:0px;margin-bottom:80px;margin-left:0px;}.wp-block-kadence-advancedgallery .kb-gallery-type-grid.kb-gallery-id-6879_23c29e-52{margin:-5px;}.kb-gallery-type-grid.kb-gallery-id-6879_23c29e-52 .kadence-blocks-gallery-item{padding:5px;}.kb-gallery-id-6879_23c29e-52 .kadence-blocks-gallery-item .kb-gal-image-radius, .kb-gallery-id-6879_23c29e-52 .kb-slide-item .kb-gal-image-radius img{border-radius:0px 0px 0px 0px;;}.kb-gallery-id-6879_23c29e-52 .kadence-blocks-gallery-item .kadence-blocks-gallery-item-inner .kadence-blocks-gallery-item__caption{color:var(--global-palette6, #718096);}.kb-gallery-caption-style-cover-hover.kb-gallery-id-6879_23c29e-52 .kadence-blocks-gallery-item .kadence-blocks-gallery-item-inner .kadence-blocks-gallery-item__caption, .kb-gallery-caption-style-below.kb-gallery-id-6879_23c29e-52 .kadence-blocks-gallery-item .kadence-blocks-gallery-item-inner .kadence-blocks-gallery-item__caption{background:rgba(255, 255, 255, 0);}<\/style><div class=\"kb-gallery-wrap-id-6879_23c29e-52 alignnone wp-block-kadence-advancedgallery\"><ul class=\"kb-gallery-ul kb-gallery-non-static kb-gallery-type-grid kb-gallery-id-6879_23c29e-52 kb-gallery-caption-style-below kb-gallery-filter-none kb-gallery-magnific-init\" data-image-filter=\"none\" data-item-selector=\".kadence-blocks-gallery-item\" data-lightbox-caption=\"true\" data-columns-xxl=\"4\" data-columns-xl=\"4\" data-columns-md=\"4\" data-columns-sm=\"2\" data-columns-xs=\"2\" data-columns-ss=\"1\"><li class=\"kadence-blocks-gallery-item\"><div class=\"kadence-blocks-gallery-item-inner\"><figure class=\"kb-gallery-figure kb-gallery-item-has-link kadence-blocks-gallery-item-has-caption\"><a href=\"https:\/\/www.italdibipack.com\/wp-content\/uploads\/2022\/10\/ITALDIBIPACK-storia-Ipack-ima-1980.jpg\" data-description=\"IPACKIMA 1982\" class=\"kb-gallery-item-link\"   role=\"button\" aria-haspopup=\"dialog\"><div class=\"kb-gal-image-radius\"><div class=\"kb-gallery-image-contain kadence-blocks-gallery-intrinsic kb-gallery-image-ratio-land32 kb-has-image-ratio-land32\" ><img loading=\"lazy\" decoding=\"async\" src=\"https:\/\/www.italdibipack.com\/wp-content\/uploads\/2022\/10\/ITALDIBIPACK-storia-Ipack-ima-1980.jpg\" width=\"1200\" height=\"961\" alt=\"\" data-full-image=\"https:\/\/www.italdibipack.com\/wp-content\/uploads\/2022\/10\/ITALDIBIPACK-storia-Ipack-ima-1980.jpg\" data-light-image=\"https:\/\/www.italdibipack.com\/wp-content\/uploads\/2022\/10\/ITALDIBIPACK-storia-Ipack-ima-1980.jpg\" data-id=\"5960\" class=\"wp-image-5960\" srcset=\"https:\/\/www.italdibipack.com\/wp-content\/uploads\/2022\/10\/ITALDIBIPACK-storia-Ipack-ima-1980.jpg 1200w, https:\/\/www.italdibipack.com\/wp-content\/uploads\/2022\/10\/ITALDIBIPACK-storia-Ipack-ima-1980-300x240.jpg 300w, https:\/\/www.italdibipack.com\/wp-content\/uploads\/2022\/10\/ITALDIBIPACK-storia-Ipack-ima-1980-768x615.jpg 768w, https:\/\/www.italdibipack.com\/wp-content\/uploads\/2022\/10\/ITALDIBIPACK-storia-Ipack-ima-1980-1024x820.jpg 1024w, https:\/\/www.italdibipack.com\/wp-content\/uploads\/2022\/10\/ITALDIBIPACK-storia-Ipack-ima-1980-600x481.jpg 600w\" sizes=\"auto, (max-width: 1200px) 100vw, 1200px\" \/><\/div><\/div><div class=\"kadence-blocks-gallery-item__caption\">IPACKIMA 1982<\/div><\/a><\/figure><\/div><\/li><li class=\"kadence-blocks-gallery-item\"><div class=\"kadence-blocks-gallery-item-inner\"><figure class=\"kb-gallery-figure kb-gallery-item-has-link kadence-blocks-gallery-item-has-caption\"><a href=\"https:\/\/www.italdibipack.com\/wp-content\/uploads\/2022\/10\/ITALDIBIPACK-storia-Tokyopack-1994.jpg\" data-description=\"PLAST 85\" class=\"kb-gallery-item-link\"   role=\"button\" aria-haspopup=\"dialog\"><div class=\"kb-gal-image-radius\"><div class=\"kb-gallery-image-contain kadence-blocks-gallery-intrinsic kb-gallery-image-ratio-land32 kb-has-image-ratio-land32\" ><img loading=\"lazy\" decoding=\"async\" src=\"https:\/\/www.italdibipack.com\/wp-content\/uploads\/2022\/10\/ITALDIBIPACK-storia-Tokyopack-1994.jpg\" width=\"971\" height=\"726\" alt=\"\" data-full-image=\"https:\/\/www.italdibipack.com\/wp-content\/uploads\/2022\/10\/ITALDIBIPACK-storia-Tokyopack-1994.jpg\" data-light-image=\"https:\/\/www.italdibipack.com\/wp-content\/uploads\/2022\/10\/ITALDIBIPACK-storia-Tokyopack-1994.jpg\" data-id=\"5970\" class=\"wp-image-5970\" srcset=\"https:\/\/www.italdibipack.com\/wp-content\/uploads\/2022\/10\/ITALDIBIPACK-storia-Tokyopack-1994.jpg 971w, https:\/\/www.italdibipack.com\/wp-content\/uploads\/2022\/10\/ITALDIBIPACK-storia-Tokyopack-1994-300x224.jpg 300w, https:\/\/www.italdibipack.com\/wp-content\/uploads\/2022\/10\/ITALDIBIPACK-storia-Tokyopack-1994-768x574.jpg 768w, https:\/\/www.italdibipack.com\/wp-content\/uploads\/2022\/10\/ITALDIBIPACK-storia-Tokyopack-1994-600x449.jpg 600w\" sizes=\"auto, (max-width: 971px) 100vw, 971px\" \/><\/div><\/div><div class=\"kadence-blocks-gallery-item__caption\">PLAST 85<\/div><\/a><\/figure><\/div><\/li><li class=\"kadence-blocks-gallery-item\"><div class=\"kadence-blocks-gallery-item-inner\"><figure class=\"kb-gallery-figure kb-gallery-item-has-link kadence-blocks-gallery-item-has-caption\"><a href=\"https:\/\/www.italdibipack.com\/wp-content\/uploads\/2022\/10\/ITALDIBIPACK-storia-Smau-1993.jpg\" data-description=\"SMAU 1993\" class=\"kb-gallery-item-link\"   role=\"button\" aria-haspopup=\"dialog\"><div class=\"kb-gal-image-radius\"><div class=\"kb-gallery-image-contain kadence-blocks-gallery-intrinsic kb-gallery-image-ratio-land32 kb-has-image-ratio-land32\" ><img loading=\"lazy\" decoding=\"async\" src=\"https:\/\/www.italdibipack.com\/wp-content\/uploads\/2022\/10\/ITALDIBIPACK-storia-Smau-1993.jpg\" width=\"1200\" height=\"954\" alt=\"\" data-full-image=\"https:\/\/www.italdibipack.com\/wp-content\/uploads\/2022\/10\/ITALDIBIPACK-storia-Smau-1993.jpg\" data-light-image=\"https:\/\/www.italdibipack.com\/wp-content\/uploads\/2022\/10\/ITALDIBIPACK-storia-Smau-1993.jpg\" data-id=\"5965\" class=\"wp-image-5965\" srcset=\"https:\/\/www.italdibipack.com\/wp-content\/uploads\/2022\/10\/ITALDIBIPACK-storia-Smau-1993.jpg 1200w, https:\/\/www.italdibipack.com\/wp-content\/uploads\/2022\/10\/ITALDIBIPACK-storia-Smau-1993-300x239.jpg 300w, https:\/\/www.italdibipack.com\/wp-content\/uploads\/2022\/10\/ITALDIBIPACK-storia-Smau-1993-1024x814.jpg 1024w, https:\/\/www.italdibipack.com\/wp-content\/uploads\/2022\/10\/ITALDIBIPACK-storia-Smau-1993-768x611.jpg 768w, https:\/\/www.italdibipack.com\/wp-content\/uploads\/2022\/10\/ITALDIBIPACK-storia-Smau-1993-600x477.jpg 600w\" sizes=\"auto, (max-width: 1200px) 100vw, 1200px\" \/><\/div><\/div><div class=\"kadence-blocks-gallery-item__caption\">SMAU 1993<\/div><\/a><\/figure><\/div><\/li><li class=\"kadence-blocks-gallery-item\"><div class=\"kadence-blocks-gallery-item-inner\"><figure class=\"kb-gallery-figure kb-gallery-item-has-link kadence-blocks-gallery-item-has-caption\"><a href=\"https:\/\/www.italdibipack.com\/wp-content\/uploads\/2022\/10\/ITALDIBIPACK-storia-Grafitalia-1996.jpg\" data-description=\"GRAFITALIA 1996\" class=\"kb-gallery-item-link\"   role=\"button\" aria-haspopup=\"dialog\"><div class=\"kb-gal-image-radius\"><div class=\"kb-gallery-image-contain kadence-blocks-gallery-intrinsic kb-gallery-image-ratio-land32 kb-has-image-ratio-land32\" ><img loading=\"lazy\" decoding=\"async\" src=\"https:\/\/www.italdibipack.com\/wp-content\/uploads\/2022\/10\/ITALDIBIPACK-storia-Grafitalia-1996.jpg\" width=\"1200\" height=\"896\" alt=\"\" data-full-image=\"https:\/\/www.italdibipack.com\/wp-content\/uploads\/2022\/10\/ITALDIBIPACK-storia-Grafitalia-1996.jpg\" data-light-image=\"https:\/\/www.italdibipack.com\/wp-content\/uploads\/2022\/10\/ITALDIBIPACK-storia-Grafitalia-1996.jpg\" data-id=\"5975\" class=\"wp-image-5975\" srcset=\"https:\/\/www.italdibipack.com\/wp-content\/uploads\/2022\/10\/ITALDIBIPACK-storia-Grafitalia-1996.jpg 1200w, https:\/\/www.italdibipack.com\/wp-content\/uploads\/2022\/10\/ITALDIBIPACK-storia-Grafitalia-1996-300x224.jpg 300w, https:\/\/www.italdibipack.com\/wp-content\/uploads\/2022\/10\/ITALDIBIPACK-storia-Grafitalia-1996-768x573.jpg 768w, https:\/\/www.italdibipack.com\/wp-content\/uploads\/2022\/10\/ITALDIBIPACK-storia-Grafitalia-1996-1024x765.jpg 1024w, https:\/\/www.italdibipack.com\/wp-content\/uploads\/2022\/10\/ITALDIBIPACK-storia-Grafitalia-1996-600x448.jpg 600w\" sizes=\"auto, (max-width: 1200px) 100vw, 1200px\" \/><\/div><\/div><div class=\"kadence-blocks-gallery-item__caption\">GRAFITALIA 1996<\/div><\/a><\/figure><\/div><\/li><\/ul><\/div><\/div><\/div>\n\n<\/div><\/div>","protected":false},"excerpt":{"rendered":"<p>EL 1976 NACI\u00d3 UNA ESTRELLA EN EL MUNDO DEL EMBALAJE, ITALDIBIPACK GROUP. Su luz sigue siendo hoy un punto de referencia para mil y mil de empresas en Italia y en el esterior. El grupo naci\u00f3 de la visi\u00f3n de su fundador, don Luciano Butturini, que supo interpretar las posibilidades de una \u00e9poca hist\u00f3rica en&#8230;<\/p>\n","protected":false},"author":1,"featured_media":0,"parent":6824,"menu_order":70,"comment_status":"closed","ping_status":"closed","template":"","meta":{"_acf_changed":false,"_seopress_robots_primary_cat":"","_seopress_titles_title":"Historia de ITALDIBIPACK: Innovadores desde 1975","_seopress_titles_desc":"Descubra los hitos del Grupo ITALDIBIPACK. Desde Luciano Butturini hasta l\u00edder mundial en soluciones de embalaje.","_seopress_robots_index":"","_eb_attr":"","_gspb_post_css":"","_kad_blocks_custom_css":"","_kad_blocks_head_custom_js":"","_kad_blocks_body_custom_js":"","_kad_blocks_footer_custom_js":"","_eb_data_table":"","_kad_post_transparent":"","_kad_post_title":"","_kad_post_layout":"","_kad_post_sidebar_id":"","_kad_post_content_style":"","_kad_post_vertical_padding":"","_kad_post_feature":"","_kad_post_feature_position":"","_kad_post_header":false,"_kad_post_footer":false,"_kad_post_classname":"","footnotes":""},"class_list":["post-6879","page","type-page","status-publish","hentry"],"acf":[],"taxonomy_info":[],"featured_image_src_large":false,"author_info":{"display_name":"adminer","author_link":"https:\/\/www.italdibipack.com\/es\/author\/adminer\/"},"comment_info":0,"_links":{"self":[{"href":"https:\/\/www.italdibipack.com\/es\/wp-json\/wp\/v2\/pages\/6879","targetHints":{"allow":["GET"]}}],"collection":[{"href":"https:\/\/www.italdibipack.com\/es\/wp-json\/wp\/v2\/pages"}],"about":[{"href":"https:\/\/www.italdibipack.com\/es\/wp-json\/wp\/v2\/types\/page"}],"author":[{"embeddable":true,"href":"https:\/\/www.italdibipack.com\/es\/wp-json\/wp\/v2\/users\/1"}],"replies":[{"embeddable":true,"href":"https:\/\/www.italdibipack.com\/es\/wp-json\/wp\/v2\/comments?post=6879"}],"version-history":[{"count":5,"href":"https:\/\/www.italdibipack.com\/es\/wp-json\/wp\/v2\/pages\/6879\/revisions"}],"predecessor-version":[{"id":21165,"href":"https:\/\/www.italdibipack.com\/es\/wp-json\/wp\/v2\/pages\/6879\/revisions\/21165"}],"up":[{"embeddable":true,"href":"https:\/\/www.italdibipack.com\/es\/wp-json\/wp\/v2\/pages\/6824"}],"wp:attachment":[{"href":"https:\/\/www.italdibipack.com\/es\/wp-json\/wp\/v2\/media?parent=6879"}],"curies":[{"name":"wp","href":"https:\/\/api.w.org\/{rel}","templated":true}]}}