{"id":6895,"date":"2022-10-13T17:29:03","date_gmt":"2022-10-13T17:29:03","guid":{"rendered":"https:\/\/italdibipack.esempioweb.it\/quienes-somos\/design-ricerca-e-sviluppo\/"},"modified":"2024-09-26T16:12:24","modified_gmt":"2024-09-26T16:12:24","slug":"diseno-investigacion-y-desarrollo","status":"publish","type":"page","link":"https:\/\/www.italdibipack.com\/es\/quienes-somos\/diseno-investigacion-y-desarrollo\/","title":{"rendered":"Dise\u00f1o, investigaci\u00f3n y desarrollo"},"content":{"rendered":"<style>.kb-row-layout-id6895_8c12de-44 > .kt-row-column-wrap{align-content:start;}:where(.kb-row-layout-id6895_8c12de-44 > .kt-row-column-wrap) > .wp-block-kadence-column{justify-content:start;}.kb-row-layout-id6895_8c12de-44 > .kt-row-column-wrap{column-gap:var(--global-kb-gap-md, 2rem);row-gap:var(--global-kb-gap-md, 2rem);max-width:var( --global-content-width, 1400px );padding-left:var(--global-content-edge-padding);padding-right:var(--global-content-edge-padding);padding-top:var(--global-kb-spacing-xl, 4rem);padding-bottom:var(--global-kb-spacing-4xl, 8rem);grid-template-columns:minmax(0, 1fr);}.kb-row-layout-id6895_8c12de-44 > .kt-row-layout-overlay{opacity:0.30;}@media all and (max-width: 1024px){.kb-row-layout-id6895_8c12de-44 > .kt-row-column-wrap{grid-template-columns:minmax(0, 1fr);}}@media all and (max-width: 767px){.kb-row-layout-id6895_8c12de-44 > .kt-row-column-wrap{grid-template-columns:minmax(0, 1fr);}}<\/style><div class=\"kb-row-layout-wrap kb-row-layout-id6895_8c12de-44 alignfull giustificato wp-block-kadence-rowlayout\"><div class=\"kt-row-column-wrap kt-has-1-columns kt-row-layout-equal kt-tab-layout-inherit kt-mobile-layout-row kt-row-valign-top kb-theme-content-width\">\n<style>.kadence-column6895_e2b6b2-75 > .kt-inside-inner-col,.kadence-column6895_e2b6b2-75 > .kt-inside-inner-col:before{border-top-left-radius:0px;border-top-right-radius:0px;border-bottom-right-radius:0px;border-bottom-left-radius:0px;}.kadence-column6895_e2b6b2-75 > .kt-inside-inner-col{column-gap:var(--global-kb-gap-sm, 1rem);}.kadence-column6895_e2b6b2-75 > .kt-inside-inner-col{flex-direction:column;}.kadence-column6895_e2b6b2-75 > .kt-inside-inner-col > .aligncenter{width:100%;}.kadence-column6895_e2b6b2-75 > .kt-inside-inner-col:before{opacity:0.3;}.kadence-column6895_e2b6b2-75{position:relative;}@media all and (max-width: 1024px){.kadence-column6895_e2b6b2-75 > .kt-inside-inner-col{flex-direction:column;justify-content:center;}}@media all and (max-width: 767px){.kadence-column6895_e2b6b2-75 > .kt-inside-inner-col{flex-direction:column;justify-content:center;}}<\/style>\n<div class=\"wp-block-kadence-column kadence-column6895_e2b6b2-75 inner-column-1\"><div class=\"kt-inside-inner-col\"><style>.wp-block-kadence-advancedheading.kt-adv-heading6895_6aff35-7d, .wp-block-kadence-advancedheading.kt-adv-heading6895_6aff35-7d[data-kb-block=\"kb-adv-heading6895_6aff35-7d\"]{font-style:normal;}.wp-block-kadence-advancedheading.kt-adv-heading6895_6aff35-7d mark.kt-highlight, .wp-block-kadence-advancedheading.kt-adv-heading6895_6aff35-7d[data-kb-block=\"kb-adv-heading6895_6aff35-7d\"] mark.kt-highlight{font-style:normal;color:#f76a0c;-webkit-box-decoration-break:clone;box-decoration-break:clone;padding-top:0px;padding-right:0px;padding-bottom:0px;padding-left:0px;}.wp-block-kadence-advancedheading.kt-adv-heading6895_6aff35-7d img.kb-inline-image, .wp-block-kadence-advancedheading.kt-adv-heading6895_6aff35-7d[data-kb-block=\"kb-adv-heading6895_6aff35-7d\"] img.kb-inline-image{width:150px;vertical-align:baseline;}<\/style>\n<h2 class=\"kt-adv-heading6895_6aff35-7d wp-block-kadence-advancedheading\" data-kb-block=\"kb-adv-heading6895_6aff35-7d\">DISE\u00d1O<\/h2>\n\n\n\n<p>El dise\u00f1o atrayente de ITALDIBIPACK, encarna seguramente un ideal de l\u00edneas y formas esenciales, que quiere simplemente evidenciar la dimensi\u00f3n tecnol\u00f3gica que mira directamente al resultado.<\/p>\n\n\n\n<p>Un sitio particular est\u00e1 ocupado por el modelo <strong>SWING<\/strong>, la retractiladora angular que revolucion\u00f3 el concepto de manualidad, ganando en estilo y elegancia, juntos al modelo <strong>MECPACK<\/strong>, la l\u00ednea de soldadoras autom\u00e1ticas por excelencia: veloz, practica y elegante.<\/p>\n\n\n<style>.wp-block-kadence-advancedgallery.kb-gallery-wrap-id-6895_4beec2-af{margin-top:40px;margin-right:0px;margin-bottom:0px;margin-left:0px;}.wp-block-kadence-advancedgallery .kb-gallery-type-grid.kb-gallery-id-6895_4beec2-af{margin:-5px;}.kb-gallery-type-grid.kb-gallery-id-6895_4beec2-af .kadence-blocks-gallery-item{padding:5px;}.kb-gallery-id-6895_4beec2-af .kadence-blocks-gallery-item .kb-gal-image-radius, .kb-gallery-id-6895_4beec2-af .kb-slide-item .kb-gal-image-radius img{border-radius:0px 0px 0px 0px;;}.kb-gallery-id-6895_4beec2-af .kadence-blocks-gallery-item .kadence-blocks-gallery-item-inner .kadence-blocks-gallery-item__caption{color:var(--global-palette6, #718096);}.kb-gallery-caption-style-cover-hover.kb-gallery-id-6895_4beec2-af .kadence-blocks-gallery-item .kadence-blocks-gallery-item-inner .kadence-blocks-gallery-item__caption, .kb-gallery-caption-style-below.kb-gallery-id-6895_4beec2-af .kadence-blocks-gallery-item .kadence-blocks-gallery-item-inner .kadence-blocks-gallery-item__caption{background:rgba(255, 255, 255, 0);}<\/style><div class=\"kb-gallery-wrap-id-6895_4beec2-af alignnone wp-block-kadence-advancedgallery\"><ul class=\"kb-gallery-ul kb-gallery-non-static kb-gallery-type-grid kb-gallery-id-6895_4beec2-af kb-gallery-caption-style-below kb-gallery-filter-none kb-gallery-magnific-init\" data-image-filter=\"none\" data-item-selector=\".kadence-blocks-gallery-item\" data-lightbox-caption=\"true\" data-columns-xxl=\"4\" data-columns-xl=\"4\" data-columns-md=\"4\" data-columns-sm=\"2\" data-columns-xs=\"2\" data-columns-ss=\"1\"><li class=\"kadence-blocks-gallery-item\"><div class=\"kadence-blocks-gallery-item-inner\"><figure class=\"kb-gallery-figure kb-gallery-item-has-link\"><a href=\"https:\/\/www.italdibipack.com\/wp-content\/uploads\/2022\/10\/design-01.jpg\" data-alt=\"Design, Ricerca e Sviluppo: Il Futuro del Packaging\" class=\"kb-gallery-item-link\"   role=\"button\" aria-haspopup=\"dialog\"><div class=\"kb-gal-image-radius\"><div class=\"kb-gallery-image-contain kadence-blocks-gallery-intrinsic kb-gallery-image-ratio-land32 kb-has-image-ratio-land32\" ><img loading=\"lazy\" decoding=\"async\" src=\"https:\/\/www.italdibipack.com\/wp-content\/uploads\/2022\/10\/design-01.jpg\" width=\"2048\" height=\"1365\" alt=\"Design, Ricerca e Sviluppo: Il Futuro del Packaging\" data-full-image=\"https:\/\/www.italdibipack.com\/wp-content\/uploads\/2022\/10\/design-01.jpg\" data-light-image=\"https:\/\/www.italdibipack.com\/wp-content\/uploads\/2022\/10\/design-01.jpg\" data-id=\"6158\" class=\"wp-image-6158\" srcset=\"https:\/\/www.italdibipack.com\/wp-content\/uploads\/2022\/10\/design-01.jpg 2048w, https:\/\/www.italdibipack.com\/wp-content\/uploads\/2022\/10\/design-01-300x200.jpg 300w, https:\/\/www.italdibipack.com\/wp-content\/uploads\/2022\/10\/design-01-1024x683.jpg 1024w, https:\/\/www.italdibipack.com\/wp-content\/uploads\/2022\/10\/design-01-768x512.jpg 768w, https:\/\/www.italdibipack.com\/wp-content\/uploads\/2022\/10\/design-01-1536x1024.jpg 1536w, https:\/\/www.italdibipack.com\/wp-content\/uploads\/2022\/10\/design-01-600x400.jpg 600w\" sizes=\"auto, (max-width: 2048px) 100vw, 2048px\" \/><\/div><\/div><\/a><\/figure><\/div><\/li><li class=\"kadence-blocks-gallery-item\"><div class=\"kadence-blocks-gallery-item-inner\"><figure class=\"kb-gallery-figure kb-gallery-item-has-link\"><a href=\"https:\/\/www.italdibipack.com\/wp-content\/uploads\/2022\/10\/design-02-scaled.jpg\" data-alt=\"Design, Ricerca e Sviluppo: Il Futuro del Packaging\" class=\"kb-gallery-item-link\"   role=\"button\" aria-haspopup=\"dialog\"><div class=\"kb-gal-image-radius\"><div class=\"kb-gallery-image-contain kadence-blocks-gallery-intrinsic kb-gallery-image-ratio-land32 kb-has-image-ratio-land32\" ><img loading=\"lazy\" decoding=\"async\" src=\"https:\/\/www.italdibipack.com\/wp-content\/uploads\/2022\/10\/design-02-scaled.jpg\" width=\"2560\" height=\"1920\" alt=\"Design, Ricerca e Sviluppo: Il Futuro del Packaging\" data-full-image=\"https:\/\/www.italdibipack.com\/wp-content\/uploads\/2022\/10\/design-02-scaled.jpg\" data-light-image=\"https:\/\/www.italdibipack.com\/wp-content\/uploads\/2022\/10\/design-02-scaled.jpg\" data-id=\"6163\" class=\"wp-image-6163\" srcset=\"https:\/\/www.italdibipack.com\/wp-content\/uploads\/2022\/10\/design-02-scaled.jpg 2560w, https:\/\/www.italdibipack.com\/wp-content\/uploads\/2022\/10\/design-02-scaled-300x225.jpg 300w, https:\/\/www.italdibipack.com\/wp-content\/uploads\/2022\/10\/design-02-scaled-1024x768.jpg 1024w, https:\/\/www.italdibipack.com\/wp-content\/uploads\/2022\/10\/design-02-scaled-768x576.jpg 768w, https:\/\/www.italdibipack.com\/wp-content\/uploads\/2022\/10\/design-02-scaled-1536x1152.jpg 1536w, https:\/\/www.italdibipack.com\/wp-content\/uploads\/2022\/10\/design-02-scaled-2048x1536.jpg 2048w, https:\/\/www.italdibipack.com\/wp-content\/uploads\/2022\/10\/design-02-scaled-600x450.jpg 600w\" sizes=\"auto, (max-width: 2560px) 100vw, 2560px\" \/><\/div><\/div><\/a><\/figure><\/div><\/li><li class=\"kadence-blocks-gallery-item\"><div class=\"kadence-blocks-gallery-item-inner\"><figure class=\"kb-gallery-figure kb-gallery-item-has-link\"><a href=\"https:\/\/www.italdibipack.com\/wp-content\/uploads\/2022\/10\/design-03-scaled.jpg\" data-alt=\"Design, Ricerca e Sviluppo: Il Futuro del Packaging\" class=\"kb-gallery-item-link\"   role=\"button\" aria-haspopup=\"dialog\"><div class=\"kb-gal-image-radius\"><div class=\"kb-gallery-image-contain kadence-blocks-gallery-intrinsic kb-gallery-image-ratio-land32 kb-has-image-ratio-land32\" ><img loading=\"lazy\" decoding=\"async\" src=\"https:\/\/www.italdibipack.com\/wp-content\/uploads\/2022\/10\/design-03-scaled.jpg\" width=\"1920\" height=\"2560\" alt=\"Design, Ricerca e Sviluppo: Il Futuro del Packaging\" data-full-image=\"https:\/\/www.italdibipack.com\/wp-content\/uploads\/2022\/10\/design-03-scaled.jpg\" data-light-image=\"https:\/\/www.italdibipack.com\/wp-content\/uploads\/2022\/10\/design-03-scaled.jpg\" data-id=\"6168\" class=\"wp-image-6168\" srcset=\"https:\/\/www.italdibipack.com\/wp-content\/uploads\/2022\/10\/design-03-scaled.jpg 1920w, https:\/\/www.italdibipack.com\/wp-content\/uploads\/2022\/10\/design-03-scaled-225x300.jpg 225w, https:\/\/www.italdibipack.com\/wp-content\/uploads\/2022\/10\/design-03-scaled-768x1024.jpg 768w, https:\/\/www.italdibipack.com\/wp-content\/uploads\/2022\/10\/design-03-scaled-1152x1536.jpg 1152w, https:\/\/www.italdibipack.com\/wp-content\/uploads\/2022\/10\/design-03-scaled-1536x2048.jpg 1536w, https:\/\/www.italdibipack.com\/wp-content\/uploads\/2022\/10\/design-03-scaled-600x800.jpg 600w\" sizes=\"auto, (max-width: 1920px) 100vw, 1920px\" \/><\/div><\/div><\/a><\/figure><\/div><\/li><li class=\"kadence-blocks-gallery-item\"><div class=\"kadence-blocks-gallery-item-inner\"><figure class=\"kb-gallery-figure kb-gallery-item-has-link\"><a href=\"https:\/\/www.italdibipack.com\/wp-content\/uploads\/2022\/10\/design-04.jpg\" data-alt=\"Design, Ricerca e Sviluppo: Il Futuro del Packaging\" class=\"kb-gallery-item-link\"   role=\"button\" aria-haspopup=\"dialog\"><div class=\"kb-gal-image-radius\"><div class=\"kb-gallery-image-contain kadence-blocks-gallery-intrinsic kb-gallery-image-ratio-land32 kb-has-image-ratio-land32\" ><img loading=\"lazy\" decoding=\"async\" src=\"https:\/\/www.italdibipack.com\/wp-content\/uploads\/2022\/10\/design-04.jpg\" width=\"2048\" height=\"1365\" alt=\"Design, Ricerca e Sviluppo: Il Futuro del Packaging\" data-full-image=\"https:\/\/www.italdibipack.com\/wp-content\/uploads\/2022\/10\/design-04.jpg\" data-light-image=\"https:\/\/www.italdibipack.com\/wp-content\/uploads\/2022\/10\/design-04.jpg\" data-id=\"6173\" class=\"wp-image-6173\" srcset=\"https:\/\/www.italdibipack.com\/wp-content\/uploads\/2022\/10\/design-04.jpg 2048w, https:\/\/www.italdibipack.com\/wp-content\/uploads\/2022\/10\/design-04-300x200.jpg 300w, https:\/\/www.italdibipack.com\/wp-content\/uploads\/2022\/10\/design-04-768x512.jpg 768w, https:\/\/www.italdibipack.com\/wp-content\/uploads\/2022\/10\/design-04-1024x683.jpg 1024w, https:\/\/www.italdibipack.com\/wp-content\/uploads\/2022\/10\/design-04-600x400.jpg 600w, https:\/\/www.italdibipack.com\/wp-content\/uploads\/2022\/10\/design-04-1536x1024.jpg 1536w\" sizes=\"auto, (max-width: 2048px) 100vw, 2048px\" \/><\/div><\/div><\/a><\/figure><\/div><\/li><\/ul><\/div>\n\n<style>.wp-block-kadence-spacer.kt-block-spacer-6895_e6fc99-ac .kt-block-spacer{height:120px;}.wp-block-kadence-spacer.kt-block-spacer-6895_e6fc99-ac .kt-divider-stripe{height:1px;width:600px;}<\/style>\n<div class=\"wp-block-kadence-spacer aligncenter kt-block-spacer-6895_e6fc99-ac\"><div class=\"kt-block-spacer kt-block-spacer-halign-left\"><span class=\"kt-divider-stripe\"><svg xmlns=\"http:\/\/www.w3.org\/2000\/svg\" width=\"100%\" height=\"100%\" class=\"kb-pattern-svg-divider kb-stripes-svg\"><defs><pattern id=\"pat6895_e6fc99-ac\" width=\"7\" height=\"7\" patternTransform=\"rotate(40)\" patternUnits=\"userSpaceOnUse\"><line x1=\"0\" y=\"0\" x2=\"0\" y2=\"7\" stroke=\"#eee\" stroke-width=\"4\"><\/line><\/pattern><\/defs><rect width=\"100%\" height=\"100%\" fill=\"url(#pat6895_e6fc99-ac)\" opacity=\"1\"><\/rect><\/svg><\/span><\/div><\/div>\n\n\n<style>.wp-block-kadence-advancedheading.kt-adv-heading6895_3c222b-0e, .wp-block-kadence-advancedheading.kt-adv-heading6895_3c222b-0e[data-kb-block=\"kb-adv-heading6895_3c222b-0e\"]{font-style:normal;}.wp-block-kadence-advancedheading.kt-adv-heading6895_3c222b-0e mark.kt-highlight, .wp-block-kadence-advancedheading.kt-adv-heading6895_3c222b-0e[data-kb-block=\"kb-adv-heading6895_3c222b-0e\"] mark.kt-highlight{font-style:normal;color:#f76a0c;-webkit-box-decoration-break:clone;box-decoration-break:clone;padding-top:0px;padding-right:0px;padding-bottom:0px;padding-left:0px;}.wp-block-kadence-advancedheading.kt-adv-heading6895_3c222b-0e img.kb-inline-image, .wp-block-kadence-advancedheading.kt-adv-heading6895_3c222b-0e[data-kb-block=\"kb-adv-heading6895_3c222b-0e\"] img.kb-inline-image{width:150px;vertical-align:baseline;}<\/style>\n<h2 class=\"kt-adv-heading6895_3c222b-0e wp-block-kadence-advancedheading\" data-kb-block=\"kb-adv-heading6895_3c222b-0e\">INVESTIGACI\u00d3N Y DESARROLLO<\/h2>\n\n\n\n<p><strong>ITALDIBIPACK y la investigaci\u00f3n son las dos caras de la misma moneda.<\/strong><\/p>\n\n\n\n<p>Le exigencia siempre m\u00e1s profunda de la cercan\u00eda con el cliente, para superar la distancia t\u00edpica del mercado impersonal, representa la clara consciencia de la importancia de invertir en investigaci\u00f3n y creatividad. Para nosotros de ITALDIBIPACK la investigaci\u00f3n comienza por escuchar, para responder a las exigencias recogidas por nuestros t\u00e9cnicos en sus visitas a las empresas, por nuestros comerciales y por la inteligencia del hombre. Porqu\u00e9 en el centro siempre est\u00e1 \u00e9l: un hombre piensa, construye produce y por fin protege el producto en la mejor manera posible: ITALDIBIPACK. Nuestra investigaci\u00f3n nace antes de la m\u00e1quina, durante toda su realizaci\u00f3n y su prueba en los repartos productivos, y acoge cada solicitud por parte de nuestros clientes como un reto para mejorar siempre m\u00e1s.<\/p>\n\n\n<style>.wp-block-kadence-advancedgallery.kb-gallery-wrap-id-6895_ef8c6f-da{margin-top:40px;margin-right:0px;margin-bottom:40px;margin-left:0px;}.wp-block-kadence-advancedgallery .kb-gallery-type-grid.kb-gallery-id-6895_ef8c6f-da{margin:-5px;}.kb-gallery-type-grid.kb-gallery-id-6895_ef8c6f-da .kadence-blocks-gallery-item{padding:5px;}.kb-gallery-id-6895_ef8c6f-da .kadence-blocks-gallery-item .kb-gal-image-radius, .kb-gallery-id-6895_ef8c6f-da .kb-slide-item .kb-gal-image-radius img{border-radius:0px 0px 0px 0px;;}.kb-gallery-id-6895_ef8c6f-da .kadence-blocks-gallery-item .kadence-blocks-gallery-item-inner .kadence-blocks-gallery-item__caption{color:var(--global-palette6, #718096);}.kb-gallery-caption-style-cover-hover.kb-gallery-id-6895_ef8c6f-da .kadence-blocks-gallery-item .kadence-blocks-gallery-item-inner .kadence-blocks-gallery-item__caption, .kb-gallery-caption-style-below.kb-gallery-id-6895_ef8c6f-da .kadence-blocks-gallery-item .kadence-blocks-gallery-item-inner .kadence-blocks-gallery-item__caption{background:rgba(255, 255, 255, 0);}<\/style><div class=\"kb-gallery-wrap-id-6895_ef8c6f-da alignnone wp-block-kadence-advancedgallery\"><ul class=\"kb-gallery-ul kb-gallery-non-static kb-gallery-type-grid kb-gallery-id-6895_ef8c6f-da kb-gallery-caption-style-below kb-gallery-filter-none kb-gallery-magnific-init\" data-image-filter=\"none\" data-item-selector=\".kadence-blocks-gallery-item\" data-lightbox-caption=\"true\" data-columns-xxl=\"4\" data-columns-xl=\"4\" data-columns-md=\"4\" data-columns-sm=\"2\" data-columns-xs=\"2\" data-columns-ss=\"1\"><li class=\"kadence-blocks-gallery-item\"><div class=\"kadence-blocks-gallery-item-inner\"><figure class=\"kb-gallery-figure kb-gallery-item-has-link\"><a href=\"https:\/\/www.italdibipack.com\/wp-content\/uploads\/2022\/10\/ricerca-e-sviluppo-01.jpg\" data-alt=\"Design, Ricerca e Sviluppo: Il Futuro del Packaging\" class=\"kb-gallery-item-link\"   role=\"button\" aria-haspopup=\"dialog\"><div class=\"kb-gal-image-radius\"><div class=\"kb-gallery-image-contain kadence-blocks-gallery-intrinsic kb-gallery-image-ratio-land32 kb-has-image-ratio-land32\" ><img loading=\"lazy\" decoding=\"async\" src=\"https:\/\/www.italdibipack.com\/wp-content\/uploads\/2022\/10\/ricerca-e-sviluppo-01.jpg\" width=\"1365\" height=\"2048\" alt=\"Design, Ricerca e Sviluppo: Il Futuro del Packaging\" data-full-image=\"https:\/\/www.italdibipack.com\/wp-content\/uploads\/2022\/10\/ricerca-e-sviluppo-01.jpg\" data-light-image=\"https:\/\/www.italdibipack.com\/wp-content\/uploads\/2022\/10\/ricerca-e-sviluppo-01.jpg\" data-id=\"6178\" class=\"wp-image-6178\" srcset=\"https:\/\/www.italdibipack.com\/wp-content\/uploads\/2022\/10\/ricerca-e-sviluppo-01.jpg 1365w, https:\/\/www.italdibipack.com\/wp-content\/uploads\/2022\/10\/ricerca-e-sviluppo-01-200x300.jpg 200w, https:\/\/www.italdibipack.com\/wp-content\/uploads\/2022\/10\/ricerca-e-sviluppo-01-683x1024.jpg 683w, https:\/\/www.italdibipack.com\/wp-content\/uploads\/2022\/10\/ricerca-e-sviluppo-01-768x1152.jpg 768w, https:\/\/www.italdibipack.com\/wp-content\/uploads\/2022\/10\/ricerca-e-sviluppo-01-1024x1536.jpg 1024w, https:\/\/www.italdibipack.com\/wp-content\/uploads\/2022\/10\/ricerca-e-sviluppo-01-600x900.jpg 600w\" sizes=\"auto, (max-width: 1365px) 100vw, 1365px\" \/><\/div><\/div><\/a><\/figure><\/div><\/li><li class=\"kadence-blocks-gallery-item\"><div class=\"kadence-blocks-gallery-item-inner\"><figure class=\"kb-gallery-figure kb-gallery-item-has-link\"><a href=\"https:\/\/www.italdibipack.com\/wp-content\/uploads\/2022\/10\/ricerca-e-sviluppo-02.jpg\" data-alt=\"Design, Ricerca e Sviluppo: Il Futuro del Packaging\" class=\"kb-gallery-item-link\"   role=\"button\" aria-haspopup=\"dialog\"><div class=\"kb-gal-image-radius\"><div class=\"kb-gallery-image-contain kadence-blocks-gallery-intrinsic kb-gallery-image-ratio-land32 kb-has-image-ratio-land32\" ><img loading=\"lazy\" decoding=\"async\" src=\"https:\/\/www.italdibipack.com\/wp-content\/uploads\/2022\/10\/ricerca-e-sviluppo-02.jpg\" width=\"2048\" height=\"1365\" alt=\"Design, Ricerca e Sviluppo: Il Futuro del Packaging\" data-full-image=\"https:\/\/www.italdibipack.com\/wp-content\/uploads\/2022\/10\/ricerca-e-sviluppo-02.jpg\" data-light-image=\"https:\/\/www.italdibipack.com\/wp-content\/uploads\/2022\/10\/ricerca-e-sviluppo-02.jpg\" data-id=\"6183\" class=\"wp-image-6183\" srcset=\"https:\/\/www.italdibipack.com\/wp-content\/uploads\/2022\/10\/ricerca-e-sviluppo-02.jpg 2048w, https:\/\/www.italdibipack.com\/wp-content\/uploads\/2022\/10\/ricerca-e-sviluppo-02-300x200.jpg 300w, https:\/\/www.italdibipack.com\/wp-content\/uploads\/2022\/10\/ricerca-e-sviluppo-02-1024x683.jpg 1024w, https:\/\/www.italdibipack.com\/wp-content\/uploads\/2022\/10\/ricerca-e-sviluppo-02-768x512.jpg 768w, https:\/\/www.italdibipack.com\/wp-content\/uploads\/2022\/10\/ricerca-e-sviluppo-02-1536x1024.jpg 1536w, https:\/\/www.italdibipack.com\/wp-content\/uploads\/2022\/10\/ricerca-e-sviluppo-02-600x400.jpg 600w\" sizes=\"auto, (max-width: 2048px) 100vw, 2048px\" \/><\/div><\/div><\/a><\/figure><\/div><\/li><li class=\"kadence-blocks-gallery-item\"><div class=\"kadence-blocks-gallery-item-inner\"><figure class=\"kb-gallery-figure kb-gallery-item-has-link\"><a href=\"https:\/\/www.italdibipack.com\/wp-content\/uploads\/2022\/10\/ricerca-e-sviluppo-03.jpg\" data-alt=\"Design, Ricerca e Sviluppo: Il Futuro del Packaging\" class=\"kb-gallery-item-link\"   role=\"button\" aria-haspopup=\"dialog\"><div class=\"kb-gal-image-radius\"><div class=\"kb-gallery-image-contain kadence-blocks-gallery-intrinsic kb-gallery-image-ratio-land32 kb-has-image-ratio-land32\" ><img loading=\"lazy\" decoding=\"async\" src=\"https:\/\/www.italdibipack.com\/wp-content\/uploads\/2022\/10\/ricerca-e-sviluppo-03.jpg\" width=\"1715\" height=\"903\" alt=\"Design, Ricerca e Sviluppo: Il Futuro del Packaging\" data-full-image=\"https:\/\/www.italdibipack.com\/wp-content\/uploads\/2022\/10\/ricerca-e-sviluppo-03.jpg\" data-light-image=\"https:\/\/www.italdibipack.com\/wp-content\/uploads\/2022\/10\/ricerca-e-sviluppo-03.jpg\" data-id=\"6188\" class=\"wp-image-6188\" srcset=\"https:\/\/www.italdibipack.com\/wp-content\/uploads\/2022\/10\/ricerca-e-sviluppo-03.jpg 1715w, https:\/\/www.italdibipack.com\/wp-content\/uploads\/2022\/10\/ricerca-e-sviluppo-03-300x158.jpg 300w, https:\/\/www.italdibipack.com\/wp-content\/uploads\/2022\/10\/ricerca-e-sviluppo-03-1024x539.jpg 1024w, https:\/\/www.italdibipack.com\/wp-content\/uploads\/2022\/10\/ricerca-e-sviluppo-03-768x404.jpg 768w, https:\/\/www.italdibipack.com\/wp-content\/uploads\/2022\/10\/ricerca-e-sviluppo-03-1536x809.jpg 1536w, https:\/\/www.italdibipack.com\/wp-content\/uploads\/2022\/10\/ricerca-e-sviluppo-03-600x316.jpg 600w\" sizes=\"auto, (max-width: 1715px) 100vw, 1715px\" \/><\/div><\/div><\/a><\/figure><\/div><\/li><li class=\"kadence-blocks-gallery-item\"><div class=\"kadence-blocks-gallery-item-inner\"><figure class=\"kb-gallery-figure kb-gallery-item-has-link\"><a href=\"https:\/\/www.italdibipack.com\/wp-content\/uploads\/2022\/10\/ricerca-e-sviluppo-04.jpg\" data-alt=\"Design, Ricerca e Sviluppo: Il Futuro del Packaging\" class=\"kb-gallery-item-link\"   role=\"button\" aria-haspopup=\"dialog\"><div class=\"kb-gal-image-radius\"><div class=\"kb-gallery-image-contain kadence-blocks-gallery-intrinsic kb-gallery-image-ratio-land32 kb-has-image-ratio-land32\" ><img loading=\"lazy\" decoding=\"async\" src=\"https:\/\/www.italdibipack.com\/wp-content\/uploads\/2022\/10\/ricerca-e-sviluppo-04.jpg\" width=\"1734\" height=\"903\" alt=\"Design, Ricerca e Sviluppo: Il Futuro del Packaging\" data-full-image=\"https:\/\/www.italdibipack.com\/wp-content\/uploads\/2022\/10\/ricerca-e-sviluppo-04.jpg\" data-light-image=\"https:\/\/www.italdibipack.com\/wp-content\/uploads\/2022\/10\/ricerca-e-sviluppo-04.jpg\" data-id=\"6193\" class=\"wp-image-6193\" srcset=\"https:\/\/www.italdibipack.com\/wp-content\/uploads\/2022\/10\/ricerca-e-sviluppo-04.jpg 1734w, https:\/\/www.italdibipack.com\/wp-content\/uploads\/2022\/10\/ricerca-e-sviluppo-04-300x156.jpg 300w, https:\/\/www.italdibipack.com\/wp-content\/uploads\/2022\/10\/ricerca-e-sviluppo-04-1024x533.jpg 1024w, https:\/\/www.italdibipack.com\/wp-content\/uploads\/2022\/10\/ricerca-e-sviluppo-04-768x400.jpg 768w, https:\/\/www.italdibipack.com\/wp-content\/uploads\/2022\/10\/ricerca-e-sviluppo-04-1536x800.jpg 1536w, https:\/\/www.italdibipack.com\/wp-content\/uploads\/2022\/10\/ricerca-e-sviluppo-04-600x312.jpg 600w\" sizes=\"auto, (max-width: 1734px) 100vw, 1734px\" \/><\/div><\/div><\/a><\/figure><\/div><\/li><\/ul><\/div><\/div><\/div>\n\n<\/div><\/div>","protected":false},"excerpt":{"rendered":"<p>DISE\u00d1O El dise\u00f1o atrayente de ITALDIBIPACK, encarna seguramente un ideal de l\u00edneas y formas esenciales, que quiere simplemente evidenciar la dimensi\u00f3n tecnol\u00f3gica que mira directamente al resultado. Un sitio particular est\u00e1 ocupado por el modelo SWING, la retractiladora angular que revolucion\u00f3 el concepto de manualidad, ganando en estilo y elegancia, juntos al modelo MECPACK, la&#8230;<\/p>\n","protected":false},"author":1,"featured_media":0,"parent":6824,"menu_order":75,"comment_status":"closed","ping_status":"closed","template":"","meta":{"_acf_changed":false,"_seopress_robots_primary_cat":"","_seopress_titles_title":"Dise\u00f1o, Investigaci\u00f3n y Desarrollo: Futuro del Embalaje","_seopress_titles_desc":"La innovaci\u00f3n nunca se detiene en ITALDIBIPACK. Descubra c\u00f3mo nuestro departamento de I+D dise\u00f1a las soluciones de embalaje del ma\u00f1ana.","_seopress_robots_index":"","_eb_attr":"","_gspb_post_css":"","_kad_blocks_custom_css":"","_kad_blocks_head_custom_js":"","_kad_blocks_body_custom_js":"","_kad_blocks_footer_custom_js":"","_eb_data_table":"","_kad_post_transparent":"","_kad_post_title":"","_kad_post_layout":"","_kad_post_sidebar_id":"","_kad_post_content_style":"","_kad_post_vertical_padding":"","_kad_post_feature":"","_kad_post_feature_position":"","_kad_post_header":false,"_kad_post_footer":false,"_kad_post_classname":"","footnotes":""},"class_list":["post-6895","page","type-page","status-publish","hentry"],"acf":[],"taxonomy_info":[],"featured_image_src_large":false,"author_info":{"display_name":"adminer","author_link":"https:\/\/www.italdibipack.com\/es\/author\/adminer\/"},"comment_info":0,"_links":{"self":[{"href":"https:\/\/www.italdibipack.com\/es\/wp-json\/wp\/v2\/pages\/6895","targetHints":{"allow":["GET"]}}],"collection":[{"href":"https:\/\/www.italdibipack.com\/es\/wp-json\/wp\/v2\/pages"}],"about":[{"href":"https:\/\/www.italdibipack.com\/es\/wp-json\/wp\/v2\/types\/page"}],"author":[{"embeddable":true,"href":"https:\/\/www.italdibipack.com\/es\/wp-json\/wp\/v2\/users\/1"}],"replies":[{"embeddable":true,"href":"https:\/\/www.italdibipack.com\/es\/wp-json\/wp\/v2\/comments?post=6895"}],"version-history":[{"count":3,"href":"https:\/\/www.italdibipack.com\/es\/wp-json\/wp\/v2\/pages\/6895\/revisions"}],"predecessor-version":[{"id":20326,"href":"https:\/\/www.italdibipack.com\/es\/wp-json\/wp\/v2\/pages\/6895\/revisions\/20326"}],"up":[{"embeddable":true,"href":"https:\/\/www.italdibipack.com\/es\/wp-json\/wp\/v2\/pages\/6824"}],"wp:attachment":[{"href":"https:\/\/www.italdibipack.com\/es\/wp-json\/wp\/v2\/media?parent=6895"}],"curies":[{"name":"wp","href":"https:\/\/api.w.org\/{rel}","templated":true}]}}